{"id":38011,"date":"2025-09-08T13:04:16","date_gmt":"2025-09-08T13:04:16","guid":{"rendered":"https:\/\/ledsteplight.com\/import-placeholder-for-37108\/"},"modified":"2025-12-12T05:29:20","modified_gmt":"2025-12-12T05:29:20","slug":"heavy-duty-5w-led-driveway-light-waterproof-ip65-garden","status":"publish","type":"product","link":"https:\/\/ledsteplight.com\/fr\/heavy-duty-5w-led-driveway-light-waterproof-ip65-garden\/","title":{"rendered":"Projecteur LED 5W Robuste pour All\u00e9e | \u00c9tanche IP65 Jardin"},"content":{"rendered":"<h3 data-start=\"124\" data-end=\"159\"><strong data-start=\"128\" data-end=\"159\">Tableau de sp\u00e9cifications du produit<\/strong><\/h3>\n<table data-start=\"161\" data-end=\"1360\">\n<thead data-start=\"161\" data-end=\"235\">\n<tr data-start=\"161\" data-end=\"235\">\n<th data-start=\"161\" data-end=\"183\"><strong data-start=\"163\" data-end=\"180\">Sp\u00e9cification<\/strong><\/th>\n<th data-start=\"183\" data-end=\"235\"><strong data-start=\"185\" data-end=\"196\">D\u00e9tails<\/strong><\/th>\n<\/tr>\n<\/thead>\n<tbody data-start=\"311\" data-end=\"1360\">\n<tr data-start=\"311\" data-end=\"386\">\n<td><strong data-start=\"313\" data-end=\"322\">Mod\u00e8le<\/strong><\/td>\n<td>MG-BD035-50B<\/td>\n<\/tr>\n<tr data-start=\"387\" data-end=\"461\">\n<td><strong data-start=\"389\" data-end=\"401\">Type LED<\/strong><\/td>\n<td>LED COB 5W<\/td>\n<\/tr>\n<tr data-start=\"462\" data-end=\"536\">\n<td><strong data-start=\"464\" data-end=\"475\">Tension<\/strong><\/td>\n<td>85-265V<\/td>\n<\/tr>\n<tr data-start=\"537\" data-end=\"611\">\n<td><strong data-start=\"539\" data-end=\"560\"><strong><a href=\"https:\/\/ledsteplight.com\/fr\/dm36b-pro-honeycomb-anti-glare-led-in-ground-light-ip67-24v-dc\/\" class=\"waam-auto-link\" title=\"Temp\u00e9rature de couleur\">Temp\u00e9rature de couleur<\/a><\/strong><\/strong><\/td>\n<td>3000K \/ 6000K<\/td>\n<\/tr>\n<tr data-start=\"612\" data-end=\"686\">\n<td><strong data-start=\"614\" data-end=\"627\">Indice de protection<\/strong><\/td>\n<td>IP65<\/td>\n<\/tr>\n<tr data-start=\"687\" data-end=\"761\">\n<td><strong data-start=\"689\" data-end=\"706\">Flux lumineux<\/strong><\/td>\n<td>(Optionnel)<\/td>\n<\/tr>\n<tr data-start=\"762\" data-end=\"836\">\n<td><strong data-start=\"764\" data-end=\"773\">Puissance<\/strong><\/td>\n<td>5W<\/td>\n<\/tr>\n<tr data-start=\"837\" data-end=\"911\">\n<td><strong data-start=\"839\" data-end=\"851\">Dur\u00e9e de vie<\/strong><\/td>\n<td>40 000 heures<\/td>\n<\/tr>\n<tr data-start=\"912\" data-end=\"985\">\n<td><strong data-start=\"914\" data-end=\"930\">Installation<\/strong><\/td>\n<td>Montage en surface ou <strong><a href=\"https:\/\/ledsteplight.com\/fr\/5w-led-in-ground-lights-ip65-waterproof-outdoor-driveway-garden-floor-lighting\/\" class=\"waam-auto-link\" title=\"installation encastr\u00e9e\">installation encastr\u00e9e<\/a><\/strong><\/td>\n<\/tr>\n<tr data-start=\"986\" data-end=\"1060\">\n<td><strong data-start=\"988\" data-end=\"1000\">Mat\u00e9riau<\/strong><\/td>\n<td>L\u2019aluminium moul\u00e9 sous pression<\/td>\n<\/tr>\n<tr data-start=\"1061\" data-end=\"1135\">\n<td><strong data-start=\"1063\" data-end=\"1077\">Dimensions<\/strong><\/td>\n<td>(Optionnel)<\/td>\n<\/tr>\n<tr data-start=\"1136\" data-end=\"1210\">\n<td><strong data-start=\"1138\" data-end=\"1150\">Garantie<\/strong><\/td>\n<td>3 ans<\/td>\n<\/tr>\n<tr data-start=\"1211\" data-end=\"1285\">\n<td><strong data-start=\"1213\" data-end=\"1223\">Poids<\/strong><\/td>\n<td>(Optionnel)<\/td>\n<\/tr>\n<tr data-start=\"1286\" data-end=\"1360\">\n<td><strong data-start=\"1288\" data-end=\"1303\">Environnement<\/strong><\/td>\n<td>Ext\u00e9rieur \/ Environnement humide<\/td>\n<\/tr>\n<\/tbody>\n<\/table>\n<p>&nbsp;<\/p>\n<p>Illuminez vos caract\u00e9ristiques architecturales et paysages avec la puissance <b>LED MG-BD035-50B 5W <strong><a href=\"https:\/\/ledsteplight.com\/fr\/cree-bridgelux-chip-ip65-led-fixture-for-garden-facade-lighting\/\" class=\"waam-auto-link\" title=\"Lumi\u00e8re au sol\">Lumi\u00e8re au sol<\/a><\/strong><\/b>. Dot\u00e9 d'une haute performance <b>LED COB 5W<\/b>, cet appareil offre une luminosit\u00e9 sup\u00e9rieure, ce qui en fait la solution id\u00e9ale pour mettre en valeur des arbres de taille moyenne, des fa\u00e7ades de b\u00e2timents et de vastes all\u00e9es de jardin. Le <b>corps en aluminium moul\u00e9 sous pression<\/b> assure une excellente gestion de la chaleur et une r\u00e9sistance \u00e0 la corrosion.<\/p>","protected":false},"excerpt":{"rendered":"<p>Am\u00e9liorez votre \u00e9clairage ext\u00e9rieur avec la lampe de sol LED COB MG-BD035-50B 5W. Dot\u00e9e d'un corps en aluminium moul\u00e9 sous pression robuste, d'une classification \u00e9tanche IP65 et d'une large plage de tension (AC 85-265V). Id\u00e9ale pour \u00e9clairer les arbres, les murs et les all\u00e9es avec une performance \u00e0 haute luminosit\u00e9. Garantie de 3 ans.<\/p>","protected":false},"featured_media":37202,"comment_status":"open","ping_status":"closed","template":"","meta":[],"product_brand":[],"product_cat":[69,100,426,427,428,439,429,440,430,441,431,442,443,432,433,444,112,445,446,106,434,435,128,436,437],"product_tag":[74,103,76,77,113,78,108,129],"class_list":{"0":"post-38011","1":"product","2":"type-product","3":"status-publish","4":"has-post-thumbnail","6":"product_cat-5w","7":"product_cat-aluminum-ground-light","8":"product_cat-ceiling-recessed","9":"product_cat-ceiling-surface","10":"product_cat-ceiling-suspended","11":"product_cat-commercial","12":"product_cat-drivers","13":"product_cat-education","14":"product_cat-freestanding-light","15":"product_cat-hospitality","16":"product_cat-industrial","17":"product_cat-infrastructure","18":"product_cat-landscape","19":"product_cat-landscaping","20":"product_cat-linear","21":"product_cat-office","22":"product_cat-outdoor-ground-light","23":"product_cat-residential","24":"product_cat-retail","25":"product_cat-round-ground-light","26":"product_cat-table-lamp","27":"product_cat-track","28":"product_cat-wall-light-series","29":"product_cat-wall-recessed","30":"product_cat-wall-surface","31":"product_tag-5w-led","32":"product_tag-aluminum-ground-light","33":"product_tag-aluminum-housing","34":"product_tag-ground-light","35":"product_tag-outdoor-ground-light","36":"product_tag-outdoor-lighting","37":"product_tag-round-ground-light","38":"product_tag-wall-light-series","40":"first","41":"instock","42":"featured","43":"downloadable","44":"shipping-taxable","45":"product-type-simple"},"_links":{"self":[{"href":"https:\/\/ledsteplight.com\/fr\/wp-json\/wp\/v2\/product\/38011","targetHints":{"allow":["GET"]}}],"collection":[{"href":"https:\/\/ledsteplight.com\/fr\/wp-json\/wp\/v2\/product"}],"about":[{"href":"https:\/\/ledsteplight.com\/fr\/wp-json\/wp\/v2\/types\/product"}],"replies":[{"embeddable":true,"href":"https:\/\/ledsteplight.com\/fr\/wp-json\/wp\/v2\/comments?post=38011"}],"version-history":[{"count":3,"href":"https:\/\/ledsteplight.com\/fr\/wp-json\/wp\/v2\/product\/38011\/revisions"}],"predecessor-version":[{"id":38653,"href":"https:\/\/ledsteplight.com\/fr\/wp-json\/wp\/v2\/product\/38011\/revisions\/38653"}],"wp:featuredmedia":[{"embeddable":true,"href":"https:\/\/ledsteplight.com\/fr\/wp-json\/wp\/v2\/media\/37202"}],"wp:attachment":[{"href":"https:\/\/ledsteplight.com\/fr\/wp-json\/wp\/v2\/media?parent=38011"}],"wp:term":[{"taxonomy":"product_brand","embeddable":true,"href":"https:\/\/ledsteplight.com\/fr\/wp-json\/wp\/v2\/product_brand?post=38011"},{"taxonomy":"product_cat","embeddable":true,"href":"https:\/\/ledsteplight.com\/fr\/wp-json\/wp\/v2\/product_cat?post=38011"},{"taxonomy":"product_tag","embeddable":true,"href":"https:\/\/ledsteplight.com\/fr\/wp-json\/wp\/v2\/product_tag?post=38011"}],"curies":[{"name":"wp","href":"https:\/\/api.w.org\/{rel}","templated":true}]}}