{"id":38014,"date":"2025-09-08T13:04:16","date_gmt":"2025-09-08T13:04:16","guid":{"rendered":"https:\/\/ledsteplight.com\/import-placeholder-for-37124\/"},"modified":"2026-01-19T02:15:17","modified_gmt":"2026-01-19T02:15:17","slug":"cree-bridgelux-chip-ip65-led-fixture-for-garden-facade-lighting","status":"publish","type":"product","link":"https:\/\/ledsteplight.com\/fr\/cree-bridgelux-chip-ip65-led-fixture-for-garden-facade-lighting\/","title":{"rendered":"Luminaire LED CREE\/Bridgelux avec puce IP65 pour \u00e9clairage de jardin et de fa\u00e7ade"},"content":{"rendered":"<table data-path-to-node=\"10\">\n<thead>\n<tr>\n<td><strong>Param\u00e8tre<\/strong><\/td>\n<td><strong>Sp\u00e9cification<\/strong><\/td>\n<td><strong>Notes<\/strong><\/td>\n<\/tr>\n<\/thead>\n<tbody>\n<tr>\n<td><span data-path-to-node=\"10,1,0,0\"><b>Mod\u00e8le du produit<\/b><\/span><\/td>\n<td><span data-path-to-node=\"10,1,1,0\"><b>MG-MZ100<\/b><\/span><\/td>\n<td><span data-path-to-node=\"10,1,2,0\">SKU professionnel \u00e0 haute reconnaissance.<\/span><\/td>\n<\/tr>\n<tr>\n<td><span data-path-to-node=\"10,2,0,0\"><b>Installation<\/b><\/span><\/td>\n<td><span data-path-to-node=\"10,2,1,0\"><b>Montage en surface<\/b><\/span><\/td>\n<td><span data-path-to-node=\"10,2,2,0\">Installation facile sur murs, escaliers ou sol.<\/span><\/td>\n<\/tr>\n<tr>\n<td><span data-path-to-node=\"10,3,0,0\"><b>Taille du produit<\/b><\/span><\/td>\n<td><span data-path-to-node=\"10,3,1,0\"><span class=\"math-inline\" data-math=\"phi 100 times H 35text{mm}\">$phi 100 fois H 35text{mm}$<\/span><\/span><\/td>\n<td><span data-path-to-node=\"10,3,2,0\">Conception compacte et peu encombrante.<\/span><\/td>\n<\/tr>\n<tr>\n<td><span data-path-to-node=\"10,4,0,0\"><b>Source lumineuse<\/b><\/span><\/td>\n<td><span data-path-to-node=\"10,4,1,0\">Bridgelux \/ CREE<\/span><\/td>\n<td><span data-path-to-node=\"10,4,2,0\">Puces LED de marque internationale pour haute performance.<\/span><\/td>\n<\/tr>\n<tr>\n<td><span data-path-to-node=\"10,5,0,0\"><b>Watts<\/b><\/span><\/td>\n<td><span data-path-to-node=\"10,5,1,0\"><span class=\"math-inline\" data-math=\"text{3W (300mA)}\">$text{3W (300mA)}$<\/span><\/span><\/td>\n<td><span data-path-to-node=\"10,5,2,0\">LED haute puissance \u00e9conome en \u00e9nergie.<\/span><\/td>\n<\/tr>\n<tr>\n<td><span data-path-to-node=\"10,6,0,0\"><b>Entr\u00e9e secteur<\/b><\/span><\/td>\n<td><span data-path-to-node=\"10,6,1,0\"><span class=\"math-inline\" data-math=\"text{100-240V, 50\/60HZ}\">$text{100-240V, 50\/60HZ}$<\/span> \/ <span class=\"math-inline\" data-math=\"text{DC12\/24V}\">$text{DC12\/24V}$<\/span><\/span><\/td>\n<td><span data-path-to-node=\"10,6,2,0\">Options d'entr\u00e9e \u00e0 double tension pour divers projets.<\/span><\/td>\n<\/tr>\n<tr>\n<td><span data-path-to-node=\"10,7,0,0\"><b>Alimentation<\/b><\/span><\/td>\n<td><span data-path-to-node=\"10,7,1,0\">CAIJIE<\/span><\/td>\n<td><span data-path-to-node=\"10,7,2,0\">Alimentation fiable pour un courant stable.<\/span><\/td>\n<\/tr>\n<tr>\n<td><span data-path-to-node=\"10,8,0,0\"><b>Angle du r\u00e9flecteur<\/b><\/span><\/td>\n<td><span data-path-to-node=\"10,8,1,0\"><i>Fixe (Direct <strong><a href=\"https:\/\/ledsteplight.com\/fr\/pir-sensor-step-light-top-advantages-for-safety\/\" class=\"waam-auto-link\" title=\"\u00c9clairage\">\u00c9clairage<\/a><\/strong>)<\/i><\/span><\/td>\n<td><span data-path-to-node=\"10,8,2,0\">Id\u00e9al pour l'\u00e9clairage d'accentuation et de grazing.<\/span><\/td>\n<\/tr>\n<tr>\n<td><span data-path-to-node=\"10,9,0,0\"><b><strong><a href=\"https:\/\/ledsteplight.com\/fr\/dm36b-pro-honeycomb-anti-glare-led-in-ground-light-ip67-24v-dc\/\" class=\"waam-auto-link\" title=\"Temp\u00e9rature de couleur\">Temp\u00e9rature de couleur<\/a><\/strong><\/b><\/span><\/td>\n<td><span data-path-to-node=\"10,9,1,0\"><span class=\"math-inline\" data-math=\"text{3000K}\">$text{3000K}$<\/span> (Blanc chaud), <span class=\"math-inline\" data-math=\"text{4000K}\">$text{4000K}$<\/span> (Blanc Naturel), <span class=\"math-inline\" data-math=\"text{5700K}\">$text{5700K}$<\/span> (Blanc Froid)<\/span><\/td>\n<td><span data-path-to-node=\"10,9,2,0\">Options CCT polyvalentes.<\/span><\/td>\n<\/tr>\n<tr>\n<td><span data-path-to-node=\"10,10,0,0\"><b>Mat\u00e9riau<\/b><\/span><\/td>\n<td><span data-path-to-node=\"10,10,1,0\">Aluminium<\/span><\/td>\n<td><span data-path-to-node=\"10,10,2,0\">Dissipation thermique sup\u00e9rieure et r\u00e9sistance \u00e0 la corrosion.<\/span><\/td>\n<\/tr>\n<tr>\n<td><span data-path-to-node=\"10,11,0,0\"><b>Couleur du luminaire<\/b><\/span><\/td>\n<td><span data-path-to-node=\"10,11,1,0\">Blanc, Noir<\/span><\/td>\n<td><span data-path-to-node=\"10,11,2,0\">Couleurs neutres pour s\u2019harmoniser avec l\u2019architecture moderne.<\/span><\/td>\n<\/tr>\n<tr>\n<td><span data-path-to-node=\"10,12,0,0\"><b>Indice de protection<\/b><\/span><\/td>\n<td><span data-path-to-node=\"10,12,1,0\"><b>IP65<\/b><\/span><\/td>\n<td><span data-path-to-node=\"10,12,2,0\">Protection de haut niveau contre la poussi\u00e8re et les jets d\u2019eau.<\/span><\/td>\n<\/tr>\n<tr>\n<td><span data-path-to-node=\"10,13,0,0\"><b>Poids<\/b><\/span><\/td>\n<td><span data-path-to-node=\"10,13,1,0\"><span class=\"math-inline\" data-math=\"text{0.65kg}\">$text{0.65kg}$<\/span><\/span><\/td>\n<td><span data-path-to-node=\"10,13,2,0\">Construction solide et durable.<\/span><\/td>\n<\/tr>\n<tr>\n<td><span data-path-to-node=\"10,14,0,0\"><b>Contr\u00f4le<\/b><\/span><\/td>\n<td><span data-path-to-node=\"10,14,1,0\">Contr\u00f4le par interrupteur<\/span><\/td>\n<td><span data-path-to-node=\"10,14,2,0\">Fonction simple et fiable.<\/span><\/p>\n<p>&nbsp;<\/td>\n<\/tr>\n<\/tbody>\n<\/table>\n<ul>\n<li>\n<p data-path-to-node=\"16,0,0\"><b>Durabilit\u00e9 exceptionnelle (Indice IP65) :<\/b> Con\u00e7u en aluminium de haute qualit\u00e9, le MG-MZ100 est fabriqu\u00e9 avec un <b>classement \u00e9tanche IP65<\/b>, garantissant une protection maximale contre les fortes pluies, la poussi\u00e8re et les \u00e9l\u00e9ments ext\u00e9rieurs agressifs.<\/p>\n<\/li>\n<li>\n<p data-path-to-node=\"16,1,0\"><b>Source LED de marque :<\/b> Utilisant des <b>puces CREE ou Bridgelux<\/b> puces, ce <strong><a href=\"https:\/\/ledsteplight.com\/fr\/furniture\/\" class=\"waam-auto-link\" title=\"luminaire\">luminaire<\/a><\/strong> offre un \u00e9clairage stable et \u00e0 haut rendement avec une grande efficacit\u00e9 <span class=\"math-inline\" data-math=\"text{3W}\">$text{3W}$<\/span> consommation, assurant une performance \u00e0 long terme et des co\u00fbts de maintenance r\u00e9duits.<\/p>\n<\/li>\n<li>\n<p data-path-to-node=\"16,2,0\"><b>Entr\u00e9e d'alimentation flexible :<\/b> Avec les deux <b><span class=\"math-inline\" data-math=\"text{100-240V AC}\">$text{100-240V AC}$<\/span><\/b> et basse tension <b><span class=\"math-inline\" data-math=\"text{DC12\/24V}\">$text{DC12\/24V}$<\/span><\/b> options, le MG-MZ100 s'int\u00e8gre parfaitement dans divers sch\u00e9mas d'\u00e9clairage, des jardins r\u00e9sidentiels aux grands complexes commerciaux.<\/p>\n<\/li>\n<li>\n<p data-path-to-node=\"16,3,0\"><b>S\u00e9lection CCT polyvalente :<\/b> Disponible en <span class=\"math-inline\" data-math=\"text{3000K}\">$text{3000K}$<\/span>, <span class=\"math-inline\" data-math=\"text{4000K}\">$text{4000K}$<\/span>, et <span class=\"math-inline\" data-math=\"text{5700K}\">$text{5700K}$<\/span>, vous pouvez parfaitement adapter l'ambiance lumineuse, d'une lueur chaleureuse et invitante \u00e0 une lumi\u00e8re blanche nette et moderne.<\/p>\n<\/li>\n<li>\n<p data-path-to-node=\"16,4,0\"><b>Design minimaliste :<\/b> Le profil bas <span class=\"math-inline\" data-math=\"phi 100 times H 35text{mm}\">$phi 100 fois H 35text{mm}$<\/span> Le corps rond est disponible dans les finitions standard blanc et noir, s'int\u00e9grant esth\u00e9tiquement \u00e0 tout mat\u00e9riau de construction contemporain.<\/p>\n<\/li>\n<\/ul>\n<p>&nbsp;<\/p>","protected":false},"excerpt":{"rendered":"<p><b>MG-MZ100<\/b> MG-MZ100 est un projecteur LED 3W tr\u00e8s polyvalent et robuste con\u00e7u pour des projets d\u2019\u00e9clairage ext\u00e9rieurs et int\u00e9rieurs haut de gamme. En tant qu\u2019unit\u00e9 \u00e0 montage en surface, il \u00e9limine le besoin de d\u00e9coupes complexes, offrant une flexibilit\u00e9 exceptionnelle pour l\u2019installation sur des terrasses, patios, marches, fa\u00e7ades et all\u00e9es.<\/p>","protected":false},"featured_media":37214,"comment_status":"open","ping_status":"closed","template":"","meta":[],"product_brand":[],"product_cat":[100,426,427,428,439,429,440,430,441,431,442,443,432,433,444,112,464,445,446,106,434,435,128,436,437],"product_tag":[103,76,77,113,78,108,129],"class_list":{"0":"post-38014","1":"product","2":"type-product","3":"status-publish","4":"has-post-thumbnail","6":"product_cat-aluminum-ground-light","7":"product_cat-ceiling-recessed","8":"product_cat-ceiling-surface","9":"product_cat-ceiling-suspended","10":"product_cat-commercial","11":"product_cat-drivers","12":"product_cat-education","13":"product_cat-freestanding-light","14":"product_cat-hospitality","15":"product_cat-industrial","16":"product_cat-infrastructure","17":"product_cat-landscape","18":"product_cat-landscaping","19":"product_cat-linear","20":"product_cat-office","21":"product_cat-outdoor-ground-light","22":"product_cat-c-outdoor-lighting","23":"product_cat-residential","24":"product_cat-retail","25":"product_cat-round-ground-light","26":"product_cat-table-lamp","27":"product_cat-track","28":"product_cat-wall-light-series","29":"product_cat-wall-recessed","30":"product_cat-wall-surface","31":"product_tag-aluminum-ground-light","32":"product_tag-aluminum-housing","33":"product_tag-ground-light","34":"product_tag-outdoor-ground-light","35":"product_tag-outdoor-lighting","36":"product_tag-round-ground-light","37":"product_tag-wall-light-series","39":"first","40":"instock","41":"featured","42":"downloadable","43":"shipping-taxable","44":"product-type-simple"},"_links":{"self":[{"href":"https:\/\/ledsteplight.com\/fr\/wp-json\/wp\/v2\/product\/38014","targetHints":{"allow":["GET"]}}],"collection":[{"href":"https:\/\/ledsteplight.com\/fr\/wp-json\/wp\/v2\/product"}],"about":[{"href":"https:\/\/ledsteplight.com\/fr\/wp-json\/wp\/v2\/types\/product"}],"replies":[{"embeddable":true,"href":"https:\/\/ledsteplight.com\/fr\/wp-json\/wp\/v2\/comments?post=38014"}],"version-history":[{"count":3,"href":"https:\/\/ledsteplight.com\/fr\/wp-json\/wp\/v2\/product\/38014\/revisions"}],"predecessor-version":[{"id":38644,"href":"https:\/\/ledsteplight.com\/fr\/wp-json\/wp\/v2\/product\/38014\/revisions\/38644"}],"wp:featuredmedia":[{"embeddable":true,"href":"https:\/\/ledsteplight.com\/fr\/wp-json\/wp\/v2\/media\/37214"}],"wp:attachment":[{"href":"https:\/\/ledsteplight.com\/fr\/wp-json\/wp\/v2\/media?parent=38014"}],"wp:term":[{"taxonomy":"product_brand","embeddable":true,"href":"https:\/\/ledsteplight.com\/fr\/wp-json\/wp\/v2\/product_brand?post=38014"},{"taxonomy":"product_cat","embeddable":true,"href":"https:\/\/ledsteplight.com\/fr\/wp-json\/wp\/v2\/product_cat?post=38014"},{"taxonomy":"product_tag","embeddable":true,"href":"https:\/\/ledsteplight.com\/fr\/wp-json\/wp\/v2\/product_tag?post=38014"}],"curies":[{"name":"wp","href":"https:\/\/api.w.org\/{rel}","templated":true}]}}