{"id":38015,"date":"2025-09-08T13:04:16","date_gmt":"2025-09-08T13:04:16","guid":{"rendered":"https:\/\/ledsteplight.com\/import-placeholder-for-37125\/"},"modified":"2026-01-19T02:15:17","modified_gmt":"2026-01-19T02:15:17","slug":"30w-linear-in-ground-light-narrow-frame-outdoor-led-floor-lamp","status":"publish","type":"product","link":"https:\/\/ledsteplight.com\/fr\/30w-linear-in-ground-light-narrow-frame-outdoor-led-floor-lamp\/","title":{"rendered":"Luminaire Lin\u00e9aire Encastrable 30W \u2013 Lampe de Sol LED d'Ext\u00e9rieur \u00e0 Cadre \u00c9troit"},"content":{"rendered":"<table data-start=\"66\" data-end=\"1379\">\n<thead data-start=\"66\" data-end=\"135\">\n<tr data-start=\"66\" data-end=\"135\">\n<th data-start=\"66\" data-end=\"89\">Sp\u00e9cification<\/th>\n<th data-start=\"89\" data-end=\"135\">D\u00e9tails<\/th>\n<\/tr>\n<\/thead>\n<tbody data-start=\"203\" data-end=\"1379\">\n<tr data-start=\"203\" data-end=\"268\">\n<td><strong data-start=\"205\" data-end=\"214\">Mod\u00e8le<\/strong><\/td>\n<td>MG-MH7030<\/td>\n<\/tr>\n<tr data-start=\"269\" data-end=\"334\">\n<td><strong data-start=\"271\" data-end=\"280\">Puissance<\/strong><\/td>\n<td>30W<\/td>\n<\/tr>\n<tr data-start=\"335\" data-end=\"400\">\n<td><strong data-start=\"337\" data-end=\"349\">Mat\u00e9riau<\/strong><\/td>\n<td>Alliage d'aluminium<\/td>\n<\/tr>\n<tr data-start=\"401\" data-end=\"466\">\n<td><strong data-start=\"403\" data-end=\"420\">Tension d'entr\u00e9e<\/strong><\/td>\n<td>AC85-265V<\/td>\n<\/tr>\n<tr data-start=\"467\" data-end=\"532\">\n<td><strong data-start=\"469\" data-end=\"481\">Type LED<\/strong><\/td>\n<td>LED COB<\/td>\n<\/tr>\n<tr data-start=\"533\" data-end=\"598\">\n<td><strong data-start=\"535\" data-end=\"552\">Flux lumineux<\/strong><\/td>\n<td>90-110LM\/W<\/td>\n<\/tr>\n<tr data-start=\"599\" data-end=\"664\">\n<td><strong data-start=\"601\" data-end=\"622\"><strong><a href=\"https:\/\/ledsteplight.com\/fr\/dm36b-pro-honeycomb-anti-glare-led-in-ground-light-ip67-24v-dc\/\" class=\"waam-auto-link\" title=\"Temp\u00e9rature de couleur\">Temp\u00e9rature de couleur<\/a><\/strong><\/strong><\/td>\n<td>3000K \/ 6000K (Optionnel)<\/td>\n<\/tr>\n<tr data-start=\"665\" data-end=\"730\">\n<td><strong data-start=\"667\" data-end=\"681\">Angle du faisceau<\/strong><\/td>\n<td>120\u00b0<\/td>\n<\/tr>\n<tr data-start=\"731\" data-end=\"795\">\n<td><strong data-start=\"733\" data-end=\"753\">Niveau de Protection<\/strong><\/td>\n<td>IP65 (Imperm\u00e9able &amp; R\u00e9sistant \u00e0 la poussi\u00e8re)<\/td>\n<\/tr>\n<tr data-start=\"796\" data-end=\"860\">\n<td><strong data-start=\"798\" data-end=\"810\">Dur\u00e9e de vie<\/strong><\/td>\n<td>40 000 heures<\/td>\n<\/tr>\n<tr data-start=\"861\" data-end=\"925\">\n<td><strong data-start=\"863\" data-end=\"886\">M\u00e9thode d'installation<\/strong><\/td>\n<td>Installation encastr\u00e9e<\/td>\n<\/tr>\n<tr data-start=\"926\" data-end=\"990\">\n<td><strong data-start=\"928\" data-end=\"942\">Couleur du Corps<\/strong><\/td>\n<td>Argent \/ Noir (Personnalisable)<\/td>\n<\/tr>\n<tr data-start=\"991\" data-end=\"1056\">\n<td><strong data-start=\"993\" data-end=\"1018\">Temp\u00e9rature de fonctionnement<\/strong><\/td>\n<td>-20\u00b0C \u00e0 45\u00b0C<\/td>\n<\/tr>\n<tr data-start=\"1057\" data-end=\"1121\">\n<td><strong data-start=\"1059\" data-end=\"1073\">Dimensions<\/strong><\/td>\n<td>Personnalisable (Veuillez vous renseigner)<\/td>\n<\/tr>\n<tr data-start=\"1122\" data-end=\"1186\">\n<td><strong data-start=\"1124\" data-end=\"1134\">Poids<\/strong><\/td>\n<td>Approx. [Ins\u00e9rer le Poids] (Si disponible)<\/td>\n<\/tr>\n<tr data-start=\"1187\" data-end=\"1313\">\n<td><strong data-start=\"1189\" data-end=\"1204\">Application<\/strong><\/td>\n<td><strong><a href=\"https:\/\/ledsteplight.com\/fr\/ip67-waterproof-led-ground-lights-easy-garden-lighting-solutions\/\" class=\"waam-auto-link\" title=\"\u00c9clairage paysager ext\u00e9rieur\">\u00c9clairage paysager ext\u00e9rieur<\/a><\/strong>, \u00e9clairage de chemin, illumination de cour, architectural <strong><a href=\"https:\/\/ledsteplight.com\/fr\/cree-bridgelux-chip-ip65-led-fixture-for-garden-facade-lighting\/\" class=\"waam-auto-link\" title=\"\u00e9clairage de fa\u00e7ade\">\u00e9clairage de fa\u00e7ade<\/a><\/strong><\/td>\n<\/tr>\n<tr data-start=\"1314\" data-end=\"1379\">\n<td><strong data-start=\"1316\" data-end=\"1328\">Garantie<\/strong><\/td>\n<td>3 Ans<\/td>\n<\/tr>\n<\/tbody>\n<\/table>\n<p data-path-to-node=\"13\"><b>Conception Lin\u00e9aire \u00c9l\u00e9gante pour une Architecture Moderne<\/b> Le MG-MH7030 pr\u00e9sente un profil sophistiqu\u00e9 \u00ab Cadre \u00c9troit \u00bb, en faisant un choix haut de gamme pour les produits de luxe <b>spots de sol ext\u00e9rieurs<\/b>. Son corps minimaliste en alliage d'aluminium permet une int\u00e9gration transparente dans les pav\u00e9s ou le b\u00e9ton, cr\u00e9ant une ligne de lumi\u00e8re continue et propre. Id\u00e9al pour l' <b>\u00e9clairage de fa\u00e7ade architecturale<\/b> et la d\u00e9limitation des cours commerciales, ce <b>luminaire lin\u00e9aire encastrable<\/b> offre un large angle de faisceau de 120\u00b0, fournissant des effets uniformes de l\u00e8che-mur et une <b><strong><a href=\"https:\/\/ledsteplight.com\/fr\/the-ultimate-guide-to-led-landscape-lighting-design-installation-and-costs\/\" class=\"waam-auto-link\" title=\"\u00e9clairage paysager\">\u00e9clairage paysager<\/a><\/strong><\/b> esth\u00e9tique moderne.<\/p>\n<p data-path-to-node=\"14\"><b>Performance et durabilit\u00e9 haute puissance<\/b> Con\u00e7u pour les projets professionnels, ce 30W <b>\u00e9clairage souterrain<\/b> luminaire utilise la technologie LED COB avanc\u00e9e (90-110LM\/W) pour une luminosit\u00e9 sup\u00e9rieure. Compatible avec les syst\u00e8mes de <b>AC85-265V<\/b> tension mondiaux, il assure un fonctionnement stable pour les march\u00e9s d'exportation. Avec un indice d'\u00e9tanch\u00e9it\u00e9 IP65 et une dur\u00e9e de vie de 40 000 heures, ceux-ci <b>luminaires pour le sol<\/b> sont construits pour r\u00e9sister aux intemp\u00e9ries, servant de <b><strong><a href=\"https:\/\/ledsteplight.com\/fr\/mistakes-to-avoid-when-installing-in-ground-driveway-lights\/\" class=\"waam-auto-link\" title=\"\u00e9clairages de voie sur le sol\">\u00e9clairages de voie sur le sol<\/a><\/strong><\/b> ou de s\u00e9curit\u00e9 <b>\u00e9clairage de chemin<\/b> pour les espaces publics.<\/p>","protected":false},"excerpt":{"rendered":"<p data-start=\"41\" data-end=\"392\">Luminaires encastr\u00e9s au sol \u00e0 LED de 30W \u00e0 cadre \u00e9troit en gros. Projecteurs lin\u00e9aires ext\u00e9rieurs haute puissance IP65 COB pour fa\u00e7ades architecturales. \u00c9clairage de chemin encastr\u00e9 en courant alternatif 85-265V.<\/p>","protected":false},"featured_media":37216,"comment_status":"open","ping_status":"closed","template":"","meta":[],"product_brand":[],"product_cat":[100,426,427,428,439,429,440,430,73,441,431,442,443,432,433,444,464,445,446,434,435,436,437],"product_tag":[103,76,77,109,114,115],"class_list":{"0":"post-38015","1":"product","2":"type-product","3":"status-publish","4":"has-post-thumbnail","6":"product_cat-aluminum-ground-light","7":"product_cat-ceiling-recessed","8":"product_cat-ceiling-surface","9":"product_cat-ceiling-suspended","10":"product_cat-commercial","11":"product_cat-drivers","12":"product_cat-education","13":"product_cat-freestanding-light","14":"product_cat-ground-light","15":"product_cat-hospitality","16":"product_cat-industrial","17":"product_cat-infrastructure","18":"product_cat-landscape","19":"product_cat-landscaping","20":"product_cat-linear","21":"product_cat-office","22":"product_cat-c-outdoor-lighting","23":"product_cat-residential","24":"product_cat-retail","25":"product_cat-table-lamp","26":"product_cat-track","27":"product_cat-wall-recessed","28":"product_cat-wall-surface","29":"product_tag-aluminum-ground-light","30":"product_tag-aluminum-housing","31":"product_tag-ground-light","32":"product_tag-led-fixture","33":"product_tag-pathway-light","34":"product_tag-recessed-light","36":"first","37":"instock","38":"shipping-taxable","39":"product-type-simple"},"_links":{"self":[{"href":"https:\/\/ledsteplight.com\/fr\/wp-json\/wp\/v2\/product\/38015","targetHints":{"allow":["GET"]}}],"collection":[{"href":"https:\/\/ledsteplight.com\/fr\/wp-json\/wp\/v2\/product"}],"about":[{"href":"https:\/\/ledsteplight.com\/fr\/wp-json\/wp\/v2\/types\/product"}],"replies":[{"embeddable":true,"href":"https:\/\/ledsteplight.com\/fr\/wp-json\/wp\/v2\/comments?post=38015"}],"version-history":[{"count":3,"href":"https:\/\/ledsteplight.com\/fr\/wp-json\/wp\/v2\/product\/38015\/revisions"}],"predecessor-version":[{"id":38645,"href":"https:\/\/ledsteplight.com\/fr\/wp-json\/wp\/v2\/product\/38015\/revisions\/38645"}],"wp:featuredmedia":[{"embeddable":true,"href":"https:\/\/ledsteplight.com\/fr\/wp-json\/wp\/v2\/media\/37216"}],"wp:attachment":[{"href":"https:\/\/ledsteplight.com\/fr\/wp-json\/wp\/v2\/media?parent=38015"}],"wp:term":[{"taxonomy":"product_brand","embeddable":true,"href":"https:\/\/ledsteplight.com\/fr\/wp-json\/wp\/v2\/product_brand?post=38015"},{"taxonomy":"product_cat","embeddable":true,"href":"https:\/\/ledsteplight.com\/fr\/wp-json\/wp\/v2\/product_cat?post=38015"},{"taxonomy":"product_tag","embeddable":true,"href":"https:\/\/ledsteplight.com\/fr\/wp-json\/wp\/v2\/product_tag?post=38015"}],"curies":[{"name":"wp","href":"https:\/\/api.w.org\/{rel}","templated":true}]}}