{"id":38019,"date":"2025-09-08T13:04:17","date_gmt":"2025-09-08T13:04:17","guid":{"rendered":"https:\/\/ledsteplight.com\/import-placeholder-for-37142\/"},"modified":"2026-01-19T02:15:15","modified_gmt":"2026-01-19T02:15:15","slug":"commercial-grade-36w-underground-lighting-multi-voltage-led-landscape-path-lighting","status":"publish","type":"product","link":"https:\/\/ledsteplight.com\/fr\/commercial-grade-36w-underground-lighting-multi-voltage-led-landscape-path-lighting\/","title":{"rendered":"\u00c9clairage souterrain de qualit\u00e9 commerciale 36W | \u00c9clairage de chemin paysager \u00e0 LED multi-tension"},"content":{"rendered":"<table data-start=\"43\" data-end=\"911\">\n<thead data-start=\"43\" data-end=\"114\">\n<tr data-start=\"43\" data-end=\"114\">\n<th data-start=\"43\" data-end=\"68\"><strong data-start=\"45\" data-end=\"58\">Param\u00e8tre<\/strong><\/th>\n<th data-start=\"68\" data-end=\"114\"><strong data-start=\"70\" data-end=\"81\">D\u00e9tails<\/strong><\/th>\n<\/tr>\n<\/thead>\n<tbody data-start=\"181\" data-end=\"911\">\n<tr data-start=\"181\" data-end=\"247\">\n<td><strong data-start=\"183\" data-end=\"192\">Puissance<\/strong><\/td>\n<td>36W<\/td>\n<\/tr>\n<tr data-start=\"248\" data-end=\"313\">\n<td><strong data-start=\"250\" data-end=\"266\">Source lumineuse<\/strong><\/td>\n<td>LED COB<\/td>\n<\/tr>\n<tr data-start=\"314\" data-end=\"378\">\n<td><strong data-start=\"316\" data-end=\"333\">Tension d'entr\u00e9e<\/strong><\/td>\n<td>AC85-265V \/ 12V \/ 24V<\/td>\n<\/tr>\n<tr data-start=\"379\" data-end=\"448\">\n<td><strong data-start=\"381\" data-end=\"402\"><strong><a href=\"https:\/\/ledsteplight.com\/fr\/dm36b-pro-honeycomb-anti-glare-led-in-ground-light-ip67-24v-dc\/\" class=\"waam-auto-link\" title=\"Temp\u00e9rature de couleur\">Temp\u00e9rature de couleur<\/a><\/strong><\/strong><\/td>\n<td>3000K (Blanc chaud) \/ 6000K (Blanc froid)<\/td>\n<\/tr>\n<tr data-start=\"449\" data-end=\"514\">\n<td><strong data-start=\"451\" data-end=\"468\">Flux lumineux<\/strong><\/td>\n<td>100-120LM\/W<\/td>\n<\/tr>\n<tr data-start=\"515\" data-end=\"580\">\n<td><strong data-start=\"517\" data-end=\"531\">Angle du faisceau<\/strong><\/td>\n<td>120\u00b0<\/td>\n<\/tr>\n<tr data-start=\"581\" data-end=\"646\">\n<td><strong data-start=\"583\" data-end=\"595\">Mat\u00e9riau<\/strong><\/td>\n<td>Aluminium moul\u00e9 sous pression<\/td>\n<\/tr>\n<tr data-start=\"647\" data-end=\"711\">\n<td><strong data-start=\"649\" data-end=\"662\">Indice de protection<\/strong><\/td>\n<td>IP65 (Imperm\u00e9able &amp; R\u00e9sistant \u00e0 la poussi\u00e8re)<\/td>\n<\/tr>\n<tr data-start=\"712\" data-end=\"776\">\n<td><strong data-start=\"714\" data-end=\"726\">Dur\u00e9e de vie<\/strong><\/td>\n<td>40 000 heures<\/td>\n<\/tr>\n<tr data-start=\"777\" data-end=\"845\">\n<td><strong data-start=\"779\" data-end=\"802\">M\u00e9thode d'installation<\/strong><\/td>\n<td>Montage encastr\u00e9<\/td>\n<\/tr>\n<tr data-start=\"846\" data-end=\"911\">\n<td><strong data-start=\"848\" data-end=\"860\">Garantie<\/strong><\/td>\n<td>3 Ans<\/td>\n<\/tr>\n<\/tbody>\n<\/table>\n<p data-path-to-node=\"15\">DM36 PRO est de qualit\u00e9 professionnelle, \u00e0 haute puissance <b>projecteurs encastr\u00e9s<\/b> con\u00e7u pour offrir une puissance et une r\u00e9glabilit\u00e9 \u00e9lev\u00e9es <strong><a href=\"https:\/\/ledsteplight.com\/fr\/pir-sensor-step-light-top-advantages-for-safety\/\" class=\"waam-auto-link\" title=\"illumination\">illumination<\/a><\/strong> pour des projets commerciaux et r\u00e9sidentiels \u00e0 grande \u00e9chelle. Dot\u00e9 d'une LED COB Semi-Glare avanc\u00e9e, cette lampe de 36W diffuse une lumi\u00e8re de 3000K ou 6000K avec un large <span class=\"math-inline\" data-math=\"120^circ\">$120^circ$<\/span> angle de faisceau, le rendant parfait pour un effet dramatique <b>lumi\u00e8res d'\u00e9clairage de paysage vers le haut<\/b> et une couverture approfondie du parcours.<\/p>\n<p data-path-to-node=\"16\">\n<h4><b>Caract\u00e9ristiques principales et polyvalence :<\/b><\/h4>\n<p>&nbsp;<\/p>\n<ul data-path-to-node=\"17\">\n<li>\n<p data-path-to-node=\"17,0,0\"><b>\u00c9clairage \u00e0 haute puissance :<\/b> \u00c0 36W, cette lampe offre une efficacit\u00e9 lumineuse de 100-120 LM\/W, garantissant que vos espaces ext\u00e9rieurs, arbres et fa\u00e7ades soient brillamment \u00e9clair\u00e9s, servant d'\u00e9clairage efficace <b>\u00e9clairage d'arbres paysagers<\/b>.<\/p>\n<\/li>\n<li>\n<p data-path-to-node=\"17,1,0\"><b>Multi-tension flexible :<\/b> Con\u00e7u pour une utilisation mondiale, le DM36 PRO prend en charge <b>AC85-265V<\/b> c\u00e2blage direct, ainsi que <b>Tension basse en courant continu 12V \/ 24V <strong><a href=\"https:\/\/ledsteplight.com\/fr\/the-ultimate-guide-to-led-landscape-lighting-design-installation-and-costs\/\" class=\"waam-auto-link\" title=\"\u00c9clairage paysager \u00e0 LED\">\u00c9clairage paysager \u00e0 LED<\/a><\/strong><\/b> syst\u00e8mes, offrant une flexibilit\u00e9 d'installation in\u00e9gal\u00e9e.<\/p>\n<\/li>\n<li>\n<p data-path-to-node=\"17,2,0\"><b>Optiques semi-brillantes :<\/b> Con\u00e7u pour offrir une forte intensit\u00e9 lumineuse tout en maintenant le confort, le design semi-\u00e9blouissant minimise l'inconfort visuel direct pour les pi\u00e9tons sur <b>\u00e9clairage de chemin paysager<\/b>.<\/p>\n<\/li>\n<li>\n<p data-path-to-node=\"17,3,0\"><b>Durabilit\u00e9 extr\u00eame :<\/b> Con\u00e7u en aluminium moul\u00e9 robuste et certifi\u00e9 <b>\u00c9tanche \u00e0 l'eau et \u00e0 la poussi\u00e8re IP65<\/b>. Cela en fait un choix id\u00e9al pour une <b><strong><a href=\"https:\/\/ledsteplight.com\/fr\/5w-led-in-ground-lights-ip65-waterproof-outdoor-driveway-garden-floor-lighting\/\" class=\"waam-auto-link\" title=\"\u00e9clairage ext\u00e9rieur au sol\">\u00e9clairage ext\u00e9rieur au sol<\/a><\/strong><\/b> fiabilit\u00e9 dans toutes les conditions m\u00e9t\u00e9orologiques.<\/p>\n<\/li>\n<\/ul>","protected":false},"excerpt":{"rendered":"<p><b>DM36 PRO<\/b> 36W Haute puissance <b>Lumi\u00e8re encastr\u00e9e<\/b> avec <b>Anti-\u00e9blouissement<\/b> optique. Fonctionnalit\u00e9s de support multi-tension (<b>12V\/24V<\/b> &amp; AC85-265V) et <b>classement IP65 \u00e9tanche<\/b> Construction en aluminium moul\u00e9. Id\u00e9al <b>lumi\u00e8res d'\u00e9clairage de paysage vers le haut<\/b> pour un usage r\u00e9sidentiel et commercial <b>\u00e9clairage souterrain<\/b>.<\/p>","protected":false},"featured_media":37233,"comment_status":"open","ping_status":"closed","template":"","meta":[],"product_brand":[],"product_cat":[100,426,427,428,439,429,440,430,441,126,431,442,443,432,433,444,112,464,445,446,106,434,435,436,437],"product_tag":[103,76,77,127,113,78,108],"class_list":{"0":"post-38019","1":"product","2":"type-product","3":"status-publish","4":"has-post-thumbnail","6":"product_cat-aluminum-ground-light","7":"product_cat-ceiling-recessed","8":"product_cat-ceiling-surface","9":"product_cat-ceiling-suspended","10":"product_cat-commercial","11":"product_cat-drivers","12":"product_cat-education","13":"product_cat-freestanding-light","14":"product_cat-hospitality","15":"product_cat-in-ground-light","16":"product_cat-industrial","17":"product_cat-infrastructure","18":"product_cat-landscape","19":"product_cat-landscaping","20":"product_cat-linear","21":"product_cat-office","22":"product_cat-outdoor-ground-light","23":"product_cat-c-outdoor-lighting","24":"product_cat-residential","25":"product_cat-retail","26":"product_cat-round-ground-light","27":"product_cat-table-lamp","28":"product_cat-track","29":"product_cat-wall-recessed","30":"product_cat-wall-surface","31":"product_tag-aluminum-ground-light","32":"product_tag-aluminum-housing","33":"product_tag-ground-light","34":"product_tag-in-ground-light","35":"product_tag-outdoor-ground-light","36":"product_tag-outdoor-lighting","37":"product_tag-round-ground-light","39":"first","40":"instock","41":"shipping-taxable","42":"product-type-simple"},"_links":{"self":[{"href":"https:\/\/ledsteplight.com\/fr\/wp-json\/wp\/v2\/product\/38019","targetHints":{"allow":["GET"]}}],"collection":[{"href":"https:\/\/ledsteplight.com\/fr\/wp-json\/wp\/v2\/product"}],"about":[{"href":"https:\/\/ledsteplight.com\/fr\/wp-json\/wp\/v2\/types\/product"}],"replies":[{"embeddable":true,"href":"https:\/\/ledsteplight.com\/fr\/wp-json\/wp\/v2\/comments?post=38019"}],"version-history":[{"count":3,"href":"https:\/\/ledsteplight.com\/fr\/wp-json\/wp\/v2\/product\/38019\/revisions"}],"predecessor-version":[{"id":38637,"href":"https:\/\/ledsteplight.com\/fr\/wp-json\/wp\/v2\/product\/38019\/revisions\/38637"}],"wp:featuredmedia":[{"embeddable":true,"href":"https:\/\/ledsteplight.com\/fr\/wp-json\/wp\/v2\/media\/37233"}],"wp:attachment":[{"href":"https:\/\/ledsteplight.com\/fr\/wp-json\/wp\/v2\/media?parent=38019"}],"wp:term":[{"taxonomy":"product_brand","embeddable":true,"href":"https:\/\/ledsteplight.com\/fr\/wp-json\/wp\/v2\/product_brand?post=38019"},{"taxonomy":"product_cat","embeddable":true,"href":"https:\/\/ledsteplight.com\/fr\/wp-json\/wp\/v2\/product_cat?post=38019"},{"taxonomy":"product_tag","embeddable":true,"href":"https:\/\/ledsteplight.com\/fr\/wp-json\/wp\/v2\/product_tag?post=38019"}],"curies":[{"name":"wp","href":"https:\/\/api.w.org\/{rel}","templated":true}]}}