{"id":38022,"date":"2025-09-08T13:04:17","date_gmt":"2025-09-08T13:04:17","guid":{"rendered":"https:\/\/ledsteplight.com\/import-placeholder-for-37156\/"},"modified":"2026-01-19T02:15:14","modified_gmt":"2026-01-19T02:15:14","slug":"low-voltage-led-landscape-lighting-motion-sensor-ground-light","status":"publish","type":"product","link":"https:\/\/ledsteplight.com\/fr\/low-voltage-led-landscape-lighting-motion-sensor-ground-light\/","title":{"rendered":"\u00c9clairage de paysage \u00e0 LED basse tension | Projecteur au sol avec d\u00e9tecteur de mouvement"},"content":{"rendered":"<table data-start=\"123\" data-end=\"992\">\n<thead data-start=\"123\" data-end=\"182\">\n<tr data-start=\"123\" data-end=\"182\">\n<th data-start=\"123\" data-end=\"144\">Sp\u00e9cification<\/th>\n<th data-start=\"144\" data-end=\"182\">D\u00e9tails<\/th>\n<\/tr>\n<\/thead>\n<tbody data-start=\"240\" data-end=\"992\">\n<tr data-start=\"240\" data-end=\"297\">\n<td><strong data-start=\"242\" data-end=\"251\">Puissance<\/strong><\/td>\n<td>3W \/ 5W<\/td>\n<\/tr>\n<tr data-start=\"298\" data-end=\"355\">\n<td><strong data-start=\"300\" data-end=\"316\">Source lumineuse<\/strong><\/td>\n<td><strong><a href=\"https:\/\/ledsteplight.com\/fr\/cree-bridgelux-chip-ip65-led-fixture-for-garden-facade-lighting\/\" class=\"waam-auto-link\" title=\"LED CREE\">LED CREE<\/a><\/strong><\/td>\n<\/tr>\n<tr data-start=\"356\" data-end=\"413\">\n<td><strong data-start=\"358\" data-end=\"375\">Tension d'entr\u00e9e<\/strong><\/td>\n<td>AC85-265V \/ DC12V \/ DC24V<\/td>\n<\/tr>\n<tr data-start=\"414\" data-end=\"471\">\n<td><strong data-start=\"416\" data-end=\"437\"><strong><a href=\"https:\/\/ledsteplight.com\/fr\/dm36b-pro-honeycomb-anti-glare-led-in-ground-light-ip67-24v-dc\/\" class=\"waam-auto-link\" title=\"Temp\u00e9rature de couleur\">Temp\u00e9rature de couleur<\/a><\/strong><\/strong><\/td>\n<td>3000K \/ 4000K \/ 6000K<\/td>\n<\/tr>\n<tr data-start=\"472\" data-end=\"527\">\n<td><strong data-start=\"474\" data-end=\"497\">Efficacit\u00e9 lumineuse<\/strong><\/td>\n<td>90-110LM\/W<\/td>\n<\/tr>\n<tr data-start=\"528\" data-end=\"585\">\n<td><strong data-start=\"530\" data-end=\"544\">Angle du faisceau<\/strong><\/td>\n<td>30\u00b0 \/ 45\u00b0<\/td>\n<\/tr>\n<tr data-start=\"586\" data-end=\"645\">\n<td><strong data-start=\"588\" data-end=\"600\">Mat\u00e9riau<\/strong><\/td>\n<td>Aluminium moul\u00e9 sous pression + Verre tremp\u00e9<\/td>\n<\/tr>\n<tr data-start=\"646\" data-end=\"703\">\n<td><strong data-start=\"648\" data-end=\"661\">Indice de protection<\/strong><\/td>\n<td>IP67 (Imperm\u00e9able et anti-poussi\u00e8re)<\/td>\n<\/tr>\n<tr data-start=\"704\" data-end=\"761\">\n<td><strong data-start=\"706\" data-end=\"729\">M\u00e9thode d'installation<\/strong><\/td>\n<td>Encastr\u00e9 \/ Au sol<\/td>\n<\/tr>\n<tr data-start=\"762\" data-end=\"819\">\n<td><strong data-start=\"764\" data-end=\"776\">Dur\u00e9e de vie<\/strong><\/td>\n<td>40 000 heures<\/td>\n<\/tr>\n<tr data-start=\"820\" data-end=\"877\">\n<td><strong data-start=\"822\" data-end=\"830\">Taille<\/strong><\/td>\n<td>Diam\u00e8tre 70mm<\/td>\n<\/tr>\n<tr data-start=\"878\" data-end=\"934\">\n<td><strong data-start=\"880\" data-end=\"898\">Certifications<\/strong><\/td>\n<td>CE, RoHS<\/td>\n<\/tr>\n<tr data-start=\"935\" data-end=\"992\">\n<td><strong data-start=\"937\" data-end=\"949\">Garantie<\/strong><\/td>\n<td>3 Ans<\/td>\n<\/tr>\n<\/tbody>\n<\/table>\n<p data-path-to-node=\"14\">\n<ul data-path-to-node=\"16\">\n<li>\n<p data-path-to-node=\"16,0,0\"><b>Technologie de D\u00e9tection de Mouvement Intelligente :<\/b> Con\u00e7u comme une solution r\u00e9active, <b>\u00e9clairage souterrain<\/b> le capteur active la lumi\u00e8re uniquement lorsque cela est n\u00e9cessaire. C'est parfait pour \u00e9clairer les all\u00e9es sombres ou servir de guide <b><strong><a href=\"https:\/\/ledsteplight.com\/fr\/30w-linear-in-ground-light-narrow-frame-outdoor-led-floor-lamp\/\" class=\"waam-auto-link\" title=\"\u00e9clairages de voie sur le sol\">\u00e9clairages de voie sur le sol<\/a><\/strong><\/b> pour garer votre v\u00e9hicule en toute s\u00e9curit\u00e9 la nuit.<\/p>\n<\/li>\n<li>\n<p data-path-to-node=\"16,1,0\"><b>\u00c9tanch\u00e9it\u00e9 IP67 &amp; Durable :<\/b> Construits avec de l'aluminium moul\u00e9 sous pression robuste et du verre tremp\u00e9, ces <b>spots de sol ext\u00e9rieurs<\/b> sont enti\u00e8rement \u00e9tanches \u00e0 la pluie, \u00e0 la neige et \u00e0 la poussi\u00e8re. Ils r\u00e9pondent \u00e0 des normes \u00e9lev\u00e9es pour <b>protection \u00e9tanche <strong><a href=\"https:\/\/ledsteplight.com\/fr\/mistakes-to-avoid-when-installing-in-ground-driveway-lights\/\" class=\"waam-auto-link\" title=\"\u00e9clairage paysager\">\u00e9clairage paysager<\/a><\/strong><\/b>, assurant une long\u00e9vit\u00e9 m\u00eame dans des environnements difficiles.<\/p>\n<\/li>\n<li>\n<p data-path-to-node=\"16,2,0\"><b>Options de Tension Polyvalentes :<\/b> Que vous modernisiez un syst\u00e8me existant ou que vous en d\u00e9marriez un nouveau, nous offrons des entr\u00e9es pour AC85-265V ou <b>syst\u00e8me basse tension <strong><a href=\"https:\/\/ledsteplight.com\/fr\/the-ultimate-guide-to-led-landscape-lighting-design-installation-and-costs\/\" class=\"waam-auto-link\" title=\"\u00e9clairages de paysage \u00e0 LED\">\u00e9clairages de paysage \u00e0 LED<\/a><\/strong><\/b> (DC12V\/24V). Cette flexibilit\u00e9 en fait une alternative plus s\u00fbre aux syst\u00e8mes \u00e0 haute tension et plus fiable que les <b>lampes solaires de sol<\/b>.<\/p>\n<\/li>\n<li>\n<p data-path-to-node=\"16,3,0\"><b>LED CREE Premium :<\/b> \u00c9quip\u00e9 d'une source lumineuse CREE de 3W\/5W, offrant une efficacit\u00e9 de 90-110LM\/W. Choisissez parmi 3000K, 4000K ou 6000K pour correspondre \u00e0 votre <b>contemporain <strong><a href=\"https:\/\/ledsteplight.com\/fr\/low-voltage-landscape-lighting-effective-outdoor-solutions\/\" class=\"waam-auto-link\" title=\"\u00e9clairage paysager\">\u00e9clairage paysager<\/a><\/strong><\/b> .<\/p>\n<\/li>\n<\/ul>\n<p data-path-to-node=\"18\">Ces <b>\u00e9clairages dans le sol<\/b> sont suffisamment polyvalents pour diverses applications :<\/p>\n<ul data-path-to-node=\"19\">\n<li>\n<p data-path-to-node=\"19,0,0\"><b>S\u00e9curit\u00e9 des chemins :<\/b> Installer comme <b>\u00e9clairage de chemin<\/b> le long des all\u00e9es de jardin.<\/p>\n<\/li>\n<li>\n<p data-path-to-node=\"19,1,0\"><b>Terrasse &amp; Marche :<\/b> Utiliser comme \u00e9clairage encastr\u00e9 <b>au sol des marches<\/b> pour pr\u00e9venir les risques de tr\u00e9buchement.<\/p>\n<\/li>\n<li>\n<p data-path-to-node=\"19,2,0\"><b>All\u00e9es :<\/b> Une construction robuste leur permet de servir de <b>lampes de driveway au sol<\/b>.<\/p>\n<\/li>\n<li>\n<p data-path-to-node=\"19,3,0\"><b><strong><a href=\"https:\/\/ledsteplight.com\/fr\/decoration\/\" class=\"waam-auto-link\" title=\"\u00c9clairage d&#039;accentuation\">\u00c9clairage d'accentuation<\/a><\/strong>:<\/b> Parfait comme <b>lumi\u00e8res d'\u00e9clairage de paysage vers le haut<\/b> pour mettre en valeur les murs architecturaux ou les arbres.<\/p>\n<\/li>\n<\/ul>","protected":false},"excerpt":{"rendered":"<p>Lumi\u00e8res de sol \u00e0 d\u00e9tection de mouvement \u00e9tanches IP67. Projecteurs ext\u00e9rieurs de haute qualit\u00e9 avec LED CREE de 3W\/5W pour escaliers, all\u00e9es et \u00e9clairage de chemins paysagers. Options 12V\/24V disponibles.<\/p>","protected":false},"featured_media":37243,"comment_status":"open","ping_status":"closed","template":"","meta":[],"product_brand":[],"product_cat":[100,426,427,428,439,429,440,430,441,431,442,443,432,433,444,464,445,446,101,434,435,436,437],"product_tag":[103,76,111,77,110,109,104],"class_list":{"0":"post-38022","1":"product","2":"type-product","3":"status-publish","4":"has-post-thumbnail","6":"product_cat-aluminum-ground-light","7":"product_cat-ceiling-recessed","8":"product_cat-ceiling-surface","9":"product_cat-ceiling-suspended","10":"product_cat-commercial","11":"product_cat-drivers","12":"product_cat-education","13":"product_cat-freestanding-light","14":"product_cat-hospitality","15":"product_cat-industrial","16":"product_cat-infrastructure","17":"product_cat-landscape","18":"product_cat-landscaping","19":"product_cat-linear","20":"product_cat-office","21":"product_cat-c-outdoor-lighting","22":"product_cat-residential","23":"product_cat-retail","24":"product_cat-sensor-ground-light","25":"product_cat-table-lamp","26":"product_cat-track","27":"product_cat-wall-recessed","28":"product_cat-wall-surface","29":"product_tag-aluminum-ground-light","30":"product_tag-aluminum-housing","31":"product_tag-garden-lighting","32":"product_tag-ground-light","33":"product_tag-landscape-light","34":"product_tag-led-fixture","35":"product_tag-sensor-ground-light","37":"first","38":"instock","39":"shipping-taxable","40":"product-type-simple"},"_links":{"self":[{"href":"https:\/\/ledsteplight.com\/fr\/wp-json\/wp\/v2\/product\/38022","targetHints":{"allow":["GET"]}}],"collection":[{"href":"https:\/\/ledsteplight.com\/fr\/wp-json\/wp\/v2\/product"}],"about":[{"href":"https:\/\/ledsteplight.com\/fr\/wp-json\/wp\/v2\/types\/product"}],"replies":[{"embeddable":true,"href":"https:\/\/ledsteplight.com\/fr\/wp-json\/wp\/v2\/comments?post=38022"}],"version-history":[{"count":3,"href":"https:\/\/ledsteplight.com\/fr\/wp-json\/wp\/v2\/product\/38022\/revisions"}],"predecessor-version":[{"id":38640,"href":"https:\/\/ledsteplight.com\/fr\/wp-json\/wp\/v2\/product\/38022\/revisions\/38640"}],"wp:featuredmedia":[{"embeddable":true,"href":"https:\/\/ledsteplight.com\/fr\/wp-json\/wp\/v2\/media\/37243"}],"wp:attachment":[{"href":"https:\/\/ledsteplight.com\/fr\/wp-json\/wp\/v2\/media?parent=38022"}],"wp:term":[{"taxonomy":"product_brand","embeddable":true,"href":"https:\/\/ledsteplight.com\/fr\/wp-json\/wp\/v2\/product_brand?post=38022"},{"taxonomy":"product_cat","embeddable":true,"href":"https:\/\/ledsteplight.com\/fr\/wp-json\/wp\/v2\/product_cat?post=38022"},{"taxonomy":"product_tag","embeddable":true,"href":"https:\/\/ledsteplight.com\/fr\/wp-json\/wp\/v2\/product_tag?post=38022"}],"curies":[{"name":"wp","href":"https:\/\/api.w.org\/{rel}","templated":true}]}}