{"id":38025,"date":"2025-09-08T13:04:17","date_gmt":"2025-09-08T13:04:17","guid":{"rendered":"https:\/\/ledsteplight.com\/import-placeholder-for-37171\/"},"modified":"2026-01-19T02:15:13","modified_gmt":"2026-01-19T02:15:13","slug":"mg-sn028b-aluminum-86-type-step-light-1w-led-recessed-indoor-stair-light","status":"publish","type":"product","link":"https:\/\/ledsteplight.com\/fr\/mg-sn028b-aluminum-86-type-step-light-1w-led-recessed-indoor-stair-light\/","title":{"rendered":"MG-SN028B Lumi\u00e8re de marche en aluminium de type 86 \u2013 \u00c9clairage encastr\u00e9 pour escalier int\u00e9rieur \u00e0 LED 1W"},"content":{"rendered":"<table data-start=\"120\" data-end=\"1225\">\n<thead data-start=\"120\" data-end=\"183\">\n<tr data-start=\"120\" data-end=\"183\">\n<th data-start=\"120\" data-end=\"145\">Sp\u00e9cification<\/th>\n<th data-start=\"145\" data-end=\"183\">D\u00e9tails<\/th>\n<\/tr>\n<\/thead>\n<tbody data-start=\"245\" data-end=\"1225\">\n<tr data-start=\"245\" data-end=\"305\">\n<td><strong data-start=\"247\" data-end=\"264\">Mod\u00e8le du produit<\/strong><\/td>\n<td>MG-SN028B<\/td>\n<\/tr>\n<tr data-start=\"306\" data-end=\"366\">\n<td><strong data-start=\"308\" data-end=\"324\">Taille du produit<\/strong><\/td>\n<td>L86 \u00d7 l86 \u00d7 H30mm<\/td>\n<\/tr>\n<tr data-start=\"367\" data-end=\"431\">\n<td><strong data-start=\"369\" data-end=\"381\">Taille de coupe<\/strong><\/td>\n<td>Bo\u00eetier encastr\u00e9 universel standard 86<\/td>\n<\/tr>\n<tr data-start=\"432\" data-end=\"492\">\n<td><strong data-start=\"434\" data-end=\"454\">Contr\u00f4le de fonction<\/strong><\/td>\n<td>Contr\u00f4le par interrupteur<\/td>\n<\/tr>\n<tr data-start=\"493\" data-end=\"553\">\n<td><strong data-start=\"495\" data-end=\"511\">Source lumineuse<\/strong><\/td>\n<td>LED Epistar 3014<\/td>\n<\/tr>\n<tr data-start=\"554\" data-end=\"614\">\n<td><strong data-start=\"556\" data-end=\"577\"><strong><a href=\"https:\/\/ledsteplight.com\/fr\/dm36b-pro-honeycomb-anti-glare-led-in-ground-light-ip67-24v-dc\/\" class=\"waam-auto-link\" title=\"Consommation d&#039;\u00e9nergie\">Consommation d'\u00e9nergie<\/a><\/strong><\/strong><\/td>\n<td>1W (300mA)<\/td>\n<\/tr>\n<tr data-start=\"615\" data-end=\"675\">\n<td><strong data-start=\"617\" data-end=\"627\">Poids<\/strong><\/td>\n<td>0,40kg<\/td>\n<\/tr>\n<tr data-start=\"676\" data-end=\"736\">\n<td><strong data-start=\"678\" data-end=\"698\">Tension d'entr\u00e9e secteur<\/strong><\/td>\n<td>100-240V, 50~60Hz<\/td>\n<\/tr>\n<tr data-start=\"737\" data-end=\"797\">\n<td><strong data-start=\"739\" data-end=\"749\">Alimentation<\/strong><\/td>\n<td>CAIJIE<\/td>\n<\/tr>\n<tr data-start=\"798\" data-end=\"859\">\n<td><strong data-start=\"800\" data-end=\"819\">Angle du r\u00e9flecteur<\/strong><\/td>\n<td>N\/A<\/td>\n<\/tr>\n<tr data-start=\"860\" data-end=\"920\">\n<td><strong data-start=\"862\" data-end=\"883\">Temp\u00e9rature de couleur<\/strong><\/td>\n<td>3000K, 4000K, 5700K<\/td>\n<\/tr>\n<tr data-start=\"921\" data-end=\"982\">\n<td><strong data-start=\"923\" data-end=\"942\">Type de connexion<\/strong><\/td>\n<td>N\/A<\/td>\n<\/tr>\n<tr data-start=\"983\" data-end=\"1043\">\n<td><strong data-start=\"985\" data-end=\"997\">Mat\u00e9riau<\/strong><\/td>\n<td>Aluminium<\/td>\n<\/tr>\n<tr data-start=\"1044\" data-end=\"1104\">\n<td><strong data-start=\"1046\" data-end=\"1066\">Couleurs disponibles<\/strong><\/td>\n<td>Blanc, Noir, Argent<\/td>\n<\/tr>\n<tr data-start=\"1105\" data-end=\"1164\">\n<td><strong data-start=\"1107\" data-end=\"1120\">Indice de protection<\/strong><\/td>\n<td>IP20 (Usage int\u00e9rieur)<\/td>\n<\/tr>\n<tr data-start=\"1165\" data-end=\"1225\">\n<td><strong data-start=\"1167\" data-end=\"1190\">M\u00e9thode d'installation<\/strong><\/td>\n<td>Installation encastr\u00e9e<\/td>\n<\/tr>\n<\/tbody>\n<\/table>\n<p data-start=\"547\" data-end=\"868\"><strong data-start=\"551\" data-end=\"592\">Projecteur de marche en aluminium MG-SN028B de type 86<\/strong> est con\u00e7u pour une illumination int\u00e9rieure \u00e9l\u00e9gante et efficace. Fabriqu\u00e9 avec un corps en aluminium durable et compatible avec la bo\u00eete murale encastr\u00e9e universelle 86, ce <strong><a href=\"https:\/\/ledsteplight.com\/fr\/pir-sensor-step-light-top-advantages-for-safety\/\" class=\"waam-auto-link\" title=\"luminaire encastr\u00e9 pour marche\">luminaire encastr\u00e9 pour marche<\/a><\/strong> offre un \u00e9clairage doux et confortable pour les escaliers, les couloirs, ainsi que pour les int\u00e9rieurs r\u00e9sidentiels ou commerciaux.<\/p>\n<p data-start=\"870\" data-end=\"1213\">\u00c9quip\u00e9 d'un <strong data-start=\"895\" data-end=\"915\">LED Epistar 3014<\/strong>, cet appareil ne consomme que <strong data-start=\"944\" data-end=\"950\">1W<\/strong>, offrant une efficacit\u00e9 \u00e9nerg\u00e9tique tout en maintenant une lumi\u00e8re stable et durable. Disponible en <strong data-start=\"1052\" data-end=\"1080\">Blanc, Noir et Argent<\/strong>, le design minimaliste s'int\u00e8gre parfaitement aux int\u00e9rieurs modernes. Avec une <strong data-start=\"1153\" data-end=\"1168\">classement IP20<\/strong>, il convient \u00e0 toutes les applications int\u00e9rieures.<\/p>","protected":false},"excerpt":{"rendered":"<p data-start=\"3018\" data-end=\"3294\">Lumi\u00e8re de marche en aluminium durable de type 86 avec LED \u00e0 haute efficacit\u00e9 \u00e9nerg\u00e9tique. Id\u00e9al pour les escaliers int\u00e9rieurs et ext\u00e9rieurs, les couloirs et les chemins. Installation facile et design moderne.<\/p>","protected":false},"featured_media":37038,"comment_status":"closed","ping_status":"closed","template":"","meta":[],"product_brand":[],"product_cat":[100,426,427,428,439,429,440,430,441,431,442,443,432,433,444,464,445,446,434,435,436,437],"product_tag":[103,76,111,110,109,115],"class_list":{"0":"post-38025","1":"product","2":"type-product","3":"status-publish","4":"has-post-thumbnail","6":"product_cat-aluminum-ground-light","7":"product_cat-ceiling-recessed","8":"product_cat-ceiling-surface","9":"product_cat-ceiling-suspended","10":"product_cat-commercial","11":"product_cat-drivers","12":"product_cat-education","13":"product_cat-freestanding-light","14":"product_cat-hospitality","15":"product_cat-industrial","16":"product_cat-infrastructure","17":"product_cat-landscape","18":"product_cat-landscaping","19":"product_cat-linear","20":"product_cat-office","21":"product_cat-c-outdoor-lighting","22":"product_cat-residential","23":"product_cat-retail","24":"product_cat-table-lamp","25":"product_cat-track","26":"product_cat-wall-recessed","27":"product_cat-wall-surface","28":"product_tag-aluminum-ground-light","29":"product_tag-aluminum-housing","30":"product_tag-garden-lighting","31":"product_tag-landscape-light","32":"product_tag-led-fixture","33":"product_tag-recessed-light","35":"first","36":"instock","37":"shipping-taxable","38":"product-type-simple"},"_links":{"self":[{"href":"https:\/\/ledsteplight.com\/fr\/wp-json\/wp\/v2\/product\/38025","targetHints":{"allow":["GET"]}}],"collection":[{"href":"https:\/\/ledsteplight.com\/fr\/wp-json\/wp\/v2\/product"}],"about":[{"href":"https:\/\/ledsteplight.com\/fr\/wp-json\/wp\/v2\/types\/product"}],"replies":[{"embeddable":true,"href":"https:\/\/ledsteplight.com\/fr\/wp-json\/wp\/v2\/comments?post=38025"}],"version-history":[{"count":3,"href":"https:\/\/ledsteplight.com\/fr\/wp-json\/wp\/v2\/product\/38025\/revisions"}],"predecessor-version":[{"id":38627,"href":"https:\/\/ledsteplight.com\/fr\/wp-json\/wp\/v2\/product\/38025\/revisions\/38627"}],"wp:featuredmedia":[{"embeddable":true,"href":"https:\/\/ledsteplight.com\/fr\/wp-json\/wp\/v2\/media\/37038"}],"wp:attachment":[{"href":"https:\/\/ledsteplight.com\/fr\/wp-json\/wp\/v2\/media?parent=38025"}],"wp:term":[{"taxonomy":"product_brand","embeddable":true,"href":"https:\/\/ledsteplight.com\/fr\/wp-json\/wp\/v2\/product_brand?post=38025"},{"taxonomy":"product_cat","embeddable":true,"href":"https:\/\/ledsteplight.com\/fr\/wp-json\/wp\/v2\/product_cat?post=38025"},{"taxonomy":"product_tag","embeddable":true,"href":"https:\/\/ledsteplight.com\/fr\/wp-json\/wp\/v2\/product_tag?post=38025"}],"curies":[{"name":"wp","href":"https:\/\/api.w.org\/{rel}","templated":true}]}}