{"id":38026,"date":"2025-09-08T13:04:17","date_gmt":"2025-09-08T13:04:17","guid":{"rendered":"https:\/\/ledsteplight.com\/import-placeholder-for-37172\/"},"modified":"2026-01-19T02:15:12","modified_gmt":"2026-01-19T02:15:12","slug":"ip65-motion-activated-ground-light-ac85-265v-recessed","status":"publish","type":"product","link":"https:\/\/ledsteplight.com\/fr\/ip65-motion-activated-ground-light-ac85-265v-recessed\/","title":{"rendered":"Spot de sol \u00e0 d\u00e9tecteur de mouvement IP65 | AC85-265V Encastr\u00e9"},"content":{"rendered":"<table data-start=\"45\" data-end=\"980\">\n<thead data-start=\"45\" data-end=\"116\">\n<tr data-start=\"45\" data-end=\"116\">\n<th data-start=\"45\" data-end=\"70\"><strong data-start=\"47\" data-end=\"60\">Param\u00e8tre<\/strong><\/th>\n<th data-start=\"70\" data-end=\"116\"><strong data-start=\"72\" data-end=\"83\">D\u00e9tails<\/strong><\/th>\n<\/tr>\n<\/thead>\n<tbody data-start=\"189\" data-end=\"980\">\n<tr data-start=\"189\" data-end=\"260\">\n<td><strong data-start=\"191\" data-end=\"200\">Puissance<\/strong><\/td>\n<td>45W<\/td>\n<\/tr>\n<tr data-start=\"261\" data-end=\"332\">\n<td><strong data-start=\"263\" data-end=\"279\">Source lumineuse<\/strong><\/td>\n<td>LED<\/td>\n<\/tr>\n<tr data-start=\"333\" data-end=\"404\">\n<td><strong data-start=\"335\" data-end=\"352\">Tension d'entr\u00e9e<\/strong><\/td>\n<td>AC85-265V<\/td>\n<\/tr>\n<tr data-start=\"405\" data-end=\"476\">\n<td><strong data-start=\"407\" data-end=\"428\"><strong><a href=\"https:\/\/ledsteplight.com\/fr\/dm36b-pro-honeycomb-anti-glare-led-in-ground-light-ip67-24v-dc\/\" class=\"waam-auto-link\" title=\"Temp\u00e9rature de couleur\">Temp\u00e9rature de couleur<\/a><\/strong><\/strong><\/td>\n<td>3000K (Blanc chaud) \/ 6000K (Blanc froid)<\/td>\n<\/tr>\n<tr data-start=\"477\" data-end=\"548\">\n<td><strong data-start=\"479\" data-end=\"496\">Flux lumineux<\/strong><\/td>\n<td>100-120LM\/W<\/td>\n<\/tr>\n<tr data-start=\"549\" data-end=\"620\">\n<td><strong data-start=\"551\" data-end=\"565\">Angle du faisceau<\/strong><\/td>\n<td>120\u00b0<\/td>\n<\/tr>\n<tr data-start=\"621\" data-end=\"692\">\n<td><strong data-start=\"623\" data-end=\"635\">Mat\u00e9riau<\/strong><\/td>\n<td>Aluminium moul\u00e9 sous pression<\/td>\n<\/tr>\n<tr data-start=\"693\" data-end=\"764\">\n<td><strong data-start=\"695\" data-end=\"708\">Indice de protection<\/strong><\/td>\n<td>IP65 (Imperm\u00e9able &amp; R\u00e9sistant \u00e0 la poussi\u00e8re)<\/td>\n<\/tr>\n<tr data-start=\"765\" data-end=\"836\">\n<td><strong data-start=\"767\" data-end=\"779\">Dur\u00e9e de vie<\/strong><\/td>\n<td>40 000 heures<\/td>\n<\/tr>\n<tr data-start=\"837\" data-end=\"908\">\n<td><strong data-start=\"839\" data-end=\"862\">M\u00e9thode d'installation<\/strong><\/td>\n<td>Montage encastr\u00e9<\/td>\n<\/tr>\n<tr data-start=\"909\" data-end=\"980\">\n<td><strong data-start=\"911\" data-end=\"923\">Garantie<\/strong><\/td>\n<td>3 Ans<\/td>\n<\/tr>\n<\/tbody>\n<\/table>\n<p data-path-to-node=\"10\"><b>Aper\u00e7u du produit<\/b> Am\u00e9liorez la s\u00e9curit\u00e9 et l'esth\u00e9tique de votre propri\u00e9t\u00e9 avec le <b>GYD013-45A Villa Circulaire <strong><a href=\"https:\/\/ledsteplight.com\/fr\/pir-sensor-step-light-top-advantages-for-safety\/\" class=\"waam-auto-link\" title=\"Capteur de mouvement\">Capteur de mouvement<\/a><\/strong> Projecteur au sol \u00e0 LED<\/b>. Ce puissant <b>projecteur encastr\u00e9 de 45W<\/b> combine une haute luminosit\u00e9 avec une technologie de d\u00e9tection intelligente, faisant de lui la solution ultime pour <b><strong><a href=\"https:\/\/ledsteplight.com\/fr\/30w-linear-in-ground-light-narrow-frame-outdoor-led-floor-lamp\/\" class=\"waam-auto-link\" title=\"\u00e9clairages de voie sur le sol\">\u00e9clairages de voie sur le sol<\/a><\/strong><\/b> et les entr\u00e9es de villas haut de gamme.<\/p>\n<p data-path-to-node=\"11\"><b>D\u00e9tection de mouvement intelligente &amp; Haute puissance<\/b> Contrairement aux appareils standard, celui-ci <b><strong><a href=\"https:\/\/ledsteplight.com\/fr\/5w-led-in-ground-lights-ip65-waterproof-outdoor-driveway-garden-floor-lighting\/\" class=\"waam-auto-link\" title=\"\u00e9clairage ext\u00e9rieur au sol\">\u00e9clairage ext\u00e9rieur au sol<\/a><\/strong><\/b> dispose d'un d\u00e9tecteur de mouvement int\u00e9gr\u00e9. Il s'allume automatiquement lorsqu'un mouvement est d\u00e9tect\u00e9, offrant commodit\u00e9 pour le stationnement et s\u00e9curit\u00e9 renforc\u00e9e pour votre maison. Avec <b>100-120LM\/W<\/b> efficacit\u00e9, la LED de 45W fournit un faisceau lumineux de 120\u00b0, bien sup\u00e9rieur \u00e0 celui des <b>\u00e9clairage de chemin<\/b>.<\/p>\n<p data-path-to-node=\"12\"><b>Conception robuste et \u00e9tanche<\/b> Con\u00e7ue pour des environnements difficiles, la <b>aluminium moul\u00e9 sous pression<\/b> bo\u00eetier assure une excellente dissipation thermique. Class\u00e9 <b>classement IP65 \u00e9tanche<\/b>, ces <b>luminaires pour le sol<\/b> sont enti\u00e8rement prot\u00e9g\u00e9s contre la pluie et la poussi\u00e8re. Le <b>montage encastr\u00e9<\/b> conception permet une installation sans couture dans le b\u00e9ton ou les pav\u00e9s.<\/p>","protected":false},"excerpt":{"rendered":"<p data-start=\"4243\" data-end=\"4628\">Lumi\u00e8re encastr\u00e9e LED de 45W en gros avec d\u00e9tecteur de mouvement. Tension AC85-265V, bo\u00eetier en aluminium IP65. \u00c9clairages ext\u00e9rieurs durables pour am\u00e9nagement paysager et zones de stationnement.<\/p>","protected":false},"featured_media":37248,"comment_status":"closed","ping_status":"closed","template":"","meta":[],"product_brand":[],"product_cat":[105,100,426,427,428,439,429,440,430,441,431,442,443,432,433,444,112,464,445,446,106,101,434,435,436,437],"product_tag":[107,103,76,77,113,78,108,104],"class_list":{"0":"post-38026","1":"product","2":"type-product","3":"status-publish","4":"has-post-thumbnail","6":"product_cat-015-series","7":"product_cat-aluminum-ground-light","8":"product_cat-ceiling-recessed","9":"product_cat-ceiling-surface","10":"product_cat-ceiling-suspended","11":"product_cat-commercial","12":"product_cat-drivers","13":"product_cat-education","14":"product_cat-freestanding-light","15":"product_cat-hospitality","16":"product_cat-industrial","17":"product_cat-infrastructure","18":"product_cat-landscape","19":"product_cat-landscaping","20":"product_cat-linear","21":"product_cat-office","22":"product_cat-outdoor-ground-light","23":"product_cat-c-outdoor-lighting","24":"product_cat-residential","25":"product_cat-retail","26":"product_cat-round-ground-light","27":"product_cat-sensor-ground-light","28":"product_cat-table-lamp","29":"product_cat-track","30":"product_cat-wall-recessed","31":"product_cat-wall-surface","32":"product_tag-015-series","33":"product_tag-aluminum-ground-light","34":"product_tag-aluminum-housing","35":"product_tag-ground-light","36":"product_tag-outdoor-ground-light","37":"product_tag-outdoor-lighting","38":"product_tag-round-ground-light","39":"product_tag-sensor-ground-light","41":"first","42":"instock","43":"featured","44":"shipping-taxable","45":"product-type-simple"},"_links":{"self":[{"href":"https:\/\/ledsteplight.com\/fr\/wp-json\/wp\/v2\/product\/38026","targetHints":{"allow":["GET"]}}],"collection":[{"href":"https:\/\/ledsteplight.com\/fr\/wp-json\/wp\/v2\/product"}],"about":[{"href":"https:\/\/ledsteplight.com\/fr\/wp-json\/wp\/v2\/types\/product"}],"replies":[{"embeddable":true,"href":"https:\/\/ledsteplight.com\/fr\/wp-json\/wp\/v2\/comments?post=38026"}],"version-history":[{"count":3,"href":"https:\/\/ledsteplight.com\/fr\/wp-json\/wp\/v2\/product\/38026\/revisions"}],"predecessor-version":[{"id":38628,"href":"https:\/\/ledsteplight.com\/fr\/wp-json\/wp\/v2\/product\/38026\/revisions\/38628"}],"wp:featuredmedia":[{"embeddable":true,"href":"https:\/\/ledsteplight.com\/fr\/wp-json\/wp\/v2\/media\/37248"}],"wp:attachment":[{"href":"https:\/\/ledsteplight.com\/fr\/wp-json\/wp\/v2\/media?parent=38026"}],"wp:term":[{"taxonomy":"product_brand","embeddable":true,"href":"https:\/\/ledsteplight.com\/fr\/wp-json\/wp\/v2\/product_brand?post=38026"},{"taxonomy":"product_cat","embeddable":true,"href":"https:\/\/ledsteplight.com\/fr\/wp-json\/wp\/v2\/product_cat?post=38026"},{"taxonomy":"product_tag","embeddable":true,"href":"https:\/\/ledsteplight.com\/fr\/wp-json\/wp\/v2\/product_tag?post=38026"}],"curies":[{"name":"wp","href":"https:\/\/api.w.org\/{rel}","templated":true}]}}