{"id":38027,"date":"2025-09-08T13:04:17","date_gmt":"2025-09-08T13:04:17","guid":{"rendered":"https:\/\/ledsteplight.com\/import-placeholder-for-37173\/"},"modified":"2026-01-19T02:15:12","modified_gmt":"2026-01-19T02:15:12","slug":"013-45b-45w-led-in-ground-light-ip65-outdoor-ground-lighting","status":"publish","type":"product","link":"https:\/\/ledsteplight.com\/fr\/013-45b-45w-led-in-ground-light-ip65-outdoor-ground-lighting\/","title":{"rendered":"013-45B Lumi\u00e8re LED encastr\u00e9e de 45W | \u00c9clairage ext\u00e9rieur IP65 au sol"},"content":{"rendered":"<table data-start=\"46\" data-end=\"981\">\n<thead data-start=\"46\" data-end=\"117\">\n<tr data-start=\"46\" data-end=\"117\">\n<th data-start=\"46\" data-end=\"71\"><strong data-start=\"48\" data-end=\"61\">Param\u00e8tre<\/strong><\/th>\n<th data-start=\"71\" data-end=\"117\"><strong data-start=\"73\" data-end=\"84\">D\u00e9tails<\/strong><\/th>\n<\/tr>\n<\/thead>\n<tbody data-start=\"190\" data-end=\"981\">\n<tr data-start=\"190\" data-end=\"261\">\n<td><strong data-start=\"192\" data-end=\"201\">Puissance<\/strong><\/td>\n<td>45W<\/td>\n<\/tr>\n<tr data-start=\"262\" data-end=\"333\">\n<td><strong data-start=\"264\" data-end=\"280\">Source lumineuse<\/strong><\/td>\n<td>LED<\/td>\n<\/tr>\n<tr data-start=\"334\" data-end=\"405\">\n<td><strong data-start=\"336\" data-end=\"353\">Tension d'entr\u00e9e<\/strong><\/td>\n<td>AC85-265V<\/td>\n<\/tr>\n<tr data-start=\"406\" data-end=\"477\">\n<td><strong data-start=\"408\" data-end=\"429\">Temp\u00e9rature de couleur<\/strong><\/td>\n<td>3000K (Blanc chaud) \/ 6000K (Blanc froid)<\/td>\n<\/tr>\n<tr data-start=\"478\" data-end=\"549\">\n<td><strong data-start=\"480\" data-end=\"497\">Flux lumineux<\/strong><\/td>\n<td>120-130LM\/W<\/td>\n<\/tr>\n<tr data-start=\"550\" data-end=\"621\">\n<td><strong data-start=\"552\" data-end=\"566\">Angle du faisceau<\/strong><\/td>\n<td>120\u00b0<\/td>\n<\/tr>\n<tr data-start=\"622\" data-end=\"693\">\n<td><strong data-start=\"624\" data-end=\"636\">Mat\u00e9riau<\/strong><\/td>\n<td>Aluminium moul\u00e9 sous pression<\/td>\n<\/tr>\n<tr data-start=\"694\" data-end=\"765\">\n<td><strong data-start=\"696\" data-end=\"709\">Indice de protection<\/strong><\/td>\n<td><strong><a href=\"https:\/\/ledsteplight.com\/fr\/cree-bridgelux-chip-ip65-led-fixture-for-garden-facade-lighting\/\" class=\"waam-auto-link\" title=\"IP65\">IP65<\/a><\/strong> (\u00c9tanche \u00e0 l'eau et \u00e0 la poussi\u00e8re)<\/td>\n<\/tr>\n<tr data-start=\"766\" data-end=\"837\">\n<td><strong data-start=\"768\" data-end=\"780\">Dur\u00e9e de vie<\/strong><\/td>\n<td>40 000 heures<\/td>\n<\/tr>\n<tr data-start=\"838\" data-end=\"909\">\n<td><strong data-start=\"840\" data-end=\"863\">M\u00e9thode d'installation<\/strong><\/td>\n<td>Montage en surface<\/td>\n<\/tr>\n<tr data-start=\"910\" data-end=\"981\">\n<td><strong data-start=\"912\" data-end=\"924\">Garantie<\/strong><\/td>\n<td>3 Ans<\/td>\n<\/tr>\n<\/tbody>\n<\/table>\n<p data-start=\"454\" data-end=\"795\">013-45B est un \u00e9clairage compact de 45W <strong><a href=\"https:\/\/ledsteplight.com\/fr\/dm36b-pro-honeycomb-anti-glare-led-in-ground-light-ip67-24v-dc\/\" class=\"waam-auto-link\" title=\"Lampe encastr\u00e9e \u00e0 LED\">Lampe encastr\u00e9e \u00e0 LED<\/a><\/strong> con\u00e7u pour les chemins ext\u00e9rieurs, les all\u00e9es, les jardins, et <strong><a href=\"https:\/\/ledsteplight.com\/fr\/mistakes-to-avoid-when-installing-in-ground-driveway-lights\/\" class=\"waam-auto-link\" title=\"\u00e9clairage paysager\">\u00e9clairage paysager<\/a><\/strong>. Il offre des performances stables avec un angle de faisceau de 120\u00b0, une temp\u00e9rature de couleur de 3000K\/<strong><a href=\"https:\/\/ledsteplight.com\/fr\/5w-led-in-ground-lights-ip65-waterproof-outdoor-driveway-garden-floor-lighting\/\" class=\"waam-auto-link\" title=\"6000K\">6000K<\/a><\/strong>, et un corps en aluminium moul\u00e9 sous pression robuste. La classification d'\u00e9tanch\u00e9it\u00e9 IP65 garantit un fonctionnement fiable sous la pluie, la poussi\u00e8re et dans des environnements ext\u00e9rieurs difficiles.<\/p>\n<p data-start=\"797\" data-end=\"1098\" data-is-last-node=\"\" data-is-only-node=\"\">En tant que fabricant professionnel, nous assurons une qualit\u00e9 constante, une compatibilit\u00e9 avec une large plage de tension AC85-265V, une dur\u00e9e de vie de 40 000 heures, et une installation facile en surface. Ce mod\u00e8le convient aux projets d\u2019ing\u00e9nierie, \u00e0 l\u2019\u00e9clairage commercial et aux applications ext\u00e9rieures \u00e0 long terme, avec une garantie de 3 ans.<\/p>","protected":false},"excerpt":{"rendered":"<p data-start=\"4584\" data-end=\"5027\">Lumi\u00e8re encastr\u00e9e LED de 45W de haute qualit\u00e9 avec conception \u00e9tanche IP65, options 3000K\/6000K, et bo\u00eetier en aluminium moul\u00e9 sous pression durable. Id\u00e9al pour les chemins ext\u00e9rieurs, les all\u00e9es et les projets paysagers. Approvisionnement direct d'usine.<\/p>","protected":false},"featured_media":37250,"comment_status":"closed","ping_status":"closed","template":"","meta":[],"product_brand":[],"product_cat":[105,100,426,427,428,439,429,440,430,441,431,442,443,432,433,444,112,464,445,446,106,101,434,435,436,437],"product_tag":[107,103,76,77,113,78,108,104],"class_list":{"0":"post-38027","1":"product","2":"type-product","3":"status-publish","4":"has-post-thumbnail","6":"product_cat-015-series","7":"product_cat-aluminum-ground-light","8":"product_cat-ceiling-recessed","9":"product_cat-ceiling-surface","10":"product_cat-ceiling-suspended","11":"product_cat-commercial","12":"product_cat-drivers","13":"product_cat-education","14":"product_cat-freestanding-light","15":"product_cat-hospitality","16":"product_cat-industrial","17":"product_cat-infrastructure","18":"product_cat-landscape","19":"product_cat-landscaping","20":"product_cat-linear","21":"product_cat-office","22":"product_cat-outdoor-ground-light","23":"product_cat-c-outdoor-lighting","24":"product_cat-residential","25":"product_cat-retail","26":"product_cat-round-ground-light","27":"product_cat-sensor-ground-light","28":"product_cat-table-lamp","29":"product_cat-track","30":"product_cat-wall-recessed","31":"product_cat-wall-surface","32":"product_tag-015-series","33":"product_tag-aluminum-ground-light","34":"product_tag-aluminum-housing","35":"product_tag-ground-light","36":"product_tag-outdoor-ground-light","37":"product_tag-outdoor-lighting","38":"product_tag-round-ground-light","39":"product_tag-sensor-ground-light","41":"first","42":"instock","43":"featured","44":"shipping-taxable","45":"product-type-simple"},"_links":{"self":[{"href":"https:\/\/ledsteplight.com\/fr\/wp-json\/wp\/v2\/product\/38027","targetHints":{"allow":["GET"]}}],"collection":[{"href":"https:\/\/ledsteplight.com\/fr\/wp-json\/wp\/v2\/product"}],"about":[{"href":"https:\/\/ledsteplight.com\/fr\/wp-json\/wp\/v2\/types\/product"}],"replies":[{"embeddable":true,"href":"https:\/\/ledsteplight.com\/fr\/wp-json\/wp\/v2\/comments?post=38027"}],"version-history":[{"count":3,"href":"https:\/\/ledsteplight.com\/fr\/wp-json\/wp\/v2\/product\/38027\/revisions"}],"predecessor-version":[{"id":38629,"href":"https:\/\/ledsteplight.com\/fr\/wp-json\/wp\/v2\/product\/38027\/revisions\/38629"}],"wp:featuredmedia":[{"embeddable":true,"href":"https:\/\/ledsteplight.com\/fr\/wp-json\/wp\/v2\/media\/37250"}],"wp:attachment":[{"href":"https:\/\/ledsteplight.com\/fr\/wp-json\/wp\/v2\/media?parent=38027"}],"wp:term":[{"taxonomy":"product_brand","embeddable":true,"href":"https:\/\/ledsteplight.com\/fr\/wp-json\/wp\/v2\/product_brand?post=38027"},{"taxonomy":"product_cat","embeddable":true,"href":"https:\/\/ledsteplight.com\/fr\/wp-json\/wp\/v2\/product_cat?post=38027"},{"taxonomy":"product_tag","embeddable":true,"href":"https:\/\/ledsteplight.com\/fr\/wp-json\/wp\/v2\/product_tag?post=38027"}],"curies":[{"name":"wp","href":"https:\/\/api.w.org\/{rel}","templated":true}]}}