{"id":38028,"date":"2025-09-08T13:04:17","date_gmt":"2025-09-08T13:04:17","guid":{"rendered":"https:\/\/ledsteplight.com\/import-placeholder-for-37174\/"},"modified":"2026-01-19T02:15:11","modified_gmt":"2026-01-19T02:15:11","slug":"00wb11036-frameless-led-ground-light-strip-10w-12w-ip65","status":"publish","type":"product","link":"https:\/\/ledsteplight.com\/fr\/00wb11036-frameless-led-ground-light-strip-10w-12w-ip65\/","title":{"rendered":"Ruban lumineux LED encastr\u00e9 sans cadre 00WB11036 | 10W\/12W IP65"},"content":{"rendered":"<table data-start=\"121\" data-end=\"988\">\n<thead data-start=\"121\" data-end=\"180\">\n<tr data-start=\"121\" data-end=\"180\">\n<th data-start=\"121\" data-end=\"142\">Sp\u00e9cification<\/th>\n<th data-start=\"142\" data-end=\"180\">D\u00e9tails<\/th>\n<\/tr>\n<\/thead>\n<tbody data-start=\"238\" data-end=\"988\">\n<tr data-start=\"238\" data-end=\"295\">\n<td><strong data-start=\"240\" data-end=\"249\">Puissance<\/strong><\/td>\n<td>10W \/ 12W<\/td>\n<\/tr>\n<tr data-start=\"296\" data-end=\"353\">\n<td><strong data-start=\"298\" data-end=\"314\">Source lumineuse<\/strong><\/td>\n<td>LED COB<\/td>\n<\/tr>\n<tr data-start=\"354\" data-end=\"412\">\n<td><strong data-start=\"356\" data-end=\"373\">Tension d'entr\u00e9e<\/strong><\/td>\n<td>AC85-265V<\/td>\n<\/tr>\n<tr data-start=\"413\" data-end=\"470\">\n<td><strong data-start=\"415\" data-end=\"436\"><strong><a href=\"https:\/\/ledsteplight.com\/fr\/dm36b-pro-honeycomb-anti-glare-led-in-ground-light-ip67-24v-dc\/\" class=\"waam-auto-link\" title=\"Temp\u00e9rature de couleur\">Temp\u00e9rature de couleur<\/a><\/strong><\/strong><\/td>\n<td>3000K \/ 4000K \/ 6000K<\/td>\n<\/tr>\n<tr data-start=\"471\" data-end=\"526\">\n<td><strong data-start=\"473\" data-end=\"496\">Efficacit\u00e9 lumineuse<\/strong><\/td>\n<td>90-110LM\/W<\/td>\n<\/tr>\n<tr data-start=\"527\" data-end=\"584\">\n<td><strong data-start=\"529\" data-end=\"543\">Angle du faisceau<\/strong><\/td>\n<td>24\u00b0 \/ 36\u00b0<\/td>\n<\/tr>\n<tr data-start=\"585\" data-end=\"642\">\n<td><strong data-start=\"587\" data-end=\"599\">Mat\u00e9riau<\/strong><\/td>\n<td>Aluminium moul\u00e9 sous pression<\/td>\n<\/tr>\n<tr data-start=\"643\" data-end=\"700\">\n<td><strong data-start=\"645\" data-end=\"658\">Indice de protection<\/strong><\/td>\n<td>IP65 (Imperm\u00e9able &amp; R\u00e9sistant \u00e0 la poussi\u00e8re)<\/td>\n<\/tr>\n<tr data-start=\"701\" data-end=\"757\">\n<td><strong data-start=\"703\" data-end=\"726\">M\u00e9thode d'installation<\/strong><\/td>\n<td>Mural<\/td>\n<\/tr>\n<tr data-start=\"758\" data-end=\"815\">\n<td><strong data-start=\"760\" data-end=\"772\">Dur\u00e9e de vie<\/strong><\/td>\n<td>40 000 heures<\/td>\n<\/tr>\n<tr data-start=\"816\" data-end=\"873\">\n<td><strong data-start=\"818\" data-end=\"826\">Taille<\/strong><\/td>\n<td>110mm x 36mm<\/td>\n<\/tr>\n<tr data-start=\"874\" data-end=\"930\">\n<td><strong data-start=\"876\" data-end=\"894\">Certifications<\/strong><\/td>\n<td>CE, RoHS<\/td>\n<\/tr>\n<tr data-start=\"931\" data-end=\"988\">\n<td><strong data-start=\"933\" data-end=\"945\">Garantie<\/strong><\/td>\n<td>3 Ans<\/td>\n<\/tr>\n<\/tbody>\n<\/table>\n<p data-start=\"438\" data-end=\"909\">00WB11036 LED sans cadre <strong><a href=\"https:\/\/ledsteplight.com\/fr\/5w-led-in-ground-lights-ip65-waterproof-outdoor-driveway-garden-floor-lighting\/\" class=\"waam-auto-link\" title=\"Lumi\u00e8re au sol\">Lumi\u00e8re au sol<\/a><\/strong> La bande est con\u00e7ue pour un \u00e9clairage ext\u00e9rieur propre, <strong><a href=\"https:\/\/ledsteplight.com\/fr\/cree-bridgelux-chip-ip65-led-fixture-for-garden-facade-lighting\/\" class=\"waam-auto-link\" title=\"moderne et innovant\">moderne et innovant<\/a><\/strong> pour les projets d\u2019\u00e9clairage ext\u00e9rieur. Utilisant une LED COB \u00e0 haute efficacit\u00e9, elle offre un faisceau concentr\u00e9 de 24\u00b0 ou 36\u00b0 avec des options de temp\u00e9rature de couleur de 3000K, 4000K et 6000K. Sa forme compacte de 110\u00d736 mm la rend adapt\u00e9e aux bordures de chemins, \u00e0 la fixation murale, <strong><a href=\"https:\/\/ledsteplight.com\/fr\/decoration\/\" class=\"waam-auto-link\" title=\"d&#039;accentuation intense\">d'accentuation intense<\/a><\/strong>et aux designs paysagers contemporains. Le corps en aluminium moul\u00e9 sous pression et la protection \u00e9tanche IP65 garantissent une performance stable en environnement ext\u00e9rieur.<\/p>\n<p data-start=\"911\" data-end=\"1238\" data-is-last-node=\"\" data-is-only-node=\"\">En tant que fabricant direct, nous proposons des options de 10W et 12W avec une compatibilit\u00e9 en tension AC85-265V et une dur\u00e9e de vie de 40 000 heures. L\u2019appareil est certifi\u00e9 CE et RoHS, con\u00e7u pour une durabilit\u00e9 \u00e0 long terme, et b\u00e9n\u00e9ficie d\u2019une garantie de 3 ans.<\/p>","protected":false},"excerpt":{"rendered":"<p data-start=\"3124\" data-end=\"3463\">Ruban lumineux encastr\u00e9 LED sans cadre de 10W\/12W avec LED COB, indice de protection IP65, et options 3000K\u20136000K. Id\u00e9al pour l\u2019\u00e9clairage ext\u00e9rieur au sol et les projets paysagers. Fournisseur direct d\u2019usine.<\/p>","protected":false},"featured_media":37258,"comment_status":"open","ping_status":"closed","template":"","meta":[],"product_brand":[],"product_cat":[100,426,427,428,439,429,440,118,430,73,441,431,442,443,432,433,444,464,445,446,434,435,436,437],"product_tag":[103,76,119,77,109,114,115],"class_list":{"0":"post-38028","1":"product","2":"type-product","3":"status-publish","4":"has-post-thumbnail","6":"product_cat-aluminum-ground-light","7":"product_cat-ceiling-recessed","8":"product_cat-ceiling-surface","9":"product_cat-ceiling-suspended","10":"product_cat-commercial","11":"product_cat-drivers","12":"product_cat-education","13":"product_cat-frameless-ground-light","14":"product_cat-freestanding-light","15":"product_cat-ground-light","16":"product_cat-hospitality","17":"product_cat-industrial","18":"product_cat-infrastructure","19":"product_cat-landscape","20":"product_cat-landscaping","21":"product_cat-linear","22":"product_cat-office","23":"product_cat-c-outdoor-lighting","24":"product_cat-residential","25":"product_cat-retail","26":"product_cat-table-lamp","27":"product_cat-track","28":"product_cat-wall-recessed","29":"product_cat-wall-surface","30":"product_tag-aluminum-ground-light","31":"product_tag-aluminum-housing","32":"product_tag-frameless-ground-light","33":"product_tag-ground-light","34":"product_tag-led-fixture","35":"product_tag-pathway-light","36":"product_tag-recessed-light","38":"first","39":"instock","40":"shipping-taxable","41":"product-type-simple"},"_links":{"self":[{"href":"https:\/\/ledsteplight.com\/fr\/wp-json\/wp\/v2\/product\/38028","targetHints":{"allow":["GET"]}}],"collection":[{"href":"https:\/\/ledsteplight.com\/fr\/wp-json\/wp\/v2\/product"}],"about":[{"href":"https:\/\/ledsteplight.com\/fr\/wp-json\/wp\/v2\/types\/product"}],"replies":[{"embeddable":true,"href":"https:\/\/ledsteplight.com\/fr\/wp-json\/wp\/v2\/comments?post=38028"}],"version-history":[{"count":3,"href":"https:\/\/ledsteplight.com\/fr\/wp-json\/wp\/v2\/product\/38028\/revisions"}],"predecessor-version":[{"id":38630,"href":"https:\/\/ledsteplight.com\/fr\/wp-json\/wp\/v2\/product\/38028\/revisions\/38630"}],"wp:featuredmedia":[{"embeddable":true,"href":"https:\/\/ledsteplight.com\/fr\/wp-json\/wp\/v2\/media\/37258"}],"wp:attachment":[{"href":"https:\/\/ledsteplight.com\/fr\/wp-json\/wp\/v2\/media?parent=38028"}],"wp:term":[{"taxonomy":"product_brand","embeddable":true,"href":"https:\/\/ledsteplight.com\/fr\/wp-json\/wp\/v2\/product_brand?post=38028"},{"taxonomy":"product_cat","embeddable":true,"href":"https:\/\/ledsteplight.com\/fr\/wp-json\/wp\/v2\/product_cat?post=38028"},{"taxonomy":"product_tag","embeddable":true,"href":"https:\/\/ledsteplight.com\/fr\/wp-json\/wp\/v2\/product_tag?post=38028"}],"curies":[{"name":"wp","href":"https:\/\/api.w.org\/{rel}","templated":true}]}}