{"id":38029,"date":"2025-09-08T13:04:17","date_gmt":"2025-09-08T13:04:17","guid":{"rendered":"https:\/\/ledsteplight.com\/import-placeholder-for-37175\/"},"modified":"2026-01-19T02:15:11","modified_gmt":"2026-01-19T02:15:11","slug":"60w-led-recessed-outdoor-ground-fixture-ip65-waterproof-landscape-uplight","status":"publish","type":"product","link":"https:\/\/ledsteplight.com\/fr\/60w-led-recessed-outdoor-ground-fixture-ip65-waterproof-landscape-uplight\/","title":{"rendered":"Luminaire encastr\u00e9 ext\u00e9rieur LED de 60W | \u00c9clairage paysager \u00e9tanche IP65"},"content":{"rendered":"<table data-start=\"40\" data-end=\"975\">\n<thead data-start=\"40\" data-end=\"111\">\n<tr data-start=\"40\" data-end=\"111\">\n<th data-start=\"40\" data-end=\"65\"><strong data-start=\"42\" data-end=\"55\">Param\u00e8tre<\/strong><\/th>\n<th data-start=\"65\" data-end=\"111\"><strong data-start=\"67\" data-end=\"78\">D\u00e9tails<\/strong><\/th>\n<\/tr>\n<\/thead>\n<tbody data-start=\"184\" data-end=\"975\">\n<tr data-start=\"184\" data-end=\"255\">\n<td><strong data-start=\"186\" data-end=\"195\">Puissance<\/strong><\/td>\n<td>60W<\/td>\n<\/tr>\n<tr data-start=\"256\" data-end=\"327\">\n<td><strong data-start=\"258\" data-end=\"274\">Source lumineuse<\/strong><\/td>\n<td>LED<\/td>\n<\/tr>\n<tr data-start=\"328\" data-end=\"399\">\n<td><strong data-start=\"330\" data-end=\"347\">Tension d'entr\u00e9e<\/strong><\/td>\n<td>AC85-265V<\/td>\n<\/tr>\n<tr data-start=\"400\" data-end=\"471\">\n<td><strong data-start=\"402\" data-end=\"423\"><strong><a href=\"https:\/\/ledsteplight.com\/fr\/dm36b-pro-honeycomb-anti-glare-led-in-ground-light-ip67-24v-dc\/\" class=\"waam-auto-link\" title=\"Temp\u00e9rature de couleur\">Temp\u00e9rature de couleur<\/a><\/strong><\/strong><\/td>\n<td>3000K (Blanc chaud) \/ 6000K (Blanc froid)<\/td>\n<\/tr>\n<tr data-start=\"472\" data-end=\"543\">\n<td><strong data-start=\"474\" data-end=\"491\">Flux lumineux<\/strong><\/td>\n<td>120-130LM\/W<\/td>\n<\/tr>\n<tr data-start=\"544\" data-end=\"615\">\n<td><strong data-start=\"546\" data-end=\"560\">Angle du faisceau<\/strong><\/td>\n<td>120\u00b0<\/td>\n<\/tr>\n<tr data-start=\"616\" data-end=\"687\">\n<td><strong data-start=\"618\" data-end=\"630\">Mat\u00e9riau<\/strong><\/td>\n<td>Aluminium moul\u00e9 sous pression<\/td>\n<\/tr>\n<tr data-start=\"688\" data-end=\"759\">\n<td><strong data-start=\"690\" data-end=\"703\">Indice de protection<\/strong><\/td>\n<td>IP65 (Imperm\u00e9able &amp; R\u00e9sistant \u00e0 la poussi\u00e8re)<\/td>\n<\/tr>\n<tr data-start=\"760\" data-end=\"831\">\n<td><strong data-start=\"762\" data-end=\"774\">Dur\u00e9e de vie<\/strong><\/td>\n<td>40 000 heures<\/td>\n<\/tr>\n<tr data-start=\"832\" data-end=\"903\">\n<td><strong data-start=\"834\" data-end=\"857\">M\u00e9thode d'installation<\/strong><\/td>\n<td>Montage encastr\u00e9<\/td>\n<\/tr>\n<tr data-start=\"904\" data-end=\"975\">\n<td><strong data-start=\"906\" data-end=\"918\">Garantie<\/strong><\/td>\n<td>3 Ans<\/td>\n<\/tr>\n<\/tbody>\n<\/table>\n<p data-start=\"606\" data-end=\"1020\"><strong data-start=\"610\" data-end=\"645\">Lampe encastr\u00e9e anti-\u00e9blouissement DM70<\/strong> est un \u00e9quipement ext\u00e9rieur haute performance <strong><a href=\"https:\/\/ledsteplight.com\/fr\/design-trends\/\" class=\"waam-auto-link\" title=\"\u00e9clairage\">\u00e9clairage<\/a><\/strong> con\u00e7u pour des applications professionnelles d'am\u00e9nagement paysager et d'architecture. Dot\u00e9 d'un puissant <strong data-start=\"782\" data-end=\"793\">LED de 60W<\/strong> avec une efficacit\u00e9 lumineuse impressionnante de <strong data-start=\"813\" data-end=\"828\">120\u2013130LM\/W<\/strong> , cette lampe d\u2019\u00e9clairage vers le haut offre une illumination brillante mais confortable sans \u00e9blouissement \u2014 parfaite pour mettre en valeur les chemins, jardins, all\u00e9es, fa\u00e7ades de b\u00e2timents et espaces publics ext\u00e9rieurs.<\/p>\n<p data-start=\"1022\" data-end=\"1392\">Con\u00e7u avec une <strong data-start=\"1040\" data-end=\"1061\">aluminium moul\u00e9 sous pression<\/strong> fixation encastr\u00e9e <strong data-start=\"1072\" data-end=\"1080\">IP65<\/strong>, et class\u00e9 <strong data-start=\"1160\" data-end=\"1188\">, le DM70 r\u00e9siste \u00e0 la pluie, \u00e0 l\u2019humidit\u00e9, \u00e0 la poussi\u00e8re et aux environnements ext\u00e9rieurs difficiles. Son<\/strong> design de montage encastr\u00e9 <strong data-start=\"1271\" data-end=\"1291\">assure un aspect propre et moderne tout en fournissant un \u00e9clairage stable au sol. Disponible en<\/strong> et <strong data-start=\"1296\" data-end=\"1316\">blanc chaud 3000K<\/strong>blanc froid 6000K<\/p>\n<p data-start=\"1394\" data-end=\"1581\">, il offre des options de couleur flexibles pour s\u2019adapter \u00e0 diff\u00e9rentes atmosph\u00e8res paysag\u00e8res. <strong data-start=\"1406\" data-end=\"1430\">Avec une longue<\/strong> dur\u00e9e de vie de 40 000 heures <strong data-start=\"1447\" data-end=\"1466\">garantie de 3 ans<\/strong>, le DM70 offre fiabilit\u00e9 et valeur \u00e0 long terme pour les r\u00e9sidences, les commerces et <strong><a href=\"https:\/\/ledsteplight.com\/fr\/cree-bridgelux-chip-ip65-led-fixture-for-garden-facade-lighting\/\" class=\"waam-auto-link\" title=\"\u00e9clairage architectural\">\u00e9clairage architectural<\/a><\/strong> .<\/p>","protected":false},"excerpt":{"rendered":"<p>Lumi\u00e8re encastr\u00e9e anti-\u00e9blouissante DM70 60W offre une sortie LED \u00e0 haute efficacit\u00e9, une protection \u00e9tanche IP65 et une installation encastr\u00e9e\u2014id\u00e9ale pour les all\u00e9es, les jardins et l\u2019\u00e9clairage architectural.<\/p>","protected":false},"featured_media":37263,"comment_status":"open","ping_status":"closed","template":"","meta":[],"product_brand":[],"product_cat":[100,426,427,428,439,429,440,430,441,126,431,442,443,432,433,444,112,464,445,446,106,434,435,436,437],"product_tag":[103,76,77,127,113,78,108],"class_list":{"0":"post-38029","1":"product","2":"type-product","3":"status-publish","4":"has-post-thumbnail","6":"product_cat-aluminum-ground-light","7":"product_cat-ceiling-recessed","8":"product_cat-ceiling-surface","9":"product_cat-ceiling-suspended","10":"product_cat-commercial","11":"product_cat-drivers","12":"product_cat-education","13":"product_cat-freestanding-light","14":"product_cat-hospitality","15":"product_cat-in-ground-light","16":"product_cat-industrial","17":"product_cat-infrastructure","18":"product_cat-landscape","19":"product_cat-landscaping","20":"product_cat-linear","21":"product_cat-office","22":"product_cat-outdoor-ground-light","23":"product_cat-c-outdoor-lighting","24":"product_cat-residential","25":"product_cat-retail","26":"product_cat-round-ground-light","27":"product_cat-table-lamp","28":"product_cat-track","29":"product_cat-wall-recessed","30":"product_cat-wall-surface","31":"product_tag-aluminum-ground-light","32":"product_tag-aluminum-housing","33":"product_tag-ground-light","34":"product_tag-in-ground-light","35":"product_tag-outdoor-ground-light","36":"product_tag-outdoor-lighting","37":"product_tag-round-ground-light","39":"first","40":"instock","41":"shipping-taxable","42":"product-type-simple"},"_links":{"self":[{"href":"https:\/\/ledsteplight.com\/fr\/wp-json\/wp\/v2\/product\/38029","targetHints":{"allow":["GET"]}}],"collection":[{"href":"https:\/\/ledsteplight.com\/fr\/wp-json\/wp\/v2\/product"}],"about":[{"href":"https:\/\/ledsteplight.com\/fr\/wp-json\/wp\/v2\/types\/product"}],"replies":[{"embeddable":true,"href":"https:\/\/ledsteplight.com\/fr\/wp-json\/wp\/v2\/comments?post=38029"}],"version-history":[{"count":3,"href":"https:\/\/ledsteplight.com\/fr\/wp-json\/wp\/v2\/product\/38029\/revisions"}],"predecessor-version":[{"id":38631,"href":"https:\/\/ledsteplight.com\/fr\/wp-json\/wp\/v2\/product\/38029\/revisions\/38631"}],"wp:featuredmedia":[{"embeddable":true,"href":"https:\/\/ledsteplight.com\/fr\/wp-json\/wp\/v2\/media\/37263"}],"wp:attachment":[{"href":"https:\/\/ledsteplight.com\/fr\/wp-json\/wp\/v2\/media?parent=38029"}],"wp:term":[{"taxonomy":"product_brand","embeddable":true,"href":"https:\/\/ledsteplight.com\/fr\/wp-json\/wp\/v2\/product_brand?post=38029"},{"taxonomy":"product_cat","embeddable":true,"href":"https:\/\/ledsteplight.com\/fr\/wp-json\/wp\/v2\/product_cat?post=38029"},{"taxonomy":"product_tag","embeddable":true,"href":"https:\/\/ledsteplight.com\/fr\/wp-json\/wp\/v2\/product_tag?post=38029"}],"curies":[{"name":"wp","href":"https:\/\/api.w.org\/{rel}","templated":true}]}}