{"id":38031,"date":"2025-09-08T13:04:17","date_gmt":"2025-09-08T13:04:17","guid":{"rendered":"https:\/\/ledsteplight.com\/import-placeholder-for-37177\/"},"modified":"2026-01-19T02:15:10","modified_gmt":"2026-01-19T02:15:10","slug":"00cx-series-smart-motion-sensor-led-stair-hallway-light-recessed-indoor-step-lighting","status":"publish","type":"product","link":"https:\/\/ledsteplight.com\/fr\/00cx-series-smart-motion-sensor-led-stair-hallway-light-recessed-indoor-step-lighting\/","title":{"rendered":"S\u00e9rie 00CX Capteur de mouvement intelligent LED pour escaliers et couloirs | \u00c9clairage int\u00e9rieur encastr\u00e9 pour marche"},"content":{"rendered":"<table data-start=\"123\" data-end=\"1504\">\n<thead data-start=\"123\" data-end=\"198\">\n<tr data-start=\"123\" data-end=\"198\">\n<th data-start=\"123\" data-end=\"148\">Sp\u00e9cification<\/th>\n<th data-start=\"148\" data-end=\"198\">D\u00e9tails<\/th>\n<\/tr>\n<\/thead>\n<tbody data-start=\"274\" data-end=\"1504\">\n<tr data-start=\"274\" data-end=\"348\">\n<td><strong data-start=\"276\" data-end=\"293\">Mod\u00e8le du produit<\/strong><\/td>\n<td>S\u00e9rie MG-CX<\/td>\n<\/tr>\n<tr data-start=\"349\" data-end=\"423\">\n<td><strong data-start=\"351\" data-end=\"367\">Taille du produit<\/strong><\/td>\n<td>L87 \u00d7 l87 \u00d7 H30mm<\/td>\n<\/tr>\n<tr data-start=\"424\" data-end=\"498\">\n<td><strong data-start=\"426\" data-end=\"438\">Taille de coupe<\/strong><\/td>\n<td>Bo\u00eetier encastr\u00e9 86<\/td>\n<\/tr>\n<tr data-start=\"499\" data-end=\"572\">\n<td><strong data-start=\"501\" data-end=\"521\">Contr\u00f4le de fonction<\/strong><\/td>\n<td><strong><a href=\"https:\/\/ledsteplight.com\/fr\/pir-sensor-step-light-top-advantages-for-safety\/\" class=\"waam-auto-link\" title=\"Capteur de mouvement\">Capteur de mouvement<\/a><\/strong> \/ Capteur de Mouvement + Lumi\u00e8re<\/td>\n<\/tr>\n<tr data-start=\"573\" data-end=\"647\">\n<td><strong data-start=\"575\" data-end=\"591\">Source lumineuse<\/strong><\/td>\n<td>LED OSRAM (RA &gt;90)<\/td>\n<\/tr>\n<tr data-start=\"648\" data-end=\"722\">\n<td><strong data-start=\"650\" data-end=\"671\"><strong><a href=\"https:\/\/ledsteplight.com\/fr\/dm36b-pro-honeycomb-anti-glare-led-in-ground-light-ip67-24v-dc\/\" class=\"waam-auto-link\" title=\"Consommation d&#039;\u00e9nergie\">Consommation d'\u00e9nergie<\/a><\/strong><\/strong><\/td>\n<td>2W (600mA)<\/td>\n<\/tr>\n<tr data-start=\"723\" data-end=\"796\">\n<td><strong data-start=\"725\" data-end=\"735\">Poids<\/strong><\/td>\n<td>0,5kg<\/td>\n<\/tr>\n<tr data-start=\"797\" data-end=\"871\">\n<td><strong data-start=\"799\" data-end=\"819\">Tension d'entr\u00e9e secteur<\/strong><\/td>\n<td>100-240V, 50~60Hz<\/td>\n<\/tr>\n<tr data-start=\"872\" data-end=\"945\">\n<td><strong data-start=\"874\" data-end=\"884\">Alimentation<\/strong><\/td>\n<td>Int\u00e9gr\u00e9<\/td>\n<\/tr>\n<tr data-start=\"946\" data-end=\"1019\">\n<td><strong data-start=\"948\" data-end=\"967\">Angle du r\u00e9flecteur<\/strong><\/td>\n<td>N\/A<\/td>\n<\/tr>\n<tr data-start=\"1020\" data-end=\"1094\">\n<td><strong data-start=\"1022\" data-end=\"1043\">Temp\u00e9rature de couleur<\/strong><\/td>\n<td>3000K, 4000K, 5700K<\/td>\n<\/tr>\n<tr data-start=\"1095\" data-end=\"1168\">\n<td><strong data-start=\"1097\" data-end=\"1116\">Type de connexion<\/strong><\/td>\n<td>N\/A<\/td>\n<\/tr>\n<tr data-start=\"1169\" data-end=\"1241\">\n<td><strong data-start=\"1171\" data-end=\"1183\">Mat\u00e9riau<\/strong><\/td>\n<td>Aluminium<\/td>\n<\/tr>\n<tr data-start=\"1242\" data-end=\"1357\">\n<td><strong data-start=\"1244\" data-end=\"1264\">Couleurs disponibles<\/strong><\/td>\n<td>Blanc mat, Noir bross\u00e9, Argent bross\u00e9 <em data-start=\"1311\" data-end=\"1353\">(Or bross\u00e9 \/ Gris bross\u00e9 personnalisable)<\/em><\/td>\n<\/tr>\n<tr data-start=\"1358\" data-end=\"1431\">\n<td><strong data-start=\"1360\" data-end=\"1373\">Indice de protection<\/strong><\/td>\n<td>IP20 (Usage int\u00e9rieur)<\/td>\n<\/tr>\n<tr data-start=\"1432\" data-end=\"1504\">\n<td><strong data-start=\"1434\" data-end=\"1457\">M\u00e9thode d'installation<\/strong><\/td>\n<td>Installation encastr\u00e9e<\/td>\n<\/tr>\n<\/tbody>\n<\/table>\n<p>&nbsp;<\/p>\n<p data-start=\"606\" data-end=\"1028\">Le capteur de mouvement intelligent LED de la s\u00e9rie 00CX <strong><a href=\"https:\/\/ledsteplight.com\/fr\/cree-bridgelux-chip-ip65-led-fixture-for-garden-facade-lighting\/\" class=\"waam-auto-link\" title=\"Lumi\u00e8re au sol\">Lumi\u00e8re au sol<\/a><\/strong> est con\u00e7u pour fournir un \u00e9clairage de passage s\u00fbr et discret dans les espaces int\u00e9rieurs. Il dispose d\u2019un capteur de mouvement int\u00e9gr\u00e9 avec un mode de d\u00e9tection de lumi\u00e8re en option, s\u2019allumant automatiquement lorsqu\u2019un mouvement est d\u00e9tect\u00e9. La source LED OSRAM offre une illumination douce et confortable avec un indice de rendu des couleurs \u00e9lev\u00e9 (RA&gt;90), rendant la lumi\u00e8re naturelle et agr\u00e9able pour les yeux dans les environnements \u00e0 faible luminosit\u00e9.<\/p>\n<p data-start=\"1030\" data-end=\"1437\">Avec un design compact encastr\u00e9 qui s\u2019adapte \u00e0 une bo\u00eete standard 86, elle s\u2019installe proprement dans les contremarches d\u2019escaliers, les murs de couloirs ou les plinthes. Le bo\u00eetier en aluminium offre une finition moderne et haut de gamme, disponible en blanc mat, noir bross\u00e9, argent bross\u00e9, et options personnalisables. Id\u00e9al pour les couloirs r\u00e9sidentiels, les corridors d\u2019h\u00f4tels, les th\u00e9\u00e2tres, les escaliers d\u2019immeubles r\u00e9sidentiels, et autres applications d\u2019\u00e9clairage de guidage \u00e0 faible niveau.<\/p>","protected":false},"excerpt":{"rendered":"<p data-start=\"4009\" data-end=\"4283\">Lampe de marche \u00e0 LED avec capteur de mouvement int\u00e9rieur pour couloirs et escaliers. Design encastr\u00e9, \u00e9clairage d'orientation doux, LED OSRAM \u00e0 indice de rendu des couleurs \u00e9lev\u00e9, finition en aluminium moderne.<\/p>","protected":false},"featured_media":37272,"comment_status":"open","ping_status":"closed","template":"","meta":[],"product_brand":[],"product_cat":[116,99,100,426,427,428,439,429,440,430,441,431,442,443,432,433,444,464,445,446,101,434,435,436,437],"product_tag":[117,102,103,76,77,110,109,104],"class_list":{"0":"post-38031","1":"product","2":"type-product","3":"status-publish","4":"has-post-thumbnail","6":"product_cat-038-series","7":"product_cat-039-series","8":"product_cat-aluminum-ground-light","9":"product_cat-ceiling-recessed","10":"product_cat-ceiling-surface","11":"product_cat-ceiling-suspended","12":"product_cat-commercial","13":"product_cat-drivers","14":"product_cat-education","15":"product_cat-freestanding-light","16":"product_cat-hospitality","17":"product_cat-industrial","18":"product_cat-infrastructure","19":"product_cat-landscape","20":"product_cat-landscaping","21":"product_cat-linear","22":"product_cat-office","23":"product_cat-c-outdoor-lighting","24":"product_cat-residential","25":"product_cat-retail","26":"product_cat-sensor-ground-light","27":"product_cat-table-lamp","28":"product_cat-track","29":"product_cat-wall-recessed","30":"product_cat-wall-surface","31":"product_tag-038-series","32":"product_tag-039-series","33":"product_tag-aluminum-ground-light","34":"product_tag-aluminum-housing","35":"product_tag-ground-light","36":"product_tag-landscape-light","37":"product_tag-led-fixture","38":"product_tag-sensor-ground-light","40":"first","41":"instock","42":"shipping-taxable","43":"product-type-simple"},"_links":{"self":[{"href":"https:\/\/ledsteplight.com\/fr\/wp-json\/wp\/v2\/product\/38031","targetHints":{"allow":["GET"]}}],"collection":[{"href":"https:\/\/ledsteplight.com\/fr\/wp-json\/wp\/v2\/product"}],"about":[{"href":"https:\/\/ledsteplight.com\/fr\/wp-json\/wp\/v2\/types\/product"}],"replies":[{"embeddable":true,"href":"https:\/\/ledsteplight.com\/fr\/wp-json\/wp\/v2\/comments?post=38031"}],"version-history":[{"count":3,"href":"https:\/\/ledsteplight.com\/fr\/wp-json\/wp\/v2\/product\/38031\/revisions"}],"predecessor-version":[{"id":38633,"href":"https:\/\/ledsteplight.com\/fr\/wp-json\/wp\/v2\/product\/38031\/revisions\/38633"}],"wp:featuredmedia":[{"embeddable":true,"href":"https:\/\/ledsteplight.com\/fr\/wp-json\/wp\/v2\/media\/37272"}],"wp:attachment":[{"href":"https:\/\/ledsteplight.com\/fr\/wp-json\/wp\/v2\/media?parent=38031"}],"wp:term":[{"taxonomy":"product_brand","embeddable":true,"href":"https:\/\/ledsteplight.com\/fr\/wp-json\/wp\/v2\/product_brand?post=38031"},{"taxonomy":"product_cat","embeddable":true,"href":"https:\/\/ledsteplight.com\/fr\/wp-json\/wp\/v2\/product_cat?post=38031"},{"taxonomy":"product_tag","embeddable":true,"href":"https:\/\/ledsteplight.com\/fr\/wp-json\/wp\/v2\/product_tag?post=38031"}],"curies":[{"name":"wp","href":"https:\/\/api.w.org\/{rel}","templated":true}]}}