{"id":38033,"date":"2025-09-08T13:04:17","date_gmt":"2025-09-08T13:04:17","guid":{"rendered":"https:\/\/ledsteplight.com\/import-placeholder-for-37191\/"},"modified":"2026-01-19T02:14:24","modified_gmt":"2026-01-19T02:14:24","slug":"outdoor-pir-motion-sensor-led-security-spotlight-15w-ip65-wall-light","status":"publish","type":"product","link":"https:\/\/ledsteplight.com\/fr\/outdoor-pir-motion-sensor-led-security-spotlight-15w-ip65-wall-light\/","title":{"rendered":"Projecteur de s\u00e9curit\u00e9 LED avec d\u00e9tecteur de mouvement PIR ext\u00e9rieur | 15W IP65 pour mur"},"content":{"rendered":"<table data-start=\"45\" data-end=\"980\">\n<thead data-start=\"45\" data-end=\"116\">\n<tr data-start=\"45\" data-end=\"116\">\n<th data-start=\"45\" data-end=\"70\"><strong data-start=\"47\" data-end=\"60\">Param\u00e8tre<\/strong><\/th>\n<th data-start=\"70\" data-end=\"116\"><strong data-start=\"72\" data-end=\"83\">D\u00e9tails<\/strong><\/th>\n<\/tr>\n<\/thead>\n<tbody data-start=\"189\" data-end=\"980\">\n<tr data-start=\"189\" data-end=\"260\">\n<td><strong data-start=\"191\" data-end=\"200\">Puissance<\/strong><\/td>\n<td>15W<\/td>\n<\/tr>\n<tr data-start=\"261\" data-end=\"332\">\n<td><strong data-start=\"263\" data-end=\"279\">Source lumineuse<\/strong><\/td>\n<td>LED<\/td>\n<\/tr>\n<tr data-start=\"333\" data-end=\"404\">\n<td><strong data-start=\"335\" data-end=\"352\">Tension d'entr\u00e9e<\/strong><\/td>\n<td>AC85-265V<\/td>\n<\/tr>\n<tr data-start=\"405\" data-end=\"476\">\n<td><strong data-start=\"407\" data-end=\"428\"><strong><a href=\"https:\/\/ledsteplight.com\/fr\/dm36b-pro-honeycomb-anti-glare-led-in-ground-light-ip67-24v-dc\/\" class=\"waam-auto-link\" title=\"Temp\u00e9rature de couleur\">Temp\u00e9rature de couleur<\/a><\/strong><\/strong><\/td>\n<td>3000K (Blanc chaud) \/ 6000K (Blanc froid)<\/td>\n<\/tr>\n<tr data-start=\"477\" data-end=\"548\">\n<td><strong data-start=\"479\" data-end=\"496\">Flux lumineux<\/strong><\/td>\n<td>100-110LM\/W<\/td>\n<\/tr>\n<tr data-start=\"549\" data-end=\"620\">\n<td><strong data-start=\"551\" data-end=\"565\">Angle du faisceau<\/strong><\/td>\n<td>120\u00b0<\/td>\n<\/tr>\n<tr data-start=\"621\" data-end=\"692\">\n<td><strong data-start=\"623\" data-end=\"635\">Mat\u00e9riau<\/strong><\/td>\n<td>Aluminium moul\u00e9 sous pression<\/td>\n<\/tr>\n<tr data-start=\"693\" data-end=\"764\">\n<td><strong data-start=\"695\" data-end=\"708\">Indice de protection<\/strong><\/td>\n<td>IP65 (Imperm\u00e9able &amp; R\u00e9sistant \u00e0 la poussi\u00e8re)<\/td>\n<\/tr>\n<tr data-start=\"765\" data-end=\"836\">\n<td><strong data-start=\"767\" data-end=\"779\">Dur\u00e9e de vie<\/strong><\/td>\n<td>40 000 heures<\/td>\n<\/tr>\n<tr data-start=\"837\" data-end=\"908\">\n<td><strong data-start=\"839\" data-end=\"862\">M\u00e9thode d'installation<\/strong><\/td>\n<td>Montage en surface<\/td>\n<\/tr>\n<tr data-start=\"909\" data-end=\"980\">\n<td><strong data-start=\"911\" data-end=\"923\">Garantie<\/strong><\/td>\n<td>3 Ans<\/td>\n<\/tr>\n<\/tbody>\n<\/table>\n<p data-start=\"611\" data-end=\"928\">MG-TSD01-GYD <strong><a href=\"https:\/\/ledsteplight.com\/fr\/pir-sensor-step-light-top-advantages-for-safety\/\" class=\"waam-auto-link\" title=\"capteur de mouvement\">capteur de mouvement<\/a><\/strong> Projecteur \u00e0 d\u00e9tection de mouvement avec capteur PIR MG-TSD01-GYD offrant un \u00e9clairage fiable pour les chemins ext\u00e9rieurs, les entr\u00e9es de b\u00e2timents, les parkings et les espaces de s\u00e9curit\u00e9 p\u00e9rim\u00e9trique. Avec un capteur PIR int\u00e9gr\u00e9, la lumi\u00e8re s\u2019allume automatiquement lorsqu\u2019un mouvement est d\u00e9tect\u00e9 et s\u2019\u00e9teint lorsque la zone est vide, contribuant \u00e0 r\u00e9duire la consommation d\u2019\u00e9nergie inutile.<\/p>\n<p data-start=\"930\" data-end=\"1295\">Fabriqu\u00e9 en aluminium moul\u00e9 sous pression avec une classification IP65, cet appareil est con\u00e7u pour r\u00e9sister \u00e0 la pluie, \u00e0 la poussi\u00e8re et \u00e0 une exposition quotidienne en ext\u00e9rieur. L'angle de faisceau large de 120\u00b0 offre un \u00e9clairage diffus, le rendant adapt\u00e9 aussi bien aux environnements r\u00e9sidentiels que commerciaux. Disponible en options blanc chaud et blanc froid, il est facile \u00e0 assortir avec <strong><a href=\"https:\/\/ledsteplight.com\/fr\/cree-bridgelux-chip-ip65-led-fixture-for-garden-facade-lighting\/\" class=\"waam-auto-link\" title=\"\u00e9clairage architectural\">\u00e9clairage architectural<\/a><\/strong> les styles et les exigences de projet.<\/p>\n<p data-start=\"930\" data-end=\"1295\">","protected":false},"excerpt":{"rendered":"<p data-start=\"4269\" data-end=\"4615\">Projecteur LED \u00e0 d\u00e9tection de mouvement ext\u00e9rieur de 15W avec conception \u00e9tanche IP65. Id\u00e9al pour les entr\u00e9es de b\u00e2timents, les all\u00e9es et l\u2019\u00e9clairage de s\u00e9curit\u00e9. Bo\u00eetier en aluminium moul\u00e9 sous pression durable avec contr\u00f4le automatique \u00e0 \u00e9conomie d\u2019\u00e9nergie.<\/p>","protected":false},"featured_media":37285,"comment_status":"open","ping_status":"closed","template":"","meta":[],"product_brand":[],"product_cat":[426,427,428,439,429,440,430,441,431,442,443,432,433,444,464,445,446,434,435,436,437],"product_tag":[111,110,109,114,115],"class_list":{"0":"post-38033","1":"product","2":"type-product","3":"status-publish","4":"has-post-thumbnail","6":"product_cat-ceiling-recessed","7":"product_cat-ceiling-surface","8":"product_cat-ceiling-suspended","9":"product_cat-commercial","10":"product_cat-drivers","11":"product_cat-education","12":"product_cat-freestanding-light","13":"product_cat-hospitality","14":"product_cat-industrial","15":"product_cat-infrastructure","16":"product_cat-landscape","17":"product_cat-landscaping","18":"product_cat-linear","19":"product_cat-office","20":"product_cat-c-outdoor-lighting","21":"product_cat-residential","22":"product_cat-retail","23":"product_cat-table-lamp","24":"product_cat-track","25":"product_cat-wall-recessed","26":"product_cat-wall-surface","27":"product_tag-garden-lighting","28":"product_tag-landscape-light","29":"product_tag-led-fixture","30":"product_tag-pathway-light","31":"product_tag-recessed-light","33":"first","34":"instock","35":"shipping-taxable","36":"product-type-simple"},"_links":{"self":[{"href":"https:\/\/ledsteplight.com\/fr\/wp-json\/wp\/v2\/product\/38033","targetHints":{"allow":["GET"]}}],"collection":[{"href":"https:\/\/ledsteplight.com\/fr\/wp-json\/wp\/v2\/product"}],"about":[{"href":"https:\/\/ledsteplight.com\/fr\/wp-json\/wp\/v2\/types\/product"}],"replies":[{"embeddable":true,"href":"https:\/\/ledsteplight.com\/fr\/wp-json\/wp\/v2\/comments?post=38033"}],"version-history":[{"count":3,"href":"https:\/\/ledsteplight.com\/fr\/wp-json\/wp\/v2\/product\/38033\/revisions"}],"predecessor-version":[{"id":38635,"href":"https:\/\/ledsteplight.com\/fr\/wp-json\/wp\/v2\/product\/38033\/revisions\/38635"}],"wp:featuredmedia":[{"embeddable":true,"href":"https:\/\/ledsteplight.com\/fr\/wp-json\/wp\/v2\/media\/37285"}],"wp:attachment":[{"href":"https:\/\/ledsteplight.com\/fr\/wp-json\/wp\/v2\/media?parent=38033"}],"wp:term":[{"taxonomy":"product_brand","embeddable":true,"href":"https:\/\/ledsteplight.com\/fr\/wp-json\/wp\/v2\/product_brand?post=38033"},{"taxonomy":"product_cat","embeddable":true,"href":"https:\/\/ledsteplight.com\/fr\/wp-json\/wp\/v2\/product_cat?post=38033"},{"taxonomy":"product_tag","embeddable":true,"href":"https:\/\/ledsteplight.com\/fr\/wp-json\/wp\/v2\/product_tag?post=38033"}],"curies":[{"name":"wp","href":"https:\/\/api.w.org\/{rel}","templated":true}]}}