{"id":38034,"date":"2025-09-08T13:04:18","date_gmt":"2025-09-08T13:04:18","guid":{"rendered":"https:\/\/ledsteplight.com\/import-placeholder-for-37192\/"},"modified":"2026-01-19T02:14:23","modified_gmt":"2026-01-19T02:14:23","slug":"mg-dm80c-8w-recessed-ground-light-indoor-led-in-ground-lighting-fixture","status":"publish","type":"product","link":"https:\/\/ledsteplight.com\/fr\/mg-dm80c-8w-recessed-ground-light-indoor-led-in-ground-lighting-fixture\/","title":{"rendered":"MG-DM80c Lumi\u00e8re encastr\u00e9e au sol 8W \u2013 Luminaire LED int\u00e9rieur pour \u00e9clairage au sol"},"content":{"rendered":"<blockquote>\n<table data-start=\"114\" data-end=\"1000\">\n<thead data-start=\"114\" data-end=\"184\">\n<tr data-start=\"114\" data-end=\"184\">\n<th data-start=\"114\" data-end=\"138\"><strong data-start=\"116\" data-end=\"129\">Param\u00e8tre<\/strong><\/th>\n<th data-start=\"138\" data-end=\"184\"><strong data-start=\"140\" data-end=\"157\">Sp\u00e9cification<\/strong><\/th>\n<\/tr>\n<\/thead>\n<tbody data-start=\"253\" data-end=\"1000\">\n<tr data-start=\"253\" data-end=\"320\">\n<td><strong data-start=\"255\" data-end=\"272\">Mod\u00e8le du produit<\/strong><\/td>\n<td>MG-DM80c<\/td>\n<\/tr>\n<tr data-start=\"321\" data-end=\"388\">\n<td><strong data-start=\"323\" data-end=\"339\">Taille du produit<\/strong><\/td>\n<td>\u03c680mm x 30mm<\/td>\n<\/tr>\n<tr data-start=\"389\" data-end=\"456\">\n<td><strong data-start=\"391\" data-end=\"407\">Taille de d\u00e9coupe<\/strong><\/td>\n<td>\u03c670mm<\/td>\n<\/tr>\n<tr data-start=\"457\" data-end=\"524\">\n<td><strong data-start=\"459\" data-end=\"475\">Source lumineuse<\/strong><\/td>\n<td>LED COB \u00e0 haute efficacit\u00e9<\/td>\n<\/tr>\n<tr data-start=\"525\" data-end=\"592\">\n<td><strong data-start=\"527\" data-end=\"538\">Puissance<\/strong><\/td>\n<td>8W<\/td>\n<\/tr>\n<tr data-start=\"593\" data-end=\"660\">\n<td><strong data-start=\"595\" data-end=\"616\">Temp\u00e9rature de couleur<\/strong><\/td>\n<td>4000K \/ 6000K (Blanc froid)<\/td>\n<\/tr>\n<tr data-start=\"661\" data-end=\"728\">\n<td><strong data-start=\"663\" data-end=\"680\">Tension d'entr\u00e9e<\/strong><\/td>\n<td>AC100-240V \/ DC12\/24V<\/td>\n<\/tr>\n<tr data-start=\"729\" data-end=\"796\">\n<td><strong data-start=\"731\" data-end=\"741\">Alimentation<\/strong><\/td>\n<td>Alimentation int\u00e9gr\u00e9e DC24V<\/td>\n<\/tr>\n<tr data-start=\"797\" data-end=\"864\">\n<td><strong data-start=\"799\" data-end=\"811\">Mat\u00e9riau<\/strong><\/td>\n<td>Aluminium<\/td>\n<\/tr>\n<tr data-start=\"865\" data-end=\"932\">\n<td><strong data-start=\"867\" data-end=\"880\">Indice de protection<\/strong><\/td>\n<td>IP20 (Usage int\u00e9rieur)<\/td>\n<\/tr>\n<tr data-start=\"933\" data-end=\"1000\">\n<td><strong data-start=\"935\" data-end=\"951\">Installation<\/strong><\/td>\n<td>Montage au plafond encastr\u00e9<\/td>\n<\/tr>\n<\/tbody>\n<\/table>\n<p data-start=\"343\" data-end=\"792\"><strong data-start=\"347\" data-end=\"385\">LED encastr\u00e9e MG-DM80c <strong><a href=\"https:\/\/ledsteplight.com\/fr\/5w-led-in-ground-lights-ip65-waterproof-outdoor-driveway-garden-floor-lighting\/\" class=\"waam-auto-link\" title=\"\u00e9clairage au sol\">\u00e9clairage au sol<\/a><\/strong><\/strong> est con\u00e7u pour le moderne <strong data-start=\"409\" data-end=\"435\">int\u00e9rieur <strong><a href=\"https:\/\/ledsteplight.com\/fr\/ultimate-guide-to-landscape-inground-lighting-solutions\/\" class=\"waam-auto-link\" title=\"\u00e9clairage au sol\">\u00e9clairage au sol<\/a><\/strong><\/strong> et <strong data-start=\"440\" data-end=\"468\">installations encastr\u00e9es au plafond<\/strong>. Dot\u00e9 d'un <strong data-start=\"482\" data-end=\"509\">LED COB \u00e0 haute efficacit\u00e9<\/strong> et d'un <strong data-start=\"522\" data-end=\"542\">bo\u00eetier en aluminium durable<\/strong>, elle offre une lumi\u00e8re brillante et uniforme <strong><a href=\"https:\/\/ledsteplight.com\/fr\/pir-sensor-step-light-top-advantages-for-safety\/\" class=\"waam-auto-link\" title=\"illumination\">illumination<\/a><\/strong> id\u00e9al pour <strong data-start=\"598\" data-end=\"669\">couloirs, galeries, salles d'exposition, et <strong><a href=\"https:\/\/ledsteplight.com\/fr\/cree-bridgelux-chip-ip65-led-fixture-for-garden-facade-lighting\/\" class=\"waam-auto-link\" title=\"\u00e9clairage architectural\">\u00e9clairage architectural<\/a><\/strong> projets<\/strong>. Avec sa <strong data-start=\"680\" data-end=\"702\">taille compacte \u03c680mm<\/strong>, cette <strong data-start=\"709\" data-end=\"734\">lampe LED encastr\u00e9e au sol<\/strong> offre \u00e0 la fois un attrait esth\u00e9tique et des performances pratiques.<\/p>\n<hr data-start=\"794\" data-end=\"797\" \/>\n<h2 data-start=\"799\" data-end=\"821\"><strong data-start=\"802\" data-end=\"819\">Caract\u00e9ristiques principales :<\/strong><\/h2>\n<ul data-start=\"822\" data-end=\"1664\">\n<li data-start=\"822\" data-end=\"910\">\n<p data-start=\"824\" data-end=\"910\"><strong data-start=\"824\" data-end=\"851\">LED COB \u00e0 haute efficacit\u00e9<\/strong> \u2013 Offre une luminosit\u00e9 stable avec peu de <strong><a href=\"https:\/\/ledsteplight.com\/fr\/dm36b-pro-honeycomb-anti-glare-led-in-ground-light-ip67-24v-dc\/\" class=\"waam-auto-link\" title=\"la consommation d&#039;\u00e9nergie\">la consommation d'\u00e9nergie<\/a><\/strong>.<\/p>\n<\/li>\n<li data-start=\"911\" data-end=\"1007\">\n<p data-start=\"913\" data-end=\"1007\"><strong data-start=\"913\" data-end=\"932\">Puissance de sortie de 8W<\/strong> \u2013 Offre une haute efficacit\u00e9 lumineuse, id\u00e9ale pour l'\u00e9clairage d'accent ou de chemin.<\/p>\n<\/li>\n<li data-start=\"1008\" data-end=\"1119\">\n<p data-start=\"1010\" data-end=\"1119\"><strong data-start=\"1010\" data-end=\"1042\">Conception d'installation encastr\u00e9e<\/strong> \u2013 S'int\u00e8gre parfaitement dans les plafonds ou les sols pour un look \u00e9pur\u00e9 et minimal.<\/p>\n<\/li>\n<li data-start=\"1120\" data-end=\"1217\">\n<p data-start=\"1122\" data-end=\"1217\"><strong data-start=\"1122\" data-end=\"1155\">Construction en aluminium de qualit\u00e9 sup\u00e9rieure<\/strong> \u2013 Assure une excellente dissipation thermique et une longue dur\u00e9e de vie.<\/p>\n<\/li>\n<li data-start=\"1218\" data-end=\"1339\">\n<p data-start=\"1220\" data-end=\"1339\"><strong data-start=\"1220\" data-end=\"1267\">Temp\u00e9ratures de couleur multiples (4000K \/ 6000K)<\/strong> \u2013 Choisissez entre blanc neutre ou blanc froid pour s'harmoniser avec votre d\u00e9coration int\u00e9rieure.<\/p>\n<\/li>\n<li data-start=\"1340\" data-end=\"1458\">\n<p data-start=\"1342\" data-end=\"1458\"><strong data-start=\"1342\" data-end=\"1401\">Compatibilit\u00e9 avec une large gamme de tensions (AC100-240V \/ DC12V \/ DC24V)<\/strong> \u2013 Convient aussi bien aux installations r\u00e9sidentielles que commerciales.<\/p>\n<\/li>\n<li data-start=\"1459\" data-end=\"1544\">\n<p data-start=\"1461\" data-end=\"1544\"><strong data-start=\"1461\" data-end=\"1488\">Alimentation int\u00e9gr\u00e9e DC24V<\/strong> \u2013 Alimentation stable pour un \u00e9clairage constant.<\/p>\n<\/li>\n<li data-start=\"1545\" data-end=\"1664\">\n<p data-start=\"1547\" data-end=\"1664\"><strong data-start=\"1547\" data-end=\"1573\">Indice de protection IP20<\/strong> \u2013 Adapt\u00e9 aux environnements int\u00e9rieurs tels que couloirs, halls, bureaux et zones d'exposition.<\/p>\n<\/li>\n<\/ul>\n<\/blockquote>","protected":false},"excerpt":{"rendered":"<p>Achetez le luminaire encastr\u00e9 au sol MG-DM80c 8W, con\u00e7u pour un \u00e9clairage int\u00e9rieur moderne. Dot\u00e9 d'une LED COB, d'un bo\u00eetier en aluminium et d'une compatibilit\u00e9 avec une large gamme de tensions, ce luminaire LED encastr\u00e9 offre une illumination efficace, lumineuse et durable pour plafonds, chemins et designs int\u00e9rieurs.<\/p>","protected":false},"featured_media":37288,"comment_status":"open","ping_status":"closed","template":"","meta":[],"product_brand":[],"product_cat":[99,100,426,427,428,439,429,440,430,441,431,442,443,432,433,444,464,445,446,434,435,436,437],"product_tag":[102,103,76,111,109,114,115],"class_list":{"0":"post-38034","1":"product","2":"type-product","3":"status-publish","4":"has-post-thumbnail","6":"product_cat-039-series","7":"product_cat-aluminum-ground-light","8":"product_cat-ceiling-recessed","9":"product_cat-ceiling-surface","10":"product_cat-ceiling-suspended","11":"product_cat-commercial","12":"product_cat-drivers","13":"product_cat-education","14":"product_cat-freestanding-light","15":"product_cat-hospitality","16":"product_cat-industrial","17":"product_cat-infrastructure","18":"product_cat-landscape","19":"product_cat-landscaping","20":"product_cat-linear","21":"product_cat-office","22":"product_cat-c-outdoor-lighting","23":"product_cat-residential","24":"product_cat-retail","25":"product_cat-table-lamp","26":"product_cat-track","27":"product_cat-wall-recessed","28":"product_cat-wall-surface","29":"product_tag-039-series","30":"product_tag-aluminum-ground-light","31":"product_tag-aluminum-housing","32":"product_tag-garden-lighting","33":"product_tag-led-fixture","34":"product_tag-pathway-light","35":"product_tag-recessed-light","37":"first","38":"instock","39":"shipping-taxable","40":"product-type-simple"},"_links":{"self":[{"href":"https:\/\/ledsteplight.com\/fr\/wp-json\/wp\/v2\/product\/38034","targetHints":{"allow":["GET"]}}],"collection":[{"href":"https:\/\/ledsteplight.com\/fr\/wp-json\/wp\/v2\/product"}],"about":[{"href":"https:\/\/ledsteplight.com\/fr\/wp-json\/wp\/v2\/types\/product"}],"replies":[{"embeddable":true,"href":"https:\/\/ledsteplight.com\/fr\/wp-json\/wp\/v2\/comments?post=38034"}],"version-history":[{"count":3,"href":"https:\/\/ledsteplight.com\/fr\/wp-json\/wp\/v2\/product\/38034\/revisions"}],"predecessor-version":[{"id":38620,"href":"https:\/\/ledsteplight.com\/fr\/wp-json\/wp\/v2\/product\/38034\/revisions\/38620"}],"wp:featuredmedia":[{"embeddable":true,"href":"https:\/\/ledsteplight.com\/fr\/wp-json\/wp\/v2\/media\/37288"}],"wp:attachment":[{"href":"https:\/\/ledsteplight.com\/fr\/wp-json\/wp\/v2\/media?parent=38034"}],"wp:term":[{"taxonomy":"product_brand","embeddable":true,"href":"https:\/\/ledsteplight.com\/fr\/wp-json\/wp\/v2\/product_brand?post=38034"},{"taxonomy":"product_cat","embeddable":true,"href":"https:\/\/ledsteplight.com\/fr\/wp-json\/wp\/v2\/product_cat?post=38034"},{"taxonomy":"product_tag","embeddable":true,"href":"https:\/\/ledsteplight.com\/fr\/wp-json\/wp\/v2\/product_tag?post=38034"}],"curies":[{"name":"wp","href":"https:\/\/api.w.org\/{rel}","templated":true}]}}