{"id":38035,"date":"2025-09-08T13:04:18","date_gmt":"2025-09-08T13:04:18","guid":{"rendered":"https:\/\/ledsteplight.com\/import-placeholder-for-37193\/"},"modified":"2026-01-19T02:14:23","modified_gmt":"2026-01-19T02:14:23","slug":"gyd038pc-premium-indoor-led-ground-light-recessed-floor-lighting","status":"publish","type":"product","link":"https:\/\/ledsteplight.com\/fr\/gyd038pc-premium-indoor-led-ground-light-recessed-floor-lighting\/","title":{"rendered":"GYD038PC Projecteur LED de sol int\u00e9rieur haut de gamme | \u00c9clairage encastr\u00e9 au sol"},"content":{"rendered":"<table class=\"OxEWNITQ\">\n<thead>\n<tr>\n<th><strong>Param\u00e8tre<\/strong><\/th>\n<th><strong>Sp\u00e9cification<\/strong><\/th>\n<\/tr>\n<\/thead>\n<tbody>\n<tr>\n<td><strong>Mod\u00e8le du produit<\/strong><\/td>\n<td>S\u00e9rie MG-GYD038PC<\/td>\n<\/tr>\n<tr>\n<td><strong>Dimensions du produit<\/strong><\/td>\n<td>L86<em>l86<\/em>H28mm<\/td>\n<\/tr>\n<tr>\n<td><strong>Taille de d\u00e9coupe<\/strong><\/td>\n<td>Bo\u00eete pr\u00e9-c\u00e2bl\u00e9e 86 (Bo\u00eete standard 86)<\/td>\n<\/tr>\n<tr>\n<td><strong>Contr\u00f4le de fonction<\/strong><\/td>\n<td>Humain <strong><a href=\"https:\/\/ledsteplight.com\/fr\/pir-sensor-step-light-top-advantages-for-safety\/\" class=\"waam-auto-link\" title=\"Capteur de mouvement\">Capteur de mouvement<\/a><\/strong> Capteur de mouvement + lumi\u00e8re<\/td>\n<\/tr>\n<tr>\n<td><strong>Source lumineuse<\/strong><\/td>\n<td>SMD (Dispositif en montage en surface)<\/td>\n<\/tr>\n<tr>\n<td><strong>Puissance<\/strong><\/td>\n<td>0,6W<\/td>\n<\/tr>\n<tr>\n<td><strong>Poids du produit<\/strong><\/td>\n<td>0,25kg<\/td>\n<\/tr>\n<tr>\n<td><strong>Tension d'entr\u00e9e<\/strong><\/td>\n<td>100-240V, 50~60Hz<\/td>\n<\/tr>\n<tr>\n<td><strong>Alimentation<\/strong><\/td>\n<td>Int\u00e9gr\u00e9<\/td>\n<\/tr>\n<tr>\n<td><strong>Angle du r\u00e9flecteur<\/strong><\/td>\n<td>Non sp\u00e9cifi\u00e9<\/td>\n<\/tr>\n<tr>\n<td><strong><strong><a href=\"https:\/\/ledsteplight.com\/fr\/dm36b-pro-honeycomb-anti-glare-led-in-ground-light-ip67-24v-dc\/\" class=\"waam-auto-link\" title=\"Temp\u00e9rature de couleur\">Temp\u00e9rature de couleur<\/a><\/strong><\/strong><\/td>\n<td>3000K (Blanc chaud)<\/td>\n<\/tr>\n<tr>\n<td><strong>C\u00e2blage\/Longueur\/Connecteur<\/strong><\/td>\n<td>Non sp\u00e9cifi\u00e9 (C\u00e2blage suffisant fourni)<\/td>\n<\/tr>\n<tr>\n<td><strong>Mat\u00e9riau<\/strong><\/td>\n<td>PC (Polycarbonate)<\/td>\n<\/tr>\n<tr>\n<td><strong>Couleur\/Finition<\/strong><\/td>\n<td>Blanc mat, Noir cristal, Gris mystique<\/td>\n<\/tr>\n<tr>\n<td><strong>Indice de protection<\/strong><\/td>\n<td>IP20 (R\u00e9sistant \u00e0 la poussi\u00e8re)<\/td>\n<\/tr>\n<tr>\n<td><strong>M\u00e9thode d'installation<\/strong><\/td>\n<td>Encastr\u00e9 encastr\u00e9 (Pour plafond ou mur)<\/td>\n<\/tr>\n<\/tbody>\n<\/table>\n<p id=\"\">","protected":false},"excerpt":{"rendered":"<p>Am\u00e9liorez votre int\u00e9rieur avec la lampe de sol int\u00e9rieure LED haut de gamme GYD038PC. Design encastr\u00e9 \u00e9l\u00e9gant, construction durable et \u00e9clairage efficace pour les couloirs, les halls et les espaces architecturaux.<\/p>","protected":false},"featured_media":37289,"comment_status":"open","ping_status":"closed","template":"","meta":[],"product_brand":[],"product_cat":[116,99,100,426,427,428,439,429,440,430,441,431,442,443,432,433,444,464,445,446,434,435,436,437],"product_tag":[117,102,103,76,77,110,114,115],"class_list":{"0":"post-38035","1":"product","2":"type-product","3":"status-publish","4":"has-post-thumbnail","6":"product_cat-038-series","7":"product_cat-039-series","8":"product_cat-aluminum-ground-light","9":"product_cat-ceiling-recessed","10":"product_cat-ceiling-surface","11":"product_cat-ceiling-suspended","12":"product_cat-commercial","13":"product_cat-drivers","14":"product_cat-education","15":"product_cat-freestanding-light","16":"product_cat-hospitality","17":"product_cat-industrial","18":"product_cat-infrastructure","19":"product_cat-landscape","20":"product_cat-landscaping","21":"product_cat-linear","22":"product_cat-office","23":"product_cat-c-outdoor-lighting","24":"product_cat-residential","25":"product_cat-retail","26":"product_cat-table-lamp","27":"product_cat-track","28":"product_cat-wall-recessed","29":"product_cat-wall-surface","30":"product_tag-038-series","31":"product_tag-039-series","32":"product_tag-aluminum-ground-light","33":"product_tag-aluminum-housing","34":"product_tag-ground-light","35":"product_tag-landscape-light","36":"product_tag-pathway-light","37":"product_tag-recessed-light","39":"first","40":"instock","41":"shipping-taxable","42":"product-type-simple"},"_links":{"self":[{"href":"https:\/\/ledsteplight.com\/fr\/wp-json\/wp\/v2\/product\/38035","targetHints":{"allow":["GET"]}}],"collection":[{"href":"https:\/\/ledsteplight.com\/fr\/wp-json\/wp\/v2\/product"}],"about":[{"href":"https:\/\/ledsteplight.com\/fr\/wp-json\/wp\/v2\/types\/product"}],"replies":[{"embeddable":true,"href":"https:\/\/ledsteplight.com\/fr\/wp-json\/wp\/v2\/comments?post=38035"}],"version-history":[{"count":3,"href":"https:\/\/ledsteplight.com\/fr\/wp-json\/wp\/v2\/product\/38035\/revisions"}],"predecessor-version":[{"id":38621,"href":"https:\/\/ledsteplight.com\/fr\/wp-json\/wp\/v2\/product\/38035\/revisions\/38621"}],"wp:featuredmedia":[{"embeddable":true,"href":"https:\/\/ledsteplight.com\/fr\/wp-json\/wp\/v2\/media\/37289"}],"wp:attachment":[{"href":"https:\/\/ledsteplight.com\/fr\/wp-json\/wp\/v2\/media?parent=38035"}],"wp:term":[{"taxonomy":"product_brand","embeddable":true,"href":"https:\/\/ledsteplight.com\/fr\/wp-json\/wp\/v2\/product_brand?post=38035"},{"taxonomy":"product_cat","embeddable":true,"href":"https:\/\/ledsteplight.com\/fr\/wp-json\/wp\/v2\/product_cat?post=38035"},{"taxonomy":"product_tag","embeddable":true,"href":"https:\/\/ledsteplight.com\/fr\/wp-json\/wp\/v2\/product_tag?post=38035"}],"curies":[{"name":"wp","href":"https:\/\/api.w.org\/{rel}","templated":true}]}}