{"id":38036,"date":"2025-09-08T13:04:18","date_gmt":"2025-09-08T13:04:18","guid":{"rendered":"https:\/\/ledsteplight.com\/import-placeholder-for-37194\/"},"modified":"2026-01-19T02:14:22","modified_gmt":"2026-01-19T02:14:22","slug":"1w-mini-led-inground-light-dc24v-ip65-outdoor-path-uplight","status":"publish","type":"product","link":"https:\/\/ledsteplight.com\/fr\/1w-mini-led-inground-light-dc24v-ip65-outdoor-path-uplight\/","title":{"rendered":"Lumi\u00e8re encastr\u00e9e LED Mini 1W DC24V IP65 pour ext\u00e9rieur, \u00e9clairage de chemin ou de mont\u00e9e"},"content":{"rendered":"<div class=\"flex max-w-full flex-col flex-grow\">\n<div class=\"min-h-8 text-message relative flex w-full flex-col items-end gap-2 whitespace-normal break-words text-start [.text-message+&amp;]:mt-5\" dir=\"auto\" data-message-author-role=\"assistant\" data-message-id=\"e3ab099c-e5cb-4f5f-bf42-b4820ed3f3de\" data-message-model-slug=\"o3-mini\">\n<div class=\"flex w-full flex-col gap-1 empty:hidden first:pt-[3px]\">\n<div class=\"markdown prose w-full break-words dark:prose-invert light\">\n<table data-start=\"69\" data-end=\"1691\" data-is-last-node=\"\" data-is-only-node=\"\">\n<thead data-start=\"69\" data-end=\"158\">\n<tr data-start=\"69\" data-end=\"158\">\n<th data-start=\"69\" data-end=\"96\"><strong data-start=\"71\" data-end=\"84\">Param\u00e8tre<\/strong><\/th>\n<th data-start=\"96\" data-end=\"158\"><strong data-start=\"98\" data-end=\"115\">Sp\u00e9cification<\/strong><\/th>\n<\/tr>\n<\/thead>\n<tbody data-start=\"249\" data-end=\"1691\" data-is-last-node=\"\">\n<tr data-start=\"249\" data-end=\"338\">\n<td><strong data-start=\"251\" data-end=\"268\">Mod\u00e8le du produit<\/strong><\/td>\n<td>MG-BD035-50C<\/td>\n<\/tr>\n<tr data-start=\"339\" data-end=\"428\">\n<td><strong data-start=\"341\" data-end=\"357\">Taille du produit<\/strong><\/td>\n<td>\u03c650 * H35mm<\/td>\n<\/tr>\n<tr data-start=\"429\" data-end=\"518\">\n<td><strong data-start=\"431\" data-end=\"443\">Taille de coupe<\/strong><\/td>\n<td>\u03c646 * H75mm (dimensions de la bo\u00eete encastr\u00e9e incluses)<\/td>\n<\/tr>\n<tr data-start=\"519\" data-end=\"608\">\n<td><strong data-start=\"521\" data-end=\"541\">Contr\u00f4le de fonction<\/strong><\/td>\n<td>N\/A<\/td>\n<\/tr>\n<tr data-start=\"609\" data-end=\"698\">\n<td><strong data-start=\"611\" data-end=\"627\">Source lumineuse<\/strong><\/td>\n<td>OSRAM \/ CREE \/ 3014 SMD<\/td>\n<\/tr>\n<tr data-start=\"699\" data-end=\"788\">\n<td><strong data-start=\"701\" data-end=\"710\">Watts<\/strong><\/td>\n<td>1W (350mA)<\/td>\n<\/tr>\n<tr data-start=\"789\" data-end=\"878\">\n<td><strong data-start=\"791\" data-end=\"801\">Poids<\/strong><\/td>\n<td>0,45kg<\/td>\n<\/tr>\n<tr data-start=\"879\" data-end=\"970\">\n<td><strong data-start=\"881\" data-end=\"893\">Entr\u00e9e secteur<\/strong><\/td>\n<td>100-240V, 50-60Hz \/ DC12\/24V<\/td>\n<\/tr>\n<tr data-start=\"971\" data-end=\"1060\">\n<td><strong data-start=\"973\" data-end=\"983\">Alimentation<\/strong><\/td>\n<td>DC24V<\/td>\n<\/tr>\n<tr data-start=\"1061\" data-end=\"1150\">\n<td><strong data-start=\"1063\" data-end=\"1082\">Angle du r\u00e9flecteur<\/strong><\/td>\n<td>N\/A<\/td>\n<\/tr>\n<tr data-start=\"1151\" data-end=\"1241\">\n<td><strong data-start=\"1153\" data-end=\"1174\">Temp\u00e9rature de couleur<\/strong><\/td>\n<td>3000K, 4000K, 5700K<\/td>\n<\/tr>\n<tr data-start=\"1242\" data-end=\"1331\">\n<td><strong data-start=\"1244\" data-end=\"1258\">Connexion<\/strong><\/td>\n<td>N\/A<\/td>\n<\/tr>\n<tr data-start=\"1332\" data-end=\"1421\">\n<td><strong data-start=\"1334\" data-end=\"1346\">Mat\u00e9riau<\/strong><\/td>\n<td>Aluminium<\/td>\n<\/tr>\n<tr data-start=\"1422\" data-end=\"1511\">\n<td><strong data-start=\"1424\" data-end=\"1433\">Couleur<\/strong><\/td>\n<td>Blanc, Noir<\/td>\n<\/tr>\n<tr data-start=\"1512\" data-end=\"1601\">\n<td><strong data-start=\"1514\" data-end=\"1520\">IP<\/strong><\/td>\n<td>IP65<\/td>\n<\/tr>\n<tr data-start=\"1602\" data-end=\"1691\" data-is-last-node=\"\">\n<td><strong data-start=\"1604\" data-end=\"1620\">Installation<\/strong><\/td>\n<td>Encastr\u00e9 (avec composants int\u00e9gr\u00e9s)<\/td>\n<\/tr>\n<\/tbody>\n<\/table>\n<p data-path-to-node=\"14\"><b>MG-BD035-50C<\/b>, une gamme premium <b>Lumi\u00e8re encastr\u00e9e LED Mini 1W<\/b> con\u00e7ue pour l'architecture moderne. En tant que solution polyvalente pour <b><strong><a href=\"https:\/\/ledsteplight.com\/fr\/5w-led-in-ground-lights-ip65-waterproof-outdoor-driveway-garden-floor-lighting\/\" class=\"waam-auto-link\" title=\"\u00e9clairage ext\u00e9rieur au sol\">\u00e9clairage ext\u00e9rieur au sol<\/a><\/strong><\/b>, cet appareil offre une esth\u00e9tique raffin\u00e9e pour les all\u00e9es, jardins et terrasses. Que vous ayez besoin de <b>\u00e9clairage de chemin paysager<\/b> ou d'un \u00e9clairage d'accent subtil <b>\u00e9clairage paysager par projection vers le haut<\/b> pour les arbres et les murs, cette unit\u00e9 compacte garantit une haute performance.<\/p>\n<p data-path-to-node=\"15\"><b>Caract\u00e9ristiques cl\u00e9s &amp; Avantages<\/b><\/p>\n<ul data-path-to-node=\"16\">\n<li>\n<p data-path-to-node=\"16,0,0\"><b>S\u00e9curit\u00e9 basse tension :<\/b> Fonctionne avec <b>DC12V\/24V<\/b>, cet appareil rel\u00e8ve de <b>syst\u00e8me basse tension <strong><a href=\"https:\/\/ledsteplight.com\/fr\/the-ultimate-guide-to-led-landscape-lighting-design-installation-and-costs\/\" class=\"waam-auto-link\" title=\"\u00e9clairages de paysage \u00e0 LED\">\u00e9clairages de paysage \u00e0 LED<\/a><\/strong><\/b>, garantissant la s\u00e9curit\u00e9 pour les enfants et les animaux domestiques tout en r\u00e9duisant les co\u00fbts \u00e9nerg\u00e9tiques. Il est compatible avec l'\u00e9clairage paysager standard <b>12V<\/b> syst\u00e8mes.<\/p>\n<\/li>\n<li>\n<p data-path-to-node=\"16,1,0\"><b>Durabilit\u00e9 et protection :<\/b> Fabriqu\u00e9 \u00e0 partir d'aluminium de haute qualit\u00e9 avec un <b>classement IP65 \u00e9tanche<\/b> indice de protection, ces <b><strong><a href=\"https:\/\/ledsteplight.com\/fr\/mistakes-to-avoid-when-installing-in-ground-driveway-lights\/\" class=\"waam-auto-link\" title=\"spots de sol ext\u00e9rieurs\">spots de sol ext\u00e9rieurs<\/a><\/strong><\/b> sont con\u00e7us pour r\u00e9sister \u00e0 la pluie, \u00e0 la poussi\u00e8re et aux conditions m\u00e9t\u00e9orologiques difficiles. Id\u00e9al pour les <b>projets d'\u00e9clairage paysager \u00e9tanche<\/b> .<\/p>\n<\/li>\n<li>\n<p data-path-to-node=\"16,2,0\"><b>Source de lumi\u00e8re Premium :<\/b> \u00c9quip\u00e9 de <b>OSRAM \/ CREE \/ 3014 SMD<\/b> puces de premier plan, fournissant une sortie stable en 3000K (blanc chaud), 4000K (blanc naturel) ou 5700K (blanc froid) pour correspondre \u00e0 votre <b>conception d'\u00e9clairage paysager contemporain<\/b> .<\/p>\n<\/li>\n<li>\n<p data-path-to-node=\"16,3,0\"><b>Installation facile :<\/b> Con\u00e7u comme <b>spots encastr\u00e9s dans le sol<\/b>, l'unit\u00e9 est livr\u00e9e avec un bo\u00eetier int\u00e9gr\u00e9 (taille de coupe : \u03c646 * H75mm) pour une installation s\u00e9curis\u00e9e dans le b\u00e9ton, les pav\u00e9s ou les terrasses en bois.<\/p>\n<\/li>\n<\/ul>\n<\/div>\n<\/div>\n<\/div>\n<\/div>\n<p>&nbsp;<\/p>","protected":false},"excerpt":{"rendered":"<p>Magasin MG-BD035-50C 1W Lumi\u00e8re LED encastr\u00e9e miniature. \u00c9tanche IP65, s\u00e9curit\u00e9 basse tension DC12V\/24V. Parfait pour les \u00e9clairages ext\u00e9rieurs en aluminium pour chemins paysagers, jardins et terrasses<\/p>","protected":false},"featured_media":37297,"comment_status":"open","ping_status":"closed","template":"","meta":[],"product_brand":[],"product_cat":[100,426,427,428,439,429,440,430,441,431,442,443,432,433,444,112,464,445,446,106,434,435,128,436,437],"product_tag":[103,76,77,113,78,108,129],"class_list":{"0":"post-38036","1":"product","2":"type-product","3":"status-publish","4":"has-post-thumbnail","6":"product_cat-aluminum-ground-light","7":"product_cat-ceiling-recessed","8":"product_cat-ceiling-surface","9":"product_cat-ceiling-suspended","10":"product_cat-commercial","11":"product_cat-drivers","12":"product_cat-education","13":"product_cat-freestanding-light","14":"product_cat-hospitality","15":"product_cat-industrial","16":"product_cat-infrastructure","17":"product_cat-landscape","18":"product_cat-landscaping","19":"product_cat-linear","20":"product_cat-office","21":"product_cat-outdoor-ground-light","22":"product_cat-c-outdoor-lighting","23":"product_cat-residential","24":"product_cat-retail","25":"product_cat-round-ground-light","26":"product_cat-table-lamp","27":"product_cat-track","28":"product_cat-wall-light-series","29":"product_cat-wall-recessed","30":"product_cat-wall-surface","31":"product_tag-aluminum-ground-light","32":"product_tag-aluminum-housing","33":"product_tag-ground-light","34":"product_tag-outdoor-ground-light","35":"product_tag-outdoor-lighting","36":"product_tag-round-ground-light","37":"product_tag-wall-light-series","39":"first","40":"instock","41":"featured","42":"downloadable","43":"shipping-taxable","44":"product-type-simple"},"_links":{"self":[{"href":"https:\/\/ledsteplight.com\/fr\/wp-json\/wp\/v2\/product\/38036","targetHints":{"allow":["GET"]}}],"collection":[{"href":"https:\/\/ledsteplight.com\/fr\/wp-json\/wp\/v2\/product"}],"about":[{"href":"https:\/\/ledsteplight.com\/fr\/wp-json\/wp\/v2\/types\/product"}],"replies":[{"embeddable":true,"href":"https:\/\/ledsteplight.com\/fr\/wp-json\/wp\/v2\/comments?post=38036"}],"version-history":[{"count":3,"href":"https:\/\/ledsteplight.com\/fr\/wp-json\/wp\/v2\/product\/38036\/revisions"}],"predecessor-version":[{"id":38622,"href":"https:\/\/ledsteplight.com\/fr\/wp-json\/wp\/v2\/product\/38036\/revisions\/38622"}],"wp:featuredmedia":[{"embeddable":true,"href":"https:\/\/ledsteplight.com\/fr\/wp-json\/wp\/v2\/media\/37297"}],"wp:attachment":[{"href":"https:\/\/ledsteplight.com\/fr\/wp-json\/wp\/v2\/media?parent=38036"}],"wp:term":[{"taxonomy":"product_brand","embeddable":true,"href":"https:\/\/ledsteplight.com\/fr\/wp-json\/wp\/v2\/product_brand?post=38036"},{"taxonomy":"product_cat","embeddable":true,"href":"https:\/\/ledsteplight.com\/fr\/wp-json\/wp\/v2\/product_cat?post=38036"},{"taxonomy":"product_tag","embeddable":true,"href":"https:\/\/ledsteplight.com\/fr\/wp-json\/wp\/v2\/product_tag?post=38036"}],"curies":[{"name":"wp","href":"https:\/\/api.w.org\/{rel}","templated":true}]}}