{"id":38037,"date":"2025-09-08T13:04:18","date_gmt":"2025-09-08T13:04:18","guid":{"rendered":"https:\/\/ledsteplight.com\/import-placeholder-for-37195\/"},"modified":"2026-01-19T02:14:22","modified_gmt":"2026-01-19T02:14:22","slug":"wb30rc-outdoor-stair-wall-light-hotel-corridor-lighting-manufacturer","status":"publish","type":"product","link":"https:\/\/ledsteplight.com\/fr\/wb30rc-outdoor-stair-wall-light-hotel-corridor-lighting-manufacturer\/","title":{"rendered":"Lampe murale ext\u00e9rieure pour escaliers WB30Rc | Fabricant d'\u00e9clairage pour h\u00f4tels et couloirs"},"content":{"rendered":"<table data-start=\"72\" data-end=\"1252\">\n<thead data-start=\"72\" data-end=\"162\">\n<tr data-start=\"72\" data-end=\"162\">\n<th data-start=\"72\" data-end=\"100\"><strong data-start=\"74\" data-end=\"87\">Param\u00e8tre<\/strong><\/th>\n<th data-start=\"100\" data-end=\"162\"><strong data-start=\"102\" data-end=\"119\">Sp\u00e9cification<\/strong><\/th>\n<\/tr>\n<\/thead>\n<tbody data-start=\"254\" data-end=\"1252\">\n<tr data-start=\"254\" data-end=\"347\">\n<td><strong data-start=\"256\" data-end=\"265\">Titre<\/strong><\/td>\n<td>MG-WB30Rc LED ultra-mince <strong><a href=\"https:\/\/ledsteplight.com\/fr\/cree-bridgelux-chip-ip65-led-fixture-for-garden-facade-lighting\/\" class=\"waam-auto-link\" title=\"Applique murale\">Applique murale<\/a><\/strong> | 5W, IP65, Dimmable maintenant<\/td>\n<\/tr>\n<tr data-start=\"348\" data-end=\"437\">\n<td><strong data-start=\"350\" data-end=\"367\">Mod\u00e8le du produit<\/strong><\/td>\n<td>MG-WB30Rc<\/td>\n<\/tr>\n<tr data-start=\"438\" data-end=\"528\">\n<td><strong data-start=\"440\" data-end=\"454\">Dimensions<\/strong><\/td>\n<td>\u00d870mm x H150mm x 30mm de profondeur<\/td>\n<\/tr>\n<tr data-start=\"529\" data-end=\"619\">\n<td><strong data-start=\"531\" data-end=\"545\">Module LED<\/strong><\/td>\n<td>LED haute efficacit\u00e9 de 5W<\/td>\n<\/tr>\n<tr data-start=\"620\" data-end=\"710\">\n<td><strong data-start=\"622\" data-end=\"643\"><strong><a href=\"https:\/\/ledsteplight.com\/fr\/dm36b-pro-honeycomb-anti-glare-led-in-ground-light-ip67-24v-dc\/\" class=\"waam-auto-link\" title=\"Temp\u00e9rature de couleur\">Temp\u00e9rature de couleur<\/a><\/strong><\/strong><\/td>\n<td>3000K \/ 4000K \/ 5700K<\/td>\n<\/tr>\n<tr data-start=\"711\" data-end=\"801\">\n<td><strong data-start=\"713\" data-end=\"730\">Tension d'entr\u00e9e<\/strong><\/td>\n<td>AC100-240V, 50-60Hz<\/td>\n<\/tr>\n<tr data-start=\"802\" data-end=\"890\">\n<td><strong data-start=\"804\" data-end=\"814\">Alimentation<\/strong><\/td>\n<td>Tension constante int\u00e9gr\u00e9e (DC24V)<\/td>\n<\/tr>\n<tr data-start=\"891\" data-end=\"981\">\n<td><strong data-start=\"893\" data-end=\"905\">Mat\u00e9riau<\/strong><\/td>\n<td>Aluminium moul\u00e9 sous pression<\/td>\n<\/tr>\n<tr data-start=\"982\" data-end=\"1072\">\n<td><strong data-start=\"984\" data-end=\"994\">Finition<\/strong><\/td>\n<td>Blanc \/ Noir<\/td>\n<\/tr>\n<tr data-start=\"1073\" data-end=\"1163\">\n<td><strong data-start=\"1075\" data-end=\"1088\">Indice de protection<\/strong><\/td>\n<td>IP65<\/td>\n<\/tr>\n<tr data-start=\"1164\" data-end=\"1252\">\n<td><strong data-start=\"1166\" data-end=\"1186\">Fonction de gradation<\/strong><\/td>\n<td>Optionnel (avec driver compatible)<\/td>\n<\/tr>\n<\/tbody>\n<\/table>\n<p data-start=\"897\" data-end=\"1276\"><strong data-start=\"901\" data-end=\"937\">Lampe Murale LED Ultra-Fine WB30Rc<\/strong> est un choix id\u00e9al pour <strong data-start=\"961\" data-end=\"1013\">les couloirs d'h\u00f4tel, les escaliers et les chemins ext\u00e9rieurs<\/strong>, offrant \u00e0 la fois fonctionnalit\u00e9 et un attrait architectural \u00e9l\u00e9gant. Avec une <strong data-start=\"1084\" data-end=\"1107\"><strong><a href=\"https:\/\/ledsteplight.com\/fr\/5w-led-in-ground-lights-ip65-waterproof-outdoor-driveway-garden-floor-lighting\/\" class=\"waam-auto-link\" title=\"Lampe LED 5W\">Lampe LED 5W<\/a><\/strong> source<\/strong> et <strong data-start=\"1112\" data-end=\"1138\">classement \u00e9tanche IP65<\/strong>, elle offre une lumi\u00e8re brillante et sans \u00e9blouissement <strong><a href=\"https:\/\/ledsteplight.com\/fr\/pir-sensor-step-light-top-advantages-for-safety\/\" class=\"waam-auto-link\" title=\"illumination\">illumination<\/a><\/strong> tout en conservant un profil mince et moderne adapt\u00e9 aux projets commerciaux et r\u00e9sidentiels.<\/p>\n<p data-start=\"1278\" data-end=\"1640\">En tant que fournisseur de confiance <strong data-start=\"1291\" data-end=\"1348\">fabricant de luminaires muraux \u00e0 LED et fournisseur OEM en France<\/strong>, nous proposons <strong data-start=\"1361\" data-end=\"1394\">solutions d'\u00e9clairage personnalis\u00e9es<\/strong> pour les architectes, entrepreneurs et concepteurs de projets dans le monde entier. Le <strong data-start=\"1461\" data-end=\"1491\">lampe murale encastr\u00e9e WB30Rc<\/strong> assure des performances stables, une longue dur\u00e9e de vie et une efficacit\u00e9 \u00e9nerg\u00e9tique \u2014 parfaite pour <strong data-start=\"1569\" data-end=\"1637\">les fa\u00e7ades de b\u00e2timents, les escaliers, les patios et les environnements paysagers<\/strong>.<\/p>\n<p>&nbsp;<\/p>","protected":false},"excerpt":{"rendered":"<p>Lampe murale ext\u00e9rieure pour escalier et mur de couloir WB30Rc. LED de 5W, \u00e9tanch\u00e9it\u00e9 IP65, fabricant OEM\/ODM d\u2019\u00e9clairage architectural moderne en Chine.<\/p>","protected":false},"featured_media":37301,"comment_status":"open","ping_status":"closed","template":"","meta":[],"product_brand":[],"product_cat":[69,100,426,427,428,439,429,440,118,430,441,431,442,443,432,433,444,464,445,446,434,435,436,437],"product_tag":[74,103,76,119,83],"class_list":{"0":"post-38037","1":"product","2":"type-product","3":"status-publish","4":"has-post-thumbnail","6":"product_cat-5w","7":"product_cat-aluminum-ground-light","8":"product_cat-ceiling-recessed","9":"product_cat-ceiling-surface","10":"product_cat-ceiling-suspended","11":"product_cat-commercial","12":"product_cat-drivers","13":"product_cat-education","14":"product_cat-frameless-ground-light","15":"product_cat-freestanding-light","16":"product_cat-hospitality","17":"product_cat-industrial","18":"product_cat-infrastructure","19":"product_cat-landscape","20":"product_cat-landscaping","21":"product_cat-linear","22":"product_cat-office","23":"product_cat-c-outdoor-lighting","24":"product_cat-residential","25":"product_cat-retail","26":"product_cat-table-lamp","27":"product_cat-track","28":"product_cat-wall-recessed","29":"product_cat-wall-surface","30":"product_tag-5w-led","31":"product_tag-aluminum-ground-light","32":"product_tag-aluminum-housing","33":"product_tag-frameless-ground-light","34":"product_tag-waterproof-fixture","36":"first","37":"instock","38":"shipping-taxable","39":"product-type-simple"},"_links":{"self":[{"href":"https:\/\/ledsteplight.com\/fr\/wp-json\/wp\/v2\/product\/38037","targetHints":{"allow":["GET"]}}],"collection":[{"href":"https:\/\/ledsteplight.com\/fr\/wp-json\/wp\/v2\/product"}],"about":[{"href":"https:\/\/ledsteplight.com\/fr\/wp-json\/wp\/v2\/types\/product"}],"replies":[{"embeddable":true,"href":"https:\/\/ledsteplight.com\/fr\/wp-json\/wp\/v2\/comments?post=38037"}],"version-history":[{"count":3,"href":"https:\/\/ledsteplight.com\/fr\/wp-json\/wp\/v2\/product\/38037\/revisions"}],"predecessor-version":[{"id":38623,"href":"https:\/\/ledsteplight.com\/fr\/wp-json\/wp\/v2\/product\/38037\/revisions\/38623"}],"wp:featuredmedia":[{"embeddable":true,"href":"https:\/\/ledsteplight.com\/fr\/wp-json\/wp\/v2\/media\/37301"}],"wp:attachment":[{"href":"https:\/\/ledsteplight.com\/fr\/wp-json\/wp\/v2\/media?parent=38037"}],"wp:term":[{"taxonomy":"product_brand","embeddable":true,"href":"https:\/\/ledsteplight.com\/fr\/wp-json\/wp\/v2\/product_brand?post=38037"},{"taxonomy":"product_cat","embeddable":true,"href":"https:\/\/ledsteplight.com\/fr\/wp-json\/wp\/v2\/product_cat?post=38037"},{"taxonomy":"product_tag","embeddable":true,"href":"https:\/\/ledsteplight.com\/fr\/wp-json\/wp\/v2\/product_tag?post=38037"}],"curies":[{"name":"wp","href":"https:\/\/api.w.org\/{rel}","templated":true}]}}