{"id":38038,"date":"2025-09-08T13:04:18","date_gmt":"2025-09-08T13:04:18","guid":{"rendered":"https:\/\/ledsteplight.com\/import-placeholder-for-37196\/"},"modified":"2026-01-19T02:14:22","modified_gmt":"2026-01-19T02:14:22","slug":"3w-low-voltage-led-in-ground-light-waterproof-ip65-recessed-ground-lamp-for-path-driveway","status":"publish","type":"product","link":"https:\/\/ledsteplight.com\/fr\/3w-low-voltage-led-in-ground-light-waterproof-ip65-recessed-ground-lamp-for-path-driveway\/","title":{"rendered":"Lumi\u00e8re encastr\u00e9e LED basse tension 3W | Lampe de sol \u00e9tanche IP65 pour chemin et all\u00e9e"},"content":{"rendered":"<table class=\"OxEWNITQ\">\n<thead>\n<tr>\n<th>Param\u00e8tre<\/th>\n<th>Sp\u00e9cification<\/th>\n<\/tr>\n<\/thead>\n<tbody>\n<tr>\n<td>Mod\u00e8le du produit<\/td>\n<td>MG-WB3636<\/td>\n<\/tr>\n<tr>\n<td>Taille du produit (Taille)<\/td>\n<td>L136<em>W100<\/em>H50mm<\/td>\n<\/tr>\n<tr>\n<td>Taille de d\u00e9coupe (Taille de coupe)<\/td>\n<td>Le diagramme d'installation se r\u00e9f\u00e8re aux sp\u00e9cifications<\/td>\n<\/tr>\n<tr>\n<td>Contr\u00f4le de fonction (Contr\u00f4le de fonction)<\/td>\n<td>Contr\u00f4le par interrupteur<\/td>\n<\/tr>\n<tr>\n<td>Source lumineuse (Source lumineuse)<\/td>\n<td>OSRAM \/ CREE<\/td>\n<\/tr>\n<tr>\n<td>Puissance (Watts)<\/td>\n<td>3W (700mA)<\/td>\n<\/tr>\n<tr>\n<td>Poids du produit (Poids)<\/td>\n<td>0,7kg<\/td>\n<\/tr>\n<tr>\n<td>Param\u00e8tres \u00e9lectriques d'entr\u00e9e (Entr\u00e9e AC)<\/td>\n<td>100-240V, 50~60Hz<\/td>\n<\/tr>\n<tr>\n<td>Alimentation (Alimentation)<\/td>\n<td>(Non sp\u00e9cifi\u00e9 dans les donn\u00e9es originales, g\u00e9n\u00e9ralement un driver int\u00e9gr\u00e9 ou externe serait utilis\u00e9)<\/td>\n<\/tr>\n<tr>\n<td>Angle du r\u00e9flecteur (Angle du r\u00e9flecteur)<\/td>\n<td>(Non sp\u00e9cifi\u00e9)<\/td>\n<\/tr>\n<tr>\n<td>Temp\u00e9rature de couleur (Temp\u00e9rature de couleur)<\/td>\n<td>2700K, 3000K, 4000K, 6000K<\/td>\n<\/tr>\n<tr>\n<td>C\u00e2blage \/ Longueur \/ Connecteur (Connexion)<\/td>\n<td>(Non sp\u00e9cifi\u00e9 dans les donn\u00e9es originales)<\/td>\n<\/tr>\n<tr>\n<td>Mat\u00e9riau du produit (Mat\u00e9riau)<\/td>\n<td>(Non explicitement indiqu\u00e9 en abr\u00e9g\u00e9, mais g\u00e9n\u00e9ralement en aluminium ou similaire pour ce type de produits)<\/td>\n<\/tr>\n<tr>\n<td>Couleur \/ Finition (Couleur)<\/td>\n<td>Blanc \/ Noir<\/td>\n<\/tr>\n<tr>\n<td>Indice de protection (IP)<\/td>\n<td>IP20\/IP65<\/td>\n<\/tr>\n<tr>\n<td>M\u00e9thode d'installation (Installation)<\/td>\n<td>Encastr\u00e9 (avec bo\u00eete pr\u00e9-cach\u00e9e selon le sch\u00e9ma d'installation)<\/td>\n<\/tr>\n<\/tbody>\n<\/table>\n<p>&nbsp;<\/p>\n<div id=\"product_tag\" class=\"tagsdiv\"><\/div>\n<p><b>MG-WB3636 3W basse tension <strong><a href=\"https:\/\/ledsteplight.com\/fr\/dm36b-pro-honeycomb-anti-glare-led-in-ground-light-ip67-24v-dc\/\" class=\"waam-auto-link\" title=\"Lumi\u00e8re encastr\u00e9e LED\">Lumi\u00e8re encastr\u00e9e LED<\/a><\/strong><\/b> est une solution robuste et \u00e9conome en \u00e9nergie con\u00e7ue pour des projets paysagers ext\u00e9rieurs professionnels. Con\u00e7ue pour une int\u00e9gration transparente, cette unit\u00e9 est un choix premium pour \u00e9clairer les chemins, les all\u00e9es, les \u00e9l\u00e9ments de jardin et les accents architecturaux. Elle utilise des <b>3W OSRAM \/ <strong><a href=\"https:\/\/ledsteplight.com\/fr\/cree-bridgelux-chip-ip65-led-fixture-for-garden-facade-lighting\/\" class=\"waam-auto-link\" title=\"LED CREE\">LED CREE<\/a><\/strong> puces<\/b> pour offrir une luminosit\u00e9 sup\u00e9rieure et une coh\u00e9rence des couleurs, garantissant une fiabilit\u00e9 \u00e0 long terme. Fonctionnant sur un <b>syst\u00e8me basse tension<\/b> simplifie l'installation et am\u00e9liore consid\u00e9rablement la s\u00e9curit\u00e9 par rapport aux alternatives \u00e0 haute tension. Avec une excellente <b>classe de protection contre l'intrusion IP65<\/b>, le MG-WB3636 est enti\u00e8rement \u00e9tanche pour r\u00e9sister aux conditions m\u00e9t\u00e9orologiques difficiles, y compris la pluie forte et la poussi\u00e8re, garantissant des performances durables dans tout environnement ext\u00e9rieur.<\/p>\n<p>Cette lampe encastr\u00e9e au sol poss\u00e8de un design compact (L136mm x l100mm x H50mm taille de d\u00e9coupe) et s'installe en utilisant un <b>m\u00e9thode encastr\u00e9e<\/b> avec une bo\u00eete pr\u00e9-cach\u00e9e, la rendant pratiquement invisible pendant la journ\u00e9e. Elle offre une polyvalence remarquable avec plusieurs <b>options de temp\u00e9rature de couleur (CCT)<\/b> : Blanc chaud (2700K\/3000K) pour une ambiance chaleureuse, ou Blanc froid (4000K\/6000K) pour un look plus lumineux et moderne. L'entr\u00e9e universelle <b>100-240V AC<\/b> simplifie le d\u00e9ploiement mondial. Disponible en finition blanche ou noire, la MG-WB3636 transforme les espaces ext\u00e9rieurs en fournissant un <b>\u00e9clairage vers le haut<\/b> pour les arbres et les murs ou en fournissant un <b><strong><a href=\"https:\/\/ledsteplight.com\/fr\/mistakes-to-avoid-when-installing-in-ground-driveway-lights\/\" class=\"waam-auto-link\" title=\"\u00e9clairage au sol essentiel\">\u00e9clairage au sol essentiel<\/a><\/strong><\/b> pour une navigation s\u00fbre et \u00e9l\u00e9gante le long des chemins et des escaliers. Il repr\u00e9sente la combinaison parfaite d'un \u00e9clairage professionnel, de s\u00e9curit\u00e9 et d'un design discret.<\/p>","protected":false},"excerpt":{"rendered":"<p><b>MG-WB3636 Lampe LED encastr\u00e9e basse tension 3W<\/b> est un <b>Projecteur encastr\u00e9 \u00e9tanche IP65 pour sol<\/b> avec puces OSRAM\/CREE. Id\u00e9al pour l'\u00e9clairage professionnel <b>des chemins paysagers et des all\u00e9es<\/b>. Durable et haute performance, disponible en 2700K-6000K CCT.<\/p>","protected":false},"featured_media":37306,"comment_status":"open","ping_status":"closed","template":"","meta":[],"product_brand":[],"product_cat":[100,426,427,428,439,429,440,118,430,441,431,442,443,432,433,444,464,445,446,434,435,436,437],"product_tag":[132,121,133,122,134,103,124,135],"class_list":{"0":"post-38038","1":"product","2":"type-product","3":"status-publish","4":"has-post-thumbnail","6":"product_cat-aluminum-ground-light","7":"product_cat-ceiling-recessed","8":"product_cat-ceiling-surface","9":"product_cat-ceiling-suspended","10":"product_cat-commercial","11":"product_cat-drivers","12":"product_cat-education","13":"product_cat-frameless-ground-light","14":"product_cat-freestanding-light","15":"product_cat-hospitality","16":"product_cat-industrial","17":"product_cat-infrastructure","18":"product_cat-landscape","19":"product_cat-landscaping","20":"product_cat-linear","21":"product_cat-office","22":"product_cat-c-outdoor-lighting","23":"product_cat-residential","24":"product_cat-retail","25":"product_cat-table-lamp","26":"product_cat-track","27":"product_cat-wall-recessed","28":"product_cat-wall-surface","29":"product_tag-2700k-led-light","30":"product_tag-3000k-led-light","31":"product_tag-3w-led-light-fixture","32":"product_tag-4000k-led-light","33":"product_tag-6000k-led-light","34":"product_tag-aluminum-ground-light","35":"product_tag-aluminum-led-light","36":"product_tag-architectural-led-lighting","38":"first","39":"instock","40":"shipping-taxable","41":"product-type-simple"},"_links":{"self":[{"href":"https:\/\/ledsteplight.com\/fr\/wp-json\/wp\/v2\/product\/38038","targetHints":{"allow":["GET"]}}],"collection":[{"href":"https:\/\/ledsteplight.com\/fr\/wp-json\/wp\/v2\/product"}],"about":[{"href":"https:\/\/ledsteplight.com\/fr\/wp-json\/wp\/v2\/types\/product"}],"replies":[{"embeddable":true,"href":"https:\/\/ledsteplight.com\/fr\/wp-json\/wp\/v2\/comments?post=38038"}],"version-history":[{"count":3,"href":"https:\/\/ledsteplight.com\/fr\/wp-json\/wp\/v2\/product\/38038\/revisions"}],"predecessor-version":[{"id":38624,"href":"https:\/\/ledsteplight.com\/fr\/wp-json\/wp\/v2\/product\/38038\/revisions\/38624"}],"wp:featuredmedia":[{"embeddable":true,"href":"https:\/\/ledsteplight.com\/fr\/wp-json\/wp\/v2\/media\/37306"}],"wp:attachment":[{"href":"https:\/\/ledsteplight.com\/fr\/wp-json\/wp\/v2\/media?parent=38038"}],"wp:term":[{"taxonomy":"product_brand","embeddable":true,"href":"https:\/\/ledsteplight.com\/fr\/wp-json\/wp\/v2\/product_brand?post=38038"},{"taxonomy":"product_cat","embeddable":true,"href":"https:\/\/ledsteplight.com\/fr\/wp-json\/wp\/v2\/product_cat?post=38038"},{"taxonomy":"product_tag","embeddable":true,"href":"https:\/\/ledsteplight.com\/fr\/wp-json\/wp\/v2\/product_tag?post=38038"}],"curies":[{"name":"wp","href":"https:\/\/api.w.org\/{rel}","templated":true}]}}