{"id":38039,"date":"2025-09-08T13:04:18","date_gmt":"2025-09-08T13:04:18","guid":{"rendered":"https:\/\/ledsteplight.com\/import-placeholder-for-37209\/"},"modified":"2026-01-19T02:14:21","modified_gmt":"2026-01-19T02:14:21","slug":"sn039-18525-outdoor-led-ground-light-landscape-pathway-lighting-manufacturer","status":"publish","type":"product","link":"https:\/\/ledsteplight.com\/fr\/sn039-18525-outdoor-led-ground-light-landscape-pathway-lighting-manufacturer\/","title":{"rendered":"SN039-18525 Lumi\u00e8re LED de sol ext\u00e9rieure | Fabricant d\u2019\u00e9clairage paysager et de cheminement"},"content":{"rendered":"<table data-start=\"98\" data-end=\"1501\">\n<thead data-start=\"98\" data-end=\"185\">\n<tr data-start=\"98\" data-end=\"185\">\n<th data-start=\"98\" data-end=\"126\"><strong data-start=\"100\" data-end=\"113\">Param\u00e8tre<\/strong><\/th>\n<th data-start=\"126\" data-end=\"185\"><strong data-start=\"128\" data-end=\"145\">Sp\u00e9cification<\/strong><\/th>\n<\/tr>\n<\/thead>\n<tbody data-start=\"274\" data-end=\"1501\">\n<tr data-start=\"274\" data-end=\"361\">\n<td><strong data-start=\"276\" data-end=\"293\">Mod\u00e8le du produit<\/strong><\/td>\n<td>MG-SN039-18525<\/td>\n<\/tr>\n<tr data-start=\"362\" data-end=\"449\">\n<td><strong data-start=\"364\" data-end=\"380\">Taille du produit<\/strong><\/td>\n<td>\u00d839mm x H185mm<\/td>\n<\/tr>\n<tr data-start=\"450\" data-end=\"537\">\n<td><strong data-start=\"452\" data-end=\"468\">Taille de d\u00e9coupe<\/strong><\/td>\n<td>\u00d835mm (approx.)<\/td>\n<\/tr>\n<tr data-start=\"538\" data-end=\"625\">\n<td><strong data-start=\"540\" data-end=\"560\">Contr\u00f4le de fonction<\/strong><\/td>\n<td>Marche\/Arr\u00eat ; gradation optionnelle disponible<\/td>\n<\/tr>\n<tr data-start=\"626\" data-end=\"713\">\n<td><strong data-start=\"628\" data-end=\"644\">Source lumineuse<\/strong><\/td>\n<td>LED CREE \u00e0 haute efficacit\u00e9<\/td>\n<\/tr>\n<tr data-start=\"714\" data-end=\"799\">\n<td><strong data-start=\"716\" data-end=\"727\">Puissance<\/strong><\/td>\n<td>6W<\/td>\n<\/tr>\n<tr data-start=\"800\" data-end=\"887\">\n<td><strong data-start=\"802\" data-end=\"812\">Poids<\/strong><\/td>\n<td>0,45kg (approximativement)<\/td>\n<\/tr>\n<tr data-start=\"888\" data-end=\"975\">\n<td><strong data-start=\"890\" data-end=\"902\">Entr\u00e9e secteur<\/strong><\/td>\n<td>100-240V, 50-60Hz<\/td>\n<\/tr>\n<tr data-start=\"976\" data-end=\"1063\">\n<td><strong data-start=\"978\" data-end=\"988\">Alimentation<\/strong><\/td>\n<td>Driver int\u00e9gr\u00e9<\/td>\n<\/tr>\n<tr data-start=\"1064\" data-end=\"1151\">\n<td><strong data-start=\"1066\" data-end=\"1087\"><strong><a href=\"https:\/\/ledsteplight.com\/fr\/dm36b-pro-honeycomb-anti-glare-led-in-ground-light-ip67-24v-dc\/\" class=\"waam-auto-link\" title=\"Temp\u00e9rature de couleur\">Temp\u00e9rature de couleur<\/a><\/strong><\/strong><\/td>\n<td>3000K, 4000K, 5700K<\/td>\n<\/tr>\n<tr data-start=\"1152\" data-end=\"1239\">\n<td><strong data-start=\"1154\" data-end=\"1166\">Mat\u00e9riau<\/strong><\/td>\n<td>Alliage d'aluminium<\/td>\n<\/tr>\n<tr data-start=\"1240\" data-end=\"1327\">\n<td><strong data-start=\"1242\" data-end=\"1259\">Options de couleur<\/strong><\/td>\n<td>Blanc \/ Noir<\/td>\n<\/tr>\n<tr data-start=\"1328\" data-end=\"1413\">\n<td><strong data-start=\"1330\" data-end=\"1343\">Indice de protection<\/strong><\/td>\n<td>IP65<\/td>\n<\/tr>\n<tr data-start=\"1414\" data-end=\"1501\">\n<td><strong data-start=\"1416\" data-end=\"1432\">Installation<\/strong><\/td>\n<td>Montage encastr\u00e9 au sol<\/td>\n<\/tr>\n<\/tbody>\n<\/table>\n<p data-start=\"876\" data-end=\"1288\"><strong data-start=\"880\" data-end=\"920\">SN039-18525 LED Ext\u00e9rieur <strong><a href=\"https:\/\/ledsteplight.com\/fr\/5w-led-in-ground-lights-ip65-waterproof-outdoor-driveway-garden-floor-lighting\/\" class=\"waam-auto-link\" title=\"Lumi\u00e8re au sol\">Lumi\u00e8re au sol<\/a><\/strong><\/strong> est con\u00e7u pour <strong data-start=\"937\" data-end=\"996\">paysage, chemin, et <strong><a href=\"https:\/\/ledsteplight.com\/fr\/cree-bridgelux-chip-ip65-led-fixture-for-garden-facade-lighting\/\" class=\"waam-auto-link\" title=\"\u00e9clairage architectural\">\u00e9clairage architectural<\/a><\/strong> projets<\/strong> requ\u00e9rant durabilit\u00e9 et \u00e9l\u00e9gance. Avec un <strong data-start=\"1039\" data-end=\"1065\">LED de 6W \u00e0 haute efficacit\u00e9<\/strong> et <strong data-start=\"1070\" data-end=\"1100\">Protection \u00e9tanche IP67<\/strong>, il offre une lumi\u00e8re vive et uniforme <strong><a href=\"https:\/\/ledsteplight.com\/fr\/pir-sensor-step-light-top-advantages-for-safety\/\" class=\"waam-auto-link\" title=\"illumination\">illumination<\/a><\/strong> pour <strong data-start=\"1144\" data-end=\"1196\">les jardins, all\u00e9es, patios et chemins ext\u00e9rieurs<\/strong>. Sa structure robuste garantit une performance stable et une r\u00e9sistance aux intemp\u00e9ries et \u00e0 la corrosion.<\/p>\n<p data-start=\"1290\" data-end=\"1661\">En tant que fabricant professionnel <strong data-start=\"1308\" data-end=\"1350\">Fabricant de luminaires LED pour sol en Chine<\/strong>, nous sommes sp\u00e9cialis\u00e9s dans <strong data-start=\"1369\" data-end=\"1420\">OEM, ODM, et solutions personnalis\u00e9es <strong><a href=\"https:\/\/ledsteplight.com\/fr\/low-voltage-landscape-lighting-effective-outdoor-solutions\/\" class=\"waam-auto-link\" title=\"\u00e9clairage ext\u00e9rieur\">\u00e9clairage ext\u00e9rieur<\/a><\/strong> solutions<\/strong> pour importateurs, entrepreneurs et designers. Le SN039-18525 offre une longue dur\u00e9e de vie, un design \u00e9conome en \u00e9nergie et une finition encastr\u00e9e \u00e9l\u00e9gante\u2014id\u00e9al pour <strong data-start=\"1564\" data-end=\"1624\">les paysages commerciaux, les h\u00f4tels et les fa\u00e7ades architecturales<\/strong> \u00e0 la recherche d\u2019un \u00e9clairage de haute qualit\u00e9.<\/p>","protected":false},"excerpt":{"rendered":"<p>SN039-18525 Projecteur LED ext\u00e9rieur au sol de 6W pour l\u2019\u00e9clairage paysager et de chemin. \u00c9tanche IP67, fabricant OEM\/ODM en Chine pour des projets ext\u00e9rieurs architecturaux.<\/p>","protected":false},"featured_media":37309,"comment_status":"open","ping_status":"closed","template":"","meta":[],"product_brand":[],"product_cat":[99,100,426,427,428,439,429,440,430,441,431,442,443,432,433,444,464,445,446,434,435,436,437],"product_tag":[102,103,76,77,78],"class_list":{"0":"post-38039","1":"product","2":"type-product","3":"status-publish","4":"has-post-thumbnail","6":"product_cat-039-series","7":"product_cat-aluminum-ground-light","8":"product_cat-ceiling-recessed","9":"product_cat-ceiling-surface","10":"product_cat-ceiling-suspended","11":"product_cat-commercial","12":"product_cat-drivers","13":"product_cat-education","14":"product_cat-freestanding-light","15":"product_cat-hospitality","16":"product_cat-industrial","17":"product_cat-infrastructure","18":"product_cat-landscape","19":"product_cat-landscaping","20":"product_cat-linear","21":"product_cat-office","22":"product_cat-c-outdoor-lighting","23":"product_cat-residential","24":"product_cat-retail","25":"product_cat-table-lamp","26":"product_cat-track","27":"product_cat-wall-recessed","28":"product_cat-wall-surface","29":"product_tag-039-series","30":"product_tag-aluminum-ground-light","31":"product_tag-aluminum-housing","32":"product_tag-ground-light","33":"product_tag-outdoor-lighting","35":"first","36":"instock","37":"shipping-taxable","38":"product-type-simple"},"_links":{"self":[{"href":"https:\/\/ledsteplight.com\/fr\/wp-json\/wp\/v2\/product\/38039","targetHints":{"allow":["GET"]}}],"collection":[{"href":"https:\/\/ledsteplight.com\/fr\/wp-json\/wp\/v2\/product"}],"about":[{"href":"https:\/\/ledsteplight.com\/fr\/wp-json\/wp\/v2\/types\/product"}],"replies":[{"embeddable":true,"href":"https:\/\/ledsteplight.com\/fr\/wp-json\/wp\/v2\/comments?post=38039"}],"version-history":[{"count":3,"href":"https:\/\/ledsteplight.com\/fr\/wp-json\/wp\/v2\/product\/38039\/revisions"}],"predecessor-version":[{"id":38625,"href":"https:\/\/ledsteplight.com\/fr\/wp-json\/wp\/v2\/product\/38039\/revisions\/38625"}],"wp:featuredmedia":[{"embeddable":true,"href":"https:\/\/ledsteplight.com\/fr\/wp-json\/wp\/v2\/media\/37309"}],"wp:attachment":[{"href":"https:\/\/ledsteplight.com\/fr\/wp-json\/wp\/v2\/media?parent=38039"}],"wp:term":[{"taxonomy":"product_brand","embeddable":true,"href":"https:\/\/ledsteplight.com\/fr\/wp-json\/wp\/v2\/product_brand?post=38039"},{"taxonomy":"product_cat","embeddable":true,"href":"https:\/\/ledsteplight.com\/fr\/wp-json\/wp\/v2\/product_cat?post=38039"},{"taxonomy":"product_tag","embeddable":true,"href":"https:\/\/ledsteplight.com\/fr\/wp-json\/wp\/v2\/product_tag?post=38039"}],"curies":[{"name":"wp","href":"https:\/\/api.w.org\/{rel}","templated":true}]}}