{"id":38070,"date":"2025-09-08T13:04:26","date_gmt":"2025-09-08T13:04:26","guid":{"rendered":"https:\/\/ledsteplight.com\/import-placeholder-for-37210\/"},"modified":"2026-01-19T02:14:21","modified_gmt":"2026-01-19T02:14:21","slug":"mg-wb65130-led-wall-light-building-facade-hotel-lighting-manufacturer","status":"publish","type":"product","link":"https:\/\/ledsteplight.com\/fr\/mg-wb65130-led-wall-light-building-facade-hotel-lighting-manufacturer\/","title":{"rendered":"Lumi\u00e8re murale LED MG-WB65130 | Fabricant d'\u00e9clairage de fa\u00e7ade de b\u00e2timent et d'h\u00f4tel"},"content":{"rendered":"<table data-start=\"123\" data-end=\"1444\">\n<thead data-start=\"123\" data-end=\"210\">\n<tr data-start=\"123\" data-end=\"210\">\n<th data-start=\"123\" data-end=\"152\"><strong data-start=\"125\" data-end=\"138\">Param\u00e8tre<\/strong><\/th>\n<th data-start=\"152\" data-end=\"210\"><strong data-start=\"154\" data-end=\"183\">Sp\u00e9cification\/Description<\/strong><\/th>\n<\/tr>\n<\/thead>\n<tbody data-start=\"299\" data-end=\"1444\">\n<tr data-start=\"299\" data-end=\"386\">\n<td><strong data-start=\"301\" data-end=\"318\">Mod\u00e8le du produit<\/strong><\/td>\n<td>MG-WB65130<\/td>\n<\/tr>\n<tr data-start=\"387\" data-end=\"474\">\n<td><strong data-start=\"389\" data-end=\"409\">Cat\u00e9gorie de produit<\/strong><\/td>\n<td>Syst\u00e8me d'\u00e9clairage mural \u00e0 LED<\/td>\n<\/tr>\n<tr data-start=\"475\" data-end=\"562\">\n<td><strong data-start=\"477\" data-end=\"498\"><strong><a href=\"https:\/\/ledsteplight.com\/fr\/dm36b-pro-honeycomb-anti-glare-led-in-ground-light-ip67-24v-dc\/\" class=\"waam-auto-link\" title=\"Tension de fonctionnement\">Tension de fonctionnement<\/a><\/strong><\/strong><\/td>\n<td>220-240V CA <em data-start=\"518\" data-end=\"535\">(valeur d'exemple)<\/em><\/td>\n<\/tr>\n<tr data-start=\"563\" data-end=\"650\">\n<td><strong data-start=\"565\" data-end=\"586\">Courant de fonctionnement<\/strong><\/td>\n<td>\u2014 (Non sp\u00e9cifi\u00e9)<\/td>\n<\/tr>\n<tr data-start=\"651\" data-end=\"738\">\n<td><strong data-start=\"653\" data-end=\"674\">Consommation d'\u00e9nergie<\/strong><\/td>\n<td>&lt; 65W <em data-start=\"688\" data-end=\"705\">(valeur d'exemple)<\/em><\/td>\n<\/tr>\n<tr data-start=\"739\" data-end=\"826\">\n<td><strong data-start=\"741\" data-end=\"757\">Flux lumineux<\/strong><\/td>\n<td>6500 lm <em data-start=\"778\" data-end=\"795\">(valeur d'exemple)<\/em><\/td>\n<\/tr>\n<tr data-start=\"827\" data-end=\"914\">\n<td><strong data-start=\"829\" data-end=\"850\">Temp\u00e9rature de couleur<\/strong><\/td>\n<td>Blanc neutre 4000K<\/td>\n<\/tr>\n<tr data-start=\"915\" data-end=\"1002\">\n<td><strong data-start=\"917\" data-end=\"930\">Indice de protection<\/strong><\/td>\n<td>IP65 (Convient pour applications int\u00e9rieures\/ext\u00e9rieures)<\/td>\n<\/tr>\n<tr data-start=\"1003\" data-end=\"1090\">\n<td><strong data-start=\"1005\" data-end=\"1030\">Temp\u00e9rature de fonctionnement<\/strong><\/td>\n<td>-10\u00b0C \u00e0 +50\u00b0C<\/td>\n<\/tr>\n<tr data-start=\"1091\" data-end=\"1178\">\n<td><strong data-start=\"1093\" data-end=\"1107\">Dimensions<\/strong><\/td>\n<td>\u2014 (Non sp\u00e9cifi\u00e9)<\/td>\n<\/tr>\n<tr data-start=\"1179\" data-end=\"1266\">\n<td><strong data-start=\"1181\" data-end=\"1191\">Poids<\/strong><\/td>\n<td>\u2014 (Non sp\u00e9cifi\u00e9)<\/td>\n<\/tr>\n<tr data-start=\"1267\" data-end=\"1354\">\n<td><strong data-start=\"1269\" data-end=\"1281\">Dur\u00e9e de vie<\/strong><\/td>\n<td>Jusqu'\u00e0 40 000 heures <em data-start=\"1317\" data-end=\"1334\">(valeur d'exemple)<\/em><\/td>\n<\/tr>\n<tr data-start=\"1355\" data-end=\"1444\">\n<td><strong data-start=\"1357\" data-end=\"1380\">Fonctionnalit\u00e9s suppl\u00e9mentaires<\/strong><\/td>\n<td>Contr\u00f4le intelligent, dimmable, \u00e9co\u00e9nerg\u00e9tique, conception robuste<\/td>\n<\/tr>\n<\/tbody>\n<\/table>\n<p data-start=\"723\" data-end=\"1139\"><strong data-start=\"727\" data-end=\"766\">Syst\u00e8me d'\u00e9clairage mural LED MG-WB65130<\/strong> est con\u00e7u pour <strong data-start=\"785\" data-end=\"818\">moderne <strong><a href=\"https:\/\/ledsteplight.com\/fr\/cree-bridgelux-chip-ip65-led-fixture-for-garden-facade-lighting\/\" class=\"waam-auto-link\" title=\"\u00e9clairage architectural\">\u00e9clairage architectural<\/a><\/strong><\/strong> dans les b\u00e2timents commerciaux, h\u00f4tels et espaces publics. Dot\u00e9 d'un <strong data-start=\"883\" data-end=\"910\">LED haute efficacit\u00e9 de 65W<\/strong> avec <strong data-start=\"916\" data-end=\"951\">une sortie blanche neutre douce de 4000K<\/strong>, il offre un lavage mural uniforme <strong><a href=\"https:\/\/ledsteplight.com\/fr\/pir-sensor-step-light-top-advantages-for-safety\/\" class=\"waam-auto-link\" title=\"illumination\">illumination<\/a><\/strong> qui am\u00e9liore les textures des b\u00e2timents et l'esth\u00e9tique du design. Le <strong data-start=\"1058\" data-end=\"1073\">classement IP65<\/strong> assure une utilisation fiable en int\u00e9rieur comme en ext\u00e9rieur.<\/p>\n<p data-start=\"1141\" data-end=\"1583\">En tant que fabricant professionnel <strong data-start=\"1159\" data-end=\"1193\">d'\u00e9clairage mural LED<\/strong>, nous proposons <strong data-start=\"1206\" data-end=\"1256\">des solutions d'\u00e9clairage de fa\u00e7ade OEM, ODM et sur mesure<\/strong> pour les distributeurs d'\u00e9clairage, les entrepreneurs en ing\u00e9nierie et les designers architecturaux. Le MG-WB65130 supporte <strong data-start=\"1362\" data-end=\"1391\">le contr\u00f4le intelligent et la gradation<\/strong>, offre une dur\u00e9e de vie allant jusqu'\u00e0 40 000 heures, et est id\u00e9al pour <strong data-start=\"1451\" data-end=\"1535\">les fa\u00e7ades de b\u00e2timents, les ext\u00e9rieurs d'h\u00f4tels, les couloirs, les places et les environnements paysagers<\/strong> n\u00e9cessitant un \u00e9clairage mural haute performance.<\/p>","protected":false},"excerpt":{"rendered":"<p data-start=\"4282\" data-end=\"4724\">Applique murale LED MG-WB65130 pour fa\u00e7ades de b\u00e2timents et h\u00f4tels. 65W, IP65, \u00e9clairage architectural moderne. Fabricant OEM\/ODM de syst\u00e8mes d\u2019\u00e9clairage mural ext\u00e9rieur.<\/p>","protected":false},"featured_media":37312,"comment_status":"open","ping_status":"closed","template":"","meta":[],"product_brand":[],"product_cat":[100,426,427,428,439,429,440,118,430,441,431,442,443,432,433,444,464,445,446,434,435,436,437],"product_tag":[103,76,119,111,110,109,115],"class_list":{"0":"post-38070","1":"product","2":"type-product","3":"status-publish","4":"has-post-thumbnail","6":"product_cat-aluminum-ground-light","7":"product_cat-ceiling-recessed","8":"product_cat-ceiling-surface","9":"product_cat-ceiling-suspended","10":"product_cat-commercial","11":"product_cat-drivers","12":"product_cat-education","13":"product_cat-frameless-ground-light","14":"product_cat-freestanding-light","15":"product_cat-hospitality","16":"product_cat-industrial","17":"product_cat-infrastructure","18":"product_cat-landscape","19":"product_cat-landscaping","20":"product_cat-linear","21":"product_cat-office","22":"product_cat-c-outdoor-lighting","23":"product_cat-residential","24":"product_cat-retail","25":"product_cat-table-lamp","26":"product_cat-track","27":"product_cat-wall-recessed","28":"product_cat-wall-surface","29":"product_tag-aluminum-ground-light","30":"product_tag-aluminum-housing","31":"product_tag-frameless-ground-light","32":"product_tag-garden-lighting","33":"product_tag-landscape-light","34":"product_tag-led-fixture","35":"product_tag-recessed-light","37":"first","38":"instock","39":"shipping-taxable","40":"product-type-simple"},"_links":{"self":[{"href":"https:\/\/ledsteplight.com\/fr\/wp-json\/wp\/v2\/product\/38070","targetHints":{"allow":["GET"]}}],"collection":[{"href":"https:\/\/ledsteplight.com\/fr\/wp-json\/wp\/v2\/product"}],"about":[{"href":"https:\/\/ledsteplight.com\/fr\/wp-json\/wp\/v2\/types\/product"}],"replies":[{"embeddable":true,"href":"https:\/\/ledsteplight.com\/fr\/wp-json\/wp\/v2\/comments?post=38070"}],"version-history":[{"count":3,"href":"https:\/\/ledsteplight.com\/fr\/wp-json\/wp\/v2\/product\/38070\/revisions"}],"predecessor-version":[{"id":38613,"href":"https:\/\/ledsteplight.com\/fr\/wp-json\/wp\/v2\/product\/38070\/revisions\/38613"}],"wp:featuredmedia":[{"embeddable":true,"href":"https:\/\/ledsteplight.com\/fr\/wp-json\/wp\/v2\/media\/37312"}],"wp:attachment":[{"href":"https:\/\/ledsteplight.com\/fr\/wp-json\/wp\/v2\/media?parent=38070"}],"wp:term":[{"taxonomy":"product_brand","embeddable":true,"href":"https:\/\/ledsteplight.com\/fr\/wp-json\/wp\/v2\/product_brand?post=38070"},{"taxonomy":"product_cat","embeddable":true,"href":"https:\/\/ledsteplight.com\/fr\/wp-json\/wp\/v2\/product_cat?post=38070"},{"taxonomy":"product_tag","embeddable":true,"href":"https:\/\/ledsteplight.com\/fr\/wp-json\/wp\/v2\/product_tag?post=38070"}],"curies":[{"name":"wp","href":"https:\/\/api.w.org\/{rel}","templated":true}]}}