{"id":38072,"date":"2025-09-08T13:04:26","date_gmt":"2025-09-08T13:04:26","guid":{"rendered":"https:\/\/ledsteplight.com\/import-placeholder-for-37212\/"},"modified":"2026-01-19T02:14:20","modified_gmt":"2026-01-19T02:14:20","slug":"smart-ambient-ground-light-sensor-ip67-waterproof-custom-manufacturing-wholesale","status":"publish","type":"product","link":"https:\/\/ledsteplight.com\/fr\/smart-ambient-ground-light-sensor-ip67-waterproof-custom-manufacturing-wholesale\/","title":{"rendered":"Capteur intelligent de lumi\u00e8re ambiante au sol | \u00c9tanch\u00e9it\u00e9 IP67 | Fabrication sur mesure et vente en gros"},"content":{"rendered":"<table data-start=\"129\" data-end=\"1382\">\n<thead data-start=\"129\" data-end=\"211\">\n<tr data-start=\"129\" data-end=\"211\">\n<th data-start=\"129\" data-end=\"158\"><strong data-start=\"131\" data-end=\"144\">Param\u00e8tre<\/strong><\/th>\n<th data-start=\"158\" data-end=\"211\"><strong data-start=\"160\" data-end=\"189\">Sp\u00e9cification\/Description<\/strong><\/th>\n<\/tr>\n<\/thead>\n<tbody data-start=\"295\" data-end=\"1382\">\n<tr data-start=\"295\" data-end=\"377\">\n<td><strong data-start=\"297\" data-end=\"314\">Mod\u00e8le du produit<\/strong><\/td>\n<td>MG-SN026<\/td>\n<\/tr>\n<tr data-start=\"378\" data-end=\"460\">\n<td><strong data-start=\"380\" data-end=\"400\">Cat\u00e9gorie de produit<\/strong><\/td>\n<td>Capteur de lumi\u00e8re ambiante intelligent<\/td>\n<\/tr>\n<tr data-start=\"461\" data-end=\"543\">\n<td><strong data-start=\"463\" data-end=\"484\"><strong><a href=\"https:\/\/ledsteplight.com\/fr\/dm36b-pro-honeycomb-anti-glare-led-in-ground-light-ip67-24v-dc\/\" class=\"waam-auto-link\" title=\"Tension de fonctionnement\">Tension de fonctionnement<\/a><\/strong><\/strong><\/td>\n<td>12V DC <em data-start=\"499\" data-end=\"516\">(valeur d'exemple)<\/em><\/td>\n<\/tr>\n<tr data-start=\"544\" data-end=\"626\">\n<td><strong data-start=\"546\" data-end=\"567\">Courant de fonctionnement<\/strong><\/td>\n<td>\u2014 (Non sp\u00e9cifi\u00e9)<\/td>\n<\/tr>\n<tr data-start=\"627\" data-end=\"709\">\n<td><strong data-start=\"629\" data-end=\"650\">Consommation d'\u00e9nergie<\/strong><\/td>\n<td>&lt; 0,4W <em data-start=\"665\" data-end=\"682\">(valeur d'exemple)<\/em><\/td>\n<\/tr>\n<tr data-start=\"710\" data-end=\"792\">\n<td><strong data-start=\"712\" data-end=\"737\">Sensibilit\u00e9 de d\u00e9tection<\/strong><\/td>\n<td>Haute sensibilit\u00e9 avec seuil r\u00e9glable<\/td>\n<\/tr>\n<tr data-start=\"793\" data-end=\"875\">\n<td><strong data-start=\"795\" data-end=\"812\">Temps de r\u00e9ponse<\/strong><\/td>\n<td>&lt; 0,15 sec <em data-start=\"835\" data-end=\"852\">(valeur d'exemple)<\/em><\/td>\n<\/tr>\n<tr data-start=\"876\" data-end=\"958\">\n<td><strong data-start=\"878\" data-end=\"891\">Indice de protection<\/strong><\/td>\n<td>IP67 (Imperm\u00e9able et anti-poussi\u00e8re)<\/td>\n<\/tr>\n<tr data-start=\"959\" data-end=\"1041\">\n<td><strong data-start=\"961\" data-end=\"986\">Temp\u00e9rature de fonctionnement<\/strong><\/td>\n<td>-20\u00b0C \u00e0 +60\u00b0C<\/td>\n<\/tr>\n<tr data-start=\"1042\" data-end=\"1124\">\n<td><strong data-start=\"1044\" data-end=\"1058\">Dimensions<\/strong><\/td>\n<td>\u2014 (Non sp\u00e9cifi\u00e9)<\/td>\n<\/tr>\n<tr data-start=\"1125\" data-end=\"1207\">\n<td><strong data-start=\"1127\" data-end=\"1137\">Poids<\/strong><\/td>\n<td>\u2014 (Non sp\u00e9cifi\u00e9)<\/td>\n<\/tr>\n<tr data-start=\"1208\" data-end=\"1290\">\n<td><strong data-start=\"1210\" data-end=\"1222\">Dur\u00e9e de vie<\/strong><\/td>\n<td>Jusqu'\u00e0 50 000 heures <em data-start=\"1258\" data-end=\"1275\">(valeur d'exemple)<\/em><\/td>\n<\/tr>\n<tr data-start=\"1291\" data-end=\"1382\">\n<td><strong data-start=\"1293\" data-end=\"1316\">Fonctionnalit\u00e9s suppl\u00e9mentaires<\/strong><\/td>\n<td>Int\u00e9gration de contr\u00f4le intelligent, \u00e9conome en \u00e9nergie, conception robuste<\/td>\n<\/tr>\n<\/tbody>\n<\/table>\n<p data-start=\"651\" data-end=\"1139\"><strong data-start=\"655\" data-end=\"707\">MG-SN026 Ambiant Intelligent <strong><a href=\"https:\/\/ledsteplight.com\/fr\/5w-led-in-ground-lights-ip65-waterproof-outdoor-driveway-garden-floor-lighting\/\" class=\"waam-auto-link\" title=\"Lumi\u00e8re au sol\">Lumi\u00e8re au sol<\/a><\/strong> Capteur<\/strong> est con\u00e7u pour des syst\u00e8mes d\u2019\u00e9clairage ext\u00e9rieur avanc\u00e9s <strong data-start=\"733\" data-end=\"767\">intelligent <strong><a href=\"https:\/\/ledsteplight.com\/fr\/low-voltage-landscape-lighting-effective-outdoor-solutions\/\" class=\"waam-auto-link\" title=\"\u00e9clairage ext\u00e9rieur\">\u00e9clairage ext\u00e9rieur<\/a><\/strong> <strong><a href=\"https:\/\/ledsteplight.com\/fr\/ultimate-guide-to-landscape-inground-lighting-solutions\/\" class=\"waam-auto-link\" title=\"syst\u00e8mes\">syst\u00e8mes<\/a><\/strong><\/strong>, offrant une d\u00e9tection pr\u00e9cise de la lumi\u00e8re et un fonctionnement \u00e9conome en \u00e9nergie. Avec son <strong data-start=\"843\" data-end=\"863\">haute sensibilit\u00e9<\/strong> et un temps de r\u00e9ponse rapide (&lt;0,15 sec), il ajuste automatiquement <strong><a href=\"https:\/\/ledsteplight.com\/fr\/pir-sensor-step-light-top-advantages-for-safety\/\" class=\"waam-auto-link\" title=\"illumination\">illumination<\/a><\/strong> en fonction de la luminosit\u00e9 ambiante. Le <strong data-start=\"971\" data-end=\"997\">classe d'\u00e9tanch\u00e9it\u00e9 IP67<\/strong> assure des performances fiables dans des environnements ext\u00e9rieurs difficiles, ce qui le rend id\u00e9al pour les jardins, les chemins, et <strong><a href=\"https:\/\/ledsteplight.com\/fr\/cree-bridgelux-chip-ip65-led-fixture-for-garden-facade-lighting\/\" class=\"waam-auto-link\" title=\"\u00e9clairage architectural\">\u00e9clairage architectural<\/a><\/strong> d'\u00e9clairage.<\/p>\n<p data-start=\"1141\" data-end=\"1511\">En tant que fabricant professionnel <strong data-start=\"1159\" data-end=\"1192\">Fabricant de luminaires LED pour sol<\/strong>, nous proposons <strong data-start=\"1205\" data-end=\"1252\">Solutions d\u2019\u00e9clairage intelligent OEM et personnalis\u00e9es<\/strong> pour r\u00e9pondre \u00e0 diff\u00e9rents besoins d\u2019installation et de conception. Le MG-SN026 pr\u00e9sente une faible consommation d\u2019\u00e9nergie (&lt;0,4W), une longue dur\u00e9e de vie jusqu\u2019\u00e0 <strong data-start=\"1375\" data-end=\"1391\">50 000 heures<\/strong>, et une int\u00e9gration transparente avec des syst\u00e8mes de contr\u00f4le d\u2019\u00e9clairage intelligents\u2014parfait pour des projets ext\u00e9rieurs modernes et durables.<\/p>","protected":false},"excerpt":{"rendered":"<p data-start=\"3636\" data-end=\"4116\">Capteur de lumi\u00e8re ambiante intelligente MG-SN026. \u00c9tanch\u00e9it\u00e9 IP67, haute sensibilit\u00e9, \u00e9conome en \u00e9nergie, fabricant OEM et sur mesure pour l\u2019\u00e9clairage pour applications ext\u00e9rieures.<\/p>","protected":false},"featured_media":37320,"comment_status":"open","ping_status":"closed","template":"","meta":[],"product_brand":[],"product_cat":[100,426,427,428,439,429,440,430,441,431,442,443,432,433,444,112,464,445,446,434,435,436,437],"product_tag":[103,76,77,113,78],"class_list":{"0":"post-38072","1":"product","2":"type-product","3":"status-publish","4":"has-post-thumbnail","6":"product_cat-aluminum-ground-light","7":"product_cat-ceiling-recessed","8":"product_cat-ceiling-surface","9":"product_cat-ceiling-suspended","10":"product_cat-commercial","11":"product_cat-drivers","12":"product_cat-education","13":"product_cat-freestanding-light","14":"product_cat-hospitality","15":"product_cat-industrial","16":"product_cat-infrastructure","17":"product_cat-landscape","18":"product_cat-landscaping","19":"product_cat-linear","20":"product_cat-office","21":"product_cat-outdoor-ground-light","22":"product_cat-c-outdoor-lighting","23":"product_cat-residential","24":"product_cat-retail","25":"product_cat-table-lamp","26":"product_cat-track","27":"product_cat-wall-recessed","28":"product_cat-wall-surface","29":"product_tag-aluminum-ground-light","30":"product_tag-aluminum-housing","31":"product_tag-ground-light","32":"product_tag-outdoor-ground-light","33":"product_tag-outdoor-lighting","35":"first","36":"instock","37":"shipping-taxable","38":"product-type-simple"},"_links":{"self":[{"href":"https:\/\/ledsteplight.com\/fr\/wp-json\/wp\/v2\/product\/38072","targetHints":{"allow":["GET"]}}],"collection":[{"href":"https:\/\/ledsteplight.com\/fr\/wp-json\/wp\/v2\/product"}],"about":[{"href":"https:\/\/ledsteplight.com\/fr\/wp-json\/wp\/v2\/types\/product"}],"replies":[{"embeddable":true,"href":"https:\/\/ledsteplight.com\/fr\/wp-json\/wp\/v2\/comments?post=38072"}],"version-history":[{"count":3,"href":"https:\/\/ledsteplight.com\/fr\/wp-json\/wp\/v2\/product\/38072\/revisions"}],"predecessor-version":[{"id":38615,"href":"https:\/\/ledsteplight.com\/fr\/wp-json\/wp\/v2\/product\/38072\/revisions\/38615"}],"wp:featuredmedia":[{"embeddable":true,"href":"https:\/\/ledsteplight.com\/fr\/wp-json\/wp\/v2\/media\/37320"}],"wp:attachment":[{"href":"https:\/\/ledsteplight.com\/fr\/wp-json\/wp\/v2\/media?parent=38072"}],"wp:term":[{"taxonomy":"product_brand","embeddable":true,"href":"https:\/\/ledsteplight.com\/fr\/wp-json\/wp\/v2\/product_brand?post=38072"},{"taxonomy":"product_cat","embeddable":true,"href":"https:\/\/ledsteplight.com\/fr\/wp-json\/wp\/v2\/product_cat?post=38072"},{"taxonomy":"product_tag","embeddable":true,"href":"https:\/\/ledsteplight.com\/fr\/wp-json\/wp\/v2\/product_tag?post=38072"}],"curies":[{"name":"wp","href":"https:\/\/api.w.org\/{rel}","templated":true}]}}