{"id":38074,"date":"2025-09-08T13:04:26","date_gmt":"2025-09-08T13:04:26","guid":{"rendered":"https:\/\/ledsteplight.com\/import-placeholder-for-37225\/"},"modified":"2026-01-19T02:14:19","modified_gmt":"2026-01-19T02:14:19","slug":"gyd027-outdoor-motion-sensor-86-ground-light-oem-factory","status":"publish","type":"product","link":"https:\/\/ledsteplight.com\/fr\/gyd027-outdoor-motion-sensor-86-ground-light-oem-factory\/","title":{"rendered":"GYD027 Lampe de sol ext\u00e9rieure avec d\u00e9tecteur de mouvement 86 | Usine OEM"},"content":{"rendered":"<table data-start=\"132\" data-end=\"1461\">\n<thead data-start=\"132\" data-end=\"219\">\n<tr data-start=\"132\" data-end=\"219\">\n<th data-start=\"132\" data-end=\"161\"><strong data-start=\"134\" data-end=\"147\">Param\u00e8tre<\/strong><\/th>\n<th data-start=\"161\" data-end=\"219\"><strong data-start=\"163\" data-end=\"192\">Sp\u00e9cification\/Description<\/strong><\/th>\n<\/tr>\n<\/thead>\n<tbody data-start=\"308\" data-end=\"1461\">\n<tr data-start=\"308\" data-end=\"395\">\n<td><strong data-start=\"310\" data-end=\"327\">Mod\u00e8le du produit<\/strong><\/td>\n<td>MG-GYD027<\/td>\n<\/tr>\n<tr data-start=\"396\" data-end=\"483\">\n<td><strong data-start=\"398\" data-end=\"418\">Cat\u00e9gorie de produit<\/strong><\/td>\n<td>Luminaire encastr\u00e9 \u00e0 LED<\/td>\n<\/tr>\n<tr data-start=\"484\" data-end=\"571\">\n<td><strong data-start=\"486\" data-end=\"507\"><strong><a href=\"https:\/\/ledsteplight.com\/fr\/dm36b-pro-honeycomb-anti-glare-led-in-ground-light-ip67-24v-dc\/\" class=\"waam-auto-link\" title=\"Tension de fonctionnement\">Tension de fonctionnement<\/a><\/strong><\/strong><\/td>\n<td>24V DC <em data-start=\"522\" data-end=\"539\">(valeur d'exemple)<\/em><\/td>\n<\/tr>\n<tr data-start=\"572\" data-end=\"659\">\n<td><strong data-start=\"574\" data-end=\"595\">Courant de fonctionnement<\/strong><\/td>\n<td>\u2014 (Non sp\u00e9cifi\u00e9)<\/td>\n<\/tr>\n<tr data-start=\"660\" data-end=\"747\">\n<td><strong data-start=\"662\" data-end=\"683\">Consommation d'\u00e9nergie<\/strong><\/td>\n<td>&lt;35W <em data-start=\"696\" data-end=\"713\">(valeur d'exemple)<\/em><\/td>\n<\/tr>\n<tr data-start=\"748\" data-end=\"835\">\n<td><strong data-start=\"750\" data-end=\"766\">Flux lumineux<\/strong><\/td>\n<td>2700 lm <em data-start=\"787\" data-end=\"804\">(valeur d'exemple)<\/em><\/td>\n<\/tr>\n<tr data-start=\"836\" data-end=\"921\">\n<td><strong data-start=\"838\" data-end=\"859\">Temp\u00e9rature de couleur<\/strong><\/td>\n<td>4000K<\/td>\n<\/tr>\n<tr data-start=\"922\" data-end=\"1009\">\n<td><strong data-start=\"924\" data-end=\"937\">Indice de protection<\/strong><\/td>\n<td>IP67 (Imperm\u00e9able et anti-poussi\u00e8re)<\/td>\n<\/tr>\n<tr data-start=\"1010\" data-end=\"1097\">\n<td><strong data-start=\"1012\" data-end=\"1037\">Temp\u00e9rature de fonctionnement<\/strong><\/td>\n<td>-20\u00b0C \u00e0 +60\u00b0C<\/td>\n<\/tr>\n<tr data-start=\"1098\" data-end=\"1185\">\n<td><strong data-start=\"1100\" data-end=\"1114\">Dimensions<\/strong><\/td>\n<td>\u2014 (Non sp\u00e9cifi\u00e9)<\/td>\n<\/tr>\n<tr data-start=\"1186\" data-end=\"1273\">\n<td><strong data-start=\"1188\" data-end=\"1198\">Poids<\/strong><\/td>\n<td>\u2014 (Non sp\u00e9cifi\u00e9)<\/td>\n<\/tr>\n<tr data-start=\"1274\" data-end=\"1361\">\n<td><strong data-start=\"1276\" data-end=\"1288\">Dur\u00e9e de vie<\/strong><\/td>\n<td>Jusqu'\u00e0 50 000 heures <em data-start=\"1324\" data-end=\"1341\">(valeur d'exemple)<\/em><\/td>\n<\/tr>\n<tr data-start=\"1362\" data-end=\"1461\">\n<td><strong data-start=\"1364\" data-end=\"1387\">Fonctionnalit\u00e9s suppl\u00e9mentaires<\/strong><\/td>\n<td>Contr\u00f4le intelligent, conception modulaire, \u00e9conomie d'\u00e9nergie, installation facile<\/td>\n<\/tr>\n<\/tbody>\n<\/table>\n<p data-start=\"712\" data-end=\"1176\"><strong data-start=\"716\" data-end=\"764\">GYD027 Ext\u00e9rieur <strong><a href=\"https:\/\/ledsteplight.com\/fr\/pir-sensor-step-light-top-advantages-for-safety\/\" class=\"waam-auto-link\" title=\"Capteur de mouvement\">Capteur de mouvement<\/a><\/strong> 86 <strong><a href=\"https:\/\/ledsteplight.com\/fr\/5w-led-in-ground-lights-ip65-waterproof-outdoor-driveway-garden-floor-lighting\/\" class=\"waam-auto-link\" title=\"Lumi\u00e8re au sol\">Lumi\u00e8re au sol<\/a><\/strong><\/strong> associe un design \u00e9l\u00e9gant \u00e0 une fonctionnalit\u00e9 intelligente, ce qui le rend id\u00e9al pour l'\u00e9clairage moderne <strong data-start=\"848\" data-end=\"882\">du paysage et des chemins<\/strong>. \u00c9quip\u00e9 d'un <strong data-start=\"900\" data-end=\"934\">capteur de mouvement \u00e0 haute sensibilit\u00e9<\/strong>, ce luminaire active automatiquement l'\u00e9clairage lorsqu'un mouvement est d\u00e9tect\u00e9, offrant un \u00e9clairage \u00e9conome en \u00e9nergie et une s\u00e9curit\u00e9 accrue en ext\u00e9rieur. Sa <strong data-start=\"1082\" data-end=\"1111\">structure \u00e9tanche IP67<\/strong> assure une performance durable dans toutes les conditions m\u00e9t\u00e9orologiques.<\/p>\n<p data-start=\"1178\" data-end=\"1550\">En tant que fabricant professionnel <strong data-start=\"1196\" data-end=\"1229\">Fabricant de luminaires LED pour sol<\/strong>, nous sommes sp\u00e9cialis\u00e9s dans <strong data-start=\"1248\" data-end=\"1285\">Solutions d'\u00e9clairage OEM et personnalis\u00e9es<\/strong> adapt\u00e9 aux projets architecturaux et paysagers. Le <strong data-start=\"1341\" data-end=\"1371\">projecteur au sol avec capteur GYD027<\/strong> prend en charge une installation de type 86, poss\u00e8de une construction durable et offre un fonctionnement stable \u00e0 faible consommation d'\u00e9nergie \u2014 parfait pour les jardins, all\u00e9es, patios et maisons intelligentes <strong><a href=\"https:\/\/ledsteplight.com\/fr\/cree-bridgelux-chip-ip65-led-fixture-for-garden-facade-lighting\/\" class=\"waam-auto-link\" title=\"\u00e9clairage ext\u00e9rieur\">\u00e9clairage ext\u00e9rieur<\/a><\/strong> <strong><a href=\"https:\/\/ledsteplight.com\/fr\/ultimate-guide-to-landscape-inground-lighting-solutions\/\" class=\"waam-auto-link\" title=\"syst\u00e8mes\">syst\u00e8mes<\/a><\/strong>.<\/p>","protected":false},"excerpt":{"rendered":"<p data-start=\"4123\" data-end=\"4584\">lampe au sol avec capteur de mouvement, lampe au sol ext\u00e9rieure \u00e0 LED, lampe au sol de type 86, \u00e9clairage ext\u00e9rieur intelligent, LED \u00e9tanche IP67, \u00e9clairage de chemin, fabricant de lumi\u00e8res paysag\u00e8res, \u00e9clairage LED OEM, lampe au sol personnalis\u00e9e, LED \u00e0 activation par mouvement<\/p>","protected":false},"featured_media":37324,"comment_status":"open","ping_status":"closed","template":"","meta":[],"product_brand":[],"product_cat":[100,426,427,428,439,429,440,430,441,431,442,443,432,433,444,112,464,445,446,434,435,436,437],"product_tag":[103,76,77,113,78],"class_list":{"0":"post-38074","1":"product","2":"type-product","3":"status-publish","4":"has-post-thumbnail","6":"product_cat-aluminum-ground-light","7":"product_cat-ceiling-recessed","8":"product_cat-ceiling-surface","9":"product_cat-ceiling-suspended","10":"product_cat-commercial","11":"product_cat-drivers","12":"product_cat-education","13":"product_cat-freestanding-light","14":"product_cat-hospitality","15":"product_cat-industrial","16":"product_cat-infrastructure","17":"product_cat-landscape","18":"product_cat-landscaping","19":"product_cat-linear","20":"product_cat-office","21":"product_cat-outdoor-ground-light","22":"product_cat-c-outdoor-lighting","23":"product_cat-residential","24":"product_cat-retail","25":"product_cat-table-lamp","26":"product_cat-track","27":"product_cat-wall-recessed","28":"product_cat-wall-surface","29":"product_tag-aluminum-ground-light","30":"product_tag-aluminum-housing","31":"product_tag-ground-light","32":"product_tag-outdoor-ground-light","33":"product_tag-outdoor-lighting","35":"first","36":"instock","37":"shipping-taxable","38":"product-type-simple"},"_links":{"self":[{"href":"https:\/\/ledsteplight.com\/fr\/wp-json\/wp\/v2\/product\/38074","targetHints":{"allow":["GET"]}}],"collection":[{"href":"https:\/\/ledsteplight.com\/fr\/wp-json\/wp\/v2\/product"}],"about":[{"href":"https:\/\/ledsteplight.com\/fr\/wp-json\/wp\/v2\/types\/product"}],"replies":[{"embeddable":true,"href":"https:\/\/ledsteplight.com\/fr\/wp-json\/wp\/v2\/comments?post=38074"}],"version-history":[{"count":3,"href":"https:\/\/ledsteplight.com\/fr\/wp-json\/wp\/v2\/product\/38074\/revisions"}],"predecessor-version":[{"id":38617,"href":"https:\/\/ledsteplight.com\/fr\/wp-json\/wp\/v2\/product\/38074\/revisions\/38617"}],"wp:featuredmedia":[{"embeddable":true,"href":"https:\/\/ledsteplight.com\/fr\/wp-json\/wp\/v2\/media\/37324"}],"wp:attachment":[{"href":"https:\/\/ledsteplight.com\/fr\/wp-json\/wp\/v2\/media?parent=38074"}],"wp:term":[{"taxonomy":"product_brand","embeddable":true,"href":"https:\/\/ledsteplight.com\/fr\/wp-json\/wp\/v2\/product_brand?post=38074"},{"taxonomy":"product_cat","embeddable":true,"href":"https:\/\/ledsteplight.com\/fr\/wp-json\/wp\/v2\/product_cat?post=38074"},{"taxonomy":"product_tag","embeddable":true,"href":"https:\/\/ledsteplight.com\/fr\/wp-json\/wp\/v2\/product_tag?post=38074"}],"curies":[{"name":"wp","href":"https:\/\/api.w.org\/{rel}","templated":true}]}}