{"id":38075,"date":"2025-09-08T13:04:26","date_gmt":"2025-09-08T13:04:26","guid":{"rendered":"https:\/\/ledsteplight.com\/import-placeholder-for-37226\/"},"modified":"2026-01-19T02:14:19","modified_gmt":"2026-01-19T02:14:19","slug":"sn015xf-dual-mode-smart-sensor-oem-led-step-light-manufacturer-china","status":"publish","type":"product","link":"https:\/\/ledsteplight.com\/fr\/sn015xf-dual-mode-smart-sensor-oem-led-step-light-manufacturer-china\/","title":{"rendered":"SN015XF Capteur intelligent \u00e0 double mode | Fabricant OEM de luminaires \u00e0 marche LED en Chine"},"content":{"rendered":"<h3 data-start=\"86\" data-end=\"112\">Tous les param\u00e8tres du produit<\/h3>\n<table data-start=\"114\" data-end=\"1407\">\n<thead data-start=\"114\" data-end=\"197\">\n<tr data-start=\"114\" data-end=\"197\">\n<th data-start=\"114\" data-end=\"143\"><strong data-start=\"116\" data-end=\"129\">Param\u00e8tre<\/strong><\/th>\n<th data-start=\"143\" data-end=\"197\"><strong data-start=\"145\" data-end=\"174\">Sp\u00e9cification\/Description<\/strong><\/th>\n<\/tr>\n<\/thead>\n<tbody data-start=\"282\" data-end=\"1407\">\n<tr data-start=\"282\" data-end=\"365\">\n<td><strong data-start=\"284\" data-end=\"301\">Mod\u00e8le du produit<\/strong><\/td>\n<td>MG-SN015XF<\/td>\n<\/tr>\n<tr data-start=\"366\" data-end=\"449\">\n<td><strong data-start=\"368\" data-end=\"388\">Cat\u00e9gorie de produit<\/strong><\/td>\n<td>Capteur de lumi\u00e8re intelligente avanc\u00e9<\/td>\n<\/tr>\n<tr data-start=\"450\" data-end=\"533\">\n<td><strong data-start=\"452\" data-end=\"473\"><strong><a href=\"https:\/\/ledsteplight.com\/fr\/dm36b-pro-honeycomb-anti-glare-led-in-ground-light-ip67-24v-dc\/\" class=\"waam-auto-link\" title=\"Tension de fonctionnement\">Tension de fonctionnement<\/a><\/strong><\/strong><\/td>\n<td>12V DC <em data-start=\"488\" data-end=\"505\">(valeur d'exemple)<\/em><\/td>\n<\/tr>\n<tr data-start=\"534\" data-end=\"617\">\n<td><strong data-start=\"536\" data-end=\"557\">Courant de fonctionnement<\/strong><\/td>\n<td>\u2014 (Non sp\u00e9cifi\u00e9)<\/td>\n<\/tr>\n<tr data-start=\"618\" data-end=\"701\">\n<td><strong data-start=\"620\" data-end=\"641\">Consommation d'\u00e9nergie<\/strong><\/td>\n<td>&lt; 0,45W <em data-start=\"657\" data-end=\"678\">(valeur approximative)<\/em><\/td>\n<\/tr>\n<tr data-start=\"702\" data-end=\"785\">\n<td><strong data-start=\"704\" data-end=\"729\">Sensibilit\u00e9 de d\u00e9tection<\/strong><\/td>\n<td>Ultra haute sensibilit\u00e9 avec fonctionnement en mode double<\/td>\n<\/tr>\n<tr data-start=\"786\" data-end=\"869\">\n<td><strong data-start=\"788\" data-end=\"805\">Temps de r\u00e9ponse<\/strong><\/td>\n<td>&lt; 0,2 secondes <em data-start=\"831\" data-end=\"848\">(valeur d'exemple)<\/em><\/td>\n<\/tr>\n<tr data-start=\"870\" data-end=\"953\">\n<td><strong data-start=\"872\" data-end=\"885\">Indice de protection<\/strong><\/td>\n<td>IP67 (Imperm\u00e9able et anti-poussi\u00e8re)<\/td>\n<\/tr>\n<tr data-start=\"954\" data-end=\"1037\">\n<td><strong data-start=\"956\" data-end=\"981\">Temp\u00e9rature de fonctionnement<\/strong><\/td>\n<td>-20\u00b0C \u00e0 +60\u00b0C<\/td>\n<\/tr>\n<tr data-start=\"1038\" data-end=\"1121\">\n<td><strong data-start=\"1040\" data-end=\"1054\">Dimensions<\/strong><\/td>\n<td>\u2014 (Non sp\u00e9cifi\u00e9)<\/td>\n<\/tr>\n<tr data-start=\"1122\" data-end=\"1205\">\n<td><strong data-start=\"1124\" data-end=\"1134\">Poids<\/strong><\/td>\n<td>\u2014 (Non sp\u00e9cifi\u00e9)<\/td>\n<\/tr>\n<tr data-start=\"1206\" data-end=\"1289\">\n<td><strong data-start=\"1208\" data-end=\"1220\">Dur\u00e9e de vie<\/strong><\/td>\n<td>Jusqu'\u00e0 50 000 heures <em data-start=\"1256\" data-end=\"1273\">(valeur d'exemple)<\/em><\/td>\n<\/tr>\n<tr data-start=\"1290\" data-end=\"1407\">\n<td><strong data-start=\"1292\" data-end=\"1315\">Fonctionnalit\u00e9s suppl\u00e9mentaires<\/strong><\/td>\n<td>Seuil r\u00e9glable, r\u00e9ponse rapide, int\u00e9gration intelligente, mode double (ambiance &amp; mouvement)<\/td>\n<\/tr>\n<\/tbody>\n<\/table>","protected":false},"excerpt":{"rendered":"<p data-start=\"942\" data-end=\"1381\"><strong data-start=\"946\" data-end=\"992\">Capteur intelligent \u00e0 double mode SN015XF<\/strong> est sp\u00e9cialement con\u00e7u pour <strong data-start=\"1019\" data-end=\"1057\">les syst\u00e8mes d'\u00e9clairage \u00e0 marche et mur LED<\/strong>, offrant \u00e0 la fois <strong data-start=\"1073\" data-end=\"1115\">d\u00e9tection de mouvement PIR et de lumi\u00e8re ambiante<\/strong>. Son contr\u00f4le en mode double \u00e0 haute sensibilit\u00e9 garantit un \u00e9clairage pr\u00e9cis, des \u00e9conomies d'\u00e9nergie et un temps de r\u00e9ponse rapide \u2014 parfait pour les chemins ext\u00e9rieurs, escaliers et projets d'\u00e9clairage commercial. Avec une <strong data-start=\"1311\" data-end=\"1337\">classe d'\u00e9tanch\u00e9it\u00e9 IP67<\/strong>, il fonctionne de mani\u00e8re fiable dans tous les environnements.<\/p>\n<p data-start=\"1383\" data-end=\"1816\">En tant que fabricant professionnel <strong data-start=\"1401\" data-end=\"1441\">Fabricant de luminaires \u00e0 marche LED en Chine<\/strong>, nous proposons <strong data-start=\"1454\" data-end=\"1503\">Solutions d'\u00e9clairage intelligent OEM, ODM et personnalis\u00e9es<\/strong> pour les importateurs, entrepreneurs et distributeurs mondiaux. Le capteur SN015XF s'int\u00e8gre facilement dans <strong data-start=\"1599\" data-end=\"1632\">les \u00e9clairages encastr\u00e9s muraux et de marche<\/strong>, prend en charge des configurations de tension flexibles, et poss\u00e8de une construction durable avec une <strong data-start=\"1712\" data-end=\"1736\">dur\u00e9e de vie de 50 000 heures<\/strong>, garantissant des performances \u00e0 long terme pour des applications architecturales et paysag\u00e8res.<\/p>","protected":false},"featured_media":37326,"comment_status":"open","ping_status":"closed","template":"","meta":[],"product_brand":[],"product_cat":[105,100,426,427,428,439,429,440,430,441,431,442,443,432,433,444,464,445,446,106,434,435,436,437],"product_tag":[107,103,76,110,109,114,115,108],"class_list":{"0":"post-38075","1":"product","2":"type-product","3":"status-publish","4":"has-post-thumbnail","6":"product_cat-015-series","7":"product_cat-aluminum-ground-light","8":"product_cat-ceiling-recessed","9":"product_cat-ceiling-surface","10":"product_cat-ceiling-suspended","11":"product_cat-commercial","12":"product_cat-drivers","13":"product_cat-education","14":"product_cat-freestanding-light","15":"product_cat-hospitality","16":"product_cat-industrial","17":"product_cat-infrastructure","18":"product_cat-landscape","19":"product_cat-landscaping","20":"product_cat-linear","21":"product_cat-office","22":"product_cat-c-outdoor-lighting","23":"product_cat-residential","24":"product_cat-retail","25":"product_cat-round-ground-light","26":"product_cat-table-lamp","27":"product_cat-track","28":"product_cat-wall-recessed","29":"product_cat-wall-surface","30":"product_tag-015-series","31":"product_tag-aluminum-ground-light","32":"product_tag-aluminum-housing","33":"product_tag-landscape-light","34":"product_tag-led-fixture","35":"product_tag-pathway-light","36":"product_tag-recessed-light","37":"product_tag-round-ground-light","39":"first","40":"instock","41":"shipping-taxable","42":"product-type-simple"},"_links":{"self":[{"href":"https:\/\/ledsteplight.com\/fr\/wp-json\/wp\/v2\/product\/38075","targetHints":{"allow":["GET"]}}],"collection":[{"href":"https:\/\/ledsteplight.com\/fr\/wp-json\/wp\/v2\/product"}],"about":[{"href":"https:\/\/ledsteplight.com\/fr\/wp-json\/wp\/v2\/types\/product"}],"replies":[{"embeddable":true,"href":"https:\/\/ledsteplight.com\/fr\/wp-json\/wp\/v2\/comments?post=38075"}],"version-history":[{"count":3,"href":"https:\/\/ledsteplight.com\/fr\/wp-json\/wp\/v2\/product\/38075\/revisions"}],"predecessor-version":[{"id":38618,"href":"https:\/\/ledsteplight.com\/fr\/wp-json\/wp\/v2\/product\/38075\/revisions\/38618"}],"wp:featuredmedia":[{"embeddable":true,"href":"https:\/\/ledsteplight.com\/fr\/wp-json\/wp\/v2\/media\/37326"}],"wp:attachment":[{"href":"https:\/\/ledsteplight.com\/fr\/wp-json\/wp\/v2\/media?parent=38075"}],"wp:term":[{"taxonomy":"product_brand","embeddable":true,"href":"https:\/\/ledsteplight.com\/fr\/wp-json\/wp\/v2\/product_brand?post=38075"},{"taxonomy":"product_cat","embeddable":true,"href":"https:\/\/ledsteplight.com\/fr\/wp-json\/wp\/v2\/product_cat?post=38075"},{"taxonomy":"product_tag","embeddable":true,"href":"https:\/\/ledsteplight.com\/fr\/wp-json\/wp\/v2\/product_tag?post=38075"}],"curies":[{"name":"wp","href":"https:\/\/api.w.org\/{rel}","templated":true}]}}