{"id":38076,"date":"2025-09-08T13:04:26","date_gmt":"2025-09-08T13:04:26","guid":{"rendered":"https:\/\/ledsteplight.com\/import-placeholder-for-37227\/"},"modified":"2026-01-19T02:14:19","modified_gmt":"2026-01-19T02:14:19","slug":"wb15015-led-wall-mount-light-outdoor-building-hotel-lighting-manufacturer","status":"publish","type":"product","link":"https:\/\/ledsteplight.com\/fr\/wb15015-led-wall-mount-light-outdoor-building-hotel-lighting-manufacturer\/","title":{"rendered":"Lampe murale LED WB15015 | Fabricant d'\u00e9clairage ext\u00e9rieur pour b\u00e2timents et h\u00f4tels"},"content":{"rendered":"<h3 data-start=\"89\" data-end=\"115\"><\/h3>\n<table data-start=\"117\" data-end=\"1381\">\n<thead data-start=\"117\" data-end=\"200\">\n<tr data-start=\"117\" data-end=\"200\">\n<th data-start=\"117\" data-end=\"146\"><strong data-start=\"119\" data-end=\"132\">Param\u00e8tre<\/strong><\/th>\n<th data-start=\"146\" data-end=\"200\"><strong data-start=\"148\" data-end=\"177\">Sp\u00e9cification\/Description<\/strong><\/th>\n<\/tr>\n<\/thead>\n<tbody data-start=\"285\" data-end=\"1381\">\n<tr data-start=\"285\" data-end=\"368\">\n<td><strong data-start=\"287\" data-end=\"304\">Mod\u00e8le du produit<\/strong><\/td>\n<td>MG-WB15015<\/td>\n<\/tr>\n<tr data-start=\"369\" data-end=\"452\">\n<td><strong data-start=\"371\" data-end=\"391\">Cat\u00e9gorie de produit<\/strong><\/td>\n<td>\u00c9clairage mural \u00e0 LED<\/td>\n<\/tr>\n<tr data-start=\"453\" data-end=\"536\">\n<td><strong data-start=\"455\" data-end=\"476\"><strong><a href=\"https:\/\/ledsteplight.com\/fr\/dm36b-pro-honeycomb-anti-glare-led-in-ground-light-ip67-24v-dc\/\" class=\"waam-auto-link\" title=\"Tension de fonctionnement\">Tension de fonctionnement<\/a><\/strong><\/strong><\/td>\n<td>220-240V CA <em data-start=\"496\" data-end=\"513\">(valeur d'exemple)<\/em><\/td>\n<\/tr>\n<tr data-start=\"537\" data-end=\"620\">\n<td><strong data-start=\"539\" data-end=\"560\">Courant de fonctionnement<\/strong><\/td>\n<td>\u2014 (Non sp\u00e9cifi\u00e9)<\/td>\n<\/tr>\n<tr data-start=\"621\" data-end=\"704\">\n<td><strong data-start=\"623\" data-end=\"644\">Consommation d'\u00e9nergie<\/strong><\/td>\n<td>&lt; 50W <em data-start=\"658\" data-end=\"675\">(valeur d'exemple)<\/em><\/td>\n<\/tr>\n<tr data-start=\"705\" data-end=\"788\">\n<td><strong data-start=\"707\" data-end=\"723\">Flux lumineux<\/strong><\/td>\n<td>1500 lm <em data-start=\"744\" data-end=\"761\">(valeur d'exemple)<\/em><\/td>\n<\/tr>\n<tr data-start=\"789\" data-end=\"872\">\n<td><strong data-start=\"791\" data-end=\"812\">Temp\u00e9rature de couleur<\/strong><\/td>\n<td>4000K<\/td>\n<\/tr>\n<tr data-start=\"873\" data-end=\"956\">\n<td><strong data-start=\"875\" data-end=\"888\">Indice de protection<\/strong><\/td>\n<td>IP65 (Convient pour une utilisation int\u00e9rieure\/ext\u00e9rieure)<\/td>\n<\/tr>\n<tr data-start=\"957\" data-end=\"1040\">\n<td><strong data-start=\"959\" data-end=\"984\">Temp\u00e9rature de fonctionnement<\/strong><\/td>\n<td>-10\u00b0C \u00e0 +50\u00b0C<\/td>\n<\/tr>\n<tr data-start=\"1041\" data-end=\"1124\">\n<td><strong data-start=\"1043\" data-end=\"1057\">Dimensions<\/strong><\/td>\n<td>\u2014 (Non sp\u00e9cifi\u00e9)<\/td>\n<\/tr>\n<tr data-start=\"1125\" data-end=\"1208\">\n<td><strong data-start=\"1127\" data-end=\"1137\">Poids<\/strong><\/td>\n<td>\u2014 (Non sp\u00e9cifi\u00e9)<\/td>\n<\/tr>\n<tr data-start=\"1209\" data-end=\"1292\">\n<td><strong data-start=\"1211\" data-end=\"1223\">Dur\u00e9e de vie<\/strong><\/td>\n<td>Jusqu'\u00e0 40 000 heures <em data-start=\"1259\" data-end=\"1276\">(valeur d'exemple)<\/em><\/td>\n<\/tr>\n<tr data-start=\"1293\" data-end=\"1381\">\n<td><strong data-start=\"1295\" data-end=\"1318\">Fonctionnalit\u00e9s suppl\u00e9mentaires<\/strong><\/td>\n<td>Contr\u00f4le intelligent, dimmable, \u00e9conome en \u00e9nergie, design \u00e9l\u00e9gant<\/td>\n<\/tr>\n<\/tbody>\n<\/table>\n<p data-start=\"762\" data-end=\"1174\"><strong data-start=\"766\" data-end=\"815\">Lampe murale \u00e0 LED haute performance WB15015<\/strong> d\u00e9livre une puissance forte et uniforme <strong><a href=\"https:\/\/ledsteplight.com\/fr\/pir-sensor-step-light-top-advantages-for-safety\/\" class=\"waam-auto-link\" title=\"illumination\">illumination<\/a><\/strong> pour <strong data-start=\"863\" data-end=\"918\">b\u00e2timents, h\u00f4tels et espaces architecturaux ext\u00e9rieurs<\/strong>. Con\u00e7ue avec des mat\u00e9riaux durables et un <strong data-start=\"956\" data-end=\"982\">classement \u00e9tanche IP65<\/strong>, elle offre un \u00e9clairage fiable pour <strong data-start=\"1018\" data-end=\"1055\">fa\u00e7ades, couloirs et entr\u00e9es<\/strong>. La technologie LED avanc\u00e9e garantit une haute luminosit\u00e9 avec une faible consommation d'\u00e9nergie, id\u00e9ale pour les designs ext\u00e9rieurs modernes. <strong><a href=\"https:\/\/ledsteplight.com\/fr\/ultimate-guide-to-landscape-inground-lighting-solutions\/\" class=\"waam-auto-link\" title=\"conceptions\">conceptions<\/a><\/strong>.<\/p>\n<p data-start=\"1176\" data-end=\"1555\">En tant que principal <strong data-start=\"1189\" data-end=\"1246\">LED <strong><a href=\"https:\/\/ledsteplight.com\/fr\/cree-bridgelux-chip-ip65-led-fixture-for-garden-facade-lighting\/\" class=\"waam-auto-link\" title=\"lampe murale\">lampe murale<\/a><\/strong> fabricant et fournisseur OEM en Chine<\/strong>, nous sommes sp\u00e9cialis\u00e9s dans <strong data-start=\"1265\" data-end=\"1303\">des solutions d'\u00e9clairage personnalis\u00e9es et en gros<\/strong> pour les architectes, entrepreneurs et importateurs. La <strong data-start=\"1352\" data-end=\"1370\">s\u00e9rie WB15015<\/strong> combine un design \u00e9l\u00e9gant avec une longue dur\u00e9e de vie, ce qui la rend parfaite pour <strong data-start=\"1447\" data-end=\"1512\">b\u00e2timents commerciaux, h\u00f4tels, et <strong><a href=\"https:\/\/ledsteplight.com\/fr\/mistakes-to-avoid-when-installing-in-ground-driveway-lights\/\" class=\"waam-auto-link\" title=\"\u00e9clairage paysager\">\u00e9clairage paysager<\/a><\/strong> projets<\/strong> qui n\u00e9cessitent une qualit\u00e9 professionnelle.<\/p>","protected":false},"excerpt":{"rendered":"<p>Lampe murale LED haute performance WB15015. \u00c9tanch\u00e9it\u00e9 IP65, id\u00e9ale pour l\u2019\u00e9clairage de b\u00e2timents et d\u2019h\u00f4tels. Fabricant OEM\/ODM d\u2019\u00e9clairage architectural en Chine.<\/p>","protected":false},"featured_media":37336,"comment_status":"open","ping_status":"closed","template":"","meta":[],"product_brand":[],"product_cat":[100,426,427,428,439,429,440,118,430,441,431,442,443,432,433,444,464,445,446,434,435,436,437],"product_tag":[103,76,119,110,109,114,115],"class_list":{"0":"post-38076","1":"product","2":"type-product","3":"status-publish","4":"has-post-thumbnail","6":"product_cat-aluminum-ground-light","7":"product_cat-ceiling-recessed","8":"product_cat-ceiling-surface","9":"product_cat-ceiling-suspended","10":"product_cat-commercial","11":"product_cat-drivers","12":"product_cat-education","13":"product_cat-frameless-ground-light","14":"product_cat-freestanding-light","15":"product_cat-hospitality","16":"product_cat-industrial","17":"product_cat-infrastructure","18":"product_cat-landscape","19":"product_cat-landscaping","20":"product_cat-linear","21":"product_cat-office","22":"product_cat-c-outdoor-lighting","23":"product_cat-residential","24":"product_cat-retail","25":"product_cat-table-lamp","26":"product_cat-track","27":"product_cat-wall-recessed","28":"product_cat-wall-surface","29":"product_tag-aluminum-ground-light","30":"product_tag-aluminum-housing","31":"product_tag-frameless-ground-light","32":"product_tag-landscape-light","33":"product_tag-led-fixture","34":"product_tag-pathway-light","35":"product_tag-recessed-light","37":"first","38":"instock","39":"shipping-taxable","40":"product-type-simple"},"_links":{"self":[{"href":"https:\/\/ledsteplight.com\/fr\/wp-json\/wp\/v2\/product\/38076","targetHints":{"allow":["GET"]}}],"collection":[{"href":"https:\/\/ledsteplight.com\/fr\/wp-json\/wp\/v2\/product"}],"about":[{"href":"https:\/\/ledsteplight.com\/fr\/wp-json\/wp\/v2\/types\/product"}],"replies":[{"embeddable":true,"href":"https:\/\/ledsteplight.com\/fr\/wp-json\/wp\/v2\/comments?post=38076"}],"version-history":[{"count":3,"href":"https:\/\/ledsteplight.com\/fr\/wp-json\/wp\/v2\/product\/38076\/revisions"}],"predecessor-version":[{"id":38619,"href":"https:\/\/ledsteplight.com\/fr\/wp-json\/wp\/v2\/product\/38076\/revisions\/38619"}],"wp:featuredmedia":[{"embeddable":true,"href":"https:\/\/ledsteplight.com\/fr\/wp-json\/wp\/v2\/media\/37336"}],"wp:attachment":[{"href":"https:\/\/ledsteplight.com\/fr\/wp-json\/wp\/v2\/media?parent=38076"}],"wp:term":[{"taxonomy":"product_brand","embeddable":true,"href":"https:\/\/ledsteplight.com\/fr\/wp-json\/wp\/v2\/product_brand?post=38076"},{"taxonomy":"product_cat","embeddable":true,"href":"https:\/\/ledsteplight.com\/fr\/wp-json\/wp\/v2\/product_cat?post=38076"},{"taxonomy":"product_tag","embeddable":true,"href":"https:\/\/ledsteplight.com\/fr\/wp-json\/wp\/v2\/product_tag?post=38076"}],"curies":[{"name":"wp","href":"https:\/\/api.w.org\/{rel}","templated":true}]}}