{"id":38077,"date":"2025-09-10T13:04:26","date_gmt":"2025-09-10T13:04:26","guid":{"rendered":"https:\/\/ledsteplight.com\/import-placeholder-for-37228\/"},"modified":"2026-01-19T02:13:10","modified_gmt":"2026-01-19T02:13:10","slug":"wb30015-led-landscape-fixture-outdoor-lighting","status":"publish","type":"product","link":"https:\/\/ledsteplight.com\/fr\/wb30015-led-landscape-fixture-outdoor-lighting\/","title":{"rendered":"Lampe LED ext\u00e9rieure commerciale WB30015 \u2014 IP65, \u00c9conomies d'\u00e9nergie 5W"},"content":{"rendered":"<table data-start=\"141\" data-end=\"1637\">\n<thead data-start=\"141\" data-end=\"228\">\n<tr data-start=\"141\" data-end=\"228\">\n<th data-start=\"141\" data-end=\"172\"><strong data-start=\"143\" data-end=\"156\">Param\u00e8tre<\/strong><\/th>\n<th data-start=\"172\" data-end=\"228\"><strong data-start=\"174\" data-end=\"185\">D\u00e9tails<\/strong><\/th>\n<\/tr>\n<\/thead>\n<tbody data-start=\"317\" data-end=\"1637\">\n<tr data-start=\"317\" data-end=\"404\">\n<td><strong data-start=\"319\" data-end=\"328\">Mod\u00e8le<\/strong><\/td>\n<td>MG-WB30015<\/td>\n<\/tr>\n<tr data-start=\"405\" data-end=\"492\">\n<td><strong data-start=\"407\" data-end=\"416\">Puissance<\/strong><\/td>\n<td>5W<\/td>\n<\/tr>\n<tr data-start=\"493\" data-end=\"580\">\n<td><strong data-start=\"495\" data-end=\"507\">Type LED<\/strong><\/td>\n<td>LED COB<\/td>\n<\/tr>\n<tr data-start=\"581\" data-end=\"668\">\n<td><strong data-start=\"583\" data-end=\"600\">Tension d'entr\u00e9e<\/strong><\/td>\n<td>AC85-265V<\/td>\n<\/tr>\n<tr data-start=\"669\" data-end=\"756\">\n<td><strong data-start=\"671\" data-end=\"692\"><strong><a href=\"https:\/\/ledsteplight.com\/fr\/dm36b-pro-honeycomb-anti-glare-led-in-ground-light-ip67-24v-dc\/\" class=\"waam-auto-link\" title=\"Temp\u00e9rature de couleur\">Temp\u00e9rature de couleur<\/a><\/strong><\/strong><\/td>\n<td>3000K \/ 6000K (Blanc chaud \/ Blanc froid)<\/td>\n<\/tr>\n<tr data-start=\"757\" data-end=\"844\">\n<td><strong data-start=\"759\" data-end=\"771\">Dur\u00e9e de vie<\/strong><\/td>\n<td>Jusqu'\u00e0 40 000 heures<\/td>\n<\/tr>\n<tr data-start=\"845\" data-end=\"932\">\n<td><strong data-start=\"847\" data-end=\"860\">Indice de protection<\/strong><\/td>\n<td>IP65 (Imperm\u00e9able, R\u00e9sistant \u00e0 la poussi\u00e8re)<\/td>\n<\/tr>\n<tr data-start=\"933\" data-end=\"1020\">\n<td><strong data-start=\"935\" data-end=\"949\">Angle du faisceau<\/strong><\/td>\n<td>120\u00b0<\/td>\n<\/tr>\n<tr data-start=\"1021\" data-end=\"1108\">\n<td><strong data-start=\"1023\" data-end=\"1048\">Temp\u00e9rature de fonctionnement<\/strong><\/td>\n<td>-20\u00b0C \u00e0 +40\u00b0C<\/td>\n<\/tr>\n<tr data-start=\"1109\" data-end=\"1196\">\n<td><strong data-start=\"1111\" data-end=\"1132\">Type d'installation<\/strong><\/td>\n<td>Encastr\u00e9 \/ Montage en surface<\/td>\n<\/tr>\n<tr data-start=\"1197\" data-end=\"1284\">\n<td><strong data-start=\"1199\" data-end=\"1211\">Garantie<\/strong><\/td>\n<td>3 ans<\/td>\n<\/tr>\n<tr data-start=\"1285\" data-end=\"1372\">\n<td><strong data-start=\"1287\" data-end=\"1304\">Certification<\/strong><\/td>\n<td>CE, RoHS<\/td>\n<\/tr>\n<tr data-start=\"1373\" data-end=\"1461\">\n<td><strong data-start=\"1375\" data-end=\"1390\">Application<\/strong><\/td>\n<td>Ext\u00e9rieur (Jardin, Paysage, Chemin, Sentier, Terrasse)<\/td>\n<\/tr>\n<tr data-start=\"1462\" data-end=\"1549\">\n<td><strong data-start=\"1464\" data-end=\"1473\">Couleur<\/strong><\/td>\n<td>Acier inoxydable \/ Argent bross\u00e9<\/td>\n<\/tr>\n<tr data-start=\"1550\" data-end=\"1637\">\n<td><strong data-start=\"1552\" data-end=\"1562\">Poids<\/strong><\/td>\n<td>0,45 kg<\/td>\n<\/tr>\n<\/tbody>\n<\/table>\n<p data-start=\"0\" data-end=\"495\"><strong data-start=\"4\" data-end=\"18\">MG-WB30015<\/strong> est un luminaire ext\u00e9rieur compact et \u00e0 haute efficacit\u00e9 <strong><a href=\"https:\/\/ledsteplight.com\/fr\/cree-bridgelux-chip-ip65-led-fixture-for-garden-facade-lighting\/\" class=\"waam-auto-link\" title=\"LED\">LED<\/a><\/strong> con\u00e7u pour des installations paysag\u00e8res exigeantes <strong><a href=\"https:\/\/ledsteplight.com\/fr\/ultimate-guide-to-landscape-inground-lighting-solutions\/\" class=\"waam-auto-link\" title=\"denses\">denses<\/a><\/strong>. Il offre <strong data-start=\"129\" data-end=\"135\">5W<\/strong> \u00e0 partir d'une LED COB, fonctionne sur <strong data-start=\"160\" data-end=\"173\">AC85\u2013265V<\/strong>, et est disponible en <strong data-start=\"188\" data-end=\"206\">3000K ou 6000K<\/strong>. Avec une large <strong data-start=\"220\" data-end=\"233\">angle de faisceau de 120\u00b0<\/strong>, <strong data-start=\"235\" data-end=\"243\">IP65<\/strong> \u00e9valuation, et jusqu'\u00e0 <strong data-start=\"262\" data-end=\"278\">40 000 heures<\/strong> dur\u00e9e de vie, il convient pour les jardins, chemins, terrasses et \u00e9clairage de fa\u00e7ade. Le bo\u00eetier en acier inoxydable\/argent bross\u00e9 est durable, se monte en encastr\u00e9 ou en surface, et p\u00e8se <strong data-start=\"432\" data-end=\"443\">0,45 kg<\/strong> \u2014 propre, discret, et pr\u00eat pour un usage commercial.<\/p>\n<p data-start=\"497\" data-end=\"860\" data-is-last-node=\"\" data-is-only-node=\"\">Nous fabriquons ces produits dans notre usine et les fournissons directement aux entrepreneurs et grossistes \u2014 chaque lot est test\u00e9 et certifi\u00e9 CE\/RoHS. Les options OEM incluent des finitions personnalis\u00e9es, des pilotes, et des emballages ; des \u00e9chantillons et des devis pour volume sont disponibles avec <strong data-start=\"744\" data-end=\"763\">garantie de 3 ans<\/strong>des d\u00e9lais de livraison, des prix et des rapports d'essais.<\/p>","protected":false},"excerpt":{"rendered":"<p data-start=\"4350\" data-end=\"4818\">MG-WB30015 projecteur d'ext\u00e9rieur LED COB 5W \u2014 bo\u00eetier en acier inoxydable IP65, faisceau de 120\u00b0, 3000\/6000K, AC85\u2013265V. Certifi\u00e9 CE\/RoHS. \u00c9chantillons et prix en volume disponibles.<\/p>","protected":false},"featured_media":37339,"comment_status":"open","ping_status":"closed","template":"","meta":[],"product_brand":[],"product_cat":[100,426,427,428,439,429,440,118,430,441,431,442,443,432,433,444,464,445,446,434,435,436,437],"product_tag":[103,76,119,111,110,78,115],"class_list":{"0":"post-38077","1":"product","2":"type-product","3":"status-publish","4":"has-post-thumbnail","6":"product_cat-aluminum-ground-light","7":"product_cat-ceiling-recessed","8":"product_cat-ceiling-surface","9":"product_cat-ceiling-suspended","10":"product_cat-commercial","11":"product_cat-drivers","12":"product_cat-education","13":"product_cat-frameless-ground-light","14":"product_cat-freestanding-light","15":"product_cat-hospitality","16":"product_cat-industrial","17":"product_cat-infrastructure","18":"product_cat-landscape","19":"product_cat-landscaping","20":"product_cat-linear","21":"product_cat-office","22":"product_cat-c-outdoor-lighting","23":"product_cat-residential","24":"product_cat-retail","25":"product_cat-table-lamp","26":"product_cat-track","27":"product_cat-wall-recessed","28":"product_cat-wall-surface","29":"product_tag-aluminum-ground-light","30":"product_tag-aluminum-housing","31":"product_tag-frameless-ground-light","32":"product_tag-garden-lighting","33":"product_tag-landscape-light","34":"product_tag-outdoor-lighting","35":"product_tag-recessed-light","37":"first","38":"instock","39":"shipping-taxable","40":"product-type-simple"},"_links":{"self":[{"href":"https:\/\/ledsteplight.com\/fr\/wp-json\/wp\/v2\/product\/38077","targetHints":{"allow":["GET"]}}],"collection":[{"href":"https:\/\/ledsteplight.com\/fr\/wp-json\/wp\/v2\/product"}],"about":[{"href":"https:\/\/ledsteplight.com\/fr\/wp-json\/wp\/v2\/types\/product"}],"replies":[{"embeddable":true,"href":"https:\/\/ledsteplight.com\/fr\/wp-json\/wp\/v2\/comments?post=38077"}],"version-history":[{"count":3,"href":"https:\/\/ledsteplight.com\/fr\/wp-json\/wp\/v2\/product\/38077\/revisions"}],"predecessor-version":[{"id":38588,"href":"https:\/\/ledsteplight.com\/fr\/wp-json\/wp\/v2\/product\/38077\/revisions\/38588"}],"wp:featuredmedia":[{"embeddable":true,"href":"https:\/\/ledsteplight.com\/fr\/wp-json\/wp\/v2\/media\/37339"}],"wp:attachment":[{"href":"https:\/\/ledsteplight.com\/fr\/wp-json\/wp\/v2\/media?parent=38077"}],"wp:term":[{"taxonomy":"product_brand","embeddable":true,"href":"https:\/\/ledsteplight.com\/fr\/wp-json\/wp\/v2\/product_brand?post=38077"},{"taxonomy":"product_cat","embeddable":true,"href":"https:\/\/ledsteplight.com\/fr\/wp-json\/wp\/v2\/product_cat?post=38077"},{"taxonomy":"product_tag","embeddable":true,"href":"https:\/\/ledsteplight.com\/fr\/wp-json\/wp\/v2\/product_tag?post=38077"}],"curies":[{"name":"wp","href":"https:\/\/api.w.org\/{rel}","templated":true}]}}