{"id":38079,"date":"2025-09-08T13:04:27","date_gmt":"2025-09-08T13:04:27","guid":{"rendered":"https:\/\/ledsteplight.com\/import-placeholder-for-37240\/"},"modified":"2026-01-19T02:14:18","modified_gmt":"2026-01-19T02:14:18","slug":"zb17070-a-led-in-ground-light-ip65-landscape","status":"publish","type":"product","link":"https:\/\/ledsteplight.com\/fr\/zb17070-a-led-in-ground-light-ip65-landscape\/","title":{"rendered":"Lumi\u00e8re encastr\u00e9e au sol LED IP65 ZB17070-A \u2014 OEM et \u00e9chantillons"},"content":{"rendered":"<table class=\"OxEWNITQ\">\n<thead>\n<tr>\n<th><strong>Mod\u00e8le du produit<\/strong><\/th>\n<th>MG-ZB17070-A<\/th>\n<\/tr>\n<\/thead>\n<tbody>\n<tr>\n<td><strong>Taille du produit<\/strong><\/td>\n<td>170mm (Longueur) x 70mm (Largeur) x 48mm (Hauteur)<\/td>\n<\/tr>\n<tr>\n<td><strong>Taille de coupe<\/strong><\/td>\n<td>Consultez le sch\u00e9ma d'installation dans les sp\u00e9cifications<\/td>\n<\/tr>\n<tr>\n<td><strong>Contr\u00f4le de fonction<\/strong><\/td>\n<td>Contr\u00f4le par interrupteur<\/td>\n<\/tr>\n<tr>\n<td><strong>Source lumineuse<\/strong><\/td>\n<td>LED OSRAM \/ CREE<\/td>\n<\/tr>\n<tr>\n<td><strong>Puissance<\/strong><\/td>\n<td>3W \u00e0 700mA<\/td>\n<\/tr>\n<tr>\n<td><strong>Poids<\/strong><\/td>\n<td>0,7 Kilogrammes<\/td>\n<\/tr>\n<tr>\n<td><strong>Entr\u00e9e secteur<\/strong><\/td>\n<td>AC220V \/ DC24V<\/td>\n<\/tr>\n<tr>\n<td><strong>Alimentation<\/strong><\/td>\n<td>Fourni (Fabricant : KeGu \/ SHIKI)<\/td>\n<\/tr>\n<tr>\n<td><strong>Angle du r\u00e9flecteur<\/strong><\/td>\n<td>Non sp\u00e9cifi\u00e9<\/td>\n<\/tr>\n<tr>\n<td><strong><strong><a href=\"https:\/\/ledsteplight.com\/fr\/dm36b-pro-honeycomb-anti-glare-led-in-ground-light-ip67-24v-dc\/\" class=\"waam-auto-link\" title=\"Temp\u00e9rature de couleur\">Temp\u00e9rature de couleur<\/a><\/strong><\/strong><\/td>\n<td>2700K, 3000K, 3500K<\/td>\n<\/tr>\n<tr>\n<td><strong>Connexion (Fils\/Longueur\/Connecteurs)<\/strong><\/td>\n<td>Non sp\u00e9cifi\u00e9<\/td>\n<\/tr>\n<tr>\n<td><strong>Mat\u00e9riau<\/strong><\/td>\n<td>Fer avec aluminium<\/td>\n<\/tr>\n<tr>\n<td><strong>Couleur\/Finition<\/strong><\/td>\n<td>Blanc, Noir<\/td>\n<\/tr>\n<tr>\n<td><strong>Indice de protection<\/strong><\/td>\n<td>IP20 (Prot\u00e9g\u00e9 contre les objets solides de plus de 12,5mm)<\/td>\n<\/tr>\n<tr>\n<td><strong>M\u00e9thode d'installation<\/strong><\/td>\n<td>Encastr\u00e9 encastr\u00e9<\/td>\n<\/tr>\n<\/tbody>\n<\/table>\n<p>&nbsp;<\/p>\n<p data-start=\"34\" data-end=\"448\"><strong data-start=\"38\" data-end=\"54\">MG-ZB17070-A<\/strong> est un encastr\u00e9 compact en-<strong><a href=\"https:\/\/ledsteplight.com\/fr\/cree-bridgelux-chip-ip65-led-fixture-for-garden-facade-lighting\/\" class=\"waam-auto-link\" title=\"\u00e9clairage au sol\">\u00e9clairage au sol<\/a><\/strong> (170 \u00d7 70 \u00d7 48 mm, 0,7 kg) con\u00e7u pour des installations paysag\u00e8res et architecturales soign\u00e9es et fiables. Il utilise <strong data-start=\"191\" data-end=\"219\">LED OSRAM ou CREE 3W (700mA)<\/strong> LED avec options de couleur chaude (2700K\/3000K\/3500K), livr\u00e9e avec un <strong data-start=\"283\" data-end=\"297\">KeGu\/SHIKI<\/strong> driver et supporte <strong data-start=\"318\" data-end=\"337\">AC220V ou DC24V<\/strong>. Le bo\u00eetier est en fer + aluminium en blanc ou noir ; le mod\u00e8le standard est <strong data-start=\"403\" data-end=\"411\">IP20<\/strong> pour des applications encastr\u00e9es prot\u00e9g\u00e9es.<\/p>\n<p data-start=\"450\" data-end=\"731\" data-is-last-node=\"\" data-is-only-node=\"\">Fabriqu\u00e9 en usine et pr\u00eat pour OEM \u2014 tous les lots subissent des contr\u00f4les \u00e9lectriques et des tests d aging avant l'exp\u00e9dition. Nous fournissons des \u00e9chantillons, des pilotes personnalis\u00e9s, des options r\u00e9sistantes aux intemp\u00e9ries avec une IP plus \u00e9lev\u00e9e, et un emballage de marque. Envoyez la quantit\u00e9 et toute exigence sp\u00e9ciale et nous vous retournerons un devis d'usine et un d\u00e9lai de livraison.<\/p>","protected":false},"excerpt":{"rendered":"<p>Lumi\u00e8re encastr\u00e9e au sol MG-ZB17070-A \u2014 3W avec options OSRAM\/CREE, 2700\u20133500K. Livr\u00e9e avec pilote KeGu\/SHIKI. Norme IP20 ; versions r\u00e9sistantes aux intemp\u00e9ries avec IP sup\u00e9rieur disponibles sur demande<\/p>","protected":false},"featured_media":37342,"comment_status":"open","ping_status":"closed","template":"","meta":[],"product_brand":[],"product_cat":[100,426,427,428,439,429,440,430,441,431,442,443,432,433,136,444,464,445,446,434,435,436,437],"product_tag":[103,76,77,137,83],"class_list":{"0":"post-38079","1":"product","2":"type-product","3":"status-publish","4":"has-post-thumbnail","6":"product_cat-aluminum-ground-light","7":"product_cat-ceiling-recessed","8":"product_cat-ceiling-surface","9":"product_cat-ceiling-suspended","10":"product_cat-commercial","11":"product_cat-drivers","12":"product_cat-education","13":"product_cat-freestanding-light","14":"product_cat-hospitality","15":"product_cat-industrial","16":"product_cat-infrastructure","17":"product_cat-landscape","18":"product_cat-landscaping","19":"product_cat-linear","20":"product_cat-narrow-border-ground-light","21":"product_cat-office","22":"product_cat-c-outdoor-lighting","23":"product_cat-residential","24":"product_cat-retail","25":"product_cat-table-lamp","26":"product_cat-track","27":"product_cat-wall-recessed","28":"product_cat-wall-surface","29":"product_tag-aluminum-ground-light","30":"product_tag-aluminum-housing","31":"product_tag-ground-light","32":"product_tag-narrow-border-ground-light","33":"product_tag-waterproof-fixture","35":"first","36":"instock","37":"shipping-taxable","38":"product-type-simple"},"_links":{"self":[{"href":"https:\/\/ledsteplight.com\/fr\/wp-json\/wp\/v2\/product\/38079","targetHints":{"allow":["GET"]}}],"collection":[{"href":"https:\/\/ledsteplight.com\/fr\/wp-json\/wp\/v2\/product"}],"about":[{"href":"https:\/\/ledsteplight.com\/fr\/wp-json\/wp\/v2\/types\/product"}],"replies":[{"embeddable":true,"href":"https:\/\/ledsteplight.com\/fr\/wp-json\/wp\/v2\/comments?post=38079"}],"version-history":[{"count":3,"href":"https:\/\/ledsteplight.com\/fr\/wp-json\/wp\/v2\/product\/38079\/revisions"}],"predecessor-version":[{"id":38605,"href":"https:\/\/ledsteplight.com\/fr\/wp-json\/wp\/v2\/product\/38079\/revisions\/38605"}],"wp:featuredmedia":[{"embeddable":true,"href":"https:\/\/ledsteplight.com\/fr\/wp-json\/wp\/v2\/media\/37342"}],"wp:attachment":[{"href":"https:\/\/ledsteplight.com\/fr\/wp-json\/wp\/v2\/media?parent=38079"}],"wp:term":[{"taxonomy":"product_brand","embeddable":true,"href":"https:\/\/ledsteplight.com\/fr\/wp-json\/wp\/v2\/product_brand?post=38079"},{"taxonomy":"product_cat","embeddable":true,"href":"https:\/\/ledsteplight.com\/fr\/wp-json\/wp\/v2\/product_cat?post=38079"},{"taxonomy":"product_tag","embeddable":true,"href":"https:\/\/ledsteplight.com\/fr\/wp-json\/wp\/v2\/product_tag?post=38079"}],"curies":[{"name":"wp","href":"https:\/\/api.w.org\/{rel}","templated":true}]}}