{"id":38080,"date":"2025-09-08T13:04:27","date_gmt":"2025-09-08T13:04:27","guid":{"rendered":"https:\/\/ledsteplight.com\/import-placeholder-for-37241\/"},"modified":"2026-01-19T02:14:17","modified_gmt":"2026-01-19T02:14:17","slug":"mg-zb17070-b-led-in-ground-light-outdoor-landscape-light","status":"publish","type":"product","link":"https:\/\/ledsteplight.com\/fr\/mg-zb17070-b-led-in-ground-light-outdoor-landscape-light\/","title":{"rendered":"Luminaire encastr\u00e9 basse tension MG-ZB17070-B \u2014 Angles de faisceau de 10\u00b0 \u00e0 60\u00b0"},"content":{"rendered":"<p>&nbsp;<\/p>\n<table class=\"OxEWNITQ\">\n<thead>\n<tr>\n<th><strong>Mod\u00e8le du produit<\/strong><\/th>\n<th>MG-ZB17070-B<\/th>\n<\/tr>\n<\/thead>\n<tbody>\n<tr>\n<td><strong>Taille du produit<\/strong><\/td>\n<td>170mm (Longueur) x 70mm (Largeur) x 48mm (Hauteur)<\/td>\n<\/tr>\n<tr>\n<td><strong>Taille de coupe<\/strong><\/td>\n<td>Consultez le sch\u00e9ma d'installation dans les sp\u00e9cifications<\/td>\n<\/tr>\n<tr>\n<td><strong>Contr\u00f4le de fonction<\/strong><\/td>\n<td>Contr\u00f4le par interrupteur<\/td>\n<\/tr>\n<tr>\n<td><strong>Source lumineuse<\/strong><\/td>\n<td>OSRAM \/ <strong><a href=\"https:\/\/ledsteplight.com\/fr\/cree-bridgelux-chip-ip65-led-fixture-for-garden-facade-lighting\/\" class=\"waam-auto-link\" title=\"LED CREE\">LED CREE<\/a><\/strong><\/td>\n<\/tr>\n<tr>\n<td><strong>Puissance<\/strong><\/td>\n<td>3W \u00e0 700mA<\/td>\n<\/tr>\n<tr>\n<td><strong>Poids<\/strong><\/td>\n<td>0,7 Kilogrammes<\/td>\n<\/tr>\n<tr>\n<td><strong>Entr\u00e9e secteur<\/strong><\/td>\n<td>AC220V \/ DC24V<\/td>\n<\/tr>\n<tr>\n<td><strong>Alimentation<\/strong><\/td>\n<td>Fourni (Fabricant : KeGu \/ SHIKI)<\/td>\n<\/tr>\n<tr>\n<td><strong>Angle du r\u00e9flecteur<\/strong><\/td>\n<td>Non sp\u00e9cifi\u00e9<\/td>\n<\/tr>\n<tr>\n<td><strong>Temp\u00e9rature de couleur<\/strong><\/td>\n<td>2700K, 3000K, 3500K<\/td>\n<\/tr>\n<tr>\n<td><strong>Connexion (Fils\/Longueur\/Connecteurs)<\/strong><\/td>\n<td>Non sp\u00e9cifi\u00e9<\/td>\n<\/tr>\n<tr>\n<td><strong>Mat\u00e9riau<\/strong><\/td>\n<td>Fer avec aluminium<\/td>\n<\/tr>\n<tr>\n<td><strong>Couleur\/Finition<\/strong><\/td>\n<td>Blanc, Noir<\/td>\n<\/tr>\n<tr>\n<td><strong>Indice de protection<\/strong><\/td>\n<td>IP20 (Prot\u00e9g\u00e9 contre les objets solides de plus de 12,5mm)<\/td>\n<\/tr>\n<tr>\n<td><strong>M\u00e9thode d'installation<\/strong><\/td>\n<td>Encastr\u00e9 encastr\u00e9<\/td>\n<\/tr>\n<\/tbody>\n<\/table>\n<p>&nbsp;<\/p>\n<p data-start=\"422\" data-end=\"686\"><strong data-start=\"426\" data-end=\"442\">MG-ZB17070-B<\/strong> est un compact <strong><a href=\"https:\/\/ledsteplight.com\/fr\/dm36b-pro-honeycomb-anti-glare-led-in-ground-light-ip67-24v-dc\/\" class=\"waam-auto-link\" title=\"luminaire encastr\u00e9 au sol\">luminaire encastr\u00e9 au sol<\/a><\/strong> con\u00e7u pour des projets o\u00f9 la fiabilit\u00e9 et la performance r\u00e9p\u00e9table sont importantes. Nous fabriquons ces produits dans notre usine et les exp\u00e9dions en tant qu'unit\u00e9s pr\u00eates \u00e0 la production ou en tant qu'\u00e9chantillons OEM de marque \u2014 selon ce qui convient \u00e0 votre processus d'approvisionnement.<\/p>\n<p data-start=\"688\" data-end=\"1096\">Ce luminaire mesure <strong data-start=\"710\" data-end=\"730\">170 \u00d7 70 \u00d7 48 mm<\/strong> et p\u00e8se <strong data-start=\"742\" data-end=\"752\">0,7 kg<\/strong>, il s\u2019installe facilement dans des cavit\u00e9s encastr\u00e9es standard et reste discret une fois install\u00e9. Il est disponible avec <strong data-start=\"865\" data-end=\"887\">LED OSRAM ou CREE<\/strong> at <strong data-start=\"891\" data-end=\"905\">3W (700mA)<\/strong> et propose trois temp\u00e9ratures de couleur chaudes : <strong data-start=\"950\" data-end=\"977\">2700K, 3000K, et 3500K<\/strong> \u2014 id\u00e9al pour les accents paysagers, les chemins d\u2019h\u00f4tel et l\u2019\u00e9clairage architectural en hauteur o\u00f9 une lumi\u00e8re chaude et flatteuse est pr\u00e9f\u00e9r\u00e9e.<\/p>","protected":false},"excerpt":{"rendered":"<p>Lampe encastr\u00e9e OEM : MG-ZB17070-B lampe encastr\u00e9e au sol \u2014 3W avec options OSRAM\/CREE, 2700\u20133500K. Livr\u00e9e avec pilote KeGu\/SHIKI. Corps en fer+aluminium. Norme IP20 ; versions \u00e0 indice de protection sup\u00e9rieur disponibles sur demande<\/p>","protected":false},"featured_media":37344,"comment_status":"open","ping_status":"closed","template":"","meta":[],"product_brand":[],"product_cat":[100,426,427,428,439,429,440,430,441,431,442,443,432,433,136,444,464,445,446,434,435,436,437],"product_tag":[103,76,77,137,78],"class_list":{"0":"post-38080","1":"product","2":"type-product","3":"status-publish","4":"has-post-thumbnail","6":"product_cat-aluminum-ground-light","7":"product_cat-ceiling-recessed","8":"product_cat-ceiling-surface","9":"product_cat-ceiling-suspended","10":"product_cat-commercial","11":"product_cat-drivers","12":"product_cat-education","13":"product_cat-freestanding-light","14":"product_cat-hospitality","15":"product_cat-industrial","16":"product_cat-infrastructure","17":"product_cat-landscape","18":"product_cat-landscaping","19":"product_cat-linear","20":"product_cat-narrow-border-ground-light","21":"product_cat-office","22":"product_cat-c-outdoor-lighting","23":"product_cat-residential","24":"product_cat-retail","25":"product_cat-table-lamp","26":"product_cat-track","27":"product_cat-wall-recessed","28":"product_cat-wall-surface","29":"product_tag-aluminum-ground-light","30":"product_tag-aluminum-housing","31":"product_tag-ground-light","32":"product_tag-narrow-border-ground-light","33":"product_tag-outdoor-lighting","35":"first","36":"instock","37":"shipping-taxable","38":"product-type-simple"},"_links":{"self":[{"href":"https:\/\/ledsteplight.com\/fr\/wp-json\/wp\/v2\/product\/38080","targetHints":{"allow":["GET"]}}],"collection":[{"href":"https:\/\/ledsteplight.com\/fr\/wp-json\/wp\/v2\/product"}],"about":[{"href":"https:\/\/ledsteplight.com\/fr\/wp-json\/wp\/v2\/types\/product"}],"replies":[{"embeddable":true,"href":"https:\/\/ledsteplight.com\/fr\/wp-json\/wp\/v2\/comments?post=38080"}],"version-history":[{"count":3,"href":"https:\/\/ledsteplight.com\/fr\/wp-json\/wp\/v2\/product\/38080\/revisions"}],"predecessor-version":[{"id":38606,"href":"https:\/\/ledsteplight.com\/fr\/wp-json\/wp\/v2\/product\/38080\/revisions\/38606"}],"wp:featuredmedia":[{"embeddable":true,"href":"https:\/\/ledsteplight.com\/fr\/wp-json\/wp\/v2\/media\/37344"}],"wp:attachment":[{"href":"https:\/\/ledsteplight.com\/fr\/wp-json\/wp\/v2\/media?parent=38080"}],"wp:term":[{"taxonomy":"product_brand","embeddable":true,"href":"https:\/\/ledsteplight.com\/fr\/wp-json\/wp\/v2\/product_brand?post=38080"},{"taxonomy":"product_cat","embeddable":true,"href":"https:\/\/ledsteplight.com\/fr\/wp-json\/wp\/v2\/product_cat?post=38080"},{"taxonomy":"product_tag","embeddable":true,"href":"https:\/\/ledsteplight.com\/fr\/wp-json\/wp\/v2\/product_tag?post=38080"}],"curies":[{"name":"wp","href":"https:\/\/api.w.org\/{rel}","templated":true}]}}