{"id":38081,"date":"2025-09-08T13:04:27","date_gmt":"2025-09-08T13:04:27","guid":{"rendered":"https:\/\/ledsteplight.com\/import-placeholder-for-37242\/"},"modified":"2026-01-19T02:14:17","modified_gmt":"2026-01-19T02:14:17","slug":"zb17070-c-led-in-ground-light-outdoor-landscape","status":"publish","type":"product","link":"https:\/\/ledsteplight.com\/fr\/zb17070-c-led-in-ground-light-outdoor-landscape\/","title":{"rendered":"LED de paysage encastr\u00e9e ZB17070-C | Tarifs distributeur"},"content":{"rendered":"<table class=\"OxEWNITQ\">\n<thead>\n<tr>\n<th><strong>Mod\u00e8le du produit<\/strong><\/th>\n<th>MG-ZB17070-C<\/th>\n<\/tr>\n<\/thead>\n<tbody>\n<tr>\n<td><strong>Taille du produit<\/strong><\/td>\n<td>170mm (Longueur) x 70mm (Largeur) x 48mm (Hauteur)<\/td>\n<\/tr>\n<tr>\n<td><strong>Taille de coupe<\/strong><\/td>\n<td>Consultez le sch\u00e9ma d'installation dans les sp\u00e9cifications<\/td>\n<\/tr>\n<tr>\n<td><strong>Contr\u00f4le de fonction<\/strong><\/td>\n<td>Contr\u00f4le par interrupteur<\/td>\n<\/tr>\n<tr>\n<td><strong>Source lumineuse<\/strong><\/td>\n<td>LED OSRAM \/ CREE<\/td>\n<\/tr>\n<tr>\n<td><strong>Puissance<\/strong><\/td>\n<td>3W \u00e0 700mA<\/td>\n<\/tr>\n<tr>\n<td><strong>Poids<\/strong><\/td>\n<td>0,7 Kilogrammes<\/td>\n<\/tr>\n<tr>\n<td><strong>Entr\u00e9e secteur<\/strong><\/td>\n<td>AC220V \/ DC24V<\/td>\n<\/tr>\n<tr>\n<td><strong>Alimentation<\/strong><\/td>\n<td>Fourni (Fabricant : KeGu \/ SHIKI)<\/td>\n<\/tr>\n<tr>\n<td><strong>Angle du r\u00e9flecteur<\/strong><\/td>\n<td>Non sp\u00e9cifi\u00e9<\/td>\n<\/tr>\n<tr>\n<td><strong><strong><a href=\"https:\/\/ledsteplight.com\/fr\/dm36b-pro-honeycomb-anti-glare-led-in-ground-light-ip67-24v-dc\/\" class=\"waam-auto-link\" title=\"Temp\u00e9rature de couleur\">Temp\u00e9rature de couleur<\/a><\/strong><\/strong><\/td>\n<td>2700K, 3000K, 3500K<\/td>\n<\/tr>\n<tr>\n<td><strong>Connexion (Fils\/Longueur\/Connecteurs)<\/strong><\/td>\n<td>Non sp\u00e9cifi\u00e9<\/td>\n<\/tr>\n<tr>\n<td><strong>Mat\u00e9riau<\/strong><\/td>\n<td>Fer avec aluminium<\/td>\n<\/tr>\n<tr>\n<td><strong>Couleur\/Finition<\/strong><\/td>\n<td>Blanc, Noir<\/td>\n<\/tr>\n<tr>\n<td><strong>Indice de protection<\/strong><\/td>\n<td>IP20 (Prot\u00e9g\u00e9 contre les objets solides de plus de 12,5mm)<\/td>\n<\/tr>\n<tr>\n<td><strong>M\u00e9thode d'installation<\/strong><\/td>\n<td>Encastr\u00e9 encastr\u00e9<\/td>\n<\/tr>\n<\/tbody>\n<\/table>\n<p data-start=\"0\" data-end=\"52\"><strong data-start=\"0\" data-end=\"52\">MG-ZB17070-C encastr\u00e9 <strong><a href=\"https:\/\/ledsteplight.com\/fr\/cree-bridgelux-chip-ip65-led-fixture-for-garden-facade-lighting\/\" class=\"waam-auto-link\" title=\"Luminaire \u00e0 LED\">Luminaire \u00e0 LED<\/a><\/strong> (IP20, int\u00e9rieur)<\/strong><\/p>\n<p data-start=\"54\" data-end=\"360\">Vous cherchez un plafonnier moderne et \u00e9pur\u00e9 sans pr\u00e9tention ? Le MG-ZB17070-C reste simple : LED fiables OSRAM\/CREE, contr\u00f4le par interrupteur marche\/arr\u00eat, et un rebord qui repose \u00e0 fleur pour un aspect int\u00e9gr\u00e9 et soign\u00e9. Le corps en fer avec accents en aluminium para\u00eet solide, pas fragile, et vous pouvez choisir entre blanc ou noir pour s'harmoniser avec l'espace.<\/p>\n<p data-start=\"362\" data-end=\"378\"><strong data-start=\"362\" data-end=\"378\">Pourquoi \u00e7a fonctionne<\/strong><\/p>\n<ul data-start=\"379\" data-end=\"704\">\n<li data-start=\"379\" data-end=\"457\">\n<p data-start=\"381\" data-end=\"457\"><strong data-start=\"381\" data-end=\"397\">Choix facile :<\/strong> Contr\u00f4le par interrupteur simple \u2014 pas de courbe d'apprentissage, pas besoin d'application.<\/p>\n<\/li>\n<li data-start=\"458\" data-end=\"552\">\n<p data-start=\"460\" data-end=\"552\"><strong data-start=\"460\" data-end=\"478\">Lumi\u00e8re de qualit\u00e9 :<\/strong> Moteur LED efficace avec une couleur et une luminosit\u00e9 constantes pour une utilisation quotidienne.<\/p>\n<\/li>\n<li data-start=\"553\" data-end=\"630\">\n<p data-start=\"555\" data-end=\"630\"><strong data-start=\"555\" data-end=\"572\">Finition propre :<\/strong> Installation encastr\u00e9e, int\u00e9gr\u00e9e pour une ligne de plafond fluide.<\/p>\n<\/li>\n<li data-start=\"631\" data-end=\"704\">\n<p data-start=\"633\" data-end=\"704\"><strong data-start=\"633\" data-end=\"659\">Con\u00e7u pour durer en int\u00e9rieur :<\/strong> Classement IP20 avec une construction en m\u00e9tal durable.<\/p>\n<\/li>\n<\/ul>\n<p data-start=\"706\" data-end=\"723\"><strong data-start=\"706\" data-end=\"723\">O\u00f9 il s'int\u00e8gre<\/strong><\/p>\n<ul data-start=\"724\" data-end=\"897\">\n<li data-start=\"724\" data-end=\"775\">\n<p data-start=\"726\" data-end=\"775\">All\u00e9es de vente, cabines d'essayage et murs d'accentuation<\/p>\n<\/li>\n<li data-start=\"776\" data-end=\"816\">\n<p data-start=\"778\" data-end=\"816\">Halls, couloirs et espaces communs<\/p>\n<\/li>\n<li data-start=\"817\" data-end=\"861\">\n<p data-start=\"819\" data-end=\"861\">Cuisines, salons et bureaux \u00e0 domicile<\/p>\n<\/li>\n<li data-start=\"862\" data-end=\"897\">\n<p data-start=\"864\" data-end=\"897\">Salles de r\u00e9union et espaces de d\u00e9tente<\/p>\n<\/li>\n<\/ul>\n<p data-start=\"899\" data-end=\"914\"><strong data-start=\"899\" data-end=\"914\">Caract\u00e9ristiques rapides<\/strong><\/p>\n<ul data-start=\"915\" data-end=\"1129\">\n<li data-start=\"915\" data-end=\"944\">\n<p data-start=\"917\" data-end=\"944\">Source LED : OSRAM ou CREE<\/p>\n<\/li>\n<li data-start=\"945\" data-end=\"997\">\n<p data-start=\"947\" data-end=\"997\">Construction : Bo\u00eetier en fer avec accents en aluminium<\/p>\n<\/li>\n<li data-start=\"998\" data-end=\"1024\">\n<p data-start=\"1000\" data-end=\"1024\">Couleurs : Blanc ou Noir<\/p>\n<\/li>\n<li data-start=\"1025\" data-end=\"1050\">\n<p data-start=\"1027\" data-end=\"1050\">Classement : IP20 (int\u00e9rieur)<\/p>\n<\/li>\n<li data-start=\"1051\" data-end=\"1095\">\n<p data-start=\"1053\" data-end=\"1095\">Montage : encastr\u00e9\/<strong><a href=\"https:\/\/ledsteplight.com\/fr\/5w-led-in-ground-lights-ip65-waterproof-outdoor-driveway-garden-floor-lighting\/\" class=\"waam-auto-link\" title=\"installation encastr\u00e9e\">installation encastr\u00e9e<\/a><\/strong><\/p>\n<\/li>\n<li data-start=\"1096\" data-end=\"1129\">\n<p data-start=\"1098\" data-end=\"1129\">Contr\u00f4le : Interrupteur marche\/arr\u00eat standard<\/p>\n<\/li>\n<\/ul>","protected":false},"excerpt":{"rendered":"<p>Lumi\u00e8re LED encastr\u00e9e MG-ZB17070-C pour bureaux et maisons. OSRAM\/CREE \u00e0 l'int\u00e9rieur, IP20, installation en saillie, options blanc\/noir \u2014 \u00e9conome en \u00e9nergie, faible \u00e9blouissement, facile \u00e0 utiliser<\/p>","protected":false},"featured_media":37347,"comment_status":"open","ping_status":"closed","template":"","meta":[],"product_brand":[],"product_cat":[100,426,427,428,439,429,440,430,441,431,442,443,432,433,136,444,464,445,446,434,435,436,437],"product_tag":[103,76,77,137,78],"class_list":{"0":"post-38081","1":"product","2":"type-product","3":"status-publish","4":"has-post-thumbnail","6":"product_cat-aluminum-ground-light","7":"product_cat-ceiling-recessed","8":"product_cat-ceiling-surface","9":"product_cat-ceiling-suspended","10":"product_cat-commercial","11":"product_cat-drivers","12":"product_cat-education","13":"product_cat-freestanding-light","14":"product_cat-hospitality","15":"product_cat-industrial","16":"product_cat-infrastructure","17":"product_cat-landscape","18":"product_cat-landscaping","19":"product_cat-linear","20":"product_cat-narrow-border-ground-light","21":"product_cat-office","22":"product_cat-c-outdoor-lighting","23":"product_cat-residential","24":"product_cat-retail","25":"product_cat-table-lamp","26":"product_cat-track","27":"product_cat-wall-recessed","28":"product_cat-wall-surface","29":"product_tag-aluminum-ground-light","30":"product_tag-aluminum-housing","31":"product_tag-ground-light","32":"product_tag-narrow-border-ground-light","33":"product_tag-outdoor-lighting","35":"first","36":"instock","37":"shipping-taxable","38":"product-type-simple"},"_links":{"self":[{"href":"https:\/\/ledsteplight.com\/fr\/wp-json\/wp\/v2\/product\/38081","targetHints":{"allow":["GET"]}}],"collection":[{"href":"https:\/\/ledsteplight.com\/fr\/wp-json\/wp\/v2\/product"}],"about":[{"href":"https:\/\/ledsteplight.com\/fr\/wp-json\/wp\/v2\/types\/product"}],"replies":[{"embeddable":true,"href":"https:\/\/ledsteplight.com\/fr\/wp-json\/wp\/v2\/comments?post=38081"}],"version-history":[{"count":3,"href":"https:\/\/ledsteplight.com\/fr\/wp-json\/wp\/v2\/product\/38081\/revisions"}],"predecessor-version":[{"id":38607,"href":"https:\/\/ledsteplight.com\/fr\/wp-json\/wp\/v2\/product\/38081\/revisions\/38607"}],"wp:featuredmedia":[{"embeddable":true,"href":"https:\/\/ledsteplight.com\/fr\/wp-json\/wp\/v2\/media\/37347"}],"wp:attachment":[{"href":"https:\/\/ledsteplight.com\/fr\/wp-json\/wp\/v2\/media?parent=38081"}],"wp:term":[{"taxonomy":"product_brand","embeddable":true,"href":"https:\/\/ledsteplight.com\/fr\/wp-json\/wp\/v2\/product_brand?post=38081"},{"taxonomy":"product_cat","embeddable":true,"href":"https:\/\/ledsteplight.com\/fr\/wp-json\/wp\/v2\/product_cat?post=38081"},{"taxonomy":"product_tag","embeddable":true,"href":"https:\/\/ledsteplight.com\/fr\/wp-json\/wp\/v2\/product_tag?post=38081"}],"curies":[{"name":"wp","href":"https:\/\/api.w.org\/{rel}","templated":true}]}}