{"id":38082,"date":"2025-09-08T13:04:27","date_gmt":"2025-09-08T13:04:27","guid":{"rendered":"https:\/\/ledsteplight.com\/import-placeholder-for-37252\/"},"modified":"2026-01-19T02:14:17","modified_gmt":"2026-01-19T02:14:17","slug":"dm35-led-outdoor-ground-light-factory-custom-lighting","status":"publish","type":"product","link":"https:\/\/ledsteplight.com\/fr\/dm35-led-outdoor-ground-light-factory-custom-lighting\/","title":{"rendered":"Lampe de sol ext\u00e9rieure LED DM35 | \u00c9clairage personnalis\u00e9 en usine"},"content":{"rendered":"<table data-start=\"140\" data-end=\"1545\">\n<thead data-start=\"140\" data-end=\"227\">\n<tr data-start=\"140\" data-end=\"227\">\n<th data-start=\"140\" data-end=\"171\"><strong data-start=\"142\" data-end=\"155\">Param\u00e8tre<\/strong><\/th>\n<th data-start=\"171\" data-end=\"227\"><strong data-start=\"173\" data-end=\"184\">D\u00e9tails<\/strong><\/th>\n<\/tr>\n<\/thead>\n<tbody data-start=\"316\" data-end=\"1545\">\n<tr data-start=\"316\" data-end=\"403\">\n<td><strong data-start=\"318\" data-end=\"327\">Mod\u00e8le<\/strong><\/td>\n<td>MG-DM35 \/ DM35-FX \/ DM35-ST<\/td>\n<\/tr>\n<tr data-start=\"404\" data-end=\"491\">\n<td><strong data-start=\"406\" data-end=\"415\">Puissance<\/strong><\/td>\n<td>5W \/ 7W<\/td>\n<\/tr>\n<tr data-start=\"492\" data-end=\"579\">\n<td><strong data-start=\"494\" data-end=\"506\">Type LED<\/strong><\/td>\n<td>LED COB<\/td>\n<\/tr>\n<tr data-start=\"580\" data-end=\"667\">\n<td><strong data-start=\"582\" data-end=\"599\">Tension d'entr\u00e9e<\/strong><\/td>\n<td>AC85-265V<\/td>\n<\/tr>\n<tr data-start=\"668\" data-end=\"755\">\n<td><strong data-start=\"670\" data-end=\"691\"><strong><a href=\"https:\/\/ledsteplight.com\/fr\/dm36b-pro-honeycomb-anti-glare-led-in-ground-light-ip67-24v-dc\/\" class=\"waam-auto-link\" title=\"Temp\u00e9rature de couleur\">Temp\u00e9rature de couleur<\/a><\/strong><\/strong><\/td>\n<td>2700K \/ 3000K \/ 6000K<\/td>\n<\/tr>\n<tr data-start=\"756\" data-end=\"843\">\n<td><strong data-start=\"758\" data-end=\"770\">Dur\u00e9e de vie<\/strong><\/td>\n<td>Jusqu'\u00e0 40 000 heures<\/td>\n<\/tr>\n<tr data-start=\"844\" data-end=\"931\">\n<td><strong data-start=\"846\" data-end=\"859\">Indice de protection<\/strong><\/td>\n<td>IP67 (Imperm\u00e9able et anti-poussi\u00e8re)<\/td>\n<\/tr>\n<tr data-start=\"932\" data-end=\"1019\">\n<td><strong data-start=\"934\" data-end=\"948\">Angle du faisceau<\/strong><\/td>\n<td>90\u00b0 \/ 120\u00b0<\/td>\n<\/tr>\n<tr data-start=\"1020\" data-end=\"1107\">\n<td><strong data-start=\"1022\" data-end=\"1047\">Temp\u00e9rature de fonctionnement<\/strong><\/td>\n<td>-20\u00b0C \u00e0 +45\u00b0C<\/td>\n<\/tr>\n<tr data-start=\"1108\" data-end=\"1194\">\n<td><strong data-start=\"1110\" data-end=\"1122\">Mat\u00e9riau<\/strong><\/td>\n<td>Aluminium moul\u00e9 sous pression + Acier inoxydable<\/td>\n<\/tr>\n<tr data-start=\"1195\" data-end=\"1282\">\n<td><strong data-start=\"1197\" data-end=\"1218\">Type d'installation<\/strong><\/td>\n<td>Encastr\u00e9 \/ Surface<\/td>\n<\/tr>\n<tr data-start=\"1283\" data-end=\"1370\">\n<td><strong data-start=\"1285\" data-end=\"1297\">Garantie<\/strong><\/td>\n<td>3 ans<\/td>\n<\/tr>\n<tr data-start=\"1371\" data-end=\"1458\">\n<td><strong data-start=\"1373\" data-end=\"1390\">Certification<\/strong><\/td>\n<td>CE, RoHS<\/td>\n<\/tr>\n<tr data-start=\"1459\" data-end=\"1545\">\n<td><strong data-start=\"1461\" data-end=\"1476\">Application<\/strong><\/td>\n<td>Ext\u00e9rieur (All\u00e9e, Terrasse, All\u00e9e de garage, Pont, Jardin)<\/td>\n<\/tr>\n<\/tbody>\n<\/table>\n<p data-start=\"701\" data-end=\"1145\"><strong data-start=\"705\" data-end=\"734\">Lumi\u00e8re ext\u00e9rieure LED MG-DM35<\/strong> est un luminaire haute performance con\u00e7u pour l'am\u00e9nagement paysager moderne et <strong><a href=\"https:\/\/ledsteplight.com\/fr\/cree-bridgelux-chip-ip65-led-fixture-for-garden-facade-lighting\/\" class=\"waam-auto-link\" title=\"\u00e9clairage architectural\">\u00e9clairage architectural<\/a><\/strong>. Fabriqu\u00e9 avec des LED COB de qualit\u00e9 sup\u00e9rieure et un bo\u00eetier en aluminium moul\u00e9 sous pression, ce <strong data-start=\"894\" data-end=\"919\">luminaire \u00e9tanche IP67<\/strong> assure une durabilit\u00e9 exceptionnelle dans toutes les conditions m\u00e9t\u00e9orologiques. Avec plusieurs temp\u00e9ratures de couleur (2700K\/3000K\/6000K) et angles de faisceau (90\u00b0\/120\u00b0), il offre un brillant <strong><a href=\"https:\/\/ledsteplight.com\/fr\/pir-sensor-step-light-top-advantages-for-safety\/\" class=\"waam-auto-link\" title=\"illumination\">illumination<\/a><\/strong> pour <strong data-start=\"1098\" data-end=\"1142\">jardins, patios, all\u00e9es et voies d'acc\u00e8s<\/strong>.<\/p>\n<p data-start=\"1147\" data-end=\"1530\">En tant que fabricant professionnel <strong data-start=\"1165\" data-end=\"1198\">LED <strong><a href=\"https:\/\/ledsteplight.com\/fr\/5w-led-in-ground-lights-ip65-waterproof-outdoor-driveway-garden-floor-lighting\/\" class=\"waam-auto-link\" title=\"\u00e9clairage au sol\">\u00e9clairage au sol<\/a><\/strong> fabricant<\/strong>, nous proposons <strong data-start=\"1211\" data-end=\"1248\">Solutions d'\u00e9clairage OEM et personnalis\u00e9es<\/strong> pour r\u00e9pondre \u00e0 diverses exigences de conception. La s\u00e9rie DM35 prend en charge \u00e0 la fois l'installation encastr\u00e9e et en surface, offre jusqu'\u00e0 <strong data-start=\"1362\" data-end=\"1387\">40 000 heures de dur\u00e9e de vie<\/strong>, et est conforme aux certifications <strong data-start=\"1407\" data-end=\"1437\">CE et RoHS<\/strong>, ce qui le rend id\u00e9al pour les projets commerciaux, r\u00e9sidentiels et architecturaux <strong><a href=\"https:\/\/ledsteplight.com\/fr\/low-voltage-landscape-lighting-effective-outdoor-solutions\/\" class=\"waam-auto-link\" title=\"\u00e9clairage ext\u00e9rieur\">\u00e9clairage ext\u00e9rieur<\/a><\/strong> .<\/p>","protected":false},"excerpt":{"rendered":"<article class=\"text-token-text-primary w-full focus:outline-none [--shadow-height:45px] has-data-writing-block:pointer-events-none has-data-writing-block:-mt-(--shadow-height) has-data-writing-block:pt-(--shadow-height) [&amp;:has([data-writing-block])&gt;*]:pointer-events-auto [content-visibility:auto] supports-[content-visibility:auto]:[contain-intrinsic-size:auto_100lvh] scroll-mt-[calc(var(--header-height)+min(200px,max(70px,20svh)))]\" dir=\"auto\" data-turn-id=\"request-WEB:e0c248f9-f6da-4ced-8ca2-419e398f9b7d-1\" data-testid=\"conversation-turn-4\" data-scroll-anchor=\"true\" data-turn=\"assistant\">\n<div class=\"text-base my-auto mx-auto pb-10 [--thread-content-margin:--spacing(4)] thread-sm:[--thread-content-margin:--spacing(6)] thread-lg:[--thread-content-margin:--spacing(16)] px-(--thread-content-margin)\">\n<div class=\"[--thread-content-max-width:40rem] thread-lg:[--thread-content-max-width:48rem] mx-auto max-w-(--thread-content-max-width) flex-1 group\/turn-messages focus-visible:outline-hidden relative flex w-full min-w-0 flex-col agent-turn\">\n<div class=\"flex max-w-full flex-col grow\">\n<div class=\"min-h-8 text-message relative flex w-full flex-col items-end gap-2 text-start break-words whitespace-normal [.text-message+&amp;]:mt-1\" dir=\"auto\" data-message-author-role=\"assistant\" data-message-id=\"f9711247-1528-4684-920e-b5e1054d1eea\" data-message-model-slug=\"gpt-5\">\n<div class=\"flex w-full flex-col gap-1 empty:hidden first:pt-[1px]\">\n<div class=\"markdown prose dark:prose-invert w-full break-words light markdown-new-styling\">\n<p data-start=\"1586\" data-end=\"1740\" data-is-last-node=\"\" data-is-only-node=\"\">Usine de projecteurs ext\u00e9rieurs au sol DM35 LED. \u00c9tanch\u00e9it\u00e9 IP67, LED COB, options 5W\/7W, conception OEM et personnalis\u00e9e. Parfait pour l\u2019\u00e9clairage de jardin, de chemin et de paysage.<\/p>\n<\/div>\n<\/div>\n<\/div>\n<\/div>\n<div class=\"z-0 flex min-h-[46px] justify-start\"><\/div>\n<div class=\"mt-3 w-full empty:hidden\">\n<div class=\"text-center\"><\/div>\n<\/div>\n<\/div>\n<\/div>\n<\/article>\n<div class=\"pointer-events-none h-px w-px\" aria-hidden=\"true\" data-edge=\"true\"><\/div>","protected":false},"featured_media":37349,"comment_status":"open","ping_status":"closed","template":"","meta":[],"product_brand":[],"product_cat":[100,426,427,428,439,429,440,430,441,126,431,442,443,432,433,444,112,464,445,446,106,434,435,436,437],"product_tag":[103,76,111,127,110,113,78,108],"class_list":{"0":"post-38082","1":"product","2":"type-product","3":"status-publish","4":"has-post-thumbnail","6":"product_cat-aluminum-ground-light","7":"product_cat-ceiling-recessed","8":"product_cat-ceiling-surface","9":"product_cat-ceiling-suspended","10":"product_cat-commercial","11":"product_cat-drivers","12":"product_cat-education","13":"product_cat-freestanding-light","14":"product_cat-hospitality","15":"product_cat-in-ground-light","16":"product_cat-industrial","17":"product_cat-infrastructure","18":"product_cat-landscape","19":"product_cat-landscaping","20":"product_cat-linear","21":"product_cat-office","22":"product_cat-outdoor-ground-light","23":"product_cat-c-outdoor-lighting","24":"product_cat-residential","25":"product_cat-retail","26":"product_cat-round-ground-light","27":"product_cat-table-lamp","28":"product_cat-track","29":"product_cat-wall-recessed","30":"product_cat-wall-surface","31":"product_tag-aluminum-ground-light","32":"product_tag-aluminum-housing","33":"product_tag-garden-lighting","34":"product_tag-in-ground-light","35":"product_tag-landscape-light","36":"product_tag-outdoor-ground-light","37":"product_tag-outdoor-lighting","38":"product_tag-round-ground-light","40":"first","41":"instock","42":"shipping-taxable","43":"product-type-simple"},"_links":{"self":[{"href":"https:\/\/ledsteplight.com\/fr\/wp-json\/wp\/v2\/product\/38082","targetHints":{"allow":["GET"]}}],"collection":[{"href":"https:\/\/ledsteplight.com\/fr\/wp-json\/wp\/v2\/product"}],"about":[{"href":"https:\/\/ledsteplight.com\/fr\/wp-json\/wp\/v2\/types\/product"}],"replies":[{"embeddable":true,"href":"https:\/\/ledsteplight.com\/fr\/wp-json\/wp\/v2\/comments?post=38082"}],"version-history":[{"count":3,"href":"https:\/\/ledsteplight.com\/fr\/wp-json\/wp\/v2\/product\/38082\/revisions"}],"predecessor-version":[{"id":38608,"href":"https:\/\/ledsteplight.com\/fr\/wp-json\/wp\/v2\/product\/38082\/revisions\/38608"}],"wp:featuredmedia":[{"embeddable":true,"href":"https:\/\/ledsteplight.com\/fr\/wp-json\/wp\/v2\/media\/37349"}],"wp:attachment":[{"href":"https:\/\/ledsteplight.com\/fr\/wp-json\/wp\/v2\/media?parent=38082"}],"wp:term":[{"taxonomy":"product_brand","embeddable":true,"href":"https:\/\/ledsteplight.com\/fr\/wp-json\/wp\/v2\/product_brand?post=38082"},{"taxonomy":"product_cat","embeddable":true,"href":"https:\/\/ledsteplight.com\/fr\/wp-json\/wp\/v2\/product_cat?post=38082"},{"taxonomy":"product_tag","embeddable":true,"href":"https:\/\/ledsteplight.com\/fr\/wp-json\/wp\/v2\/product_tag?post=38082"}],"curies":[{"name":"wp","href":"https:\/\/api.w.org\/{rel}","templated":true}]}}