{"id":38083,"date":"2025-09-08T13:04:27","date_gmt":"2025-09-08T13:04:27","guid":{"rendered":"https:\/\/ledsteplight.com\/import-placeholder-for-37253\/"},"modified":"2026-01-19T02:14:16","modified_gmt":"2026-01-19T02:14:16","slug":"wholesale-3w-led-in-ground-light-dm36-ss-ip67-stainless-steel-custom-manufacturer","status":"publish","type":"product","link":"https:\/\/ledsteplight.com\/fr\/wholesale-3w-led-in-ground-light-dm36-ss-ip67-stainless-steel-custom-manufacturer\/","title":{"rendered":"Lumi\u00e8re encastr\u00e9e LED 3W en gros (DM36-SS) | Acier inoxydable IP67 | Fabricant personnalis\u00e9"},"content":{"rendered":"<div class=\"flex max-w-full flex-col flex-grow\">\n<div class=\"min-h-8 text-message relative flex w-full flex-col items-end gap-2 whitespace-normal break-words text-start [.text-message+&amp;]:mt-5\" dir=\"auto\" data-message-author-role=\"assistant\" data-message-id=\"086f7924-0a83-450b-804e-18a4a3bc035e\" data-message-model-slug=\"gpt-4o\">\n<div class=\"flex w-full flex-col gap-1 empty:hidden first:pt-[3px]\">\n<div class=\"markdown prose w-full break-words dark:prose-invert light\">\n<div class=\"overflow-x-auto contain-inline-size\">\n<table data-start=\"35\" data-end=\"690\" data-is-last-node=\"\" data-is-only-node=\"\">\n<thead data-start=\"35\" data-end=\"76\">\n<tr data-start=\"35\" data-end=\"76\">\n<th data-start=\"35\" data-end=\"56\"><strong data-start=\"37\" data-end=\"54\">Mod\u00e8le du produit<\/strong><\/th>\n<th data-start=\"56\" data-end=\"76\"><strong data-start=\"58\" data-end=\"72\">MG-DM36-SS<\/strong><\/th>\n<\/tr>\n<\/thead>\n<tbody data-start=\"118\" data-end=\"690\" data-is-last-node=\"\">\n<tr data-start=\"118\" data-end=\"168\">\n<td><strong data-start=\"120\" data-end=\"136\">Taille du produit<\/strong><\/td>\n<td>\u00d850mm \u00d7 H50mm (Circulaire)<\/td>\n<\/tr>\n<tr data-start=\"169\" data-end=\"215\">\n<td><strong data-start=\"171\" data-end=\"183\">Taille de coupe<\/strong><\/td>\n<td>\u00d839mm \u00d7 H65mm (Circulaire)<\/td>\n<\/tr>\n<tr data-start=\"216\" data-end=\"247\">\n<td><strong data-start=\"218\" data-end=\"238\">Contr\u00f4le de fonction<\/strong><\/td>\n<td>&#8211;<\/td>\n<\/tr>\n<tr data-start=\"248\" data-end=\"286\">\n<td><strong data-start=\"250\" data-end=\"266\">Source lumineuse<\/strong><\/td>\n<td>OSRAM \/ CREE<\/td>\n<\/tr>\n<tr data-start=\"287\" data-end=\"316\">\n<td><strong data-start=\"289\" data-end=\"298\">Watts<\/strong><\/td>\n<td>3W (300mA)<\/td>\n<\/tr>\n<tr data-start=\"317\" data-end=\"343\">\n<td><strong data-start=\"319\" data-end=\"329\">Poids<\/strong><\/td>\n<td>0,45kg<\/td>\n<\/tr>\n<tr data-start=\"344\" data-end=\"374\">\n<td><strong data-start=\"346\" data-end=\"358\">Entr\u00e9e secteur<\/strong><\/td>\n<td>DC12\/24V<\/td>\n<\/tr>\n<tr data-start=\"375\" data-end=\"396\">\n<td><strong data-start=\"377\" data-end=\"387\">Alimentation<\/strong><\/td>\n<td>&#8211;<\/td>\n<\/tr>\n<tr data-start=\"397\" data-end=\"447\">\n<td><strong data-start=\"399\" data-end=\"418\">Angle du r\u00e9flecteur<\/strong><\/td>\n<td>15\u00b0 \/ 30\u00b0 \/ 45\u00b0 \/ 60\u00b0<\/td>\n<\/tr>\n<tr data-start=\"448\" data-end=\"492\">\n<td><strong data-start=\"450\" data-end=\"471\"><strong><a href=\"https:\/\/ledsteplight.com\/fr\/dm36b-pro-honeycomb-anti-glare-led-in-ground-light-ip67-24v-dc\/\" class=\"waam-auto-link\" title=\"Temp\u00e9rature de couleur\">Temp\u00e9rature de couleur<\/a><\/strong><\/strong><\/td>\n<td>3000K \/ 4000K<\/td>\n<\/tr>\n<tr data-start=\"493\" data-end=\"518\">\n<td><strong data-start=\"495\" data-end=\"509\">Connexion<\/strong><\/td>\n<td>&#8211;<\/td>\n<\/tr>\n<tr data-start=\"519\" data-end=\"567\">\n<td><strong data-start=\"521\" data-end=\"533\">Mat\u00e9riau<\/strong><\/td>\n<td>Aluminium \/ Acier inoxydable<\/td>\n<\/tr>\n<tr data-start=\"568\" data-end=\"602\">\n<td><strong data-start=\"570\" data-end=\"579\">Couleur<\/strong><\/td>\n<td>Acier inoxydable<\/td>\n<\/tr>\n<tr data-start=\"603\" data-end=\"630\">\n<td><strong data-start=\"605\" data-end=\"618\">Indice de protection<\/strong><\/td>\n<td>IP67<\/td>\n<\/tr>\n<tr data-start=\"631\" data-end=\"690\" data-is-last-node=\"\">\n<td><strong data-start=\"633\" data-end=\"649\">Installation<\/strong><\/td>\n<td>Encastr\u00e9 (avec composants int\u00e9gr\u00e9s)<\/td>\n<\/tr>\n<\/tbody>\n<\/table>\n<\/div>\n<\/div>\n<\/div>\n<\/div>\n<\/div>\n<div class=\"mb-2 flex gap-3 -ml-2\">\n<div class=\"flex items-center justify-start rounded-xl p-1\">\n<div class=\"flex items-center transition-opacity group-hover\/turn:opacity-100 opacity-100\"><\/div>\n<\/div>\n<\/div>\n<ul>\n<li><b>Construction robuste en acier inoxydable :<\/b> L'ensemble de l'appareil est fabriqu\u00e9 en acier inoxydable de haute qualit\u00e9, garantissant une performance durable dans des environnements ext\u00e9rieurs difficiles.<\/li>\n<li><b>Indice de protection IP67 :<\/b> Enti\u00e8rement scell\u00e9 et \u00e9tanch\u00e9, le DM36-SS est compl\u00e8tement prot\u00e9g\u00e9 contre la poussi\u00e8re et les jets d'eau puissants, ce qui le rend id\u00e9al pour une installation par tous les temps.<\/li>\n<li><b>Source lumineuse de qualit\u00e9 sup\u00e9rieure de niveau 1 :<\/b> Aliment\u00e9 par une LED \u00e0 haute efficacit\u00e9 de 3W de <b>OSRAM<\/b> or <b>CREE<\/b>, offrant une lumi\u00e8re fiable et de haute qualit\u00e9 (3000K ou 4000K).<\/li>\n<li><b>Fonctionnement \u00e0 basse tension s\u00e9curis\u00e9 :<\/b> Con\u00e7u pour <b>DC12V\/24V<\/b> <strong><a href=\"https:\/\/ledsteplight.com\/fr\/ultimate-guide-to-landscape-inground-lighting-solutions\/\" class=\"waam-auto-link\" title=\"syst\u00e8mes\">syst\u00e8mes<\/a><\/strong>, garantissant la s\u00e9curit\u00e9 et la facilit\u00e9 d'int\u00e9gration dans un environnement professionnel <strong><a href=\"https:\/\/ledsteplight.com\/fr\/mistakes-to-avoid-when-installing-in-ground-driveway-lights\/\" class=\"waam-auto-link\" title=\"\u00e9clairage paysager\">\u00e9clairage paysager<\/a><\/strong> .<\/li>\n<li><b>Optiques de pr\u00e9cision :<\/b> Disponible avec des angles de faisceau de 15\u00b0, 30\u00b0, 45\u00b0 ou 60\u00b0 pour cr\u00e9er aussi bien des projecteurs d'accentuation pr\u00e9cis que des chemins lumineux larges <strong><a href=\"https:\/\/ledsteplight.com\/fr\/pir-sensor-step-light-top-advantages-for-safety\/\" class=\"waam-auto-link\" title=\"illumination\">illumination<\/a><\/strong>.<\/li>\n<\/ul>\n<p><b>Votre partenaire de fabrication B2B : Vente en gros &amp; Personnalisation<\/b><\/p>\n<p>Nous sommes un <b>fabricant<\/b> direct de la DM36-SS et d'une gamme compl\u00e8te d'\u00e9clairages de qualit\u00e9 architecturale. Nous nous sp\u00e9cialisons dans le partenariat avec des distributeurs, des entrepreneurs \u00e9lectriques et des designers paysagers.<\/p>\n<ul>\n<li><b>Tarifs de gros :<\/b> Nous proposons des prix comp\u00e9titifs et d\u00e9gressifs <b>de gros<\/b> pour les commandes en volume. Contactez notre \u00e9quipe pour un devis B2B.<\/li>\n<li><b>Solutions personnalis\u00e9es (OEM\/ODM) :<\/b> Besoin de modifications ? Nous proposons <b>des solutions personnalis\u00e9es<\/b> Services de fabrication. Qu'il s'agisse d'une temp\u00e9rature de couleur sp\u00e9cifique, d'un angle de faisceau, de la longueur du c\u00e2ble ou du branding, notre \u00e9quipe d'ing\u00e9nierie peut adapter ce produit \u00e0 vos sp\u00e9cifications exactes de projet.<\/li>\n<\/ul>","protected":false},"excerpt":{"rendered":"<p>Trouvez la lumi\u00e8re encastr\u00e9e DM36-SS 3W IP67 directement \u00e0 partir de la <b>fabricant<\/b>. Nous sommes sp\u00e9cialis\u00e9s dans <b>de gros<\/b> &amp; <b>des solutions personnalis\u00e9es<\/b> \u00e9clairage paysager en acier inoxydable. 12V\/24V, puces CREE\/OSRAM.<\/p>","protected":false},"featured_media":37356,"comment_status":"open","ping_status":"closed","template":"","meta":[],"product_brand":[],"product_cat":[100,426,427,428,439,429,440,430,441,126,431,442,443,432,433,444,112,464,445,446,106,434,435,436,437],"product_tag":[103,76,77,127,113,78,108],"class_list":{"0":"post-38083","1":"product","2":"type-product","3":"status-publish","4":"has-post-thumbnail","6":"product_cat-aluminum-ground-light","7":"product_cat-ceiling-recessed","8":"product_cat-ceiling-surface","9":"product_cat-ceiling-suspended","10":"product_cat-commercial","11":"product_cat-drivers","12":"product_cat-education","13":"product_cat-freestanding-light","14":"product_cat-hospitality","15":"product_cat-in-ground-light","16":"product_cat-industrial","17":"product_cat-infrastructure","18":"product_cat-landscape","19":"product_cat-landscaping","20":"product_cat-linear","21":"product_cat-office","22":"product_cat-outdoor-ground-light","23":"product_cat-c-outdoor-lighting","24":"product_cat-residential","25":"product_cat-retail","26":"product_cat-round-ground-light","27":"product_cat-table-lamp","28":"product_cat-track","29":"product_cat-wall-recessed","30":"product_cat-wall-surface","31":"product_tag-aluminum-ground-light","32":"product_tag-aluminum-housing","33":"product_tag-ground-light","34":"product_tag-in-ground-light","35":"product_tag-outdoor-ground-light","36":"product_tag-outdoor-lighting","37":"product_tag-round-ground-light","39":"first","40":"instock","41":"shipping-taxable","42":"product-type-simple"},"_links":{"self":[{"href":"https:\/\/ledsteplight.com\/fr\/wp-json\/wp\/v2\/product\/38083","targetHints":{"allow":["GET"]}}],"collection":[{"href":"https:\/\/ledsteplight.com\/fr\/wp-json\/wp\/v2\/product"}],"about":[{"href":"https:\/\/ledsteplight.com\/fr\/wp-json\/wp\/v2\/types\/product"}],"replies":[{"embeddable":true,"href":"https:\/\/ledsteplight.com\/fr\/wp-json\/wp\/v2\/comments?post=38083"}],"version-history":[{"count":3,"href":"https:\/\/ledsteplight.com\/fr\/wp-json\/wp\/v2\/product\/38083\/revisions"}],"predecessor-version":[{"id":38609,"href":"https:\/\/ledsteplight.com\/fr\/wp-json\/wp\/v2\/product\/38083\/revisions\/38609"}],"wp:featuredmedia":[{"embeddable":true,"href":"https:\/\/ledsteplight.com\/fr\/wp-json\/wp\/v2\/media\/37356"}],"wp:attachment":[{"href":"https:\/\/ledsteplight.com\/fr\/wp-json\/wp\/v2\/media?parent=38083"}],"wp:term":[{"taxonomy":"product_brand","embeddable":true,"href":"https:\/\/ledsteplight.com\/fr\/wp-json\/wp\/v2\/product_brand?post=38083"},{"taxonomy":"product_cat","embeddable":true,"href":"https:\/\/ledsteplight.com\/fr\/wp-json\/wp\/v2\/product_cat?post=38083"},{"taxonomy":"product_tag","embeddable":true,"href":"https:\/\/ledsteplight.com\/fr\/wp-json\/wp\/v2\/product_tag?post=38083"}],"curies":[{"name":"wp","href":"https:\/\/api.w.org\/{rel}","templated":true}]}}