{"id":38085,"date":"2025-09-08T13:04:27","date_gmt":"2025-09-08T13:04:27","guid":{"rendered":"https:\/\/ledsteplight.com\/import-placeholder-for-37255\/"},"modified":"2025-12-11T15:29:42","modified_gmt":"2025-12-11T15:29:42","slug":"8w-recessed-lighting-manufacturer-mg-dm80c-b2b-wholesale-custom-projects","status":"publish","type":"product","link":"https:\/\/ledsteplight.com\/fr\/8w-recessed-lighting-manufacturer-mg-dm80c-b2b-wholesale-custom-projects\/","title":{"rendered":"Fabricant d'\u00e9clairage encastr\u00e9 8W | MG-DM80c | Vente en gros B2B et projets personnalis\u00e9s"},"content":{"rendered":"<table class=\"OxEWNITQ\">\n<thead>\n<tr>\n<th>Param\u00e8tre<\/th>\n<th>D\u00e9tails<\/th>\n<\/tr>\n<\/thead>\n<tbody>\n<tr>\n<td><strong>Mod\u00e8le du produit<\/strong><\/td>\n<td>MG-DM80c<\/td>\n<\/tr>\n<tr>\n<td><strong>Taille du produit<\/strong><\/td>\n<td>\u00d880mm de diam\u00e8tre, 40mm de hauteur<\/td>\n<\/tr>\n<tr>\n<td><strong>Taille de d\u00e9coupe<\/strong><\/td>\n<td>\u00d866mm de diam\u00e8tre, 50mm de hauteur<\/td>\n<\/tr>\n<tr>\n<td><strong>Contr\u00f4le de fonction<\/strong><\/td>\n<td>N\/A (Non sp\u00e9cifi\u00e9)<\/td>\n<\/tr>\n<tr>\n<td><strong>Source lumineuse<\/strong><\/td>\n<td>LED COB, RA90<\/td>\n<\/tr>\n<tr>\n<td><strong>Puissance<\/strong><\/td>\n<td>5W \u00e0 10W<\/td>\n<\/tr>\n<tr>\n<td><strong>Poids du produit<\/strong><\/td>\n<td>1kg<\/td>\n<\/tr>\n<tr>\n<td><strong>Param\u00e8tres d'alimentation \u00e9lectrique<\/strong><\/td>\n<td>DC24V<\/td>\n<\/tr>\n<tr>\n<td><strong>Alimentation<\/strong><\/td>\n<td>N\/A (Typiquement inclus)<\/td>\n<\/tr>\n<tr>\n<td><strong>Angle du r\u00e9flecteur<\/strong><\/td>\n<td>15\u00b0\/24\u00b0\/36\u00b0\/45\u00b0 \/ Asym\u00e9trique 30\u00b0X40\u00b0<\/td>\n<\/tr>\n<tr>\n<td><strong><strong><a href=\"https:\/\/ledsteplight.com\/fr\/dm36b-pro-honeycomb-anti-glare-led-in-ground-light-ip67-24v-dc\/\" class=\"waam-auto-link\" title=\"Temp\u00e9rature de couleur\">Temp\u00e9rature de couleur<\/a><\/strong><\/strong><\/td>\n<td>3000K (Blanc chaud)<\/td>\n<\/tr>\n<tr>\n<td><strong>C\u00e2blage\/Longueur\/Connecteur<\/strong><\/td>\n<td>N\/A (Non sp\u00e9cifi\u00e9)<\/td>\n<\/tr>\n<tr>\n<td><strong>Mat\u00e9riau<\/strong><\/td>\n<td>Aluminium<\/td>\n<\/tr>\n<tr>\n<td><strong>Couleur\/Finition de surface<\/strong><\/td>\n<td>N\/A (Non sp\u00e9cifi\u00e9, mais g\u00e9n\u00e9ralement disponible en diverses options)<\/td>\n<\/tr>\n<tr>\n<td><strong>Indice de protection<\/strong><\/td>\n<td>N\/A (Non sp\u00e9cifi\u00e9, mais souvent indiqu\u00e9 pour des produits similaires)<\/td>\n<\/tr>\n<tr>\n<td><strong>M\u00e9thode d'installation<\/strong><\/td>\n<td>Montage encastr\u00e9 (Int\u00e9gr\u00e9 avec bo\u00eete pr\u00e9-cach\u00e9e optionnelle)<\/td>\n<\/tr>\n<\/tbody>\n<\/table>\n<p>MG-DM80c est un downlight encastr\u00e9 de qualit\u00e9 professionnelle con\u00e7u pour des applications o\u00f9 la pr\u00e9cision des couleurs est primordiale. Son LED COB haute performance offre un Indice de Rendu des Couleurs (IRC) exceptionnel de RA90, ce qui en fait le choix parfait pour les vitrines haut de gamme, les galeries d'art, l'h\u00f4tellerie et les projets r\u00e9sidentiels modernes.<\/p>\n<p>Con\u00e7u avec un corps en aluminium durable, cet appareil de 8W offre une gestion thermique optimale dans un design compact (\u00d880mm). Il fonctionne avec une alimentation DC24V s\u00fbre et efficace, s\u2019int\u00e9grant facilement dans un \u00e9clairage sophistiqu\u00e9. <strong><a href=\"https:\/\/ledsteplight.com\/fr\/ultimate-guide-to-landscape-inground-lighting-solutions\/\" class=\"waam-auto-link\" title=\"syst\u00e8mes\">syst\u00e8mes<\/a><\/strong>.<\/p>\n<p><b>Caract\u00e9ristiques principales :<\/b><\/p>\n<ul>\n<li><b>Fid\u00e9lit\u00e9 exceptionnelle des couleurs :<\/b> \u00c9quip\u00e9 d'une LED COB (Chip-on-Board) de qualit\u00e9 sup\u00e9rieure avec <b>CRI RA90<\/b>, garantissant que les finitions int\u00e9rieures, \u0153uvres d'art et marchandises sont affich\u00e9es dans leurs couleurs v\u00e9ritables et vibrantes.<\/li>\n<li><b>Contr\u00f4le optique pr\u00e9cis :<\/b> Disponible avec plusieurs angles de faisceau (15\u00b0\/24\u00b0\/36\u00b0\/45\u00b0) pour une pr\u00e9cision optimale <strong><a href=\"https:\/\/ledsteplight.com\/fr\/decoration\/\" class=\"waam-auto-link\" title=\"d&#039;accentuation intense\">d'accentuation intense<\/a><\/strong>.<\/li>\n<li><b>Option asym\u00e9trique avanc\u00e9e :<\/b> La <b>lentille asym\u00e9trique 30\u00b0X40\u00b0<\/b> est sp\u00e9cialement con\u00e7ue pour un lavage mural efficace, en poussant la lumi\u00e8re lat\u00e9ralement pour \u00e9clairer uniform\u00e9ment les surfaces verticales.<\/li>\n<li><b>Entr\u00e9e \u00e0 basse tension s\u00fbre :<\/b> Le <b>DC24V<\/b> fonctionnement standard<\/li>\n<li><b>est id\u00e9al pour les syst\u00e8mes d'alimentation centralis\u00e9s et garantit la s\u00e9curit\u00e9.<\/b> Lumi\u00e8re chaude et accueillante :<\/li>\n<li><b>La temp\u00e9rature de couleur standard de 3000K (blanc chaud) cr\u00e9e une atmosph\u00e8re confortable et chaleureuse.<\/b> Installation \u00e9l\u00e9gante :<\/li>\n<\/ul>\n<p><b>Con\u00e7ue pour un aspect propre et sans cadre avec une d\u00e9coupe \u00d866mm.<\/b><\/p>\n<p>Nous sommes un <b>fabricant<\/b> sp\u00e9cialis\u00e9 dans les produits de haute qualit\u00e9 <strong><a href=\"https:\/\/ledsteplight.com\/fr\/cree-bridgelux-chip-ip65-led-fixture-for-garden-facade-lighting\/\" class=\"waam-auto-link\" title=\"\u00e9clairage architectural\">\u00e9clairage architectural<\/a><\/strong> pour le march\u00e9 international.<\/p>\n<ul>\n<li><b>sp\u00e9cialis\u00e9 dans l\u2019\u00e9clairage architectural de haute qualit\u00e9 pour le march\u00e9 international.<\/b> Nous proposons des tarifs comp\u00e9titifs <b>de gros<\/b> pour les distributeurs d\u2019\u00e9clairage, les entrepreneurs \u00e9lectriques et les projets d\u2019approvisionnement \u00e0 grande \u00e9chelle.<\/li>\n<li><b>Solutions personnalis\u00e9es et OEM :<\/b> En tant qu\u2019usine, nous fournissons des services complets <b>des solutions personnalis\u00e9es<\/b> (OEM\/ODM). Nous pouvons personnaliser les finitions, les temp\u00e9ratures de couleur ou les connecteurs pour r\u00e9pondre \u00e0 vos sp\u00e9cifications exactes de projet. Contactez-nous pour discuter de vos besoins.<\/li>\n<\/ul>","protected":false},"excerpt":{"rendered":"<p>Direct <b>fabricant<\/b> de l\u2019applique encastr\u00e9e COB de 8W (MG-DM80c). Haute IRC (RA90), DC24V, et options de lentilles asym\u00e9triques. Nous proposons des prix B2B <b>de gros<\/b> et <b>des solutions personnalis\u00e9es<\/b> solutions.<\/p>","protected":false},"featured_media":37362,"comment_status":"open","ping_status":"closed","template":"","meta":[],"product_brand":[],"product_cat":[100,426,427,428,439,429,440,430,441,126,431,442,443,432,433,444,112,445,446,106,434,435,436,437],"product_tag":[103,76,127,113,78,114,115,108],"class_list":{"0":"post-38085","1":"product","2":"type-product","3":"status-publish","4":"has-post-thumbnail","6":"product_cat-aluminum-ground-light","7":"product_cat-ceiling-recessed","8":"product_cat-ceiling-surface","9":"product_cat-ceiling-suspended","10":"product_cat-commercial","11":"product_cat-drivers","12":"product_cat-education","13":"product_cat-freestanding-light","14":"product_cat-hospitality","15":"product_cat-in-ground-light","16":"product_cat-industrial","17":"product_cat-infrastructure","18":"product_cat-landscape","19":"product_cat-landscaping","20":"product_cat-linear","21":"product_cat-office","22":"product_cat-outdoor-ground-light","23":"product_cat-residential","24":"product_cat-retail","25":"product_cat-round-ground-light","26":"product_cat-table-lamp","27":"product_cat-track","28":"product_cat-wall-recessed","29":"product_cat-wall-surface","30":"product_tag-aluminum-ground-light","31":"product_tag-aluminum-housing","32":"product_tag-in-ground-light","33":"product_tag-outdoor-ground-light","34":"product_tag-outdoor-lighting","35":"product_tag-pathway-light","36":"product_tag-recessed-light","37":"product_tag-round-ground-light","39":"first","40":"instock","41":"shipping-taxable","42":"product-type-simple"},"_links":{"self":[{"href":"https:\/\/ledsteplight.com\/fr\/wp-json\/wp\/v2\/product\/38085","targetHints":{"allow":["GET"]}}],"collection":[{"href":"https:\/\/ledsteplight.com\/fr\/wp-json\/wp\/v2\/product"}],"about":[{"href":"https:\/\/ledsteplight.com\/fr\/wp-json\/wp\/v2\/types\/product"}],"replies":[{"embeddable":true,"href":"https:\/\/ledsteplight.com\/fr\/wp-json\/wp\/v2\/comments?post=38085"}],"version-history":[{"count":3,"href":"https:\/\/ledsteplight.com\/fr\/wp-json\/wp\/v2\/product\/38085\/revisions"}],"predecessor-version":[{"id":38611,"href":"https:\/\/ledsteplight.com\/fr\/wp-json\/wp\/v2\/product\/38085\/revisions\/38611"}],"wp:featuredmedia":[{"embeddable":true,"href":"https:\/\/ledsteplight.com\/fr\/wp-json\/wp\/v2\/media\/37362"}],"wp:attachment":[{"href":"https:\/\/ledsteplight.com\/fr\/wp-json\/wp\/v2\/media?parent=38085"}],"wp:term":[{"taxonomy":"product_brand","embeddable":true,"href":"https:\/\/ledsteplight.com\/fr\/wp-json\/wp\/v2\/product_brand?post=38085"},{"taxonomy":"product_cat","embeddable":true,"href":"https:\/\/ledsteplight.com\/fr\/wp-json\/wp\/v2\/product_cat?post=38085"},{"taxonomy":"product_tag","embeddable":true,"href":"https:\/\/ledsteplight.com\/fr\/wp-json\/wp\/v2\/product_tag?post=38085"}],"curies":[{"name":"wp","href":"https:\/\/api.w.org\/{rel}","templated":true}]}}