{"id":38086,"date":"2025-09-08T13:04:27","date_gmt":"2025-09-08T13:04:27","guid":{"rendered":"https:\/\/ledsteplight.com\/import-placeholder-for-37256\/"},"modified":"2025-12-11T15:30:06","modified_gmt":"2025-12-11T15:30:06","slug":"wholesale-2w-led-86-box-step-light-gyd038-plus-ip65-motion-sensor","status":"publish","type":"product","link":"https:\/\/ledsteplight.com\/fr\/wholesale-2w-led-86-box-step-light-gyd038-plus-ip65-motion-sensor\/","title":{"rendered":"Vente en gros de 2W LED 86 Box Step Light (GYD038-PLUS) | IP65 et d\u00e9tecteur de mouvement"},"content":{"rendered":"<table class=\"OxEWNITQ\" style=\"font-family: var(--global-body-font-family)\">\n<thead>\n<tr>\n<th><strong>Param\u00e8tre<\/strong><\/th>\n<th><strong>D\u00e9tails<\/strong><\/th>\n<\/tr>\n<\/thead>\n<tbody>\n<tr>\n<td><strong>Mod\u00e8le du produit<\/strong><\/td>\n<td>S\u00e9rie MG-GYD038-PLUS<\/td>\n<\/tr>\n<tr>\n<td><strong>Taille du produit<\/strong><\/td>\n<td>L87 \u00d7 l87 \u00d7 H30mm<\/td>\n<\/tr>\n<tr>\n<td><strong>Taille de coupe<\/strong><\/td>\n<td>Bo\u00eete encastr\u00e9e de 86mm (d\u00e9coupe standard de type 86)<\/td>\n<\/tr>\n<tr>\n<td><strong>Contr\u00f4le de fonction<\/strong><\/td>\n<td><strong><a href=\"https:\/\/ledsteplight.com\/fr\/pir-sensor-step-light-top-advantages-for-safety\/\" class=\"waam-auto-link\" title=\"Capteur de mouvement\">Capteur de mouvement<\/a><\/strong> \/ Contr\u00f4le de Mouvement + Lumi\u00e8re (Mode Double)<\/td>\n<\/tr>\n<tr>\n<td><strong>Source lumineuse<\/strong><\/td>\n<td>LED OSRAM \/ IRC &gt;90<\/td>\n<\/tr>\n<tr>\n<td><strong>Puissance<\/strong><\/td>\n<td>2W (driver 600mA)<\/td>\n<\/tr>\n<tr>\n<td><strong>Poids<\/strong><\/td>\n<td>0,5kg<\/td>\n<\/tr>\n<tr>\n<td><strong>Entr\u00e9e secteur<\/strong><\/td>\n<td>100-240V, 50\/60Hz<\/td>\n<\/tr>\n<tr>\n<td><strong>Alimentation<\/strong><\/td>\n<td>Driver \u00e0 courant constant int\u00e9gr\u00e9<\/td>\n<\/tr>\n<tr>\n<td><strong>Angle du r\u00e9flecteur<\/strong><\/td>\n<td>[Laissez vide dans les donn\u00e9es originales]<\/td>\n<\/tr>\n<tr>\n<td><strong><strong><a href=\"https:\/\/ledsteplight.com\/fr\/dm36b-pro-honeycomb-anti-glare-led-in-ground-light-ip67-24v-dc\/\" class=\"waam-auto-link\" title=\"Temp\u00e9rature de couleur\">Temp\u00e9rature de couleur<\/a><\/strong> (CCT)<\/strong><\/td>\n<td>3000K ( blanc chaud ), 4000K ( blanc neutre ), 5700K ( blanc froid )<\/td>\n<\/tr>\n<tr>\n<td><strong>M\u00e9thode de connexion<\/strong><\/td>\n<td>[Laissez vide dans les donn\u00e9es originales]<\/td>\n<\/tr>\n<tr>\n<td><strong>Mat\u00e9riau<\/strong><\/td>\n<td>Alliage d'aluminium<\/td>\n<\/tr>\n<tr>\n<td><strong>Options de couleur<\/strong><\/td>\n<td>Blanc mat, Noir bross\u00e9, Argent bross\u00e9 (<em>Or bross\u00e9 \/ Gris personnalisable<\/em>)<\/td>\n<\/tr>\n<tr>\n<td><strong>Indice de protection<\/strong><\/td>\n<td><strong><a href=\"https:\/\/ledsteplight.com\/fr\/cree-bridgelux-chip-ip65-led-fixture-for-garden-facade-lighting\/\" class=\"waam-auto-link\" title=\"IP65\">IP65<\/a><\/strong> (\u00c9tanche \u00e0 l'eau et \u00e0 la poussi\u00e8re)<\/td>\n<\/tr>\n<tr>\n<td><strong>Installation<\/strong><\/td>\n<td>Installation encastr\u00e9e (compatible avec bo\u00eete encastr\u00e9e standard de 86mm)<\/td>\n<\/tr>\n<\/tbody>\n<\/table>\n<p>Pr\u00e9sentez le MG-GYD038-PLUS. Ce n\u2019est pas simplement une autre petite lumi\u00e8re ext\u00e9rieure ; c\u2019est un travailleur intelligent de 2W con\u00e7u pour les professionnels. Nous l\u2019avons con\u00e7u autour d\u2019une bo\u00eete encastr\u00e9e standard de 86 mm, rendant l\u2019installation rapide et propre pour toute application encastr\u00e9e \u2014 pas de d\u00e9coupes personnalis\u00e9es, pas de main-d'\u0153uvre suppl\u00e9mentaire. Le corps est en alliage d\u2019aluminium massif avec une v\u00e9ritable classification \u00e9tanche IP65, pr\u00eat pour toutes conditions m\u00e9t\u00e9orologiques. \u00c0 l\u2019int\u00e9rieur, une puce OSRAM de haute qualit\u00e9 (IRC &gt;90) fournit une lumi\u00e8re claire et pr\u00e9cise, aliment\u00e9e par un driver int\u00e9gr\u00e9 fiable de 100-240V.<\/p>\n<p>La v\u00e9ritable valeur pour vos clients r\u00e9side dans l\u2019intelligence int\u00e9gr\u00e9e. Ce mod\u00e8le dispose d\u2019un capteur de mouvement et de lumi\u00e8re en mode dual, offrant s\u00e9curit\u00e9 et \u00e9conomie d\u2019\u00e9nergie sans c\u00e2blage suppl\u00e9mentaire. C\u2019est le luminaire parfait, sans fioritures, pour les chemins commerciaux, les escaliers d\u2019h\u00f4tel ou les terrasses r\u00e9sidentielles. En tant qu\u2019usine, nous le stockons en blanc mat, noir bross\u00e9 et argent bross\u00e9 \u2014 et nous proposons une personnalisation compl\u00e8te, y compris des couleurs sur mesure (comme l\u2019or bross\u00e9) et des services de marque priv\u00e9e pour vos commandes en gros.<\/p>","protected":false},"excerpt":{"rendered":"<p>Procurez-vous la lampe de d\u00e9tection ext\u00e9rieure 2W IP65 directement de la **fabrique**. La GYD038-PLUS s'adapte \u00e0 86 bo\u00eetes. Nous proposons des solutions en gros **vente en gros** et **sur mesure** (OEM) pour les partenaires B2B.<\/p>","protected":false},"featured_media":37370,"comment_status":"open","ping_status":"closed","template":"","meta":[],"product_brand":[],"product_cat":[116,99,100,426,427,428,439,429,440,430,441,431,442,443,432,433,444,112,445,446,101,434,435,436,437],"product_tag":[117,102,103,76,113,78,104,83],"class_list":{"0":"post-38086","1":"product","2":"type-product","3":"status-publish","4":"has-post-thumbnail","6":"product_cat-038-series","7":"product_cat-039-series","8":"product_cat-aluminum-ground-light","9":"product_cat-ceiling-recessed","10":"product_cat-ceiling-surface","11":"product_cat-ceiling-suspended","12":"product_cat-commercial","13":"product_cat-drivers","14":"product_cat-education","15":"product_cat-freestanding-light","16":"product_cat-hospitality","17":"product_cat-industrial","18":"product_cat-infrastructure","19":"product_cat-landscape","20":"product_cat-landscaping","21":"product_cat-linear","22":"product_cat-office","23":"product_cat-outdoor-ground-light","24":"product_cat-residential","25":"product_cat-retail","26":"product_cat-sensor-ground-light","27":"product_cat-table-lamp","28":"product_cat-track","29":"product_cat-wall-recessed","30":"product_cat-wall-surface","31":"product_tag-038-series","32":"product_tag-039-series","33":"product_tag-aluminum-ground-light","34":"product_tag-aluminum-housing","35":"product_tag-outdoor-ground-light","36":"product_tag-outdoor-lighting","37":"product_tag-sensor-ground-light","38":"product_tag-waterproof-fixture","40":"first","41":"instock","42":"shipping-taxable","43":"product-type-simple"},"_links":{"self":[{"href":"https:\/\/ledsteplight.com\/fr\/wp-json\/wp\/v2\/product\/38086","targetHints":{"allow":["GET"]}}],"collection":[{"href":"https:\/\/ledsteplight.com\/fr\/wp-json\/wp\/v2\/product"}],"about":[{"href":"https:\/\/ledsteplight.com\/fr\/wp-json\/wp\/v2\/types\/product"}],"replies":[{"embeddable":true,"href":"https:\/\/ledsteplight.com\/fr\/wp-json\/wp\/v2\/comments?post=38086"}],"version-history":[{"count":3,"href":"https:\/\/ledsteplight.com\/fr\/wp-json\/wp\/v2\/product\/38086\/revisions"}],"predecessor-version":[{"id":38612,"href":"https:\/\/ledsteplight.com\/fr\/wp-json\/wp\/v2\/product\/38086\/revisions\/38612"}],"wp:featuredmedia":[{"embeddable":true,"href":"https:\/\/ledsteplight.com\/fr\/wp-json\/wp\/v2\/media\/37370"}],"wp:attachment":[{"href":"https:\/\/ledsteplight.com\/fr\/wp-json\/wp\/v2\/media?parent=38086"}],"wp:term":[{"taxonomy":"product_brand","embeddable":true,"href":"https:\/\/ledsteplight.com\/fr\/wp-json\/wp\/v2\/product_brand?post=38086"},{"taxonomy":"product_cat","embeddable":true,"href":"https:\/\/ledsteplight.com\/fr\/wp-json\/wp\/v2\/product_cat?post=38086"},{"taxonomy":"product_tag","embeddable":true,"href":"https:\/\/ledsteplight.com\/fr\/wp-json\/wp\/v2\/product_tag?post=38086"}],"curies":[{"name":"wp","href":"https:\/\/api.w.org\/{rel}","templated":true}]}}