{"id":38087,"date":"2025-09-08T13:04:27","date_gmt":"2025-09-08T13:04:27","guid":{"rendered":"https:\/\/ledsteplight.com\/import-placeholder-for-37257\/"},"modified":"2026-01-19T02:13:17","modified_gmt":"2026-01-19T02:13:17","slug":"the-professionals-choice-for-standard-86-box-installs","status":"publish","type":"product","link":"https:\/\/ledsteplight.com\/fr\/the-professionals-choice-for-standard-86-box-installs\/","title":{"rendered":"Le choix des professionnels pour l'installation standard de la bo\u00eete 86"},"content":{"rendered":"<table class=\"OxEWNITQ\">\n<thead>\n<tr>\n<th><strong>S\u00e9rie de produits<\/strong><\/th>\n<th>S\u00e9rie MG-SN038-PLUS<\/th>\n<\/tr>\n<\/thead>\n<tbody>\n<tr>\n<td><strong>Taille du produit<\/strong><\/td>\n<td>L87mm (Longueur) x l87mm (Largeur) x H30mm (Hauteur)<\/td>\n<\/tr>\n<tr>\n<td><strong>Taille de coupe<\/strong><\/td>\n<td>Bo\u00eete pr\u00e9-cach\u00e9e de 86mm (Compatible)<\/td>\n<\/tr>\n<tr>\n<td><strong>Contr\u00f4le de fonction<\/strong><\/td>\n<td>MARCHE\/ARR\u00caT<\/td>\n<\/tr>\n<tr>\n<td><strong>Source lumineuse<\/strong><\/td>\n<td>OSRAM \/ <strong><a href=\"https:\/\/ledsteplight.com\/fr\/cree-bridgelux-chip-ip65-led-fixture-for-garden-facade-lighting\/\" class=\"waam-auto-link\" title=\"LED CREE\">LED CREE<\/a><\/strong> (RA&gt;90)<\/td>\n<\/tr>\n<tr>\n<td><strong>Puissance<\/strong><\/td>\n<td>2W \u00e0 600mA<\/td>\n<\/tr>\n<tr>\n<td><strong>Poids<\/strong><\/td>\n<td>0,5 kilogrammes<\/td>\n<\/tr>\n<tr>\n<td><strong>Entr\u00e9e secteur<\/strong><\/td>\n<td>100-240V, 50-60Hz<\/td>\n<\/tr>\n<tr>\n<td><strong>Alimentation<\/strong><\/td>\n<td>Int\u00e9gr\u00e9<\/td>\n<\/tr>\n<tr>\n<td><strong>Angle du r\u00e9flecteur<\/strong><\/td>\n<td>Non sp\u00e9cifi\u00e9<\/td>\n<\/tr>\n<tr>\n<td><strong><strong><a href=\"https:\/\/ledsteplight.com\/fr\/dm36b-pro-honeycomb-anti-glare-led-in-ground-light-ip67-24v-dc\/\" class=\"waam-auto-link\" title=\"Temp\u00e9rature de couleur\">Temp\u00e9rature de couleur<\/a><\/strong><\/strong><\/td>\n<td>3000K, 4000K, 5700K<\/td>\n<\/tr>\n<tr>\n<td><strong>Connexion (Fils\/Longueur\/Connecteurs)<\/strong><\/td>\n<td>Non sp\u00e9cifi\u00e9<\/td>\n<\/tr>\n<tr>\n<td><strong>Mat\u00e9riau<\/strong><\/td>\n<td>Aluminium<\/td>\n<\/tr>\n<tr>\n<td><strong>Couleur\/Finition<\/strong><\/td>\n<td>Blanc Sable, Noir Bross\u00e9, Argent Bross\u00e9 (Personnalisable en Or Bross\u00e9 \/ Gris Bross\u00e9)<\/td>\n<\/tr>\n<tr>\n<td><strong>Indice de protection<\/strong><\/td>\n<td>IP65 (Prot\u00e9g\u00e9 contre la poussi\u00e8re et les jets d'eau)<\/td>\n<\/tr>\n<tr>\n<td><strong>M\u00e9thode d'installation<\/strong><\/td>\n<td>Encastr\u00e9 Int\u00e9gr\u00e9 (Compatible avec une bo\u00eete de jonction de 86mm)<\/td>\n<\/tr>\n<\/tbody>\n<\/table>\n<p>Le MG-SN038-PLUS est le support de travail dont votre inventaire B2B a besoin. Nous l'avons con\u00e7u pour les installateurs : il est con\u00e7u pour s'adapter parfaitement \u00e0 toute bo\u00eete de jonction encastr\u00e9e standard de 86 mm (L87xW87mm). Cela signifie pas de devinettes, pas de main-d'\u0153uvre suppl\u00e9mentaire, et pas de coupes sur mesure \u2014 juste une installation propre, rapide et professionnelle \u00e0 chaque fois. Il s'agit du mod\u00e8le simple ON\/OFF, con\u00e7u pour la fiabilit\u00e9. Son corps en alliage d'aluminium massif et sa classification IP65 \u00e9tanche \u00e0 l'eau signifient qu'il est pr\u00eat pour tout chemin ext\u00e9rieur, cage d'escalier ou terrasse.<\/p>\n<p>\u00c0 l'int\u00e9rieur, chaque unit\u00e9 est \u00e9quip\u00e9e d'une puce LED OSRAM\/CREE (IRC&gt;90) de qualit\u00e9 sup\u00e9rieure et d'un driver int\u00e9gr\u00e9 100-240V, offrant une lumi\u00e8re coh\u00e9rente et de haute qualit\u00e9. En tant que partenaire direct de l'usine, nous proposons une personnalisation compl\u00e8te et des prix de gros pour les commandes en volume. Bien que nous stockions le blanc sable, le noir bross\u00e9 et l'argent bross\u00e9, nous pouvons facilement produire des finitions personnalis\u00e9es comme l'or bross\u00e9 ou le gris pour correspondre au mat\u00e9riel de votre projet. C'est le luminaire simple, fiable et haute performance qui satisfait vos clients et r\u00e9duit vos co\u00fbts.<\/p>","protected":false},"excerpt":{"rendered":"<p>Obtenez des prix de gros sur la lampe LED 2W IP65 (SN038-PLUS). Compatible avec les bo\u00eetes standard 86 pour une installation facile. Nous sommes une **usine** proposant des services complets de **personnalisation** et de marque priv\u00e9e.<\/p>","protected":false},"featured_media":37372,"comment_status":"open","ping_status":"closed","template":"","meta":[],"product_brand":[],"product_cat":[116,99,100,426,427,428,439,429,440,430,441,431,442,443,432,433,444,112,464,445,446,434,435,436,437],"product_tag":[117,102,103,76,77,113,78],"class_list":{"0":"post-38087","1":"product","2":"type-product","3":"status-publish","4":"has-post-thumbnail","6":"product_cat-038-series","7":"product_cat-039-series","8":"product_cat-aluminum-ground-light","9":"product_cat-ceiling-recessed","10":"product_cat-ceiling-surface","11":"product_cat-ceiling-suspended","12":"product_cat-commercial","13":"product_cat-drivers","14":"product_cat-education","15":"product_cat-freestanding-light","16":"product_cat-hospitality","17":"product_cat-industrial","18":"product_cat-infrastructure","19":"product_cat-landscape","20":"product_cat-landscaping","21":"product_cat-linear","22":"product_cat-office","23":"product_cat-outdoor-ground-light","24":"product_cat-c-outdoor-lighting","25":"product_cat-residential","26":"product_cat-retail","27":"product_cat-table-lamp","28":"product_cat-track","29":"product_cat-wall-recessed","30":"product_cat-wall-surface","31":"product_tag-038-series","32":"product_tag-039-series","33":"product_tag-aluminum-ground-light","34":"product_tag-aluminum-housing","35":"product_tag-ground-light","36":"product_tag-outdoor-ground-light","37":"product_tag-outdoor-lighting","39":"first","40":"instock","41":"shipping-taxable","42":"product-type-simple"},"_links":{"self":[{"href":"https:\/\/ledsteplight.com\/fr\/wp-json\/wp\/v2\/product\/38087","targetHints":{"allow":["GET"]}}],"collection":[{"href":"https:\/\/ledsteplight.com\/fr\/wp-json\/wp\/v2\/product"}],"about":[{"href":"https:\/\/ledsteplight.com\/fr\/wp-json\/wp\/v2\/types\/product"}],"replies":[{"embeddable":true,"href":"https:\/\/ledsteplight.com\/fr\/wp-json\/wp\/v2\/comments?post=38087"}],"version-history":[{"count":3,"href":"https:\/\/ledsteplight.com\/fr\/wp-json\/wp\/v2\/product\/38087\/revisions"}],"predecessor-version":[{"id":38600,"href":"https:\/\/ledsteplight.com\/fr\/wp-json\/wp\/v2\/product\/38087\/revisions\/38600"}],"wp:featuredmedia":[{"embeddable":true,"href":"https:\/\/ledsteplight.com\/fr\/wp-json\/wp\/v2\/media\/37372"}],"wp:attachment":[{"href":"https:\/\/ledsteplight.com\/fr\/wp-json\/wp\/v2\/media?parent=38087"}],"wp:term":[{"taxonomy":"product_brand","embeddable":true,"href":"https:\/\/ledsteplight.com\/fr\/wp-json\/wp\/v2\/product_brand?post=38087"},{"taxonomy":"product_cat","embeddable":true,"href":"https:\/\/ledsteplight.com\/fr\/wp-json\/wp\/v2\/product_cat?post=38087"},{"taxonomy":"product_tag","embeddable":true,"href":"https:\/\/ledsteplight.com\/fr\/wp-json\/wp\/v2\/product_tag?post=38087"}],"curies":[{"name":"wp","href":"https:\/\/api.w.org\/{rel}","templated":true}]}}