{"id":38088,"date":"2025-09-08T13:04:27","date_gmt":"2025-09-08T13:04:27","guid":{"rendered":"https:\/\/ledsteplight.com\/import-placeholder-for-37262\/"},"modified":"2026-01-19T02:13:17","modified_gmt":"2026-01-19T02:13:17","slug":"industrial-recessed-led-high-bay-light-zb27070-cree-osram-custom-factory-price","status":"publish","type":"product","link":"https:\/\/ledsteplight.com\/fr\/industrial-recessed-led-high-bay-light-zb27070-cree-osram-custom-factory-price\/","title":{"rendered":"Projecteur industriel LED haute baie ZB27070 | CREE\/OSRAM | Prix personnalis\u00e9 d\u2019usine"},"content":{"rendered":"<table class=\"OxEWNITQ\">\n<thead>\n<tr>\n<th><strong>Mod\u00e8le du produit<\/strong><\/th>\n<th><strong>MG-ZB27070<\/strong><\/th>\n<\/tr>\n<\/thead>\n<tbody>\n<tr>\n<td><strong>Taille<\/strong><\/td>\n<td>L270<em>W70<\/em>H48mm<\/td>\n<\/tr>\n<tr>\n<td><strong>Taille de coupe<\/strong><\/td>\n<td>Sch\u00e9ma d'installation voir la fiche technique<\/td>\n<\/tr>\n<tr>\n<td><strong>Contr\u00f4le de fonction<\/strong><\/td>\n<td>Contr\u00f4le par interrupteur<\/td>\n<\/tr>\n<tr>\n<td><strong>Source lumineuse<\/strong><\/td>\n<td>OSRAM \/ CREE<\/td>\n<\/tr>\n<tr>\n<td><strong>Watts<\/strong><\/td>\n<td>5W<\/td>\n<\/tr>\n<tr>\n<td><strong>Poids<\/strong><\/td>\n<td>0,7kg<\/td>\n<\/tr>\n<tr>\n<td><strong>Tension d'entr\u00e9e<\/strong><\/td>\n<td>AC220\/DC24V<\/td>\n<\/tr>\n<tr>\n<td><strong>Alimentation<\/strong><\/td>\n<td>KGP\/SHIKI\/<\/td>\n<\/tr>\n<tr>\n<td><strong>Angle du r\u00e9flecteur<\/strong><\/td>\n<td>Non sp\u00e9cifi\u00e9<\/td>\n<\/tr>\n<tr>\n<td><strong><strong><a href=\"https:\/\/ledsteplight.com\/fr\/dm36b-pro-honeycomb-anti-glare-led-in-ground-light-ip67-24v-dc\/\" class=\"waam-auto-link\" title=\"Temp\u00e9rature de couleur\">Temp\u00e9rature de couleur<\/a><\/strong><\/strong><\/td>\n<td>Non sp\u00e9cifi\u00e9<\/td>\n<\/tr>\n<tr>\n<td><strong>Mat\u00e9riau<\/strong><\/td>\n<td>Non sp\u00e9cifi\u00e9<\/td>\n<\/tr>\n<tr>\n<td><strong>Couleur\/Finition<\/strong><\/td>\n<td>Non sp\u00e9cifi\u00e9<\/td>\n<\/tr>\n<tr>\n<td><strong>Indice de protection<\/strong><\/td>\n<td>Non sp\u00e9cifi\u00e9<\/td>\n<\/tr>\n<tr>\n<td><strong>Installation<\/strong><\/td>\n<td>Encastr\u00e9<\/td>\n<\/tr>\n<\/tbody>\n<\/table>\n<p>&nbsp;<\/p>\n<p data-start=\"472\" data-end=\"849\">Le projecteur LED haute baie MG-ZB27070 est con\u00e7u pour les personnes qui recherchent un \u00e9clairage fiable et sans souci dans les espaces industriels ou commerciaux. Utilisant des LED OSRAM ou CREE, il offre une performance lumineuse stable de 5W tout en r\u00e9duisant les co\u00fbts \u00e9nerg\u00e9tiques. Le design encastr\u00e9 s'int\u00e8gre parfaitement dans les plafonds, cr\u00e9ant un aspect \u00e9pur\u00e9 qui convient aux entrep\u00f4ts, zones de vente ou showrooms.<\/p>\n<p data-start=\"851\" data-end=\"1231\">Il est con\u00e7u pour une utilisation \u00e0 grande \u00e9chelle \u2014 parfait pour les entrepreneurs en \u00e9clairage, constructeurs ou revendeurs qui ont besoin d'une qualit\u00e9 constante pour des commandes en gros. Compatible avec AC220V\/DC24V et aliment\u00e9 par des drivers fiables KGP ou SHIKI, ce mod\u00e8le peut \u00eatre personnalis\u00e9 pour des projets sp\u00e9cifiques ou marqu\u00e9 pour une fourniture OEM. Durable, efficace et facile \u00e0 installer \u2014 un choix intelligent pour tout syst\u00e8me d'\u00e9clairage moderne.<\/p>","protected":false},"excerpt":{"rendered":"<p>ZB27070 \u00c9clairage LED haute baie de 5W avec puces OSRAM\/CREE. Encastr\u00e9, durable et \u00e9conome en \u00e9nergie. \u00c9clairage en gros personnalis\u00e9 OEM\/ODM pour projets industriels.<\/p>","protected":false},"featured_media":37375,"comment_status":"open","ping_status":"closed","template":"","meta":[],"product_brand":[],"product_cat":[100,426,427,428,439,429,440,430,441,431,442,443,432,433,136,444,464,445,446,434,435,436,437],"product_tag":[103,76,111,109,137,114,115],"class_list":{"0":"post-38088","1":"product","2":"type-product","3":"status-publish","4":"has-post-thumbnail","6":"product_cat-aluminum-ground-light","7":"product_cat-ceiling-recessed","8":"product_cat-ceiling-surface","9":"product_cat-ceiling-suspended","10":"product_cat-commercial","11":"product_cat-drivers","12":"product_cat-education","13":"product_cat-freestanding-light","14":"product_cat-hospitality","15":"product_cat-industrial","16":"product_cat-infrastructure","17":"product_cat-landscape","18":"product_cat-landscaping","19":"product_cat-linear","20":"product_cat-narrow-border-ground-light","21":"product_cat-office","22":"product_cat-c-outdoor-lighting","23":"product_cat-residential","24":"product_cat-retail","25":"product_cat-table-lamp","26":"product_cat-track","27":"product_cat-wall-recessed","28":"product_cat-wall-surface","29":"product_tag-aluminum-ground-light","30":"product_tag-aluminum-housing","31":"product_tag-garden-lighting","32":"product_tag-led-fixture","33":"product_tag-narrow-border-ground-light","34":"product_tag-pathway-light","35":"product_tag-recessed-light","37":"first","38":"instock","39":"shipping-taxable","40":"product-type-simple"},"_links":{"self":[{"href":"https:\/\/ledsteplight.com\/fr\/wp-json\/wp\/v2\/product\/38088","targetHints":{"allow":["GET"]}}],"collection":[{"href":"https:\/\/ledsteplight.com\/fr\/wp-json\/wp\/v2\/product"}],"about":[{"href":"https:\/\/ledsteplight.com\/fr\/wp-json\/wp\/v2\/types\/product"}],"replies":[{"embeddable":true,"href":"https:\/\/ledsteplight.com\/fr\/wp-json\/wp\/v2\/comments?post=38088"}],"version-history":[{"count":3,"href":"https:\/\/ledsteplight.com\/fr\/wp-json\/wp\/v2\/product\/38088\/revisions"}],"predecessor-version":[{"id":38601,"href":"https:\/\/ledsteplight.com\/fr\/wp-json\/wp\/v2\/product\/38088\/revisions\/38601"}],"wp:featuredmedia":[{"embeddable":true,"href":"https:\/\/ledsteplight.com\/fr\/wp-json\/wp\/v2\/media\/37375"}],"wp:attachment":[{"href":"https:\/\/ledsteplight.com\/fr\/wp-json\/wp\/v2\/media?parent=38088"}],"wp:term":[{"taxonomy":"product_brand","embeddable":true,"href":"https:\/\/ledsteplight.com\/fr\/wp-json\/wp\/v2\/product_brand?post=38088"},{"taxonomy":"product_cat","embeddable":true,"href":"https:\/\/ledsteplight.com\/fr\/wp-json\/wp\/v2\/product_cat?post=38088"},{"taxonomy":"product_tag","embeddable":true,"href":"https:\/\/ledsteplight.com\/fr\/wp-json\/wp\/v2\/product_tag?post=38088"}],"curies":[{"name":"wp","href":"https:\/\/api.w.org\/{rel}","templated":true}]}}