{"id":38090,"date":"2025-09-08T13:04:27","date_gmt":"2025-09-08T13:04:27","guid":{"rendered":"https:\/\/ledsteplight.com\/import-placeholder-for-37282\/"},"modified":"2025-12-11T13:30:17","modified_gmt":"2025-12-11T13:30:17","slug":"wholesale-5w-led-ground-light-gyd039-150-ip65-in-ground-surface-mount","status":"publish","type":"product","link":"https:\/\/ledsteplight.com\/fr\/wholesale-5w-led-ground-light-gyd039-150-ip65-in-ground-surface-mount\/","title":{"rendered":"Projecteur de sol LED 5W en gros (GYD039-150) | IP65 Enfoui \/ Montage en surface"},"content":{"rendered":"<table data-start=\"138\" data-end=\"1548\">\n<thead data-start=\"138\" data-end=\"220\">\n<tr data-start=\"138\" data-end=\"220\">\n<th data-start=\"138\" data-end=\"168\"><strong data-start=\"140\" data-end=\"153\">Param\u00e8tre<\/strong><\/th>\n<th data-start=\"168\" data-end=\"220\"><strong data-start=\"170\" data-end=\"181\">D\u00e9tails<\/strong><\/th>\n<\/tr>\n<\/thead>\n<tbody data-start=\"304\" data-end=\"1548\">\n<tr data-start=\"304\" data-end=\"386\">\n<td><strong data-start=\"306\" data-end=\"315\">Mod\u00e8le<\/strong><\/td>\n<td>MG-GYD039-150<\/td>\n<\/tr>\n<tr data-start=\"387\" data-end=\"469\">\n<td><strong data-start=\"389\" data-end=\"398\">Puissance<\/strong><\/td>\n<td>5W<\/td>\n<\/tr>\n<tr data-start=\"470\" data-end=\"552\">\n<td><strong data-start=\"472\" data-end=\"484\">Type LED<\/strong><\/td>\n<td>LED COB<\/td>\n<\/tr>\n<tr data-start=\"553\" data-end=\"635\">\n<td><strong data-start=\"555\" data-end=\"572\">Tension d'entr\u00e9e<\/strong><\/td>\n<td>AC85-265V<\/td>\n<\/tr>\n<tr data-start=\"636\" data-end=\"718\">\n<td><strong data-start=\"638\" data-end=\"659\"><strong><a href=\"https:\/\/ledsteplight.com\/fr\/dm36b-pro-honeycomb-anti-glare-led-in-ground-light-ip67-24v-dc\/\" class=\"waam-auto-link\" title=\"Temp\u00e9rature de couleur\">Temp\u00e9rature de couleur<\/a><\/strong><\/strong><\/td>\n<td>3000K \/ 6000K (Blanc chaud \/ Blanc froid)<\/td>\n<\/tr>\n<tr data-start=\"719\" data-end=\"801\">\n<td><strong data-start=\"721\" data-end=\"733\">Dur\u00e9e de vie<\/strong><\/td>\n<td>40 000 heures<\/td>\n<\/tr>\n<tr data-start=\"802\" data-end=\"884\">\n<td><strong data-start=\"804\" data-end=\"817\">Indice de protection<\/strong><\/td>\n<td>IP65 (Imperm\u00e9able, R\u00e9sistant \u00e0 la poussi\u00e8re)<\/td>\n<\/tr>\n<tr data-start=\"885\" data-end=\"967\">\n<td><strong data-start=\"887\" data-end=\"901\">Angle du faisceau<\/strong><\/td>\n<td>120\u00b0<\/td>\n<\/tr>\n<tr data-start=\"968\" data-end=\"1050\">\n<td><strong data-start=\"970\" data-end=\"995\">Temp\u00e9rature de fonctionnement<\/strong><\/td>\n<td>-20\u00b0C \u00e0 +40\u00b0C<\/td>\n<\/tr>\n<tr data-start=\"1051\" data-end=\"1133\">\n<td><strong data-start=\"1053\" data-end=\"1074\">Type d'installation<\/strong><\/td>\n<td>Encastr\u00e9 \/ Montage en surface<\/td>\n<\/tr>\n<tr data-start=\"1134\" data-end=\"1216\">\n<td><strong data-start=\"1136\" data-end=\"1148\">Garantie<\/strong><\/td>\n<td>3 ans<\/td>\n<\/tr>\n<tr data-start=\"1217\" data-end=\"1299\">\n<td><strong data-start=\"1219\" data-end=\"1236\">Certification<\/strong><\/td>\n<td>CE, RoHS<\/td>\n<\/tr>\n<tr data-start=\"1300\" data-end=\"1382\">\n<td><strong data-start=\"1302\" data-end=\"1317\">Application<\/strong><\/td>\n<td>Ext\u00e9rieur (Jardin, All\u00e9e, Chemin, Terrasse)<\/td>\n<\/tr>\n<tr data-start=\"1383\" data-end=\"1465\">\n<td><strong data-start=\"1385\" data-end=\"1394\">Couleur<\/strong><\/td>\n<td>Acier inoxydable \/ Argent bross\u00e9<\/td>\n<\/tr>\n<tr data-start=\"1466\" data-end=\"1548\">\n<td><strong data-start=\"1468\" data-end=\"1478\">Poids<\/strong><\/td>\n<td>0,48 kg<\/td>\n<\/tr>\n<\/tbody>\n<\/table>\n<p>&nbsp;<\/p>\n<p>MG-GYD039-150 est polyvalent, fiable <strong><a href=\"https:\/\/ledsteplight.com\/fr\/cree-bridgelux-chip-ip65-led-fixture-for-garden-facade-lighting\/\" class=\"waam-auto-link\" title=\"\u00e9clairage au sol\">\u00e9clairage au sol<\/a><\/strong> Vos clients B2B ont demand\u00e9 cela. Nous avons con\u00e7u cette fixation COB 5W pour r\u00e9soudre les probl\u00e8mes : sa classification \u00e9tanche IP65 et sa plage de fonctionnement robuste de -20\u00b0C \u00e0 +40\u00b0C signifient qu\u2019elle est pr\u00eate pour tout projet ext\u00e9rieur. La puce COB 5W offre une lumi\u00e8re puissante et uniforme (blanc chaud ou blanc froid) dans un large faisceau de 120\u00b0, parfait pour \u00e9clairer les chemins, les parterres de jardin et les all\u00e9es sans zones chaudes.<\/p>\n<p>La caract\u00e9ristique cl\u00e9 est sa flexibilit\u00e9 d\u2019installation. Cette unit\u00e9 unique est con\u00e7ue pour des applications encastr\u00e9es ou en surface, r\u00e9duisant le nombre de r\u00e9f\u00e9rences que vous devez stocker. Aliment\u00e9e par une entr\u00e9e robuste AC85-265V et certifi\u00e9e CE\/RoHS, cette lampe con\u00e7ue pour une dur\u00e9e de vie de 40 000 heures est construite pour la performance et la fiabilit\u00e9. En tant que partenaire de votre usine, nous proposons des prix de gros en gros et des options de personnalisation compl\u00e8tes pour r\u00e9pondre aux sp\u00e9cifications de votre projet.<\/p>","protected":false},"excerpt":{"rendered":"<p data-start=\"4422\" data-end=\"4915\">Procurez-vous la lampe de sol IP65 5W (angle de faisceau de 120\u00b0) directement de l'usine. Nous sommes un fournisseur en gros proposant une fabrication enti\u00e8rement personnalis\u00e9e (OEM) pour des projets B2B.<\/p>","protected":false},"featured_media":37381,"comment_status":"open","ping_status":"closed","template":"","meta":[],"product_brand":[],"product_cat":[99,100,426,427,428,439,429,440,430,441,431,442,443,432,433,444,445,446,101,434,435,436,437],"product_tag":[102,103,76,111,77,110,115,104],"class_list":{"0":"post-38090","1":"product","2":"type-product","3":"status-publish","4":"has-post-thumbnail","6":"product_cat-039-series","7":"product_cat-aluminum-ground-light","8":"product_cat-ceiling-recessed","9":"product_cat-ceiling-surface","10":"product_cat-ceiling-suspended","11":"product_cat-commercial","12":"product_cat-drivers","13":"product_cat-education","14":"product_cat-freestanding-light","15":"product_cat-hospitality","16":"product_cat-industrial","17":"product_cat-infrastructure","18":"product_cat-landscape","19":"product_cat-landscaping","20":"product_cat-linear","21":"product_cat-office","22":"product_cat-residential","23":"product_cat-retail","24":"product_cat-sensor-ground-light","25":"product_cat-table-lamp","26":"product_cat-track","27":"product_cat-wall-recessed","28":"product_cat-wall-surface","29":"product_tag-039-series","30":"product_tag-aluminum-ground-light","31":"product_tag-aluminum-housing","32":"product_tag-garden-lighting","33":"product_tag-ground-light","34":"product_tag-landscape-light","35":"product_tag-recessed-light","36":"product_tag-sensor-ground-light","38":"first","39":"instock","40":"shipping-taxable","41":"product-type-simple"},"_links":{"self":[{"href":"https:\/\/ledsteplight.com\/fr\/wp-json\/wp\/v2\/product\/38090","targetHints":{"allow":["GET"]}}],"collection":[{"href":"https:\/\/ledsteplight.com\/fr\/wp-json\/wp\/v2\/product"}],"about":[{"href":"https:\/\/ledsteplight.com\/fr\/wp-json\/wp\/v2\/types\/product"}],"replies":[{"embeddable":true,"href":"https:\/\/ledsteplight.com\/fr\/wp-json\/wp\/v2\/comments?post=38090"}],"version-history":[{"count":3,"href":"https:\/\/ledsteplight.com\/fr\/wp-json\/wp\/v2\/product\/38090\/revisions"}],"predecessor-version":[{"id":38603,"href":"https:\/\/ledsteplight.com\/fr\/wp-json\/wp\/v2\/product\/38090\/revisions\/38603"}],"wp:featuredmedia":[{"embeddable":true,"href":"https:\/\/ledsteplight.com\/fr\/wp-json\/wp\/v2\/media\/37381"}],"wp:attachment":[{"href":"https:\/\/ledsteplight.com\/fr\/wp-json\/wp\/v2\/media?parent=38090"}],"wp:term":[{"taxonomy":"product_brand","embeddable":true,"href":"https:\/\/ledsteplight.com\/fr\/wp-json\/wp\/v2\/product_brand?post=38090"},{"taxonomy":"product_cat","embeddable":true,"href":"https:\/\/ledsteplight.com\/fr\/wp-json\/wp\/v2\/product_cat?post=38090"},{"taxonomy":"product_tag","embeddable":true,"href":"https:\/\/ledsteplight.com\/fr\/wp-json\/wp\/v2\/product_tag?post=38090"}],"curies":[{"name":"wp","href":"https:\/\/api.w.org\/{rel}","templated":true}]}}