{"id":38091,"date":"2025-09-08T13:04:28","date_gmt":"2025-09-08T13:04:28","guid":{"rendered":"https:\/\/ledsteplight.com\/import-placeholder-for-37283\/"},"modified":"2026-01-19T02:13:12","modified_gmt":"2026-01-19T02:13:12","slug":"dm20-o22mm-led-in-ground-light-waterproof-outdoor-accent-lighting","status":"publish","type":"product","link":"https:\/\/ledsteplight.com\/fr\/dm20-o22mm-led-in-ground-light-waterproof-outdoor-accent-lighting\/","title":{"rendered":"DM20 Lampe encastr\u00e9e LED \u00d822mm \u2013 \u00c9clairage d'accentuation ext\u00e9rieur \u00e9tanche"},"content":{"rendered":"<p>&nbsp;<\/p>\n<table class=\"OxEWNITQ\">\n<thead>\n<tr>\n<th><strong>Mod\u00e8le du produit<\/strong><\/th>\n<th>LED DM20<\/th>\n<\/tr>\n<\/thead>\n<tbody>\n<tr>\n<td><strong>Taille du produit<\/strong><\/td>\n<td>\u00d822mm (diam\u00e8tre) x 45mm (hauteur)<\/td>\n<\/tr>\n<tr>\n<td><strong>Taille de coupe<\/strong><\/td>\n<td>Ouverture de la partie pr\u00e9-encastr\u00e9e : \u00d821mm (diam\u00e8tre) x 75mm (hauteur) ou ouverture directe : \u00d819mm (diam\u00e8tre) x 75mm (hauteur)<\/td>\n<\/tr>\n<tr>\n<td><strong>Contr\u00f4le de fonction<\/strong><\/td>\n<td>N\/A (aucune fonction sp\u00e9cifique de contr\u00f4le mentionn\u00e9e)<\/td>\n<\/tr>\n<tr>\n<td><strong>Source lumineuse<\/strong><\/td>\n<td>LED SMD (RA90)<\/td>\n<\/tr>\n<tr>\n<td><strong>Puissance<\/strong><\/td>\n<td>1W \u00e0 300mA<\/td>\n<\/tr>\n<tr>\n<td><strong>Poids<\/strong><\/td>\n<td>Non sp\u00e9cifi\u00e9<\/td>\n<\/tr>\n<tr>\n<td><strong>Entr\u00e9e secteur<\/strong><\/td>\n<td>DC24V<\/td>\n<\/tr>\n<tr>\n<td><strong>Alimentation<\/strong><\/td>\n<td>Non sp\u00e9cifi\u00e9 (peut \u00eatre int\u00e9gr\u00e9 ou externe)<\/td>\n<\/tr>\n<tr>\n<td><strong>Angle du r\u00e9flecteur<\/strong><\/td>\n<td>R\u00e9glable \u00e0 15, 24, 36 ou 60 degr\u00e9s<\/td>\n<\/tr>\n<tr>\n<td><strong><strong><a href=\"https:\/\/ledsteplight.com\/fr\/dm36b-pro-honeycomb-anti-glare-led-in-ground-light-ip67-24v-dc\/\" class=\"waam-auto-link\" title=\"Temp\u00e9rature de couleur\">Temp\u00e9rature de couleur<\/a><\/strong><\/strong><\/td>\n<td>3000K<\/td>\n<\/tr>\n<tr>\n<td><strong>Connexion (Fils\/Longueur\/Connecteurs)<\/strong><\/td>\n<td>Non sp\u00e9cifi\u00e9<\/td>\n<\/tr>\n<tr>\n<td><strong>Mat\u00e9riau<\/strong><\/td>\n<td>Aluminium ou Acier inoxydable<\/td>\n<\/tr>\n<tr>\n<td><strong>Couleur\/Finition<\/strong><\/td>\n<td>Finition en acier inoxydable<\/td>\n<\/tr>\n<tr>\n<td><strong>Indice de protection<\/strong><\/td>\n<td>IP67 (Prot\u00e9g\u00e9 contre la poussi\u00e8re et l'immersion dans l'eau jusqu'\u00e0 1 m\u00e8tre de profondeur)<\/td>\n<\/tr>\n<tr>\n<td><strong>M\u00e9thode d'installation<\/strong><\/td>\n<td>Encastr\u00e9 avec pi\u00e8ces pr\u00e9-cach\u00e9es en option<\/td>\n<\/tr>\n<tr>\n<td><strong>Accessoires optionnels<\/strong><\/td>\n<td>Grille en nid d'abeille disponible<\/td>\n<\/tr>\n<\/tbody>\n<\/table>\n<p data-start=\"572\" data-end=\"937\"><strong data-start=\"576\" data-end=\"601\">LED DM20 <strong><a href=\"https:\/\/ledsteplight.com\/fr\/5w-led-in-ground-lights-ip65-waterproof-outdoor-driveway-garden-floor-lighting\/\" class=\"waam-auto-link\" title=\"Lumi\u00e8re au sol\">Lumi\u00e8re au sol<\/a><\/strong><\/strong> est une solution d\u2019\u00e9clairage encastr\u00e9 compacte mais puissante con\u00e7ue pour une utilisation ext\u00e9rieure. Avec un diam\u00e8tre de seulement 22mm, il s\u2019int\u00e8gre parfaitement dans les chemins, jardins et \u00e9l\u00e9ments architecturaux. Construit avec une <strong data-start=\"797\" data-end=\"850\">finitions en acier inoxydable et une classification IP67 \u00e9tanche<\/strong>, ce luminaire garantit une durabilit\u00e9 contre la pluie, la poussi\u00e8re, et m\u00eame l\u2019immersion temporaire.<\/p>\n<p data-start=\"939\" data-end=\"1351\">Aliment\u00e9 par un <strong data-start=\"952\" data-end=\"973\">LED SMD 1W (RA90)<\/strong>, le DM20 offre un \u00e9clairage chaud 3000K avec des angles de r\u00e9flecteur r\u00e9glables (15\u00b0, 24\u00b0, 36\u00b0 ou 60\u00b0), vous permettant de contr\u00f4ler la diffusion du faisceau. Installation encastr\u00e9e facile avec des parties pr\u00e9-encastr\u00e9es en option, ce qui le rend adapt\u00e9 aux projets r\u00e9sidentiels et commerciaux. Des accessoires optionnels de grille en nid d'abeille r\u00e9duisent encore l\u2019\u00e9blouissement, offrant une performance d\u2019\u00e9clairage ext\u00e9rieur de qualit\u00e9 professionnelle. <strong><a href=\"https:\/\/ledsteplight.com\/fr\/cree-bridgelux-chip-ip65-led-fixture-for-garden-facade-lighting\/\" class=\"waam-auto-link\" title=\"\u00e9clairage ext\u00e9rieur\">\u00e9clairage ext\u00e9rieur<\/a><\/strong> performance.<\/p>","protected":false},"excerpt":{"rendered":"<p><strong data-start=\"1388\" data-end=\"1413\">Projecteur encastr\u00e9 DM20 LED<\/strong> \u2013 Projecteur encastr\u00e9 ext\u00e9rieur \u00d822mm avec <strong data-start=\"1452\" data-end=\"1546\">LED SMD 1W, lumi\u00e8re chaude 3000K, conception \u00e9tanche IP67, et angles de faisceau r\u00e9glables (15\u00b0\u201360\u00b0)<\/strong>. Fabriqu\u00e9 en acier inoxydable pour la durabilit\u00e9, id\u00e9al pour <strong data-start=\"1599\" data-end=\"1653\">projets d'\u00e9clairage de chemins, jardins et paysages<\/strong>.<\/p>","protected":false},"featured_media":37383,"comment_status":"open","ping_status":"closed","template":"","meta":[],"product_brand":[],"product_cat":[100,426,427,428,439,429,440,430,441,126,431,442,443,432,433,444,112,464,445,446,106,434,435,436,437],"product_tag":[103,76,77,127,113,78,108,83],"class_list":{"0":"post-38091","1":"product","2":"type-product","3":"status-publish","4":"has-post-thumbnail","6":"product_cat-aluminum-ground-light","7":"product_cat-ceiling-recessed","8":"product_cat-ceiling-surface","9":"product_cat-ceiling-suspended","10":"product_cat-commercial","11":"product_cat-drivers","12":"product_cat-education","13":"product_cat-freestanding-light","14":"product_cat-hospitality","15":"product_cat-in-ground-light","16":"product_cat-industrial","17":"product_cat-infrastructure","18":"product_cat-landscape","19":"product_cat-landscaping","20":"product_cat-linear","21":"product_cat-office","22":"product_cat-outdoor-ground-light","23":"product_cat-c-outdoor-lighting","24":"product_cat-residential","25":"product_cat-retail","26":"product_cat-round-ground-light","27":"product_cat-table-lamp","28":"product_cat-track","29":"product_cat-wall-recessed","30":"product_cat-wall-surface","31":"product_tag-aluminum-ground-light","32":"product_tag-aluminum-housing","33":"product_tag-ground-light","34":"product_tag-in-ground-light","35":"product_tag-outdoor-ground-light","36":"product_tag-outdoor-lighting","37":"product_tag-round-ground-light","38":"product_tag-waterproof-fixture","40":"first","41":"instock","42":"shipping-taxable","43":"product-type-simple"},"_links":{"self":[{"href":"https:\/\/ledsteplight.com\/fr\/wp-json\/wp\/v2\/product\/38091","targetHints":{"allow":["GET"]}}],"collection":[{"href":"https:\/\/ledsteplight.com\/fr\/wp-json\/wp\/v2\/product"}],"about":[{"href":"https:\/\/ledsteplight.com\/fr\/wp-json\/wp\/v2\/types\/product"}],"replies":[{"embeddable":true,"href":"https:\/\/ledsteplight.com\/fr\/wp-json\/wp\/v2\/comments?post=38091"}],"version-history":[{"count":3,"href":"https:\/\/ledsteplight.com\/fr\/wp-json\/wp\/v2\/product\/38091\/revisions"}],"predecessor-version":[{"id":38592,"href":"https:\/\/ledsteplight.com\/fr\/wp-json\/wp\/v2\/product\/38091\/revisions\/38592"}],"wp:featuredmedia":[{"embeddable":true,"href":"https:\/\/ledsteplight.com\/fr\/wp-json\/wp\/v2\/media\/37383"}],"wp:attachment":[{"href":"https:\/\/ledsteplight.com\/fr\/wp-json\/wp\/v2\/media?parent=38091"}],"wp:term":[{"taxonomy":"product_brand","embeddable":true,"href":"https:\/\/ledsteplight.com\/fr\/wp-json\/wp\/v2\/product_brand?post=38091"},{"taxonomy":"product_cat","embeddable":true,"href":"https:\/\/ledsteplight.com\/fr\/wp-json\/wp\/v2\/product_cat?post=38091"},{"taxonomy":"product_tag","embeddable":true,"href":"https:\/\/ledsteplight.com\/fr\/wp-json\/wp\/v2\/product_tag?post=38091"}],"curies":[{"name":"wp","href":"https:\/\/api.w.org\/{rel}","templated":true}]}}