{"id":38093,"date":"2025-09-08T13:04:28","date_gmt":"2025-09-08T13:04:28","guid":{"rendered":"https:\/\/ledsteplight.com\/import-placeholder-for-37294\/"},"modified":"2026-01-19T02:13:13","modified_gmt":"2026-01-19T02:13:13","slug":"ts50-01b-led-ground-light-ip67-waterproof-outdoor-lighting-factory-wholesale","status":"publish","type":"product","link":"https:\/\/ledsteplight.com\/fr\/ts50-01b-led-ground-light-ip67-waterproof-outdoor-lighting-factory-wholesale\/","title":{"rendered":"Lampe au sol LED TS50-01B \u2013 \u00c9clairage ext\u00e9rieur \u00e9tanche IP67 | Vente en gros en usine"},"content":{"rendered":"<p>&nbsp;<\/p>\n<table class=\"OxEWNITQ\">\n<thead>\n<tr>\n<th><strong>Mod\u00e8le du produit<\/strong><\/th>\n<th>MG-TS50-01B<\/th>\n<\/tr>\n<\/thead>\n<tbody>\n<tr>\n<td><strong>Taille du produit<\/strong><\/td>\n<td>\u00d850mm*H87<\/td>\n<\/tr>\n<tr>\n<td><strong>Taille de coupe<\/strong><\/td>\n<td>N\/A (Non sp\u00e9cifi\u00e9)<\/td>\n<\/tr>\n<tr>\n<td><strong>Contr\u00f4le de fonction<\/strong><\/td>\n<td>Dali, 0-10V, Marche\/Arr\u00eat<\/td>\n<\/tr>\n<tr>\n<td><strong>Source lumineuse<\/strong><\/td>\n<td>LED DSP<\/td>\n<\/tr>\n<tr>\n<td><strong>Watts<\/strong><\/td>\n<td>3-10W<\/td>\n<\/tr>\n<tr>\n<td><strong>Poids<\/strong><\/td>\n<td>0,6KG<\/td>\n<\/tr>\n<tr>\n<td><strong>Entr\u00e9e secteur<\/strong><\/td>\n<td>DC24V<\/td>\n<\/tr>\n<tr>\n<td><strong>Alimentation<\/strong><\/td>\n<td>Int\u00e9gr\u00e9<\/td>\n<\/tr>\n<tr>\n<td><strong>Angle du r\u00e9flecteur<\/strong><\/td>\n<td>15\/30\/45\/60 degr\u00e9s<\/td>\n<\/tr>\n<tr>\n<td><strong><strong><a href=\"https:\/\/ledsteplight.com\/fr\/dm36b-pro-honeycomb-anti-glare-led-in-ground-light-ip67-24v-dc\/\" class=\"waam-auto-link\" title=\"Temp\u00e9rature de couleur\">Temp\u00e9rature de couleur<\/a><\/strong><\/strong><\/td>\n<td>2700K, 3000K, 4000K<\/td>\n<\/tr>\n<tr>\n<td><strong>Connexion (Fils\/Longueur\/Connecteurs)<\/strong><\/td>\n<td>N\/A (Non sp\u00e9cifi\u00e9)<\/td>\n<\/tr>\n<tr>\n<td><strong>Mat\u00e9riau<\/strong><\/td>\n<td>Aluminium<\/td>\n<\/tr>\n<tr>\n<td><strong>Couleur\/Traitement de surface<\/strong><\/td>\n<td>Peint (disponible en noir, argent, gris)<\/td>\n<\/tr>\n<tr>\n<td><strong>Indice de protection<\/strong><\/td>\n<td>IP67<\/td>\n<\/tr>\n<tr>\n<td><strong>M\u00e9thode d'installation<\/strong><\/td>\n<td>Prise, Montage en surface, Montage par sangle<\/td>\n<\/tr>\n<\/tbody>\n<\/table>\n<p><strong data-start=\"132\" data-end=\"161\" data-is-only-node=\"\">TS50-01B LED <strong><a href=\"https:\/\/ledsteplight.com\/fr\/cree-bridgelux-chip-ip65-led-fixture-for-garden-facade-lighting\/\" class=\"waam-auto-link\" title=\"Lumi\u00e8re au sol\">Lumi\u00e8re au sol<\/a><\/strong><\/strong> est con\u00e7u pour la fiabilit\u00e9 en ext\u00e9rieur et la pr\u00e9cision architecturale. Avec un design compact \u00d850mm et plusieurs angles de r\u00e9flecteur (15\u00b0, 30\u00b0, 45\u00b0, 60\u00b0), il offre une lumi\u00e8re cibl\u00e9e <strong><a href=\"https:\/\/ledsteplight.com\/fr\/pir-sensor-step-light-top-advantages-for-safety\/\" class=\"waam-auto-link\" title=\"illumination\">illumination<\/a><\/strong> pour les chemins, les murs et l'am\u00e9nagement paysager. Construit \u00e0 partir de <strong data-start=\"397\" data-end=\"417\">aluminium durable<\/strong> avec une <strong data-start=\"425\" data-end=\"451\">finition de surface peinte<\/strong> (noir, argent ou gris), cette lampe garantit une performance durable dans des environnements difficiles.<br data-start=\"549\" data-end=\"552\" \/>\u00c9quip\u00e9 de <strong data-start=\"566\" data-end=\"588\">technologie LED DSP<\/strong> et <strong data-start=\"593\" data-end=\"612\">driver int\u00e9gr\u00e9<\/strong>, elle fonctionne efficacement sur <strong data-start=\"641\" data-end=\"650\">DC24V<\/strong> l'alimentation et supporte <strong data-start=\"670\" data-end=\"704\">DALI, 0\u201310V, ou contr\u00f4le Marche\/Arr\u00eat<\/strong> options pour des syst\u00e8mes d'\u00e9clairage polyvalents. Class\u00e9e <strong data-start=\"751\" data-end=\"759\">IP67<\/strong>, elle garantit une protection compl\u00e8te contre l'eau et la poussi\u00e8re, ce qui la rend id\u00e9ale pour <strong data-start=\"839\" data-end=\"912\">l'architecture ext\u00e9rieure, les projets commerciaux et les paysages r\u00e9sidentiels<\/strong>.<br data-start=\"913\" data-end=\"916\" \/>Disponible en <strong data-start=\"929\" data-end=\"939\">3W\u201310W<\/strong> configurations avec <strong data-start=\"960\" data-end=\"1009\">temp\u00e9ratures de couleur de 2700K, 3000K et 4000K<\/strong>, le TS50-01B combine style, durabilit\u00e9 et flexibilit\u00e9 pour les applications d'\u00e9clairage professionnel.<\/p>","protected":false},"excerpt":{"rendered":"<p>Grossiste <strong data-start=\"1144\" data-end=\"1173\" data-is-only-node=\"\">Lampe de sol LED TS50-01B<\/strong> \u2013 Projecteur ext\u00e9rieur \u00e9tanche IP67 avec contr\u00f4le DALI\/0\u201310V, source LED DSP, et bo\u00eetier en aluminium. Id\u00e9al pour l\u2019\u00e9clairage architectural et paysager. Approvisionnement direct en usine pour distributeurs et entrepreneurs en \u00e9clairage du monde entier.<\/p>","protected":false},"featured_media":37387,"comment_status":"open","ping_status":"closed","template":"","meta":[],"product_brand":[],"product_cat":[100,426,427,428,439,429,440,430,73,441,431,442,443,432,433,444,112,464,445,446,106,434,435,436,437],"product_tag":[103,76,140,77,113,78,108,141],"class_list":{"0":"post-38093","1":"product","2":"type-product","3":"status-publish","4":"has-post-thumbnail","6":"product_cat-aluminum-ground-light","7":"product_cat-ceiling-recessed","8":"product_cat-ceiling-surface","9":"product_cat-ceiling-suspended","10":"product_cat-commercial","11":"product_cat-drivers","12":"product_cat-education","13":"product_cat-freestanding-light","14":"product_cat-ground-light","15":"product_cat-hospitality","16":"product_cat-industrial","17":"product_cat-infrastructure","18":"product_cat-landscape","19":"product_cat-landscaping","20":"product_cat-linear","21":"product_cat-office","22":"product_cat-outdoor-ground-light","23":"product_cat-c-outdoor-lighting","24":"product_cat-residential","25":"product_cat-retail","26":"product_cat-round-ground-light","27":"product_cat-table-lamp","28":"product_cat-track","29":"product_cat-wall-recessed","30":"product_cat-wall-surface","31":"product_tag-aluminum-ground-light","32":"product_tag-aluminum-housing","33":"product_tag-flood-light","34":"product_tag-ground-light","35":"product_tag-outdoor-ground-light","36":"product_tag-outdoor-lighting","37":"product_tag-round-ground-light","38":"product_tag-tree-spot-light","40":"first","41":"instock","42":"shipping-taxable","43":"product-type-simple"},"_links":{"self":[{"href":"https:\/\/ledsteplight.com\/fr\/wp-json\/wp\/v2\/product\/38093","targetHints":{"allow":["GET"]}}],"collection":[{"href":"https:\/\/ledsteplight.com\/fr\/wp-json\/wp\/v2\/product"}],"about":[{"href":"https:\/\/ledsteplight.com\/fr\/wp-json\/wp\/v2\/types\/product"}],"replies":[{"embeddable":true,"href":"https:\/\/ledsteplight.com\/fr\/wp-json\/wp\/v2\/comments?post=38093"}],"version-history":[{"count":3,"href":"https:\/\/ledsteplight.com\/fr\/wp-json\/wp\/v2\/product\/38093\/revisions"}],"predecessor-version":[{"id":38594,"href":"https:\/\/ledsteplight.com\/fr\/wp-json\/wp\/v2\/product\/38093\/revisions\/38594"}],"wp:featuredmedia":[{"embeddable":true,"href":"https:\/\/ledsteplight.com\/fr\/wp-json\/wp\/v2\/media\/37387"}],"wp:attachment":[{"href":"https:\/\/ledsteplight.com\/fr\/wp-json\/wp\/v2\/media?parent=38093"}],"wp:term":[{"taxonomy":"product_brand","embeddable":true,"href":"https:\/\/ledsteplight.com\/fr\/wp-json\/wp\/v2\/product_brand?post=38093"},{"taxonomy":"product_cat","embeddable":true,"href":"https:\/\/ledsteplight.com\/fr\/wp-json\/wp\/v2\/product_cat?post=38093"},{"taxonomy":"product_tag","embeddable":true,"href":"https:\/\/ledsteplight.com\/fr\/wp-json\/wp\/v2\/product_tag?post=38093"}],"curies":[{"name":"wp","href":"https:\/\/api.w.org\/{rel}","templated":true}]}}