{"id":38094,"date":"2025-09-08T13:04:28","date_gmt":"2025-09-08T13:04:28","guid":{"rendered":"https:\/\/ledsteplight.com\/import-placeholder-for-37295\/"},"modified":"2026-01-19T02:13:13","modified_gmt":"2026-01-19T02:13:13","slug":"wholesale-ts50-01-a-5w-led-ground-lights-bulk-ip65-outdoor-garden-lighting","status":"publish","type":"product","link":"https:\/\/ledsteplight.com\/fr\/wholesale-ts50-01-a-5w-led-ground-lights-bulk-ip65-outdoor-garden-lighting\/","title":{"rendered":"Vente en gros TS50-01-A LED de 5W pour \u00e9clairage au sol | \u00c9clairage ext\u00e9rieur de jardin IP65 en gros"},"content":{"rendered":"<table data-start=\"144\" data-end=\"1550\">\n<thead data-start=\"144\" data-end=\"226\">\n<tr data-start=\"144\" data-end=\"226\">\n<th data-start=\"144\" data-end=\"174\"><strong data-start=\"146\" data-end=\"159\">Param\u00e8tre<\/strong><\/th>\n<th data-start=\"174\" data-end=\"226\"><strong data-start=\"176\" data-end=\"187\">D\u00e9tails<\/strong><\/th>\n<\/tr>\n<\/thead>\n<tbody data-start=\"310\" data-end=\"1550\">\n<tr data-start=\"310\" data-end=\"392\">\n<td><strong data-start=\"312\" data-end=\"321\">Mod\u00e8le<\/strong><\/td>\n<td>TS50-01-A<\/td>\n<\/tr>\n<tr data-start=\"393\" data-end=\"475\">\n<td><strong data-start=\"395\" data-end=\"404\">Puissance<\/strong><\/td>\n<td>5W<\/td>\n<\/tr>\n<tr data-start=\"476\" data-end=\"558\">\n<td><strong data-start=\"478\" data-end=\"490\">Type LED<\/strong><\/td>\n<td>LED COB<\/td>\n<\/tr>\n<tr data-start=\"559\" data-end=\"641\">\n<td><strong data-start=\"561\" data-end=\"578\">Tension d'entr\u00e9e<\/strong><\/td>\n<td>AC85-265V<\/td>\n<\/tr>\n<tr data-start=\"642\" data-end=\"723\">\n<td><strong data-start=\"644\" data-end=\"665\"><strong><a href=\"https:\/\/ledsteplight.com\/fr\/dm36b-pro-honeycomb-anti-glare-led-in-ground-light-ip67-24v-dc\/\" class=\"waam-auto-link\" title=\"Temp\u00e9rature de couleur\">Temp\u00e9rature de couleur<\/a><\/strong><\/strong><\/td>\n<td>3000K \/ 6000K (Blanc chaud \/ Blanc froid)<\/td>\n<\/tr>\n<tr data-start=\"724\" data-end=\"806\">\n<td><strong data-start=\"726\" data-end=\"738\">Dur\u00e9e de vie<\/strong><\/td>\n<td>40 000 heures<\/td>\n<\/tr>\n<tr data-start=\"807\" data-end=\"888\">\n<td><strong data-start=\"809\" data-end=\"822\">Indice de protection<\/strong><\/td>\n<td>IP65 (Imperm\u00e9able, R\u00e9sistant \u00e0 la poussi\u00e8re)<\/td>\n<\/tr>\n<tr data-start=\"889\" data-end=\"971\">\n<td><strong data-start=\"891\" data-end=\"905\">Angle du faisceau<\/strong><\/td>\n<td>120\u00b0<\/td>\n<\/tr>\n<tr data-start=\"972\" data-end=\"1054\">\n<td><strong data-start=\"974\" data-end=\"999\">Temp\u00e9rature de fonctionnement<\/strong><\/td>\n<td>-20\u00b0C \u00e0 +40\u00b0C<\/td>\n<\/tr>\n<tr data-start=\"1055\" data-end=\"1137\">\n<td><strong data-start=\"1057\" data-end=\"1078\">Type d'installation<\/strong><\/td>\n<td>Encastr\u00e9 \/ Montage en surface<\/td>\n<\/tr>\n<tr data-start=\"1138\" data-end=\"1220\">\n<td><strong data-start=\"1140\" data-end=\"1152\">Garantie<\/strong><\/td>\n<td>3 ans<\/td>\n<\/tr>\n<tr data-start=\"1221\" data-end=\"1303\">\n<td><strong data-start=\"1223\" data-end=\"1240\">Certification<\/strong><\/td>\n<td>CE, RoHS<\/td>\n<\/tr>\n<tr data-start=\"1304\" data-end=\"1385\">\n<td><strong data-start=\"1306\" data-end=\"1321\">Application<\/strong><\/td>\n<td>Ext\u00e9rieur (Jardin, All\u00e9e, Chemin, Terrasse)<\/td>\n<\/tr>\n<tr data-start=\"1386\" data-end=\"1467\">\n<td><strong data-start=\"1388\" data-end=\"1397\">Couleur<\/strong><\/td>\n<td>Argent \/ Argent bross\u00e9<\/td>\n<\/tr>\n<tr data-start=\"1468\" data-end=\"1550\">\n<td><strong data-start=\"1470\" data-end=\"1480\">Poids<\/strong><\/td>\n<td>0,45 kg<\/td>\n<\/tr>\n<\/tbody>\n<\/table>\n<p>&nbsp;<\/p>\n<p>TS50-01-A, le <strong><a href=\"https:\/\/ledsteplight.com\/fr\/5w-led-in-ground-lights-ip65-waterproof-outdoor-driveway-garden-floor-lighting\/\" class=\"waam-auto-link\" title=\"LED COB 5W\">LED COB 5W<\/a><\/strong> <strong><a href=\"https:\/\/ledsteplight.com\/fr\/cree-bridgelux-chip-ip65-led-fixture-for-garden-facade-lighting\/\" class=\"waam-auto-link\" title=\"\u00e9clairage au sol\">\u00e9clairage au sol<\/a><\/strong> con\u00e7u pour des performances s\u00e9rieuses. Ce n\u2019est pas simplement une autre lampe de jardin ; c\u2019est un v\u00e9ritable cheval de trait. Dot\u00e9 d\u2019un joint \u00e9tanche robuste, class\u00e9 IP65, il est con\u00e7u pour r\u00e9sister aux conditions ext\u00e9rieures difficiles, allant des gel\u00e9es \u00e0 -20\u00b0C aux chaleurs de +40\u00b0C. L\u2019entr\u00e9e \u00e0 large plage AC85-265V et la puce COB \u00e0 haute efficacit\u00e9 offrent une performance constante et fiable <strong><a href=\"https:\/\/ledsteplight.com\/fr\/pir-sensor-step-light-top-advantages-for-safety\/\" class=\"waam-auto-link\" title=\"illumination\">illumination<\/a><\/strong> (Blanc chaud ou blanc froid) sur laquelle vos clients professionnels peuvent compter.<\/p>\n<p>Nous soutenons ce produit avec une garantie de 3 ans et une dur\u00e9e de vie nominale de 40 000 heures, assurant moins de rappels pour vos clients. Son design polyvalent permet une installation en encastrement ou en surface <strong><a href=\"https:\/\/ledsteplight.com\/fr\/ultimate-guide-to-landscape-inground-lighting-solutions\/\" class=\"waam-auto-link\" title=\"denses\">denses<\/a><\/strong>, ce qui en fait une solution flexible pour tout projet de chemin, jardin ou terrasse. Disponible en finition argent bross\u00e9 \u00e9pur\u00e9e et enti\u00e8rement certifi\u00e9 CE\/RoHS, le TS50-01-A est le luminaire fiable et sans fioritures <strong><a href=\"https:\/\/ledsteplight.com\/fr\/design-trends\/\" class=\"waam-auto-link\" title=\"\u00e9clairage\">\u00e9clairage<\/a><\/strong> dont votre entreprise de vente en gros a besoin.<\/p>","protected":false},"excerpt":{"rendered":"<p>Lumi\u00e8res de sol LED COB 5W fiables (TS50-01-A) en gros. \u00c9tanch\u00e9it\u00e9 IP65, garantie de 3 ans, et con\u00e7ues pour r\u00e9sister \u00e0 tous les projets paysagers. Faites le plein pour vos clients<\/p>","protected":false},"featured_media":37389,"comment_status":"open","ping_status":"closed","template":"","meta":[],"product_brand":[],"product_cat":[100,426,427,428,439,429,440,430,441,431,442,443,432,433,444,112,464,445,446,106,434,435,436,437],"product_tag":[103,76,140,77,113,78,108,141],"class_list":{"0":"post-38094","1":"product","2":"type-product","3":"status-publish","4":"has-post-thumbnail","6":"product_cat-aluminum-ground-light","7":"product_cat-ceiling-recessed","8":"product_cat-ceiling-surface","9":"product_cat-ceiling-suspended","10":"product_cat-commercial","11":"product_cat-drivers","12":"product_cat-education","13":"product_cat-freestanding-light","14":"product_cat-hospitality","15":"product_cat-industrial","16":"product_cat-infrastructure","17":"product_cat-landscape","18":"product_cat-landscaping","19":"product_cat-linear","20":"product_cat-office","21":"product_cat-outdoor-ground-light","22":"product_cat-c-outdoor-lighting","23":"product_cat-residential","24":"product_cat-retail","25":"product_cat-round-ground-light","26":"product_cat-table-lamp","27":"product_cat-track","28":"product_cat-wall-recessed","29":"product_cat-wall-surface","30":"product_tag-aluminum-ground-light","31":"product_tag-aluminum-housing","32":"product_tag-flood-light","33":"product_tag-ground-light","34":"product_tag-outdoor-ground-light","35":"product_tag-outdoor-lighting","36":"product_tag-round-ground-light","37":"product_tag-tree-spot-light","39":"first","40":"instock","41":"shipping-taxable","42":"product-type-simple"},"_links":{"self":[{"href":"https:\/\/ledsteplight.com\/fr\/wp-json\/wp\/v2\/product\/38094","targetHints":{"allow":["GET"]}}],"collection":[{"href":"https:\/\/ledsteplight.com\/fr\/wp-json\/wp\/v2\/product"}],"about":[{"href":"https:\/\/ledsteplight.com\/fr\/wp-json\/wp\/v2\/types\/product"}],"replies":[{"embeddable":true,"href":"https:\/\/ledsteplight.com\/fr\/wp-json\/wp\/v2\/comments?post=38094"}],"version-history":[{"count":3,"href":"https:\/\/ledsteplight.com\/fr\/wp-json\/wp\/v2\/product\/38094\/revisions"}],"predecessor-version":[{"id":38595,"href":"https:\/\/ledsteplight.com\/fr\/wp-json\/wp\/v2\/product\/38094\/revisions\/38595"}],"wp:featuredmedia":[{"embeddable":true,"href":"https:\/\/ledsteplight.com\/fr\/wp-json\/wp\/v2\/media\/37389"}],"wp:attachment":[{"href":"https:\/\/ledsteplight.com\/fr\/wp-json\/wp\/v2\/media?parent=38094"}],"wp:term":[{"taxonomy":"product_brand","embeddable":true,"href":"https:\/\/ledsteplight.com\/fr\/wp-json\/wp\/v2\/product_brand?post=38094"},{"taxonomy":"product_cat","embeddable":true,"href":"https:\/\/ledsteplight.com\/fr\/wp-json\/wp\/v2\/product_cat?post=38094"},{"taxonomy":"product_tag","embeddable":true,"href":"https:\/\/ledsteplight.com\/fr\/wp-json\/wp\/v2\/product_tag?post=38094"}],"curies":[{"name":"wp","href":"https:\/\/api.w.org\/{rel}","templated":true}]}}