{"id":38096,"date":"2025-09-08T13:04:28","date_gmt":"2025-09-08T13:04:28","guid":{"rendered":"https:\/\/ledsteplight.com\/import-placeholder-for-37300\/"},"modified":"2026-01-19T02:13:14","modified_gmt":"2026-01-19T02:13:14","slug":"wholesale-ts50-zt-ip67-led-in-ground-light-durable-dc24v-outdoor-lighting-with-dali-0-10v","status":"publish","type":"product","link":"https:\/\/ledsteplight.com\/fr\/wholesale-ts50-zt-ip67-led-in-ground-light-durable-dc24v-outdoor-lighting-with-dali-0-10v\/","title":{"rendered":"Vente en gros TS50-ZT LED encastr\u00e9 IP67 | \u00c9clairage ext\u00e9rieur durable DC24V avec DALI\/0-10V"},"content":{"rendered":"<table class=\"OxEWNITQ\">\n<thead>\n<tr>\n<th><strong>Mod\u00e8le du produit<\/strong><\/th>\n<th>MG-TS50-ZT<\/th>\n<\/tr>\n<\/thead>\n<tbody>\n<tr>\n<td><strong>Taille du produit<\/strong><\/td>\n<td>\u00d850mm*H75<\/td>\n<\/tr>\n<tr>\n<td><strong>Taille de coupe<\/strong><\/td>\n<td>\/ (Non sp\u00e9cifi\u00e9)<\/td>\n<\/tr>\n<tr>\n<td><strong>Contr\u00f4le de fonction<\/strong><\/td>\n<td>Dali\/0-10V\/On-Off<\/td>\n<\/tr>\n<tr>\n<td><strong>Source lumineuse<\/strong><\/td>\n<td>LED DSP<\/td>\n<\/tr>\n<tr>\n<td><strong>Watts<\/strong><\/td>\n<td>3-7W<\/td>\n<\/tr>\n<tr>\n<td><strong>Poids<\/strong><\/td>\n<td>0,6KG<\/td>\n<\/tr>\n<tr>\n<td><strong>Entr\u00e9e secteur<\/strong><\/td>\n<td>DC24V<\/td>\n<\/tr>\n<tr>\n<td><strong>Alimentation<\/strong><\/td>\n<td>Int\u00e9gr\u00e9<\/td>\n<\/tr>\n<tr>\n<td><strong>Angle du r\u00e9flecteur<\/strong><\/td>\n<td>15\/30\/45\/60 degr\u00e9s<\/td>\n<\/tr>\n<tr>\n<td><strong><strong><a href=\"https:\/\/ledsteplight.com\/fr\/dm36b-pro-honeycomb-anti-glare-led-in-ground-light-ip67-24v-dc\/\" class=\"waam-auto-link\" title=\"Temp\u00e9rature de couleur\">Temp\u00e9rature de couleur<\/a><\/strong><\/strong><\/td>\n<td>2700K\/3000K\/4000K<\/td>\n<\/tr>\n<tr>\n<td><strong>Connexion (Fils\/Longueur\/Connecteurs)<\/strong><\/td>\n<td>\/ (Non sp\u00e9cifi\u00e9)<\/td>\n<\/tr>\n<tr>\n<td><strong>Mat\u00e9riau<\/strong><\/td>\n<td>Aluminium<\/td>\n<\/tr>\n<tr>\n<td><strong>Couleur\/Traitement de surface<\/strong><\/td>\n<td>Peint\/Noir\/Argent\/Gris<\/td>\n<\/tr>\n<tr>\n<td><strong>Indice de protection<\/strong><\/td>\n<td>IP67<\/td>\n<\/tr>\n<tr>\n<td><strong>M\u00e9thode d'installation<\/strong><\/td>\n<td>Prise en main\/Surface\/Montage sur sangle<\/td>\n<\/tr>\n<\/tbody>\n<\/table>\n<p id=\"\">\n<p>Lorsque votre projet exige un \u00e9clairage ext\u00e9rieur <strong><a href=\"https:\/\/ledsteplight.com\/fr\/5w-led-in-ground-lights-ip65-waterproof-outdoor-driveway-garden-floor-lighting\/\" class=\"waam-auto-link\" title=\"\u00e9clairage au sol\">\u00e9clairage au sol<\/a><\/strong> con\u00e7u pour durer, le TS50-ZT est votre solution. Ce luminaire est un v\u00e9ritable cheval de trait, fabriqu\u00e9 \u00e0 partir d'aluminium robuste avec un indice IP67 pour garantir ses performances dans des conditions humides et poussi\u00e9reuses. Il est con\u00e7u pour les syst\u00e8mes professionnels basse tension (DC24V) <strong><a href=\"https:\/\/ledsteplight.com\/fr\/ultimate-guide-to-landscape-inground-lighting-solutions\/\" class=\"waam-auto-link\" title=\"syst\u00e8mes\">syst\u00e8mes<\/a><\/strong> et offre une compatibilit\u00e9 totale avec des m\u00e9thodes de contr\u00f4le avanc\u00e9es, y compris DALI et 0-10V, ce qui en fait un choix intelligent pour des conceptions paysag\u00e8res et architecturales sophistiqu\u00e9es. Avec plusieurs angles de faisceau et temp\u00e9ratures de couleur (2700K-4000K) disponibles, vous obtenez l'effet d'\u00e9clairage pr\u00e9cis dont vous avez besoin.<\/p>\n<p>En tant que fournisseur direct <b>fabricant<\/b>, nous supervisons l'ensemble <b>du processus de<\/b> fabrication <b>de gros<\/b> , ce qui nous permet d'offrir des <b>tarifs comp\u00e9titifs \u00e0 nos partenaires B2B. Nous ne faisons pas que vendre ; nous construisons. Si votre projet n\u00e9cessite des modifications sp\u00e9cifiques, notre<\/b> \u00e9quipe d'usine <b>se sp\u00e9cialise dans<\/b>, travaillant avec vous pour fournir un produit qui r\u00e9pond \u00e0 vos sp\u00e9cifications pr\u00e9cises. Partenariat avec nous pour un approvisionnement en vrac fiable de haute performance <strong><a href=\"https:\/\/ledsteplight.com\/fr\/cree-bridgelux-chip-ip65-led-fixture-for-garden-facade-lighting\/\" class=\"waam-auto-link\" title=\"\u00e9clairage ext\u00e9rieur\">\u00e9clairage ext\u00e9rieur<\/a><\/strong>.<\/p>","protected":false},"excerpt":{"rendered":"<p>Vente en gros directe d'usine pour la lampe de sol LED TS50-ZT IP67. Durable DC24V, DALI\/0-10V. En tant que fabricant, nous proposons une personnalisation compl\u00e8te. Obtenez votre devis B2B<\/p>","protected":false},"featured_media":37393,"comment_status":"open","ping_status":"closed","template":"","meta":[],"product_brand":[],"product_cat":[100,426,427,428,439,429,440,430,441,431,442,443,432,433,444,112,464,445,446,106,434,435,436,437],"product_tag":[103,76,140,77,113,78,108,141],"class_list":{"0":"post-38096","1":"product","2":"type-product","3":"status-publish","4":"has-post-thumbnail","6":"product_cat-aluminum-ground-light","7":"product_cat-ceiling-recessed","8":"product_cat-ceiling-surface","9":"product_cat-ceiling-suspended","10":"product_cat-commercial","11":"product_cat-drivers","12":"product_cat-education","13":"product_cat-freestanding-light","14":"product_cat-hospitality","15":"product_cat-industrial","16":"product_cat-infrastructure","17":"product_cat-landscape","18":"product_cat-landscaping","19":"product_cat-linear","20":"product_cat-office","21":"product_cat-outdoor-ground-light","22":"product_cat-c-outdoor-lighting","23":"product_cat-residential","24":"product_cat-retail","25":"product_cat-round-ground-light","26":"product_cat-table-lamp","27":"product_cat-track","28":"product_cat-wall-recessed","29":"product_cat-wall-surface","30":"product_tag-aluminum-ground-light","31":"product_tag-aluminum-housing","32":"product_tag-flood-light","33":"product_tag-ground-light","34":"product_tag-outdoor-ground-light","35":"product_tag-outdoor-lighting","36":"product_tag-round-ground-light","37":"product_tag-tree-spot-light","39":"first","40":"instock","41":"shipping-taxable","42":"product-type-simple"},"_links":{"self":[{"href":"https:\/\/ledsteplight.com\/fr\/wp-json\/wp\/v2\/product\/38096","targetHints":{"allow":["GET"]}}],"collection":[{"href":"https:\/\/ledsteplight.com\/fr\/wp-json\/wp\/v2\/product"}],"about":[{"href":"https:\/\/ledsteplight.com\/fr\/wp-json\/wp\/v2\/types\/product"}],"replies":[{"embeddable":true,"href":"https:\/\/ledsteplight.com\/fr\/wp-json\/wp\/v2\/comments?post=38096"}],"version-history":[{"count":3,"href":"https:\/\/ledsteplight.com\/fr\/wp-json\/wp\/v2\/product\/38096\/revisions"}],"predecessor-version":[{"id":38597,"href":"https:\/\/ledsteplight.com\/fr\/wp-json\/wp\/v2\/product\/38096\/revisions\/38597"}],"wp:featuredmedia":[{"embeddable":true,"href":"https:\/\/ledsteplight.com\/fr\/wp-json\/wp\/v2\/media\/37393"}],"wp:attachment":[{"href":"https:\/\/ledsteplight.com\/fr\/wp-json\/wp\/v2\/media?parent=38096"}],"wp:term":[{"taxonomy":"product_brand","embeddable":true,"href":"https:\/\/ledsteplight.com\/fr\/wp-json\/wp\/v2\/product_brand?post=38096"},{"taxonomy":"product_cat","embeddable":true,"href":"https:\/\/ledsteplight.com\/fr\/wp-json\/wp\/v2\/product_cat?post=38096"},{"taxonomy":"product_tag","embeddable":true,"href":"https:\/\/ledsteplight.com\/fr\/wp-json\/wp\/v2\/product_tag?post=38096"}],"curies":[{"name":"wp","href":"https:\/\/api.w.org\/{rel}","templated":true}]}}