{"id":38097,"date":"2025-09-08T13:04:28","date_gmt":"2025-09-08T13:04:28","guid":{"rendered":"https:\/\/ledsteplight.com\/import-placeholder-for-37305\/"},"modified":"2026-01-19T02:13:15","modified_gmt":"2026-01-19T02:13:15","slug":"wholesale-bd035-50sd-1w-led-marker-light-ip65-polarized-beam-factory-direct","status":"publish","type":"product","link":"https:\/\/ledsteplight.com\/fr\/wholesale-bd035-50sd-1w-led-marker-light-ip65-polarized-beam-factory-direct\/","title":{"rendered":"Lampe de signalisation LED BD035-50SD 1W en gros | IP65, faisceau polaris\u00e9 | Direct usine"},"content":{"rendered":"<table class=\"OxEWNITQ\" style=\"font-family: var(--global-body-font-family)\">\n<thead>\n<tr>\n<th>Param\u00e8tre<\/th>\n<th>Valeur\/Description<\/th>\n<\/tr>\n<\/thead>\n<tbody>\n<tr>\n<td><strong>Mod\u00e8le<\/strong><\/td>\n<td>MG-BD035-50SD<\/td>\n<\/tr>\n<tr>\n<td><strong>Taille du produit<\/strong><\/td>\n<td>\u03c650*H35mm (Rond)<\/td>\n<\/tr>\n<tr>\n<td><strong>Taille de coupe<\/strong><\/td>\n<td>\u03c646*H75mm (Avec bo\u00eete pr\u00e9-cach\u00e9e)<\/td>\n<\/tr>\n<tr>\n<td><strong>Contr\u00f4le de fonction<\/strong><\/td>\n<td>Non sp\u00e9cifi\u00e9<\/td>\n<\/tr>\n<tr>\n<td><strong>Source lumineuse<\/strong><\/td>\n<td>LED OSRAM \/ CREE \/ 3014 SMD<\/td>\n<\/tr>\n<tr>\n<td><strong>Watts<\/strong><\/td>\n<td>1W (350mA)<\/td>\n<\/tr>\n<tr>\n<td><strong>Poids<\/strong><\/td>\n<td>0,45kg<\/td>\n<\/tr>\n<tr>\n<td><strong>Entr\u00e9e secteur<\/strong><\/td>\n<td>100-240V, 50~60Hz \/ DC12\/24V<\/td>\n<\/tr>\n<tr>\n<td><strong>Alimentation<\/strong><\/td>\n<td>Non sp\u00e9cifi\u00e9<\/td>\n<\/tr>\n<tr>\n<td><strong>Angle du r\u00e9flecteur<\/strong><\/td>\n<td>Lumi\u00e8re polaris\u00e9e P<\/td>\n<\/tr>\n<tr>\n<td><strong><strong><a href=\"https:\/\/ledsteplight.com\/fr\/dm36b-pro-honeycomb-anti-glare-led-in-ground-light-ip67-24v-dc\/\" class=\"waam-auto-link\" title=\"Temp\u00e9rature de couleur\">Temp\u00e9rature de couleur<\/a><\/strong><\/strong><\/td>\n<td>3000K, 4000K, 5700K<\/td>\n<\/tr>\n<tr>\n<td><strong>Mat\u00e9riau<\/strong><\/td>\n<td>Aluminium<\/td>\n<\/tr>\n<tr>\n<td><strong>Couleur\/Finition<\/strong><\/td>\n<td>Blanc, Noir<\/td>\n<\/tr>\n<tr>\n<td><strong>Indice de protection<\/strong><\/td>\n<td>IP65<\/td>\n<\/tr>\n<tr>\n<td><strong>Installation<\/strong><\/td>\n<td>Encastr\u00e9 (Option bo\u00eete pr\u00e9-c\u00e2bl\u00e9e)<\/td>\n<\/tr>\n<\/tbody>\n<\/table>\n<p>La BD035-50SD n\u2019est pas votre \u00e9clairage standard <strong><a href=\"https:\/\/ledsteplight.com\/fr\/cree-bridgelux-chip-ip65-led-fixture-for-garden-facade-lighting\/\" class=\"waam-auto-link\" title=\"\u00e9clairage au sol\">\u00e9clairage au sol<\/a><\/strong>; c\u2019est une lampe de signalisation \u00e0 LED de 1W con\u00e7ue pour les espaces architecturaux modernes. Sa caract\u00e9ristique principale est l\u2019angle de lumi\u00e8re polaris\u00e9e P, qui est con\u00e7u pour diriger <strong><a href=\"https:\/\/ledsteplight.com\/fr\/pir-sensor-step-light-top-advantages-for-safety\/\" class=\"waam-auto-link\" title=\"illumination\">illumination<\/a><\/strong> exactement l\u00e0 o\u00f9 c\u2019est n\u00e9cessaire \u2014 parfait pour les chemins, les escaliers et la mise en valeur des murs sans \u00e9blouissement intense. Con\u00e7ue avec des LED OSRAM ou CREE de haute qualit\u00e9, cette petite fixation en aluminium offre une performance fiable et \u00e0 faible consommation d\u2019\u00e9nergie. La classification IP65 garantit qu\u2019elle est pr\u00eate pour une installation encastr\u00e9e dans tout projet int\u00e9rieur ou ext\u00e9rieur.<\/p>\n<p>Nous ne sommes pas seulement un fournisseur ; nous sommes le <b>fabricant<\/b>. En contr\u00f4lant l'ensemble du <b>du processus de<\/b> processus dans notre propre <b>tarifs comp\u00e9titifs \u00e0 nos partenaires B2B. Nous ne faisons pas que vendre ; nous construisons. Si votre projet n\u00e9cessite des modifications sp\u00e9cifiques, notre<\/b>, nous pouvons garantir la qualit\u00e9 et offrir des prix comp\u00e9titifs <b>de gros<\/b> \u00e0 nos partenaires B2B. Ce mod\u00e8le direct d'usine signifie \u00e9galement que nous excellons dans <b>se sp\u00e9cialise dans<\/b>. Que vous ayez besoin d'une finition sp\u00e9cifique pour correspondre \u00e0 votre design ou d'une temp\u00e9rature de couleur diff\u00e9rente (3000K-5700K), notre \u00e9quipe peut fabriquer la lampe exacte dont votre projet a besoin.<\/p>","protected":false},"excerpt":{"rendered":"<p data-start=\"4178\" data-end=\"4601\">Lumi\u00e8re de signalisation LED BD035-50SD 1W en gros. IP65, faisceau polaris\u00e9 pour le contr\u00f4le de l'\u00e9blouissement. Fabrication directe en usine et personnalisation. Obtenez votre devis B2B.<\/p>","protected":false},"featured_media":37395,"comment_status":"open","ping_status":"closed","template":"","meta":[],"product_brand":[],"product_cat":[100,426,427,428,439,429,440,430,441,431,442,443,432,433,444,112,464,445,446,106,434,435,128,436,437],"product_tag":[103,76,110,109,113,78,108,129],"class_list":{"0":"post-38097","1":"product","2":"type-product","3":"status-publish","4":"has-post-thumbnail","6":"product_cat-aluminum-ground-light","7":"product_cat-ceiling-recessed","8":"product_cat-ceiling-surface","9":"product_cat-ceiling-suspended","10":"product_cat-commercial","11":"product_cat-drivers","12":"product_cat-education","13":"product_cat-freestanding-light","14":"product_cat-hospitality","15":"product_cat-industrial","16":"product_cat-infrastructure","17":"product_cat-landscape","18":"product_cat-landscaping","19":"product_cat-linear","20":"product_cat-office","21":"product_cat-outdoor-ground-light","22":"product_cat-c-outdoor-lighting","23":"product_cat-residential","24":"product_cat-retail","25":"product_cat-round-ground-light","26":"product_cat-table-lamp","27":"product_cat-track","28":"product_cat-wall-light-series","29":"product_cat-wall-recessed","30":"product_cat-wall-surface","31":"product_tag-aluminum-ground-light","32":"product_tag-aluminum-housing","33":"product_tag-landscape-light","34":"product_tag-led-fixture","35":"product_tag-outdoor-ground-light","36":"product_tag-outdoor-lighting","37":"product_tag-round-ground-light","38":"product_tag-wall-light-series","40":"first","41":"instock","42":"featured","43":"downloadable","44":"shipping-taxable","45":"product-type-simple"},"_links":{"self":[{"href":"https:\/\/ledsteplight.com\/fr\/wp-json\/wp\/v2\/product\/38097","targetHints":{"allow":["GET"]}}],"collection":[{"href":"https:\/\/ledsteplight.com\/fr\/wp-json\/wp\/v2\/product"}],"about":[{"href":"https:\/\/ledsteplight.com\/fr\/wp-json\/wp\/v2\/types\/product"}],"replies":[{"embeddable":true,"href":"https:\/\/ledsteplight.com\/fr\/wp-json\/wp\/v2\/comments?post=38097"}],"version-history":[{"count":3,"href":"https:\/\/ledsteplight.com\/fr\/wp-json\/wp\/v2\/product\/38097\/revisions"}],"predecessor-version":[{"id":38598,"href":"https:\/\/ledsteplight.com\/fr\/wp-json\/wp\/v2\/product\/38097\/revisions\/38598"}],"wp:featuredmedia":[{"embeddable":true,"href":"https:\/\/ledsteplight.com\/fr\/wp-json\/wp\/v2\/media\/37395"}],"wp:attachment":[{"href":"https:\/\/ledsteplight.com\/fr\/wp-json\/wp\/v2\/media?parent=38097"}],"wp:term":[{"taxonomy":"product_brand","embeddable":true,"href":"https:\/\/ledsteplight.com\/fr\/wp-json\/wp\/v2\/product_brand?post=38097"},{"taxonomy":"product_cat","embeddable":true,"href":"https:\/\/ledsteplight.com\/fr\/wp-json\/wp\/v2\/product_cat?post=38097"},{"taxonomy":"product_tag","embeddable":true,"href":"https:\/\/ledsteplight.com\/fr\/wp-json\/wp\/v2\/product_tag?post=38097"}],"curies":[{"name":"wp","href":"https:\/\/api.w.org\/{rel}","templated":true}]}}