{"id":38098,"date":"2025-09-08T13:04:28","date_gmt":"2025-09-08T13:04:28","guid":{"rendered":"https:\/\/ledsteplight.com\/import-placeholder-for-37316\/"},"modified":"2026-01-19T02:13:15","modified_gmt":"2026-01-19T02:13:15","slug":"ts50-zt-sq-led-step-light-custom-ground-lighting-manufacturer-wholesale-supplier","status":"publish","type":"product","link":"https:\/\/ledsteplight.com\/fr\/ts50-zt-sq-led-step-light-custom-ground-lighting-manufacturer-wholesale-supplier\/","title":{"rendered":"Lampe de marche LED TS50-ZT-SQ | Fabricant personnalis\u00e9 d\u2019\u00e9clairage au sol et fournisseur en gros"},"content":{"rendered":"<table class=\"OxEWNITQ\">\n<thead>\n<tr>\n<th><strong>Mod\u00e8le du produit<\/strong><\/th>\n<th><strong>TS50-ZT-SQ<\/strong><\/th>\n<\/tr>\n<\/thead>\n<tbody>\n<tr>\n<td><strong>Taille<\/strong><\/td>\n<td>L50*W50MM<\/td>\n<\/tr>\n<tr>\n<td><strong>Taille de coupe<\/strong><\/td>\n<td>\/<\/td>\n<\/tr>\n<tr>\n<td><strong>Contr\u00f4le de fonction<\/strong><\/td>\n<td>dali\/0-10v\/allumage\/extinction<\/td>\n<\/tr>\n<tr>\n<td><strong>Source lumineuse<\/strong><\/td>\n<td>LED DSP<\/td>\n<\/tr>\n<tr>\n<td><strong>Watts<\/strong><\/td>\n<td>3-7W<\/td>\n<\/tr>\n<tr>\n<td><strong>Poids<\/strong><\/td>\n<td>0,6KG<\/td>\n<\/tr>\n<tr>\n<td><strong>Tension d'entr\u00e9e<\/strong><\/td>\n<td>DC24V<\/td>\n<\/tr>\n<tr>\n<td><strong>Alimentation<\/strong><\/td>\n<td>Int\u00e9gr\u00e9<\/td>\n<\/tr>\n<tr>\n<td><strong>Angle du r\u00e9flecteur<\/strong><\/td>\n<td>15\/30\/45\/60<\/td>\n<\/tr>\n<tr>\n<td><strong><strong><a href=\"https:\/\/ledsteplight.com\/fr\/dm36b-pro-honeycomb-anti-glare-led-in-ground-light-ip67-24v-dc\/\" class=\"waam-auto-link\" title=\"Temp\u00e9rature de couleur\">Temp\u00e9rature de couleur<\/a><\/strong><\/strong><\/td>\n<td>Non sp\u00e9cifi\u00e9<\/td>\n<\/tr>\n<tr>\n<td><strong>Mat\u00e9riau<\/strong><\/td>\n<td>Non sp\u00e9cifi\u00e9<\/td>\n<\/tr>\n<tr>\n<td><strong>Couleur\/Finition<\/strong><\/td>\n<td>Non sp\u00e9cifi\u00e9<\/td>\n<\/tr>\n<tr>\n<td><strong>Indice de protection<\/strong><\/td>\n<td>Non sp\u00e9cifi\u00e9<\/td>\n<\/tr>\n<tr>\n<td><strong>Installation<\/strong><\/td>\n<td>Non sp\u00e9cifi\u00e9<\/td>\n<\/tr>\n<\/tbody>\n<\/table>\n<p data-start=\"113\" data-end=\"537\">\u00c9clairez votre chemin avec confiance \u2014 le <strong data-start=\"184\" data-end=\"213\">Lampe de marche LED TS50-ZT-SQ<\/strong> d\u00e9livre une lumi\u00e8re vive et efficace <strong><a href=\"https:\/\/ledsteplight.com\/fr\/ultimate-guide-to-landscape-inground-lighting-solutions\/\" class=\"waam-auto-link\" title=\"\u00e9clairage au sol\">\u00e9clairage au sol<\/a><\/strong> dans un corps compact de 50\u00d750mm. Con\u00e7u pour les chemins, jardins et marches architecturales, il allie un look \u00e9l\u00e9gant \u00e0 une performance pratique. Utilisant <strong data-start=\"399\" data-end=\"421\">technologie LED DSP<\/strong>, il offre une lumi\u00e8re propre et stable <strong><a href=\"https:\/\/ledsteplight.com\/fr\/pir-sensor-step-light-top-advantages-for-safety\/\" class=\"waam-auto-link\" title=\"illumination\">illumination<\/a><\/strong> avec plusieurs <strong data-start=\"474\" data-end=\"507\">angles de faisceau (15\u00b0\/30\u00b0\/45\u00b0\/60\u00b0)<\/strong> pour s\u2019adapter \u00e0 la conception de votre espace.<\/p>\n<p data-start=\"539\" data-end=\"755\">Aliment\u00e9 par un <strong data-start=\"552\" data-end=\"571\">driver int\u00e9gr\u00e9<\/strong> et <strong data-start=\"576\" data-end=\"591\">entr\u00e9e DC24V<\/strong>, cette lampe de marche fonctionne parfaitement avec <strong data-start=\"631\" data-end=\"673\">les syst\u00e8mes de contr\u00f4le DALI, 0-10V ou Allumage\/Extinction<\/strong>, offrant un contr\u00f4le d\u2019\u00e9clairage flexible pour les projets r\u00e9sidentiels et commerciaux.<\/p>\n<p data-start=\"757\" data-end=\"1068\">En tant que <strong data-start=\"762\" data-end=\"785\">fabricant direct<\/strong>, nous soutenons <strong data-start=\"798\" data-end=\"854\">la conception personnalis\u00e9e, les commandes en gros et les services OEM\/ODM<\/strong>. Que vous ayez besoin d'une finition sp\u00e9cifique, d'une classification \u00e9tanche ou d'une m\u00e9thode d'installation, nous vous aidons \u00e0 adapter la lumi\u00e8re aux besoins de votre projet \u2014 <strong data-start=\"990\" data-end=\"1066\">qualit\u00e9 directe d'usine, prix de gros, et exp\u00e9dition mondiale inclus.<\/strong><\/p>","protected":false},"excerpt":{"rendered":"<p>Vous cherchez des \u00e9clairages LED de marche fiables ? Le <strong data-start=\"1148\" data-end=\"1162\">TS50-ZT-SQ<\/strong> est une lumi\u00e8re de sol compacte et personnalisable id\u00e9ale pour les chemins et l'architecture. Fabricant d'\u00e9clairage LED direct d'usine proposant OEM\/ODM, approvisionnement en gros, et exp\u00e9dition mondiale.<\/p>","protected":false},"featured_media":37397,"comment_status":"open","ping_status":"closed","template":"","meta":[],"product_brand":[],"product_cat":[100,426,427,428,439,429,440,430,441,431,442,443,432,433,444,112,464,445,446,106,434,435,436,437],"product_tag":[103,76,140,77,113,78,108,141],"class_list":{"0":"post-38098","1":"product","2":"type-product","3":"status-publish","4":"has-post-thumbnail","6":"product_cat-aluminum-ground-light","7":"product_cat-ceiling-recessed","8":"product_cat-ceiling-surface","9":"product_cat-ceiling-suspended","10":"product_cat-commercial","11":"product_cat-drivers","12":"product_cat-education","13":"product_cat-freestanding-light","14":"product_cat-hospitality","15":"product_cat-industrial","16":"product_cat-infrastructure","17":"product_cat-landscape","18":"product_cat-landscaping","19":"product_cat-linear","20":"product_cat-office","21":"product_cat-outdoor-ground-light","22":"product_cat-c-outdoor-lighting","23":"product_cat-residential","24":"product_cat-retail","25":"product_cat-round-ground-light","26":"product_cat-table-lamp","27":"product_cat-track","28":"product_cat-wall-recessed","29":"product_cat-wall-surface","30":"product_tag-aluminum-ground-light","31":"product_tag-aluminum-housing","32":"product_tag-flood-light","33":"product_tag-ground-light","34":"product_tag-outdoor-ground-light","35":"product_tag-outdoor-lighting","36":"product_tag-round-ground-light","37":"product_tag-tree-spot-light","39":"first","40":"instock","41":"shipping-taxable","42":"product-type-simple"},"_links":{"self":[{"href":"https:\/\/ledsteplight.com\/fr\/wp-json\/wp\/v2\/product\/38098","targetHints":{"allow":["GET"]}}],"collection":[{"href":"https:\/\/ledsteplight.com\/fr\/wp-json\/wp\/v2\/product"}],"about":[{"href":"https:\/\/ledsteplight.com\/fr\/wp-json\/wp\/v2\/types\/product"}],"replies":[{"embeddable":true,"href":"https:\/\/ledsteplight.com\/fr\/wp-json\/wp\/v2\/comments?post=38098"}],"version-history":[{"count":3,"href":"https:\/\/ledsteplight.com\/fr\/wp-json\/wp\/v2\/product\/38098\/revisions"}],"predecessor-version":[{"id":38599,"href":"https:\/\/ledsteplight.com\/fr\/wp-json\/wp\/v2\/product\/38098\/revisions\/38599"}],"wp:featuredmedia":[{"embeddable":true,"href":"https:\/\/ledsteplight.com\/fr\/wp-json\/wp\/v2\/media\/37397"}],"wp:attachment":[{"href":"https:\/\/ledsteplight.com\/fr\/wp-json\/wp\/v2\/media?parent=38098"}],"wp:term":[{"taxonomy":"product_brand","embeddable":true,"href":"https:\/\/ledsteplight.com\/fr\/wp-json\/wp\/v2\/product_brand?post=38098"},{"taxonomy":"product_cat","embeddable":true,"href":"https:\/\/ledsteplight.com\/fr\/wp-json\/wp\/v2\/product_cat?post=38098"},{"taxonomy":"product_tag","embeddable":true,"href":"https:\/\/ledsteplight.com\/fr\/wp-json\/wp\/v2\/product_tag?post=38098"}],"curies":[{"name":"wp","href":"https:\/\/api.w.org\/{rel}","templated":true}]}}