{"id":38099,"date":"2025-10-26T13:04:28","date_gmt":"2025-10-26T13:04:28","guid":{"rendered":"https:\/\/ledsteplight.com\/import-placeholder-for-37317\/"},"modified":"2026-01-19T02:13:10","modified_gmt":"2026-01-19T02:13:10","slug":"outdoor-landscape-led-spot-light-bd50-aluminum-ip65-garden-lighting-fixture","status":"publish","type":"product","link":"https:\/\/ledsteplight.com\/fr\/outdoor-landscape-led-spot-light-bd50-aluminum-ip65-garden-lighting-fixture\/","title":{"rendered":"Projecteur LED d'ext\u00e9rieur pour paysage BD50 | Luminaire de jardin en aluminium IP65"},"content":{"rendered":"<table class=\"OxEWNITQ\">\n<thead>\n<tr>\n<th>Param\u00e8tre<\/th>\n<th>Valeur\/Description<\/th>\n<\/tr>\n<\/thead>\n<tbody>\n<tr>\n<td><strong>Mod\u00e8le<\/strong><\/td>\n<td>MG-BD50<\/td>\n<\/tr>\n<tr>\n<td><strong>Taille du produit<\/strong><\/td>\n<td>D50*H135mm (Diam\u00e8tre 50mm, Hauteur 135mm)<\/td>\n<\/tr>\n<tr>\n<td><strong>Taille de coupe<\/strong><\/td>\n<td>Non sp\u00e9cifi\u00e9 (pour montage en surface)<\/td>\n<\/tr>\n<tr>\n<td><strong>Contr\u00f4le de fonction<\/strong><\/td>\n<td>Contr\u00f4le par interrupteur (Marche\/Arr\u00eat)<\/td>\n<\/tr>\n<tr>\n<td><strong>Source lumineuse<\/strong><\/td>\n<td>LED Bridgelux\/CREE<\/td>\n<\/tr>\n<tr>\n<td><strong>Watts<\/strong><\/td>\n<td>3W \/ 2\u00d73W (Option module double)<\/td>\n<\/tr>\n<tr>\n<td><strong>Poids<\/strong><\/td>\n<td>1,2kg<\/td>\n<\/tr>\n<tr>\n<td><strong>Entr\u00e9e secteur<\/strong><\/td>\n<td>100-240V, 50~60Hz \/ DC12\/24V<\/td>\n<\/tr>\n<tr>\n<td><strong>Alimentation<\/strong><\/td>\n<td>KG<\/td>\n<\/tr>\n<tr>\n<td><strong>Angle du r\u00e9flecteur<\/strong><\/td>\n<td>15\u00b0, 24\u00b0, 36\u00b0, 60\u00b0<\/td>\n<\/tr>\n<tr>\n<td><strong><strong><a href=\"https:\/\/ledsteplight.com\/fr\/dm36b-pro-honeycomb-anti-glare-led-in-ground-light-ip67-24v-dc\/\" class=\"waam-auto-link\" title=\"Temp\u00e9rature de couleur\">Temp\u00e9rature de couleur<\/a><\/strong><\/strong><\/td>\n<td>3000K, 4000K, 5700K<\/td>\n<\/tr>\n<tr>\n<td><strong>Mat\u00e9riau<\/strong><\/td>\n<td>Aluminium<\/td>\n<\/tr>\n<tr>\n<td><strong>Couleur\/Finition<\/strong><\/td>\n<td>Blanc, Noir<\/td>\n<\/tr>\n<tr>\n<td><strong>Indice de protection<\/strong><\/td>\n<td>IP65<\/td>\n<\/tr>\n<tr>\n<td><strong>Installation<\/strong><\/td>\n<td>Montage en surface<\/td>\n<\/tr>\n<\/tbody>\n<\/table>\n<p data-start=\"643\" data-end=\"936\"><strong data-start=\"670\" data-end=\"705\">MG-BD50 LED Jardin <strong><a href=\"https:\/\/ledsteplight.com\/fr\/5w-led-in-ground-lights-ip65-waterproof-outdoor-driveway-garden-floor-lighting\/\" class=\"waam-auto-link\" title=\"Lumi\u00e8re au sol\">Lumi\u00e8re au sol<\/a><\/strong><\/strong> est con\u00e7u pour les paysages ext\u00e9rieurs modernes, combinant puissant <strong><a href=\"https:\/\/ledsteplight.com\/fr\/pir-sensor-step-light-top-advantages-for-safety\/\" class=\"waam-auto-link\" title=\"illumination\">illumination<\/a><\/strong> avec un corps en aluminium durable. Avec une protection IP65, il fonctionne de mani\u00e8re fiable dans toutes les conditions m\u00e9t\u00e9orologiques\u2014id\u00e9al pour les jardins, les all\u00e9es et <strong><a href=\"https:\/\/ledsteplight.com\/fr\/cree-bridgelux-chip-ip65-led-fixture-for-garden-facade-lighting\/\" class=\"waam-auto-link\" title=\"\u00e9clairage architectural\">\u00e9clairage architectural<\/a><\/strong>.<\/p>\n<p data-start=\"938\" data-end=\"956\"><strong data-start=\"938\" data-end=\"954\">Principales caract\u00e9ristiques<\/strong><\/p>\n<ul data-start=\"957\" data-end=\"1763\">\n<li data-start=\"957\" data-end=\"1093\">\n<p data-start=\"959\" data-end=\"1093\"><strong data-start=\"959\" data-end=\"991\">Source LED haute performance :<\/strong> \u00c9quip\u00e9 de <strong data-start=\"1006\" data-end=\"1031\">LED Bridgelux ou CREE<\/strong>, offrant une lumi\u00e8re brillante, efficace et constante.<\/p>\n<\/li>\n<li data-start=\"1094\" data-end=\"1192\">\n<p data-start=\"1096\" data-end=\"1192\"><strong data-start=\"1096\" data-end=\"1123\">Options d\u2019alimentation flexibles :<\/strong> Disponible en <strong data-start=\"1137\" data-end=\"1150\">3W simple<\/strong> or <strong data-start=\"1154\" data-end=\"1174\">Module double 2\u00d73W<\/strong> configurations.<\/p>\n<\/li>\n<li data-start=\"1193\" data-end=\"1307\">\n<p data-start=\"1195\" data-end=\"1307\"><strong data-start=\"1195\" data-end=\"1219\">Angles de faisceau pr\u00e9cis :<\/strong> Choisissez parmi <strong data-start=\"1232\" data-end=\"1257\">15\u00b0, 24\u00b0, 36\u00b0 ou 60\u00b0<\/strong> angles de r\u00e9flecteur pour des effets d\u2019\u00e9clairage personnalis\u00e9s.<\/p>\n<\/li>\n<li data-start=\"1308\" data-end=\"1427\">\n<p data-start=\"1310\" data-end=\"1427\"><strong data-start=\"1310\" data-end=\"1333\">Temp\u00e9ratures de couleur :<\/strong> Disponible en <strong data-start=\"1347\" data-end=\"1369\">3000K (Blanc chaud)<\/strong>, <strong data-start=\"1371\" data-end=\"1396\">Blanc neutre 4000K<\/strong>, et <strong data-start=\"1402\" data-end=\"1424\">5700K (Blanc froid)<\/strong>.<\/p>\n<\/li>\n<li data-start=\"1428\" data-end=\"1513\">\n<p data-start=\"1430\" data-end=\"1513\"><strong data-start=\"1430\" data-end=\"1450\">\u00c9tanch\u00e9it\u00e9 IP65 :<\/strong> Assure une durabilit\u00e9 ext\u00e9rieure contre la poussi\u00e8re, la pluie et l\u2019humidit\u00e9.<\/p>\n<\/li>\n<li data-start=\"1514\" data-end=\"1648\">\n<p data-start=\"1516\" data-end=\"1648\"><strong data-start=\"1516\" data-end=\"1538\">Mat\u00e9riau &amp; Finition :<\/strong> Fabriqu\u00e9 \u00e0 partir de <strong data-start=\"1549\" data-end=\"1572\">aluminium de haute qualit\u00e9<\/strong>, disponible en <strong data-start=\"1587\" data-end=\"1605\">noir ou blanc<\/strong> rev\u00eatement en poudre pour une r\u00e9sistance \u00e0 la corrosion.<\/p>\n<\/li>\n<li data-start=\"1649\" data-end=\"1763\">\n<p data-start=\"1651\" data-end=\"1763\"><strong data-start=\"1651\" data-end=\"1673\">Installation facile :<\/strong> Le design en surface facilite la mise en place pour les paysages r\u00e9sidentiels et commerciaux.<\/p>\n<\/li>\n<\/ul>","protected":false},"excerpt":{"rendered":"<p data-start=\"1063\" data-end=\"1512\">Projecteur de sol de jardin LED BD50 haute performance avec LED CREE\/Bridgelux, corps en aluminium \u00e9tanche IP65, puissance de 3W\/6W, id\u00e9al pour l\u2019\u00e9clairage paysager ext\u00e9rieur.<\/p>","protected":false},"featured_media":37400,"comment_status":"open","ping_status":"closed","template":"","meta":[],"product_brand":[],"product_cat":[100,426,427,428,439,429,440,430,441,431,442,443,432,433,444,112,464,445,446,106,434,435,128,436,437],"product_tag":[103,76,142,77,113,78,108,129],"class_list":{"0":"post-38099","1":"product","2":"type-product","3":"status-publish","4":"has-post-thumbnail","6":"product_cat-aluminum-ground-light","7":"product_cat-ceiling-recessed","8":"product_cat-ceiling-surface","9":"product_cat-ceiling-suspended","10":"product_cat-commercial","11":"product_cat-drivers","12":"product_cat-education","13":"product_cat-freestanding-light","14":"product_cat-hospitality","15":"product_cat-industrial","16":"product_cat-infrastructure","17":"product_cat-landscape","18":"product_cat-landscaping","19":"product_cat-linear","20":"product_cat-office","21":"product_cat-outdoor-ground-light","22":"product_cat-c-outdoor-lighting","23":"product_cat-residential","24":"product_cat-retail","25":"product_cat-round-ground-light","26":"product_cat-table-lamp","27":"product_cat-track","28":"product_cat-wall-light-series","29":"product_cat-wall-recessed","30":"product_cat-wall-surface","31":"product_tag-aluminum-ground-light","32":"product_tag-aluminum-housing","33":"product_tag-die-cast-aluminum","34":"product_tag-ground-light","35":"product_tag-outdoor-ground-light","36":"product_tag-outdoor-lighting","37":"product_tag-round-ground-light","38":"product_tag-wall-light-series","40":"first","41":"instock","42":"featured","43":"shipping-taxable","44":"product-type-simple"},"_links":{"self":[{"href":"https:\/\/ledsteplight.com\/fr\/wp-json\/wp\/v2\/product\/38099","targetHints":{"allow":["GET"]}}],"collection":[{"href":"https:\/\/ledsteplight.com\/fr\/wp-json\/wp\/v2\/product"}],"about":[{"href":"https:\/\/ledsteplight.com\/fr\/wp-json\/wp\/v2\/types\/product"}],"replies":[{"embeddable":true,"href":"https:\/\/ledsteplight.com\/fr\/wp-json\/wp\/v2\/comments?post=38099"}],"version-history":[{"count":3,"href":"https:\/\/ledsteplight.com\/fr\/wp-json\/wp\/v2\/product\/38099\/revisions"}],"predecessor-version":[{"id":38587,"href":"https:\/\/ledsteplight.com\/fr\/wp-json\/wp\/v2\/product\/38099\/revisions\/38587"}],"wp:featuredmedia":[{"embeddable":true,"href":"https:\/\/ledsteplight.com\/fr\/wp-json\/wp\/v2\/media\/37400"}],"wp:attachment":[{"href":"https:\/\/ledsteplight.com\/fr\/wp-json\/wp\/v2\/media?parent=38099"}],"wp:term":[{"taxonomy":"product_brand","embeddable":true,"href":"https:\/\/ledsteplight.com\/fr\/wp-json\/wp\/v2\/product_brand?post=38099"},{"taxonomy":"product_cat","embeddable":true,"href":"https:\/\/ledsteplight.com\/fr\/wp-json\/wp\/v2\/product_cat?post=38099"},{"taxonomy":"product_tag","embeddable":true,"href":"https:\/\/ledsteplight.com\/fr\/wp-json\/wp\/v2\/product_tag?post=38099"}],"curies":[{"name":"wp","href":"https:\/\/api.w.org\/{rel}","templated":true}]}}