{"id":38130,"date":"2025-09-08T13:04:35","date_gmt":"2025-09-08T13:04:35","guid":{"rendered":"https:\/\/ledsteplight.com\/import-placeholder-for-37318\/"},"modified":"2026-01-19T02:13:11","modified_gmt":"2026-01-19T02:13:11","slug":"bd035-42-led-in-ground-light-5w-ip65-wholesale-supplier","status":"publish","type":"product","link":"https:\/\/ledsteplight.com\/fr\/bd035-42-led-in-ground-light-5w-ip65-wholesale-supplier\/","title":{"rendered":"Lampe encastr\u00e9e LED BD035-42 5W, IP65 | Fournisseur en gros"},"content":{"rendered":"<table class=\"OxEWNITQ\">\n<thead>\n<tr>\n<th>Param\u00e8tre<\/th>\n<th>Valeur\/Description<\/th>\n<\/tr>\n<\/thead>\n<tbody>\n<tr>\n<td><strong>Mod\u00e8le<\/strong><\/td>\n<td>MG-BD035-42<\/td>\n<\/tr>\n<tr>\n<td><strong>Taille<\/strong><\/td>\n<td>\u03c642*H405mm<\/td>\n<\/tr>\n<tr>\n<td><strong>Taille de coupe<\/strong><\/td>\n<td>(\u03c640*H75mm)<\/td>\n<\/tr>\n<tr>\n<td><strong>Contr\u00f4le de fonction<\/strong><\/td>\n<td>Non sp\u00e9cifi\u00e9<\/td>\n<\/tr>\n<tr>\n<td><strong>Source lumineuse<\/strong><\/td>\n<td>OSRAM \/ CREE \/ 3014 SMD<\/td>\n<\/tr>\n<tr>\n<td><strong>Watts<\/strong><\/td>\n<td>1W (350mA)<\/td>\n<\/tr>\n<tr>\n<td><strong>Poids<\/strong><\/td>\n<td>0,45kg<\/td>\n<\/tr>\n<tr>\n<td><strong>Entr\u00e9e secteur<\/strong><\/td>\n<td>100-240V, 50~60Hz \/ DC12\/24V<\/td>\n<\/tr>\n<tr>\n<td><strong>Alimentation<\/strong><\/td>\n<td>Non sp\u00e9cifi\u00e9<\/td>\n<\/tr>\n<tr>\n<td><strong>Angle du r\u00e9flecteur<\/strong><\/td>\n<td>Non sp\u00e9cifi\u00e9<\/td>\n<\/tr>\n<tr>\n<td><strong><strong><a href=\"https:\/\/ledsteplight.com\/fr\/dm36b-pro-honeycomb-anti-glare-led-in-ground-light-ip67-24v-dc\/\" class=\"waam-auto-link\" title=\"Temp\u00e9rature de couleur\">Temp\u00e9rature de couleur<\/a><\/strong><\/strong><\/td>\n<td>3000K, 4000K, 5700K<\/td>\n<\/tr>\n<tr>\n<td><strong>Connexion (Fil\/Longueur\/Connecteur)<\/strong><\/td>\n<td>Non sp\u00e9cifi\u00e9<\/td>\n<\/tr>\n<tr>\n<td><strong>Mat\u00e9riau<\/strong><\/td>\n<td>Aluminium<\/td>\n<\/tr>\n<tr>\n<td><strong>Couleur\/Traitement de surface<\/strong><\/td>\n<td>Blanc, Noir<\/td>\n<\/tr>\n<tr>\n<td><strong>Indice de protection<\/strong><\/td>\n<td><strong><a href=\"https:\/\/ledsteplight.com\/fr\/cree-bridgelux-chip-ip65-led-fixture-for-garden-facade-lighting\/\" class=\"waam-auto-link\" title=\"IP65\">IP65<\/a><\/strong><\/td>\n<\/tr>\n<tr>\n<td><strong>Installation<\/strong><\/td>\n<td>Encastr\u00e9 (Option bo\u00eete pr\u00e9-c\u00e2bl\u00e9e)<\/td>\n<\/tr>\n<\/tbody>\n<\/table>\n<p data-start=\"1089\" data-end=\"1452\"><strong data-start=\"1093\" data-end=\"1105\">BD035-42<\/strong> est un petit travailleur robuste \u2014 une LED encastr\u00e9e de 5W con\u00e7ue pour rester fiable dans des conditions humides et ext\u00e9rieures gr\u00e2ce \u00e0 sa <strong data-start=\"1222\" data-end=\"1241\">classement IP65 \u00e9tanche<\/strong> notation. Il offre une performance propre et coh\u00e9rente <strong><a href=\"https:\/\/ledsteplight.com\/fr\/pir-sensor-step-light-top-advantages-for-safety\/\" class=\"waam-auto-link\" title=\"illumination\">illumination<\/a><\/strong> pour les chemins, les accents paysagers et l\u2019\u00e9clairage d\u2019accentuation \u00e0 faible profil tout en conservant une empreinte r\u00e9duite qui se cache discr\u00e8tement dans le sol et laisse la sc\u00e8ne s\u2019exprimer.<\/p>\n<p data-start=\"1454\" data-end=\"1758\">Con\u00e7ue pour les entrepreneurs et acheteurs soucieux d\u2019une livraison fiable, cette unit\u00e9 est pr\u00eate \u00e0 l\u2019exp\u00e9dition depuis l\u2019usine et compatible OEM \u2014 des \u00e9chantillons, des finitions personnalis\u00e9es et des tarifs en gros sont disponibles. Indiquez-nous la taille de votre projet et vos besoins en sp\u00e9cifications, et nous vous fournirons un devis d\u2019usine, un d\u00e9lai de livraison et toute documentation de test dont vous avez besoin.<\/p>","protected":false},"excerpt":{"rendered":"<p>Achetez la lampe de sol LED IP65 5W BD035-42 aupr\u00e8s de l'usine. \u00c9chantillons, personnalisation de la marque et prix pour projets disponibles. Contactez le service commercial pour des devis rapides en gros.<\/p>","protected":false},"featured_media":37403,"comment_status":"open","ping_status":"closed","template":"","meta":[],"product_brand":[],"product_cat":[69,100,426,427,428,439,429,440,430,441,431,442,443,432,433,444,112,464,445,446,106,434,435,128,436,437],"product_tag":[74,103,76,77,113,78,108,129],"class_list":{"0":"post-38130","1":"product","2":"type-product","3":"status-publish","4":"has-post-thumbnail","6":"product_cat-5w","7":"product_cat-aluminum-ground-light","8":"product_cat-ceiling-recessed","9":"product_cat-ceiling-surface","10":"product_cat-ceiling-suspended","11":"product_cat-commercial","12":"product_cat-drivers","13":"product_cat-education","14":"product_cat-freestanding-light","15":"product_cat-hospitality","16":"product_cat-industrial","17":"product_cat-infrastructure","18":"product_cat-landscape","19":"product_cat-landscaping","20":"product_cat-linear","21":"product_cat-office","22":"product_cat-outdoor-ground-light","23":"product_cat-c-outdoor-lighting","24":"product_cat-residential","25":"product_cat-retail","26":"product_cat-round-ground-light","27":"product_cat-table-lamp","28":"product_cat-track","29":"product_cat-wall-light-series","30":"product_cat-wall-recessed","31":"product_cat-wall-surface","32":"product_tag-5w-led","33":"product_tag-aluminum-ground-light","34":"product_tag-aluminum-housing","35":"product_tag-ground-light","36":"product_tag-outdoor-ground-light","37":"product_tag-outdoor-lighting","38":"product_tag-round-ground-light","39":"product_tag-wall-light-series","41":"first","42":"instock","43":"featured","44":"downloadable","45":"shipping-taxable","46":"product-type-simple"},"_links":{"self":[{"href":"https:\/\/ledsteplight.com\/fr\/wp-json\/wp\/v2\/product\/38130","targetHints":{"allow":["GET"]}}],"collection":[{"href":"https:\/\/ledsteplight.com\/fr\/wp-json\/wp\/v2\/product"}],"about":[{"href":"https:\/\/ledsteplight.com\/fr\/wp-json\/wp\/v2\/types\/product"}],"replies":[{"embeddable":true,"href":"https:\/\/ledsteplight.com\/fr\/wp-json\/wp\/v2\/comments?post=38130"}],"version-history":[{"count":3,"href":"https:\/\/ledsteplight.com\/fr\/wp-json\/wp\/v2\/product\/38130\/revisions"}],"predecessor-version":[{"id":38589,"href":"https:\/\/ledsteplight.com\/fr\/wp-json\/wp\/v2\/product\/38130\/revisions\/38589"}],"wp:featuredmedia":[{"embeddable":true,"href":"https:\/\/ledsteplight.com\/fr\/wp-json\/wp\/v2\/media\/37403"}],"wp:attachment":[{"href":"https:\/\/ledsteplight.com\/fr\/wp-json\/wp\/v2\/media?parent=38130"}],"wp:term":[{"taxonomy":"product_brand","embeddable":true,"href":"https:\/\/ledsteplight.com\/fr\/wp-json\/wp\/v2\/product_brand?post=38130"},{"taxonomy":"product_cat","embeddable":true,"href":"https:\/\/ledsteplight.com\/fr\/wp-json\/wp\/v2\/product_cat?post=38130"},{"taxonomy":"product_tag","embeddable":true,"href":"https:\/\/ledsteplight.com\/fr\/wp-json\/wp\/v2\/product_tag?post=38130"}],"curies":[{"name":"wp","href":"https:\/\/api.w.org\/{rel}","templated":true}]}}