{"id":38131,"date":"2025-09-08T13:04:35","date_gmt":"2025-09-08T13:04:35","guid":{"rendered":"https:\/\/ledsteplight.com\/import-placeholder-for-37319\/"},"modified":"2026-01-19T02:13:11","modified_gmt":"2026-01-19T02:13:11","slug":"tk63-3w-led-ground-light-factory-wholesale-accent-lighting","status":"publish","type":"product","link":"https:\/\/ledsteplight.com\/fr\/tk63-3w-led-ground-light-factory-wholesale-accent-lighting\/","title":{"rendered":"TK63 3W LED Lumi\u00e8re de sol | \u00c9clairage d'accentuation en usine et en gros"},"content":{"rendered":"<table class=\"OxEWNITQ\" style=\"font-family: var(--global-body-font-family)\">\n<thead>\n<tr>\n<th>Param\u00e8tre<\/th>\n<th>Valeur\/Description<\/th>\n<\/tr>\n<\/thead>\n<tbody>\n<tr>\n<td><strong>Mod\u00e8le<\/strong><\/td>\n<td>MG-TK63<\/td>\n<\/tr>\n<tr>\n<td><strong>Taille du produit<\/strong><\/td>\n<td>L63<em>W63<\/em>H23mm<\/td>\n<\/tr>\n<tr>\n<td><strong>Taille de coupe<\/strong><\/td>\n<td>\u03c655mm*H75mm (Bo\u00eete pr\u00e9-c\u00e2bl\u00e9e)<\/td>\n<\/tr>\n<tr>\n<td><strong>Contr\u00f4le de fonction<\/strong><\/td>\n<td>Non sp\u00e9cifi\u00e9 (Standard Marche\/Arr\u00eat)<\/td>\n<\/tr>\n<tr>\n<td><strong>Source lumineuse<\/strong><\/td>\n<td><strong><a href=\"https:\/\/ledsteplight.com\/fr\/cree-bridgelux-chip-ip65-led-fixture-for-garden-facade-lighting\/\" class=\"waam-auto-link\" title=\"LED Bridgelux\">LED Bridgelux<\/a><\/strong><\/td>\n<\/tr>\n<tr>\n<td><strong>Watts<\/strong><\/td>\n<td>1W (350mA)<\/td>\n<\/tr>\n<tr>\n<td><strong>Poids<\/strong><\/td>\n<td>0,35kg<\/td>\n<\/tr>\n<tr>\n<td><strong>Entr\u00e9e secteur<\/strong><\/td>\n<td>100-240V, 50~60Hz<\/td>\n<\/tr>\n<tr>\n<td><strong>Alimentation<\/strong><\/td>\n<td>Non sp\u00e9cifi\u00e9<\/td>\n<\/tr>\n<tr>\n<td><strong>Angle du r\u00e9flecteur<\/strong><\/td>\n<td>Non sp\u00e9cifi\u00e9<\/td>\n<\/tr>\n<tr>\n<td><strong><strong><a href=\"https:\/\/ledsteplight.com\/fr\/dm36b-pro-honeycomb-anti-glare-led-in-ground-light-ip67-24v-dc\/\" class=\"waam-auto-link\" title=\"Temp\u00e9rature de couleur\">Temp\u00e9rature de couleur<\/a><\/strong><\/strong><\/td>\n<td>2700K, 3000K, 4000K, 6000K<\/td>\n<\/tr>\n<tr>\n<td><strong>Mat\u00e9riau<\/strong><\/td>\n<td>Aluminium<\/td>\n<\/tr>\n<tr>\n<td><strong>Couleur\/Finition<\/strong><\/td>\n<td>Blanc, Noir<\/td>\n<\/tr>\n<tr>\n<td><strong>Indice de protection<\/strong><\/td>\n<td>IP20\/IP65<\/td>\n<\/tr>\n<tr>\n<td><strong>Installation<\/strong><\/td>\n<td>Encastr\u00e9 (Option bo\u00eete pr\u00e9-c\u00e2bl\u00e9e)<\/td>\n<\/tr>\n<\/tbody>\n<\/table>\n<p data-start=\"1350\" data-end=\"1692\"><strong data-start=\"1354\" data-end=\"1362\">TK63<\/strong> est une LED compacte de 1W <strong><a href=\"https:\/\/ledsteplight.com\/fr\/5w-led-in-ground-lights-ip65-waterproof-outdoor-driveway-garden-floor-lighting\/\" class=\"waam-auto-link\" title=\"\u00e9clairage au sol\">\u00e9clairage au sol<\/a><\/strong> qui discr\u00e8tement donne l'impression que les endroits sont intentionnels la nuit \u2014 chemins, jardini\u00e8res et contours architecturaux re\u00e7oivent tous un \u00e9clairage soign\u00e9 sans que le luminaire ne se fasse remarquer. Son design peu encombrant est \u00e0 niveau avec le sol, offre une sortie lumineuse constante et concentre l'attention sur la sc\u00e8ne, pas sur le mat\u00e9riel.<\/p>\n<p data-start=\"1694\" data-end=\"1986\">Nous fabriquons le TK63 dans notre usine et l\u2019exp\u00e9dions pr\u00eat pour les projets \u2014 \u00e9chantillons, \u00e9tiquetage OEM, et prix en gros sont tous possibles. Si vous avez besoin d\u2019options r\u00e9sistantes aux intemp\u00e9ries ou personnalis\u00e9es pour un site sp\u00e9cifique, indiquez-nous les sp\u00e9cifications et la quantit\u00e9, et nous vous fournirons un devis d\u2019usine avec d\u00e9lai de livraison et d\u00e9tails des tests.<\/p>","protected":false},"excerpt":{"rendered":"<p>Lumi\u00e8re de sol LED TK63 3W fabriqu\u00e9e en usine \u2014 luminaire d'accentuation ext\u00e9rieur \u00e0 profil bas et pour chemin. Options OEM\/personnalis\u00e9es, \u00e9chantillons et tarification en volume disponibles. Demandez un devis d'usine.<\/p>","protected":false},"featured_media":37404,"comment_status":"open","ping_status":"closed","template":"","meta":[],"product_brand":[],"product_cat":[105,100,426,427,428,439,429,440,430,441,431,442,443,432,433,444,112,464,445,446,106,101,434,435,128,436,437],"product_tag":[107,82,103,76,113,108,104,129],"class_list":{"0":"post-38131","1":"product","2":"type-product","3":"status-publish","4":"has-post-thumbnail","6":"product_cat-015-series","7":"product_cat-aluminum-ground-light","8":"product_cat-ceiling-recessed","9":"product_cat-ceiling-surface","10":"product_cat-ceiling-suspended","11":"product_cat-commercial","12":"product_cat-drivers","13":"product_cat-education","14":"product_cat-freestanding-light","15":"product_cat-hospitality","16":"product_cat-industrial","17":"product_cat-infrastructure","18":"product_cat-landscape","19":"product_cat-landscaping","20":"product_cat-linear","21":"product_cat-office","22":"product_cat-outdoor-ground-light","23":"product_cat-c-outdoor-lighting","24":"product_cat-residential","25":"product_cat-retail","26":"product_cat-round-ground-light","27":"product_cat-sensor-ground-light","28":"product_cat-table-lamp","29":"product_cat-track","30":"product_cat-wall-light-series","31":"product_cat-wall-recessed","32":"product_cat-wall-surface","33":"product_tag-015-series","34":"product_tag-3w-led","35":"product_tag-aluminum-ground-light","36":"product_tag-aluminum-housing","37":"product_tag-outdoor-ground-light","38":"product_tag-round-ground-light","39":"product_tag-sensor-ground-light","40":"product_tag-wall-light-series","42":"first","43":"instock","44":"shipping-taxable","45":"product-type-simple"},"_links":{"self":[{"href":"https:\/\/ledsteplight.com\/fr\/wp-json\/wp\/v2\/product\/38131","targetHints":{"allow":["GET"]}}],"collection":[{"href":"https:\/\/ledsteplight.com\/fr\/wp-json\/wp\/v2\/product"}],"about":[{"href":"https:\/\/ledsteplight.com\/fr\/wp-json\/wp\/v2\/types\/product"}],"replies":[{"embeddable":true,"href":"https:\/\/ledsteplight.com\/fr\/wp-json\/wp\/v2\/comments?post=38131"}],"version-history":[{"count":3,"href":"https:\/\/ledsteplight.com\/fr\/wp-json\/wp\/v2\/product\/38131\/revisions"}],"predecessor-version":[{"id":38590,"href":"https:\/\/ledsteplight.com\/fr\/wp-json\/wp\/v2\/product\/38131\/revisions\/38590"}],"wp:featuredmedia":[{"embeddable":true,"href":"https:\/\/ledsteplight.com\/fr\/wp-json\/wp\/v2\/media\/37404"}],"wp:attachment":[{"href":"https:\/\/ledsteplight.com\/fr\/wp-json\/wp\/v2\/media?parent=38131"}],"wp:term":[{"taxonomy":"product_brand","embeddable":true,"href":"https:\/\/ledsteplight.com\/fr\/wp-json\/wp\/v2\/product_brand?post=38131"},{"taxonomy":"product_cat","embeddable":true,"href":"https:\/\/ledsteplight.com\/fr\/wp-json\/wp\/v2\/product_cat?post=38131"},{"taxonomy":"product_tag","embeddable":true,"href":"https:\/\/ledsteplight.com\/fr\/wp-json\/wp\/v2\/product_tag?post=38131"}],"curies":[{"name":"wp","href":"https:\/\/api.w.org\/{rel}","templated":true}]}}