{"id":275,"date":"2022-05-23T11:09:46","date_gmt":"2022-05-23T11:09:46","guid":{"rendered":"http:\/\/dummy.xtemos.com\/woodmart2\/megamarket-elementor\/?page_id=275"},"modified":"2025-09-28T10:49:45","modified_gmt":"2025-09-28T10:49:45","slug":"about-us","status":"publish","type":"page","link":"https:\/\/ledsteplight.com\/hu\/about-us\/","title":{"rendered":"R\u00f3lunk"},"content":{"rendered":"<div data-elementor-type=\"wp-page\" data-elementor-id=\"275\" class=\"elementor elementor-275\" data-elementor-post-type=\"page\">\n\t\t\t\t<div class=\"wd-negative-gap elementor-element elementor-element-3e5f2e4 wd-section-stretch-content e-flex e-con-boxed e-con e-parent\" data-id=\"3e5f2e4\" data-element_type=\"container\">\n\t\t\t\t\t<div class=\"e-con-inner\">\n\t\t\t\t<div class=\"elementor-element elementor-element-946b460 elementor-widget elementor-widget-html\" data-id=\"946b460\" data-element_type=\"widget\" data-widget_type=\"html.default\">\n\t\t\t\t\t\n    <div id=\"meiguang-about-page\">\n        <style>\n            #meiguang-about-page {\n                font-family: 'Segoe UI', Tahoma, Geneva, Verdana, sans-serif;\n                color: #333;\n                line-height: 1.7;\n                max-width: 1200px;\n                margin: 0 auto;\n                padding: 30px 20px;\n                background-color: #fcfcfc;\n            }\n            \n            \/* \u6807\u9898\u6837\u5f0f *\/\n            #meiguang-about-page h1,\n            #meiguang-about-page h2,\n            #meiguang-about-page h3 {\n                color: #23395b;\n                margin-bottom: 20px;\n                position: relative;\n                padding-bottom: 10px;\n            }\n            \n            #meiguang-about-page h1 {\n                font-size: 2.5rem;\n                border-bottom: 3px solid #49b3ff;\n                margin-top: 20px;\n                display: inline-block;\n                animation: fadeIn 1s ease-out;\n            }\n            \n            #meiguang-about-page h2 {\n                font-size: 2rem;\n                margin-top: 40px;\n                color: #2a4365;\n                border-left: 4px solid #49b3ff;\n                padding-left: 15px;\n                transition: all 0.3s ease;\n            }\n            \n            #meiguang-about-page h2:hover {\n                color: #49b3ff;\n                transform: translateX(5px);\n            }\n            \n            \/* \u5361\u7247\u5bb9\u5668\u6837\u5f0f *\/\n            #meiguang-about-page .company-profile,\n            #meiguang-about-page .custom-service,\n            #meiguang-about-page .philosophy {\n                background: linear-gradient(145deg, #ffffff, #f0f0f0);\n                padding: 30px;\n                border-radius: 12px;\n                margin-bottom: 35px;\n                box-shadow: 0 8px 20px rgba(0,0,0,0.08);\n                transition: all 0.4s ease;\n                position: relative;\n                overflow: hidden;\n            }\n            \n            #meiguang-about-page .company-profile:hover,\n            #meiguang-about-page .custom-service:hover,\n            #meiguang-about-page .philosophy:hover {\n                transform: translateY(-5px);\n                box-shadow: 0 12px 25px rgba(0,0,0,0.12);\n            }\n            \n            \/* \u5361\u7247\u88c5\u9970\u5143\u7d20 *\/\n            #meiguang-about-page .company-profile::before,\n            #meiguang-about-page .custom-service::before,\n            #meiguang-about-page .philosophy::before {\n                content: '';\n                position: absolute;\n                top: 0;\n                left: 0;\n                width: 100%;\n                height: 5px;\n                background: linear-gradient(90deg, #49b3ff, #2a86db);\n            }\n            \n            \/* \u670d\u52a1\u5217\u8868\u6837\u5f0f *\/\n            #meiguang-about-page .service-list {\n                margin-top: 25px;\n                display: grid;\n                grid-template-columns: repeat(auto-fill, minmax(300px, 1fr));\n                gap: 20px;\n            }\n            \n            #meiguang-about-page .service-item {\n                background-color: white;\n                padding: 20px;\n                border-radius: 8px;\n                box-shadow: 0 4px 12px rgba(0,0,0,0.05);\n                transition: all 0.3s ease;\n                border-top: 3px solid transparent;\n            }\n            \n            #meiguang-about-page .service-item:hover {\n                transform: translateY(-3px);\n                box-shadow: 0 6px 15px rgba(0,0,0,0.1);\n                border-top-color: #49b3ff;\n            }\n            \n            #meiguang-about-page .service-item h3 {\n                color: #2a4365;\n                margin-bottom: 12px;\n                font-size: 1.35rem;\n                padding-bottom: 5px;\n                border-bottom: 1px solid #f0f0f0;\n            }\n            \n            \/* \u6587\u672c\u6837\u5f0f *\/\n            #meiguang-about-page p {\n                margin-bottom: 18px;\n                font-size: 1.05rem;\n                color: #4a5568;\n                line-height: 1.8;\n            }\n            \n            #meiguang-about-page .highlight {\n                color: #2a86db;\n                font-weight: 600;\n                position: relative;\n            }\n            \n            #meiguang-about-page .highlight::after {\n                content: '';\n                position: absolute;\n                bottom: -2px;\n                left: 0;\n                width: 100%;\n                height: 2px;\n                background-color: rgba(73, 179, 255, 0.3);\n            }\n            \n            \/* \u5217\u8868\u6837\u5f0f *\/\n            #meiguang-about-page ul {\n                padding-left: 25px;\n                margin-bottom: 15px;\n            }\n            \n            #meiguang-about-page li {\n                margin-bottom: 10px;\n                position: relative;\n                padding-left: 5px;\n            }\n            \n            #meiguang-about-page li::marker {\n                color: #49b3ff;\n                font-size: 1.2rem;\n            }\n            \n            \/* \u52a8\u753b\u6548\u679c *\/\n            @keyframes fadeIn {\n                from { opacity: 0; transform: translateY(20px); }\n                to { opacity: 1; transform: translateY(0); }\n            }\n            \n            .fade-in-section {\n                opacity: 0;\n                transform: translateY(20px);\n                transition: opacity 0.6s ease-out, transform 0.6s ease-out;\n            }\n            \n            .fade-in-section.is-visible {\n                opacity: 1;\n                transform: translateY(0);\n            }\n            \n            \/* \u54cd\u5e94\u5f0f\u8bbe\u8ba1 *\/\n            @media (max-width: 768px) {\n                #meiguang-about-page {\n                    padding: 20px 15px;\n                }\n                \n                #meiguang-about-page h1 {\n                    font-size: 2rem;\n                }\n                \n                #meiguang-about-page h2 {\n                    font-size: 1.6rem;\n                }\n                \n                #meiguang-about-page .company-profile,\n                #meiguang-about-page .custom-service,\n                #meiguang-about-page .philosophy {\n                    padding: 20px;\n                }\n                \n                #meiguang-about-page .service-list {\n                    grid-template-columns: 1fr;\n                }\n            }\n        <\/style>\n        \n        <h1>C\u00e9gprofil<\/h1>\n        \n        <div class=\"company-profile fade-in-section\">\n            <p>A Meiguang Lighting &amp; Lighting Kft. Zhaoqingben, Guangdongban, K\u00edn\u00e1ban tal\u00e1lhat\u00f3, amely az egyik kulcsfontoss\u00e1g\u00fa v\u00e1ros a <span class=\"highlight\">Guangdong-Hong Kong-Maka\u00f3 Nagy\u00f6vezetben<\/span>.<\/p>\n            \n            <p>Specializ\u00e1l\u00f3dunk padl\u00f3l\u00e1mp\u00e1k \u00e9s kapcsol\u00f3d\u00f3 vil\u00e1g\u00edt\u00e1si term\u00e9kek gy\u00e1rt\u00e1s\u00e1ra, sz\u00e9les term\u00e9kk\u00edn\u00e1latot \u00e9s egyedi szolg\u00e1ltat\u00e1sokat ny\u00fajtva \u00fcgyfeleinknek.<\/p>\n            \n            <p>Ezek a term\u00e9kek sz\u00e9les k\u00f6rben haszn\u00e1latosak otthonokban, kereskedelmi helyeken \u00e9s k\u00fclt\u00e9ri k\u00f6rnyezetben, \u00e9s megfelelnek k\u00fcl\u00f6nb\u00f6z\u0151 jelenetek vil\u00e1g\u00edt\u00e1si ig\u00e9nyeinek.<\/p>\n        <\/div>\n        \n        <h2>Egyedi Szolg\u00e1ltat\u00e1sunk<\/h2>\n        \n        <div class=\"custom-service fade-in-section\">\n            <p>A Micron Lighting nemcsak standard term\u00e9keket k\u00edn\u00e1l, hanem \u00e1tfog\u00f3 testreszab\u00e1si szolg\u00e1ltat\u00e1sokat is, hogy seg\u00edtsen \u00fcgyfeleinknek megval\u00f3s\u00edtani egy\u00e9ni ig\u00e9nyeiket. Egyedi szolg\u00e1ltat\u00e1saink k\u00f6z\u00e9 tartoznak:<\/p>\n            \n            <div class=\"service-list\">\n                <div class=\"service-item\">\n                    <h3>Tervez\u00e9si szolg\u00e1ltat\u00e1s<\/h3>\n                    <p>Ig\u00e9nyei szerint professzion\u00e1lis tervez\u00e9si szolg\u00e1ltat\u00e1st ny\u00fajtunk, hogy seg\u00edts\u00fcnk l\u00e9trehozni az ide\u00e1lis term\u00e9k megjelen\u00e9s\u00e9t \u00e9s funkci\u00f3j\u00e1t.<\/p>\n                <\/div>\n                \n                <div class=\"service-item\">\n                    <h3>Form\u00e1z\u00f3 k\u00e9sz\u00edt\u00e9s szolg\u00e1ltat\u00e1s<\/h3>\n                    <p>Fejlett form\u00e1z\u00f3 k\u00e9sz\u00edt\u0151 berendez\u00e9sekkel rendelkez\u00fcnk, amelyek gyorsan elk\u00e9sz\u00edtik a form\u00e1kat az \u00d6n tervei szerint, \u00e9s biztos\u00edtj\u00e1k term\u00e9kei pontos gy\u00e1rt\u00e1s\u00e1t.<\/p>\n                <\/div>\n                \n                <div class=\"service-item\">\n                    <h3>Rajzfeldolgoz\u00e1s<\/h3>\n                    <p>Ha k\u00e9sz tervekkel rendelkezik, k\u00f6zvetlen\u00fcl feldolgozhatjuk \u00e9s gy\u00e1rthatjuk azokat a rajzok szerint.<\/p>\n                <\/div>\n                \n                <div class=\"service-item\">\n                    <h3>Param\u00e9ter testreszab\u00e1s:<\/h3>\n                    <ul>\n                        <li>Alacsony fesz\u00fclts\u00e9g\u0171 testreszab\u00e1s: az \u00d6n \u00e1ramell\u00e1t\u00e1si ig\u00e9nyei szerint<\/li>\n                        <li>Frekvencia testreszab\u00e1s: t\u00e1mogatja a k\u00fcl\u00f6nb\u00f6z\u0151 frekvencia alkalmazkod\u00e1st<\/li>\n                        <li>Sz\u00ednh\u0151m\u00e9rs\u00e9klet testreszab\u00e1s: k\u00fcl\u00f6nb\u00f6z\u0151 opci\u00f3k el\u00e9rhet\u0151k<\/li>\n                        <li>Fest\u00e9k testreszab\u00e1s: az \u00d6n sz\u00ednig\u00e9nyei szerint<\/li>\n                        <li>L\u00e9zer LOG\u00d3: Nyomtassa r\u00e1 m\u00e1rk\u00e1z\u00e1si LOG\u00d3j\u00e1t a term\u00e9kre<\/li>\n                        <li>Funkci\u00f3 \u00f6sszekapcsol\u00e1s: t\u00e1mogatja m\u00e1s okoseszk\u00f6z\u00f6kkel val\u00f3 \u00f6sszekapcsol\u00e1st<\/li>\n                    <\/ul>\n                <\/div>\n                \n                <div class=\"service-item\">\n                    <h3>OEM Szolg\u00e1ltat\u00e1s<\/h3>\n                    <p>OEM szolg\u00e1ltat\u00e1st ny\u00fajtunk, term\u00e9keket gy\u00e1rtunk az \u00d6n m\u00e1rk\u00e1ja \u00e9s specifik\u00e1ci\u00f3i szerint, seg\u00edtve gyorsan bel\u00e9pni a piacra.<\/p>\n                <\/div>\n                \n                <div class=\"service-item\">\n                    <h3>M\u0171szaki t\u00e1mogat\u00e1s<\/h3>\n                    <p>M\u0171szaki csapatunk k\u00e9szen \u00e1ll arra, hogy m\u0171szaki t\u00e1mogat\u00e1st ny\u00fajtson az \u00d6n sz\u00e1m\u00e1ra a haszn\u00e1lat sor\u00e1n felmer\u00fcl\u0151 probl\u00e9m\u00e1k megold\u00e1s\u00e1ban.<\/p>\n                <\/div>\n                \n                <div class=\"service-item\">\n                    <h3>Telep\u00edt\u00e9si megold\u00e1sok<\/h3>\n                    <p>Szakmai telep\u00edt\u00e9si megold\u00e1sokat k\u00edn\u00e1lunk, hogy a term\u00e9kek k\u00f6nnyen telep\u00edthet\u0151ek \u00e9s eszt\u00e9tikusak legyenek.<\/p>\n                <\/div>\n            <\/div>\n        <\/div>\n        \n        <h2>Filoz\u00f3fi\u00e1nk<\/h2>\n        \n        <div class=\"philosophy fade-in-section\">\n            <p>Mindig \u00fcgyfeleinket helyezz\u00fck el\u0151t\u00e9rbe, \u00e9s t\u00f6reksz\u00fcnk min\u0151s\u00e9gi term\u00e9keket \u00e9s szolg\u00e1ltat\u00e1sokat ny\u00fajtani. C\u00e9lunk, hogy minden \u00fcgyf\u00e9l el\u00e9gedett legyen.<\/p>\n            \n            <p>A Micron Lighting l\u00e1mp\u00e1k kiv\u00e1laszt\u00e1s\u00e1val nemcsak egy l\u00e1mp\u00e1t v\u00e1laszt, hanem egy megb\u00edzhat\u00f3 partnert is.<\/p>\n        <\/div>\n\n        <script>\n            \/\/ \u7b80\u5355\u7684\u6eda\u52a8\u663e\u793a\u52a8\u753b\n            document.addEventListener('DOMContentLoaded', function() {\n                const fadeElements = document.querySelectorAll('.fade-in-section');\n                \n                const observerOptions = {\n                    root: null,\n                    rootMargin: '0px',\n                    threshold: 0.1\n                };\n                \n                const observer = new IntersectionObserver(function(entries, observer) {\n                    entries.forEach(entry => {\n                        if (entry.isIntersecting) {\n                            entry.target.classList.add('is-visible');\n                            observer.unobserve(entry.target);\n                        }\n                    });\n                }, observerOptions);\n                \n                fadeElements.forEach(element => {\n                    observer.observe(element);\n                });\n            });\n        <\/script>\n    <\/div>\n\n    \t\t\t\t<\/div>\n\t\t\t\t\t<\/div>\n\t\t\t\t<\/div>\n\t\t\t\t<\/div>","protected":false},"excerpt":{"rendered":"<p>C\u00e9gprofil Meiguang Lighting &amp; Lighting Kft. Zhaoqingben, Guangdongban tal\u00e1lhat\u00f3, amely az egyik k\u00f6zponti<\/p>","protected":false},"author":1,"featured_media":0,"parent":0,"menu_order":0,"comment_status":"closed","ping_status":"closed","template":"","meta":{"footnotes":""},"class_list":["post-275","page","type-page","status-publish","hentry"],"_links":{"self":[{"href":"https:\/\/ledsteplight.com\/hu\/wp-json\/wp\/v2\/pages\/275","targetHints":{"allow":["GET"]}}],"collection":[{"href":"https:\/\/ledsteplight.com\/hu\/wp-json\/wp\/v2\/pages"}],"about":[{"href":"https:\/\/ledsteplight.com\/hu\/wp-json\/wp\/v2\/types\/page"}],"author":[{"embeddable":true,"href":"https:\/\/ledsteplight.com\/hu\/wp-json\/wp\/v2\/users\/1"}],"replies":[{"embeddable":true,"href":"https:\/\/ledsteplight.com\/hu\/wp-json\/wp\/v2\/comments?post=275"}],"version-history":[{"count":3,"href":"https:\/\/ledsteplight.com\/hu\/wp-json\/wp\/v2\/pages\/275\/revisions"}],"predecessor-version":[{"id":38234,"href":"https:\/\/ledsteplight.com\/hu\/wp-json\/wp\/v2\/pages\/275\/revisions\/38234"}],"wp:attachment":[{"href":"https:\/\/ledsteplight.com\/hu\/wp-json\/wp\/v2\/media?parent=275"}],"curies":[{"name":"wp","href":"https:\/\/api.w.org\/{rel}","templated":true}]}}