{"id":277,"date":"2022-05-23T11:10:11","date_gmt":"2022-05-23T11:10:11","guid":{"rendered":"http:\/\/dummy.xtemos.com\/woodmart2\/megamarket-elementor\/?page_id=277"},"modified":"2022-05-23T11:10:11","modified_gmt":"2022-05-23T11:10:11","slug":"compare","status":"publish","type":"page","link":"https:\/\/ledsteplight.com\/hu\/compare\/","title":{"rendered":"\u00d6sszehasonl\u00edt\u00e1s"},"content":{"rendered":"<p class=\"wd-empty-compare wd-empty-page\">\n\t\t\t\u00d6sszehasonl\u00edt\u00f3 lista \u00fcres.\t\t<\/p>\n\t\t\t\t\t<div class=\"wd-empty-page-text\">\n\t\t\t\tNincs term\u00e9k hozz\u00e1adva az \u00f6sszehasonl\u00edt\u00f3 list\u00e1hoz. N\u00e9h\u00e1ny term\u00e9ket hozz\u00e1 kell adnod az \u00f6sszehasonl\u00edt\u00e1shoz. Sok \u00e9rdekes term\u00e9ket tal\u00e1lsz a \"Bolt\" oldalunkon.\t\t\t<\/div>\n\t\t\t\t<p class=\"return-to-shop\">\n\t\t\t<a class=\"button\" href=\"https:\/\/ledsteplight.com\/hu\/shop\/\">\n\t\t\t\tVissza a boltba\t\t\t<\/a>\n\t\t<\/p>","protected":false},"excerpt":{"rendered":"","protected":false},"author":1,"featured_media":0,"parent":0,"menu_order":0,"comment_status":"closed","ping_status":"closed","template":"","meta":{"footnotes":""},"class_list":["post-277","page","type-page","status-publish","hentry"],"_links":{"self":[{"href":"https:\/\/ledsteplight.com\/hu\/wp-json\/wp\/v2\/pages\/277","targetHints":{"allow":["GET"]}}],"collection":[{"href":"https:\/\/ledsteplight.com\/hu\/wp-json\/wp\/v2\/pages"}],"about":[{"href":"https:\/\/ledsteplight.com\/hu\/wp-json\/wp\/v2\/types\/page"}],"author":[{"embeddable":true,"href":"https:\/\/ledsteplight.com\/hu\/wp-json\/wp\/v2\/users\/1"}],"replies":[{"embeddable":true,"href":"https:\/\/ledsteplight.com\/hu\/wp-json\/wp\/v2\/comments?post=277"}],"version-history":[{"count":0,"href":"https:\/\/ledsteplight.com\/hu\/wp-json\/wp\/v2\/pages\/277\/revisions"}],"wp:attachment":[{"href":"https:\/\/ledsteplight.com\/hu\/wp-json\/wp\/v2\/media?parent=277"}],"curies":[{"name":"wp","href":"https:\/\/api.w.org\/{rel}","templated":true}]}}