{"id":7,"date":"2025-09-03T03:02:34","date_gmt":"2025-09-03T03:02:34","guid":{"rendered":"https:\/\/ledsteplight.com\/index.php\/cart\/"},"modified":"2025-09-08T13:01:46","modified_gmt":"2025-09-08T13:01:46","slug":"cart","status":"publish","type":"page","link":"https:\/\/ledsteplight.com\/hu\/cart\/","title":{"rendered":"Kos\u00e1r"},"content":{"rendered":"<div data-block-name=\"woocommerce\/cart\" class=\"wp-block-woocommerce-cart alignwide is-loading\">\n<div data-block-name=\"woocommerce\/filled-cart-block\" class=\"wp-block-woocommerce-filled-cart-block\">\n<div data-block-name=\"woocommerce\/cart-items-block\" class=\"wp-block-woocommerce-cart-items-block\">\n<div data-block-name=\"woocommerce\/cart-line-items-block\" class=\"wp-block-woocommerce-cart-line-items-block\"><\/div>\n\n\n\n<div data-block-name=\"woocommerce\/cart-cross-sells-block\" class=\"wp-block-woocommerce-cart-cross-sells-block\">\n<h2 class=\"wp-block-heading has-large-font-size\">\u00c9rdekelhetnek m\u00e9g\u2026<\/h2>\n\n\n\n<div data-block-name=\"woocommerce\/cart-cross-sells-products-block\" class=\"wp-block-woocommerce-cart-cross-sells-products-block\"><\/div>\n<\/div>\n<\/div>\n\n\n\n<div data-block-name=\"woocommerce\/cart-totals-block\" class=\"wp-block-woocommerce-cart-totals-block\">\n<div data-block-name=\"woocommerce\/cart-order-summary-block\" class=\"wp-block-woocommerce-cart-order-summary-block\">\n<div data-block-name=\"woocommerce\/cart-order-summary-heading-block\" class=\"wp-block-woocommerce-cart-order-summary-heading-block\"><\/div><div data-block-name=\"woocommerce\/cart-order-summary-coupon-form-block\" class=\"wp-block-woocommerce-cart-order-summary-coupon-form-block\"><\/div><div data-block-name=\"woocommerce\/cart-order-summary-totals-block\" class=\"wp-block-woocommerce-cart-order-summary-totals-block\">\n<div data-block-name=\"woocommerce\/cart-order-summary-subtotal-block\" class=\"wp-block-woocommerce-cart-order-summary-subtotal-block\"><\/div>\n<div data-block-name=\"woocommerce\/cart-order-summary-discount-block\" class=\"wp-block-woocommerce-cart-order-summary-discount-block\"><\/div>\n<div data-block-name=\"woocommerce\/cart-order-summary-fee-block\" class=\"wp-block-woocommerce-cart-order-summary-fee-block\"><\/div>\n<div data-block-name=\"woocommerce\/cart-order-summary-shipping-block\" class=\"wp-block-woocommerce-cart-order-summary-shipping-block\"><\/div>\n<div data-block-name=\"woocommerce\/cart-order-summary-taxes-block\" class=\"wp-block-woocommerce-cart-order-summary-taxes-block\"><\/div><\/div>\n<\/div>\n\n\n\n<div data-block-name=\"woocommerce\/cart-express-payment-block\" class=\"wp-block-woocommerce-cart-express-payment-block\"><\/div>\n\n\n\n<div data-block-name=\"woocommerce\/proceed-to-checkout-block\" class=\"wp-block-woocommerce-proceed-to-checkout-block\"><\/div>\n\n\n\n<div data-block-name=\"woocommerce\/cart-accepted-payment-methods-block\" class=\"wp-block-woocommerce-cart-accepted-payment-methods-block\"><\/div>\n<\/div>\n<\/div>\n\n\n\n<div data-block-name=\"woocommerce\/empty-cart-block\" class=\"wp-block-woocommerce-empty-cart-block\">\n<h2 class=\"wp-block-heading has-text-align-center with-empty-cart-icon wc-block-cart__empty-cart__title\">A kosarad jelenleg \u00fcres!<\/h2>\n\n\n\n<hr class=\"wp-block-separator has-alpha-channel-opacity is-style-dots\"\/>\n\n\n\n<h2 class=\"wp-block-heading has-text-align-center\">\u00dajdons\u00e1g a boltban<\/h2>\n\n\n<div data-block-name=\"woocommerce\/product-new\" data-columns=\"4\" data-rows=\"1\" class=\"wc-block-grid wp-block-product-new wp-block-woocommerce-product-new wc-block-product-new has-4-columns\"><ul class=\"wc-block-grid__products\"><li class=\"wc-block-grid__product\">\n\t\t\t\t<a href=\"https:\/\/ledsteplight.com\/hu\/outdoor-landscape-led-spot-light-bd50-aluminum-ip65-garden-lighting-fixture\/\" class=\"wc-block-grid__product-link\">\n\t\t\t\t\t\n\t\t\t\t\t<div class=\"wc-block-grid__product-image\"><img decoding=\"async\" width=\"430\" height=\"430\" src=\"https:\/\/ledsteplight.com\/wp-content\/uploads\/2025\/09\/BD-50-430x430.png\" class=\"attachment-woocommerce_thumbnail size-woocommerce_thumbnail\" alt=\"K\u00fclt\u00e9ri T\u00e1j LED Reflektor BD50 | Alum\u00ednium IP65 Kerti Vil\u00e1g\u00edt\u00e1si L\u00e1mpa\" srcset=\"https:\/\/ledsteplight.com\/wp-content\/uploads\/2025\/09\/BD-50-430x430.png 430w, https:\/\/ledsteplight.com\/wp-content\/uploads\/2025\/09\/BD-50-300x300.png 300w, https:\/\/ledsteplight.com\/wp-content\/uploads\/2025\/09\/BD-50-150x150.png 150w, https:\/\/ledsteplight.com\/wp-content\/uploads\/2025\/09\/BD-50-768x768.png 768w, https:\/\/ledsteplight.com\/wp-content\/uploads\/2025\/09\/BD-50-700x700.png 700w, https:\/\/ledsteplight.com\/wp-content\/uploads\/2025\/09\/BD-50-80x80.png 80w, https:\/\/ledsteplight.com\/wp-content\/uploads\/2025\/09\/BD-50-400x400.png 400w, https:\/\/ledsteplight.com\/wp-content\/uploads\/2025\/09\/BD-50.png 800w\" sizes=\"(max-width: 430px) 100vw, 430px\" \/><\/div>\n\t\t\t\t\t<div class=\"wc-block-grid__product-title\">K\u00fclt\u00e9ri T\u00e1j LED Reflektor BD50 | Alum\u00ednium IP65 Kerti Vil\u00e1g\u00edt\u00e1si L\u00e1mpa<\/div>\n\t\t\t\t<\/a>\n\t\t\t\t<div class=\"wc-block-grid__product-price price\"><\/div>\n\t\t\t\t\n\t\t\t\t<div class=\"wp-block-button wc-block-grid__product-add-to-cart\"><a href=\"https:\/\/ledsteplight.com\/hu\/outdoor-landscape-led-spot-light-bd50-aluminum-ip65-garden-lighting-fixture\/\" aria-label=\"\u201eK\u00fclt\u00e9ri t\u00e1j LED spotl\u00e1mpa BD50 | alum\u00ednium IP65 kertvil\u00e1g\u00edt\u00e1si l\u00e1mpa\u201d term\u00e9kr\u0151l t\u00f6bb inform\u00e1ci\u00f3\" data-quantity=\"1\" data-product_id=\"38099\" data-product_sku=\"MG-BD50\" data-price=\"0\" rel=\"nofollow\" class=\"wp-block-button__link  add_to_cart_button\">Tov\u00e1bb olvasom<\/a><\/div>\n\t\t\t<\/li><li class=\"wc-block-grid__product\">\n\t\t\t\t<a href=\"https:\/\/ledsteplight.com\/hu\/wb30015-led-landscape-fixture-outdoor-lighting\/\" class=\"wc-block-grid__product-link\">\n\t\t\t\t\t\n\t\t\t\t\t<div class=\"wc-block-grid__product-image\"><img decoding=\"async\" width=\"430\" height=\"430\" src=\"https:\/\/ledsteplight.com\/wp-content\/uploads\/2025\/09\/WB30015-430x430.png\" class=\"attachment-woocommerce_thumbnail size-woocommerce_thumbnail\" alt=\"WB30015 Kereskedelmi k\u00fclt\u00e9ri LED l\u00e1mpa \u2014 IP65, Energiatakar\u00e9kos 5W\" srcset=\"https:\/\/ledsteplight.com\/wp-content\/uploads\/2025\/09\/WB30015-430x430.png 430w, https:\/\/ledsteplight.com\/wp-content\/uploads\/2025\/09\/WB30015-300x300.png 300w, https:\/\/ledsteplight.com\/wp-content\/uploads\/2025\/09\/WB30015-150x150.png 150w, https:\/\/ledsteplight.com\/wp-content\/uploads\/2025\/09\/WB30015-768x768.png 768w, https:\/\/ledsteplight.com\/wp-content\/uploads\/2025\/09\/WB30015-700x700.png 700w, https:\/\/ledsteplight.com\/wp-content\/uploads\/2025\/09\/WB30015-80x80.png 80w, https:\/\/ledsteplight.com\/wp-content\/uploads\/2025\/09\/WB30015-400x400.png 400w, https:\/\/ledsteplight.com\/wp-content\/uploads\/2025\/09\/WB30015-500x500.png 500w, https:\/\/ledsteplight.com\/wp-content\/uploads\/2025\/09\/WB30015.png 800w\" sizes=\"(max-width: 430px) 100vw, 430px\" \/><\/div>\n\t\t\t\t\t<div class=\"wc-block-grid__product-title\">WB30015 Kereskedelmi k\u00fclt\u00e9ri LED l\u00e1mpa \u2014 IP65, Energiatakar\u00e9kos 5W<\/div>\n\t\t\t\t<\/a>\n\t\t\t\t<div class=\"wc-block-grid__product-price price\"><\/div>\n\t\t\t\t\n\t\t\t\t<div class=\"wp-block-button wc-block-grid__product-add-to-cart\"><a href=\"https:\/\/ledsteplight.com\/hu\/wb30015-led-landscape-fixture-outdoor-lighting\/\" aria-label=\"\u201eWB30015 kereskedelmi k\u00fclt\u00e9ri LED l\u00e1mpa \u2014 IP65, energiatakar\u00e9kos 5W\u201d term\u00e9kr\u0151l t\u00f6bb inform\u00e1ci\u00f3\" data-quantity=\"1\" data-product_id=\"38077\" data-product_sku=\"MG-WB30015\" data-price=\"0\" rel=\"nofollow\" class=\"wp-block-button__link  add_to_cart_button\">Tov\u00e1bb olvasom<\/a><\/div>\n\t\t\t<\/li><li class=\"wc-block-grid__product\">\n\t\t\t\t<a href=\"https:\/\/ledsteplight.com\/hu\/mg-sn015-s-led-ground-light-supplier-ip65-rated-3w-recessed-pathway-lighting\/\" class=\"wc-block-grid__product-link\">\n\t\t\t\t\t\n\t\t\t\t\t<div class=\"wc-block-grid__product-image\"><img decoding=\"async\" width=\"430\" height=\"430\" src=\"https:\/\/ledsteplight.com\/wp-content\/uploads\/2025\/09\/015-S-430x430.png\" class=\"attachment-woocommerce_thumbnail size-woocommerce_thumbnail\" alt=\"MG-SN015-S LED f\u00f6ldvil\u00e1g\u00edt\u00f3 l\u00e1mpa besz\u00e1ll\u00edt\u00f3 \u2013 IP65 besorol\u00e1s, 3W be\u00e9p\u00edtett \u00fatjelz\u0151 vil\u00e1g\u00edt\u00e1s\" srcset=\"https:\/\/ledsteplight.com\/wp-content\/uploads\/2025\/09\/015-S-430x430.png 430w, https:\/\/ledsteplight.com\/wp-content\/uploads\/2025\/09\/015-S-300x300.png 300w, https:\/\/ledsteplight.com\/wp-content\/uploads\/2025\/09\/015-S-150x150.png 150w, https:\/\/ledsteplight.com\/wp-content\/uploads\/2025\/09\/015-S-768x768.png 768w, https:\/\/ledsteplight.com\/wp-content\/uploads\/2025\/09\/015-S-700x700.png 700w, https:\/\/ledsteplight.com\/wp-content\/uploads\/2025\/09\/015-S-400x400.png 400w, https:\/\/ledsteplight.com\/wp-content\/uploads\/2025\/09\/015-S-80x80.png 80w, https:\/\/ledsteplight.com\/wp-content\/uploads\/2025\/09\/015-S.png 800w\" sizes=\"(max-width: 430px) 100vw, 430px\" \/><\/div>\n\t\t\t\t\t<div class=\"wc-block-grid__product-title\">MG-SN015-S LED f\u00f6ldvil\u00e1g\u00edt\u00f3 l\u00e1mpa besz\u00e1ll\u00edt\u00f3 \u2013 IP65 besorol\u00e1s, 3W be\u00e9p\u00edtett \u00fatjelz\u0151 vil\u00e1g\u00edt\u00e1s<\/div>\n\t\t\t\t<\/a>\n\t\t\t\t<div class=\"wc-block-grid__product-price price\"><\/div>\n\t\t\t\t\n\t\t\t\t<div class=\"wp-block-button wc-block-grid__product-add-to-cart\"><a href=\"https:\/\/ledsteplight.com\/hu\/mg-sn015-s-led-ground-light-supplier-ip65-rated-3w-recessed-pathway-lighting\/\" aria-label=\"\u201eMG-SN015-S LED f\u00f6ld alatti vil\u00e1g\u00edt\u00e1s sz\u00e1ll\u00edt\u00f3 \u2013 IP65 besorol\u00e1s, 3W be\u00e9p\u00edtett \u00fatjelz\u0151 vil\u00e1g\u00edt\u00e1s\u201d term\u00e9kr\u0151l t\u00f6bb inform\u00e1ci\u00f3\" data-quantity=\"1\" data-product_id=\"38132\" data-product_sku=\"MGS01560T-1\" data-price=\"0\" rel=\"nofollow\" class=\"wp-block-button__link  add_to_cart_button\">Tov\u00e1bb olvasom<\/a><\/div>\n\t\t\t<\/li><li class=\"wc-block-grid__product\">\n\t\t\t\t<a href=\"https:\/\/ledsteplight.com\/hu\/tk63-3w-led-ground-light-factory-wholesale-accent-lighting\/\" class=\"wc-block-grid__product-link\">\n\t\t\t\t\t\n\t\t\t\t\t<div class=\"wc-block-grid__product-image\"><img decoding=\"async\" width=\"430\" height=\"430\" src=\"https:\/\/ledsteplight.com\/wp-content\/uploads\/2025\/09\/tk63-2-430x430.png\" class=\"attachment-woocommerce_thumbnail size-woocommerce_thumbnail\" alt=\"TK63 3W LED f\u00f6ldalatti l\u00e1mpa | Gy\u00e1r \u00e9s nagykereskedelmi hangs\u00falyoz\u00f3 vil\u00e1g\u00edt\u00e1s\" srcset=\"https:\/\/ledsteplight.com\/wp-content\/uploads\/2025\/09\/tk63-2-430x430.png 430w, https:\/\/ledsteplight.com\/wp-content\/uploads\/2025\/09\/tk63-2-300x300.png 300w, https:\/\/ledsteplight.com\/wp-content\/uploads\/2025\/09\/tk63-2-150x150.png 150w, https:\/\/ledsteplight.com\/wp-content\/uploads\/2025\/09\/tk63-2-768x768.png 768w, https:\/\/ledsteplight.com\/wp-content\/uploads\/2025\/09\/tk63-2-700x700.png 700w, https:\/\/ledsteplight.com\/wp-content\/uploads\/2025\/09\/tk63-2-400x400.png 400w, https:\/\/ledsteplight.com\/wp-content\/uploads\/2025\/09\/tk63-2-80x80.png 80w, https:\/\/ledsteplight.com\/wp-content\/uploads\/2025\/09\/tk63-2.png 800w\" sizes=\"(max-width: 430px) 100vw, 430px\" \/><\/div>\n\t\t\t\t\t<div class=\"wc-block-grid__product-title\">TK63 3W LED talajf\u00e9ny | Gy\u00e1ri \u00e9s nagykereskedelmi hangs\u00falyvil\u00e1g\u00edt\u00e1s<\/div>\n\t\t\t\t<\/a>\n\t\t\t\t<div class=\"wc-block-grid__product-price price\"><\/div>\n\t\t\t\t\n\t\t\t\t<div class=\"wp-block-button wc-block-grid__product-add-to-cart\"><a href=\"https:\/\/ledsteplight.com\/hu\/tk63-3w-led-ground-light-factory-wholesale-accent-lighting\/\" aria-label=\"\u201eTK63 3W LED f\u00f6ldvil\u00e1g\u00edt\u00e1s | Gy\u00e1ri \u00e9s nagykereskedelmi hangs\u00falyvil\u00e1g\u00edt\u00e1s\u201d term\u00e9kr\u0151l t\u00f6bb inform\u00e1ci\u00f3\" data-quantity=\"1\" data-product_id=\"38131\" data-product_sku=\"MG-TK63-XX\" data-price=\"0\" rel=\"nofollow\" class=\"wp-block-button__link  add_to_cart_button\">Tov\u00e1bb olvasom<\/a><\/div>\n\t\t\t<\/li><\/ul><\/div><\/div>\n<\/div>","protected":false},"excerpt":{"rendered":"","protected":false},"author":1,"featured_media":0,"parent":0,"menu_order":0,"comment_status":"closed","ping_status":"closed","template":"","meta":{"footnotes":""},"class_list":["post-7","page","type-page","status-publish","hentry"],"_links":{"self":[{"href":"https:\/\/ledsteplight.com\/hu\/wp-json\/wp\/v2\/pages\/7","targetHints":{"allow":["GET"]}}],"collection":[{"href":"https:\/\/ledsteplight.com\/hu\/wp-json\/wp\/v2\/pages"}],"about":[{"href":"https:\/\/ledsteplight.com\/hu\/wp-json\/wp\/v2\/types\/page"}],"author":[{"embeddable":true,"href":"https:\/\/ledsteplight.com\/hu\/wp-json\/wp\/v2\/users\/1"}],"replies":[{"embeddable":true,"href":"https:\/\/ledsteplight.com\/hu\/wp-json\/wp\/v2\/comments?post=7"}],"version-history":[{"count":1,"href":"https:\/\/ledsteplight.com\/hu\/wp-json\/wp\/v2\/pages\/7\/revisions"}],"predecessor-version":[{"id":37888,"href":"https:\/\/ledsteplight.com\/hu\/wp-json\/wp\/v2\/pages\/7\/revisions\/37888"}],"wp:attachment":[{"href":"https:\/\/ledsteplight.com\/hu\/wp-json\/wp\/v2\/media?parent=7"}],"curies":[{"name":"wp","href":"https:\/\/api.w.org\/{rel}","templated":true}]}}