{"id":37890,"date":"2025-09-08T13:04:01","date_gmt":"2025-09-08T13:04:01","guid":{"rendered":"https:\/\/ledsteplight.com\/import-placeholder-for-36900\/"},"modified":"2025-12-11T23:35:34","modified_gmt":"2025-12-11T23:35:34","slug":"sn195-5w-cob-led-ground-light-waterproof-ip65-40000h","status":"publish","type":"product","link":"https:\/\/ledsteplight.com\/hu\/sn195-5w-cob-led-ground-light-waterproof-ip65-40000h\/","title":{"rendered":"SN195 \u2014 IP65 5W COB LED F\u00f6ldi L\u00e1mpa | 40 000 \u00d3r\u00e1s V\u00edzhatlan Vil\u00e1g\u00edt\u00e1s"},"content":{"rendered":"<p>&nbsp;<\/p>\n<table>\n<thead>\n<tr>\n<th><strong>Jellemz\u0151<\/strong><\/th>\n<th><strong>Le\u00edr\u00e1s<\/strong><\/th>\n<\/tr>\n<\/thead>\n<tbody>\n<tr>\n<td><strong>Term\u00e9kk\u00f3d<\/strong><\/td>\n<td>MG-SN195<\/td>\n<\/tr>\n<tr>\n<td><strong>Teljes\u00edtm\u00e9ny<\/strong><\/td>\n<td>5W COB LED<\/td>\n<\/tr>\n<tr>\n<td><strong>V\u00edz\u00e1ll\u00f3s\u00e1gi besorol\u00e1s<\/strong><\/td>\n<td>IP65 (Nagym\u00e9rt\u00e9kben ellen\u00e1ll a pornak \u00e9s a v\u00edznek, k\u00fclt\u00e9ri haszn\u00e1latra alkalmas)<\/td>\n<\/tr>\n<tr>\n<td><strong>Anyag<\/strong><\/td>\n<td>\u00f6nt\u00f6tt alum\u00ednium<\/td>\n<\/tr>\n<tr>\n<td><strong><strong><a href=\"https:\/\/ledsteplight.com\/hu\/dm36b-pro-honeycomb-anti-glare-led-in-ground-light-ip67-24v-dc\/\" class=\"waam-auto-link\" title=\"Sz\u00ednh\u0151m\u00e9rs\u00e9klet\">Sz\u00ednh\u0151m\u00e9rs\u00e9klet<\/a><\/strong><\/strong><\/td>\n<td>\u00c1ll\u00edthat\u00f3 3000K-t\u00f3l 6000K-ig (Meleg feh\u00e9rt\u0151l hideg feh\u00e9rig)<\/td>\n<\/tr>\n<tr>\n<td><strong>Fesz\u00fclts\u00e9g<\/strong><\/td>\n<td>110-265V<\/td>\n<\/tr>\n<tr>\n<td><strong>M\u00e9ret<\/strong><\/td>\n<td>Hossz: 195mm, Magass\u00e1g: 88mm, Vastags\u00e1g: 30mm<\/td>\n<\/tr>\n<tr>\n<td><strong>\u00c9lettartam<\/strong><\/td>\n<td>40 000 \u00f3ra<\/td>\n<\/tr>\n<tr>\n<td><strong>Garancia<\/strong><\/td>\n<td>3 \u00e9v<\/td>\n<\/tr>\n<tr>\n<td><strong>Alkalmaz\u00e1s<\/strong><\/td>\n<td><strong><a href=\"https:\/\/ledsteplight.com\/hu\/cree-bridgelux-chip-ip65-led-fixture-for-garden-facade-lighting\/\" class=\"waam-auto-link\" title=\"K\u00fclt\u00e9ri vil\u00e1g\u00edt\u00e1s\">K\u00fclt\u00e9ri vil\u00e1g\u00edt\u00e1s<\/a><\/strong>, <strong><a href=\"https:\/\/ledsteplight.com\/hu\/ip67-waterproof-led-ground-lights-easy-garden-lighting-solutions\/\" class=\"waam-auto-link\" title=\"kert vil\u00e1g\u00edt\u00e1s\">kert vil\u00e1g\u00edt\u00e1s<\/a><\/strong>, <strong><a href=\"https:\/\/ledsteplight.com\/hu\/pir-sensor-step-light-top-advantages-for-safety\/\" class=\"waam-auto-link\" title=\"j\u00e1rdavil\u00e1g\u00edt\u00e1st\">j\u00e1rdavil\u00e1g\u00edt\u00e1st<\/a><\/strong>, <strong><a href=\"https:\/\/ledsteplight.com\/hu\/mistakes-to-avoid-when-installing-in-ground-driveway-lights\/\" class=\"waam-auto-link\" title=\"kertvil\u00e1g\u00edt\u00e1s\">kertvil\u00e1g\u00edt\u00e1s<\/a><\/strong>, bej\u00e1rati vil\u00e1g\u00edt\u00e1s<\/td>\n<\/tr>\n<tr>\n<td><strong>F\u0151 Jellemz\u0151k<\/strong><\/td>\n<td>V\u00edz\u00e1ll\u00f3 \u00e9s id\u0151j\u00e1r\u00e1s\u00e1ll\u00f3 k\u00fclt\u00e9ri haszn\u00e1latra \u2013 Magas energiahat\u00e9konys\u00e1g \u2013 \u00c1ll\u00edthat\u00f3 sz\u00ednh\u0151m\u00e9rs\u00e9klet k\u00fcl\u00f6nb\u00f6z\u0151 vil\u00e1g\u00edt\u00e1si hangulatokhoz \u2013 Tart\u00f3s alum\u00ednium h\u00e1z \u2013 Hossz\u00fa \u00e9lettartam, 40 000 \u00f3ra \u2013 K\u00f6nny\u0171 telep\u00edt\u00e9s in-<strong><a href=\"https:\/\/ledsteplight.com\/hu\/ultimate-guide-to-landscape-inground-lighting-solutions\/\" class=\"waam-auto-link\" title=\"f\u00f6ldi vil\u00e1g\u00edt\u00e1s\">f\u00f6ldi vil\u00e1g\u00edt\u00e1s<\/a><\/strong><\/td>\n<\/tr>\n<tr>\n<td><strong>Felhaszn\u00e1l\u00e1sok<\/strong><\/td>\n<td>T\u00f6k\u00e9letes k\u00fclt\u00e9ri utak, felhajt\u00f3k, kertek \u00e9s t\u00e1jak megvil\u00e1g\u00edt\u00e1s\u00e1ra. Ide\u00e1lis lakoss\u00e1gi \u00e9s kereskedelmi k\u00fclt\u00e9ri terekhez egyar\u00e1nt, st\u00edlusos, megb\u00edzhat\u00f3 vil\u00e1g\u00edt\u00e1st k\u00edn\u00e1lva a biztons\u00e1g \u00e9s a dekor\u00e1ci\u00f3 \u00e9rdek\u00e9ben.<\/td>\n<\/tr>\n<\/tbody>\n<\/table>\n<p data-start=\"0\" data-end=\"451\"><strong data-start=\"4\" data-end=\"16\">MG-SN195<\/strong> egy robusztus 5W-os COB f\u00f6ldbe s\u00fcllyesztett l\u00e1mpatest, amelyet tart\u00f3s k\u00fclt\u00e9ri haszn\u00e1latra terveztek. \u00d6nt\u00f6tt alum\u00ednium h\u00e1z, <strong data-start=\"120\" data-end=\"128\">IP65<\/strong> v\u00edz\u00e1ll\u00f3 min\u0151s\u00edt\u00e9s \u00e9s \u00e1ll\u00edthat\u00f3 sz\u00ednh\u0151m\u00e9rs\u00e9klet <strong data-start=\"189\" data-end=\"204\">3000K\u20136000K<\/strong> nagyszer\u0171 v\u00e1laszt\u00e1s \u00f6sv\u00e9nyekhez, felhajt\u00f3khoz, kertekhez \u00e9s kereskedelmi homlokzatokhoz. Elfogadja a <strong data-start=\"293\" data-end=\"305\">110\u2013265V<\/strong>-ot, m\u00e9rete <strong data-start=\"316\" data-end=\"336\">195 \u00d7 88 \u00d7 30 mm<\/strong>, \u00e9s ak\u00e1r <strong data-start=\"357\" data-end=\"373\">40 000 \u00f3ra<\/strong> \u00e9lettartamot biztos\u00edt \u2013 alacsony profil\u00fa, energiahat\u00e9kony \u00e9s az id\u0151j\u00e1r\u00e1s viszontags\u00e1gainak ellen\u00e1ll\u00f3.<\/p>\n<p data-start=\"453\" data-end=\"792\" data-is-last-node=\"\" data-is-only-node=\"\">Gy\u00e1rilag k\u00e9sz\u00edtett \u00e9s OEM-bar\u00e1t: minden t\u00e9tel elektromosan tesztelve van, \u00e9s egy <strong data-start=\"535\" data-end=\"554\">3 \u00e9ves garancia<\/strong>. K\u00e9pesek vagyunk mint\u00e1kat, mennyis\u00e9gi \u00e1rakat, egyedi fel\u00fcleteket vagy vezet\u0151i opci\u00f3kat, valamint m\u00e1rk\u00e1zott csomagol\u00e1st biztos\u00edtani projekt megrendel\u00e9sekhez. Oszd meg a mennyis\u00e9gedet \u00e9s b\u00e1rmilyen k\u00fcl\u00f6nleges ig\u00e9nyedet, \u00e9s visszakapod a gy\u00e1ri \u00e1raj\u00e1nlatot sz\u00e1ll\u00edt\u00e1si hat\u00e1rid\u0151vel \u00e9s teszt dokument\u00e1ci\u00f3val.<\/p>","protected":false},"excerpt":{"rendered":"<p>MG-SN195 5W COB LED f\u00f6ldvil\u00e1g\u00edt\u00e1s \u2014 IP65 \u00f6nt\u00f6tt alum\u00ednium, 3000\u20136000K. Gy\u00e1ri OEM: mint\u00e1k \u00e9s nagykereskedelmi \u00e1rak<\/p>","protected":false},"featured_media":36930,"comment_status":"open","ping_status":"closed","template":"","meta":[],"product_brand":[],"product_cat":[69,426,427,428,71,439,429,440,430,441,431,442,443,432,433,444,84,445,446,434,435,436,437],"product_tag":[74,76,75,77,78],"class_list":{"0":"post-37890","1":"product","2":"type-product","3":"status-publish","4":"has-post-thumbnail","6":"product_cat-5w","7":"product_cat-ceiling-recessed","8":"product_cat-ceiling-surface","9":"product_cat-ceiling-suspended","10":"product_cat-cob","11":"product_cat-commercial","12":"product_cat-drivers","13":"product_cat-education","14":"product_cat-freestanding-light","15":"product_cat-hospitality","16":"product_cat-industrial","17":"product_cat-infrastructure","18":"product_cat-landscape","19":"product_cat-landscaping","20":"product_cat-linear","21":"product_cat-office","22":"product_cat-outdoor-waterproof-aluminum-shop-2","23":"product_cat-residential","24":"product_cat-retail","25":"product_cat-table-lamp","26":"product_cat-track","27":"product_cat-wall-recessed","28":"product_cat-wall-surface","29":"product_tag-5w-led","30":"product_tag-aluminum-housing","31":"product_tag-cob-light","32":"product_tag-ground-light","33":"product_tag-outdoor-lighting","35":"first","36":"instock","37":"shipping-taxable","38":"product-type-simple"},"_links":{"self":[{"href":"https:\/\/ledsteplight.com\/hu\/wp-json\/wp\/v2\/product\/37890","targetHints":{"allow":["GET"]}}],"collection":[{"href":"https:\/\/ledsteplight.com\/hu\/wp-json\/wp\/v2\/product"}],"about":[{"href":"https:\/\/ledsteplight.com\/hu\/wp-json\/wp\/v2\/types\/product"}],"replies":[{"embeddable":true,"href":"https:\/\/ledsteplight.com\/hu\/wp-json\/wp\/v2\/comments?post=37890"}],"version-history":[{"count":3,"href":"https:\/\/ledsteplight.com\/hu\/wp-json\/wp\/v2\/product\/37890\/revisions"}],"predecessor-version":[{"id":38648,"href":"https:\/\/ledsteplight.com\/hu\/wp-json\/wp\/v2\/product\/37890\/revisions\/38648"}],"wp:featuredmedia":[{"embeddable":true,"href":"https:\/\/ledsteplight.com\/hu\/wp-json\/wp\/v2\/media\/36930"}],"wp:attachment":[{"href":"https:\/\/ledsteplight.com\/hu\/wp-json\/wp\/v2\/media?parent=37890"}],"wp:term":[{"taxonomy":"product_brand","embeddable":true,"href":"https:\/\/ledsteplight.com\/hu\/wp-json\/wp\/v2\/product_brand?post=37890"},{"taxonomy":"product_cat","embeddable":true,"href":"https:\/\/ledsteplight.com\/hu\/wp-json\/wp\/v2\/product_cat?post=37890"},{"taxonomy":"product_tag","embeddable":true,"href":"https:\/\/ledsteplight.com\/hu\/wp-json\/wp\/v2\/product_tag?post=37890"}],"curies":[{"name":"wp","href":"https:\/\/api.w.org\/{rel}","templated":true}]}}