{"id":37891,"date":"2025-09-08T13:04:01","date_gmt":"2025-09-08T13:04:01","guid":{"rendered":"https:\/\/ledsteplight.com\/import-placeholder-for-36901\/"},"modified":"2025-12-12T00:29:14","modified_gmt":"2025-12-12T00:29:14","slug":"sn039xl-3w-led-ground-light-waterproof-ip65-40000h","status":"publish","type":"product","link":"https:\/\/ledsteplight.com\/hu\/sn039xl-3w-led-ground-light-waterproof-ip65-40000h\/","title":{"rendered":"SN039XL \u2014 3W IP65 LED f\u00f6ldbe s\u00fcllyeszthet\u0151 l\u00e1mpa sz\u00e1llod\u00e1khoz, s\u00e9t\u00e1nyokhoz \u00e9s homlokzatokhoz"},"content":{"rendered":"<p>&nbsp;<\/p>\n<table>\n<thead>\n<tr>\n<th><strong>Jellemz\u0151<\/strong><\/th>\n<th><strong>R\u00e9szletek<\/strong><\/th>\n<\/tr>\n<\/thead>\n<tbody>\n<tr>\n<td><strong>Teljes\u00edtm\u00e9ny<\/strong><\/td>\n<td>3W<\/td>\n<\/tr>\n<tr>\n<td><strong>F\u00e9nyforr\u00e1s<\/strong><\/td>\n<td>LED CREE<\/td>\n<\/tr>\n<tr>\n<td><strong>Anyag<\/strong><\/td>\n<td>Alum\u00ednium<\/td>\n<\/tr>\n<tr>\n<td><strong>V\u00edz\u00e1ll\u00f3s\u00e1gi besorol\u00e1s<\/strong><\/td>\n<td>IP40 \/ IP65<\/td>\n<\/tr>\n<tr>\n<td><strong><strong><a href=\"https:\/\/ledsteplight.com\/hu\/dm36b-pro-honeycomb-anti-glare-led-in-ground-light-ip67-24v-dc\/\" class=\"waam-auto-link\" title=\"Sz\u00ednh\u0151m\u00e9rs\u00e9klet\">Sz\u00ednh\u0151m\u00e9rs\u00e9klet<\/a><\/strong><\/strong><\/td>\n<td>2700K-t\u00f3l 6000K-ig<\/td>\n<\/tr>\n<tr>\n<td><strong>Fesz\u00fclts\u00e9g<\/strong><\/td>\n<td>85-265V<\/td>\n<\/tr>\n<tr>\n<td><strong>M\u00e9ret<\/strong><\/td>\n<td>35*185mm (H38mm)<\/td>\n<\/tr>\n<tr>\n<td><strong>Lyuk m\u00e9rete<\/strong><\/td>\n<td>32*155mm (H45mm)<\/td>\n<\/tr>\n<tr>\n<td><strong>\u00c9lettartam<\/strong><\/td>\n<td>40 000 \u00f3ra<\/td>\n<\/tr>\n<tr>\n<td><strong>Garancia<\/strong><\/td>\n<td>3 \u00e9v<\/td>\n<\/tr>\n<\/tbody>\n<\/table>\n<p data-start=\"0\" data-end=\"396\"><strong data-start=\"4\" data-end=\"15\">SN039XL<\/strong> egy alacsony profil\u00fa 3W CREE LED <strong><a href=\"https:\/\/ledsteplight.com\/hu\/cree-bridgelux-chip-ip65-led-fixture-for-garden-facade-lighting\/\" class=\"waam-auto-link\" title=\"f\u00f6ldi vil\u00e1g\u00edt\u00e1s\">f\u00f6ldi vil\u00e1g\u00edt\u00e1s<\/a><\/strong> megb\u00edzhat\u00f3 t\u00e1j- \u00e9s j\u00e1rdavil\u00e1g\u00edt\u00e1shoz k\u00e9sz\u00fclt. V\u00e9kony alum\u00ednium test\u00e9t (35 \u00d7 185 mm; kiv\u00e1g\u00e1s 32 \u00d7 155 mm) 85\u2013265V bemenettel fogadja, \u00e9s v\u00e1laszthat\u00f3 IP40 vagy IP65 v\u00e9delemmel rendelkezik, sz\u00ednh\u0151m\u00e9rs\u00e9kletek pedig <strong data-start=\"259\" data-end=\"274\">2700K\u20136000K<\/strong>\u00e9lettartama <strong data-start=\"292\" data-end=\"308\">40 000 \u00f3ra<\/strong>egy \u00e9rt\u00e9kelt \u00e9lettartam <strong data-start=\"316\" data-end=\"335\">3 \u00e9ves garancia<\/strong> \u2014 kompakt, tart\u00f3s \u00e9s hossz\u00fa t\u00e1von megb\u00edzhat\u00f3 kereskedelmi helysz\u00edneken.<\/p>\n<p data-start=\"398\" data-end=\"701\" data-is-last-node=\"\" data-is-only-node=\"\">Ezeket a gy\u00e1runkban gy\u00e1rtjuk, \u00e9s sz\u00e1ll\u00edt\u00e1s el\u0151tt sorozatban v\u00e9gz\u00fcnk elektromos \u00e9s \u00f6reged\u00e9si teszteket. OEM gy\u00e1rt\u00e1si lehet\u0151s\u00e9gek, egyedi fel\u00fcletek, driver v\u00e1laszt\u00e9kok \u00e9s m\u00e1rk\u00e1zott csomagol\u00e1sok el\u00e9rhet\u0151k; mint\u00e1k, tesztjelent\u00e9sek \u00e9s mennyis\u00e9gi \u00e1raj\u00e1nlatok gyorsan rendelkez\u00e9sre \u00e1llnak \u2014 mondja el projekt m\u00e9ret\u00e9t, \u00e9s k\u00fcld\u00fcnk sz\u00e1ll\u00edt\u00e1si id\u0151ket \u00e9s \u00e1rakat.<\/p>","protected":false},"excerpt":{"rendered":"<p>SN039XL 3W CREE LED f\u00f6ldvil\u00e1g\u00edt\u00e1s \u2014 alum\u00ednium h\u00e1z, IP40\/IP65 opci\u00f3k, 85\u2013265V, 40 000 \u00f3ra \u00e9lettartam. Gy\u00e1ri OEM: mint\u00e1k \u00e9s nagy t\u00e9tel \u00e1rak.<\/p>","protected":false},"featured_media":36935,"comment_status":"open","ping_status":"closed","template":"","meta":[],"product_brand":[],"product_cat":[426,427,428,439,429,440,430,73,441,431,442,443,432,433,444,84,445,446,434,435,436,437],"product_tag":[82,76,77,78,83],"class_list":{"0":"post-37891","1":"product","2":"type-product","3":"status-publish","4":"has-post-thumbnail","6":"product_cat-ceiling-recessed","7":"product_cat-ceiling-surface","8":"product_cat-ceiling-suspended","9":"product_cat-commercial","10":"product_cat-drivers","11":"product_cat-education","12":"product_cat-freestanding-light","13":"product_cat-ground-light","14":"product_cat-hospitality","15":"product_cat-industrial","16":"product_cat-infrastructure","17":"product_cat-landscape","18":"product_cat-landscaping","19":"product_cat-linear","20":"product_cat-office","21":"product_cat-outdoor-waterproof-aluminum-shop-2","22":"product_cat-residential","23":"product_cat-retail","24":"product_cat-table-lamp","25":"product_cat-track","26":"product_cat-wall-recessed","27":"product_cat-wall-surface","28":"product_tag-3w-led","29":"product_tag-aluminum-housing","30":"product_tag-ground-light","31":"product_tag-outdoor-lighting","32":"product_tag-waterproof-fixture","34":"first","35":"instock","36":"shipping-taxable","37":"product-type-simple"},"_links":{"self":[{"href":"https:\/\/ledsteplight.com\/hu\/wp-json\/wp\/v2\/product\/37891","targetHints":{"allow":["GET"]}}],"collection":[{"href":"https:\/\/ledsteplight.com\/hu\/wp-json\/wp\/v2\/product"}],"about":[{"href":"https:\/\/ledsteplight.com\/hu\/wp-json\/wp\/v2\/types\/product"}],"replies":[{"embeddable":true,"href":"https:\/\/ledsteplight.com\/hu\/wp-json\/wp\/v2\/comments?post=37891"}],"version-history":[{"count":4,"href":"https:\/\/ledsteplight.com\/hu\/wp-json\/wp\/v2\/product\/37891\/revisions"}],"predecessor-version":[{"id":38649,"href":"https:\/\/ledsteplight.com\/hu\/wp-json\/wp\/v2\/product\/37891\/revisions\/38649"}],"wp:featuredmedia":[{"embeddable":true,"href":"https:\/\/ledsteplight.com\/hu\/wp-json\/wp\/v2\/media\/36935"}],"wp:attachment":[{"href":"https:\/\/ledsteplight.com\/hu\/wp-json\/wp\/v2\/media?parent=37891"}],"wp:term":[{"taxonomy":"product_brand","embeddable":true,"href":"https:\/\/ledsteplight.com\/hu\/wp-json\/wp\/v2\/product_brand?post=37891"},{"taxonomy":"product_cat","embeddable":true,"href":"https:\/\/ledsteplight.com\/hu\/wp-json\/wp\/v2\/product_cat?post=37891"},{"taxonomy":"product_tag","embeddable":true,"href":"https:\/\/ledsteplight.com\/hu\/wp-json\/wp\/v2\/product_tag?post=37891"}],"curies":[{"name":"wp","href":"https:\/\/api.w.org\/{rel}","templated":true}]}}