{"id":37892,"date":"2025-09-08T13:04:01","date_gmt":"2025-09-08T13:04:01","guid":{"rendered":"https:\/\/ledsteplight.com\/import-placeholder-for-36902\/"},"modified":"2025-12-12T00:29:50","modified_gmt":"2025-12-12T00:29:50","slug":"1w-3w-led-cree-ground-light-waterproof-aluminum","status":"publish","type":"product","link":"https:\/\/ledsteplight.com\/hu\/1w-3w-led-cree-ground-light-waterproof-aluminum\/","title":{"rendered":"1W\/3W V\u00edz\u00e1ll\u00f3 CREE LED F\u00f6ldf\u00e9ny \u2014 Kereskedelmi Oszt\u00e1ly"},"content":{"rendered":"<p>&nbsp;<\/p>\n<table>\n<thead>\n<tr>\n<th>Jellemz\u0151<\/th>\n<th>Le\u00edr\u00e1s<\/th>\n<\/tr>\n<\/thead>\n<tbody>\n<tr>\n<td><strong>Teljes\u00edtm\u00e9ny<\/strong><\/td>\n<td>1W\/3W LED CREE<\/td>\n<\/tr>\n<tr>\n<td><strong>\u00c1ramforr\u00e1s<\/strong><\/td>\n<td>Eaglerise V\u00edz\u00e1ll\u00f3 Sorozat<\/td>\n<\/tr>\n<tr>\n<td><strong>Anyag<\/strong><\/td>\n<td>Prec\u00edzi\u00f3s Alum\u00ednium<\/td>\n<\/tr>\n<tr>\n<td><strong>Fesz\u00fclts\u00e9g<\/strong><\/td>\n<td>85-265V<\/td>\n<\/tr>\n<tr>\n<td><strong>\u00c9lettartam<\/strong><\/td>\n<td>40 000 \u00f3ra<\/td>\n<\/tr>\n<tr>\n<td><strong>Garancia<\/strong><\/td>\n<td>3 \u00e9v<\/td>\n<\/tr>\n<tr>\n<td><strong>M\u00e9ret<\/strong><\/td>\n<td>85mm \u00c1tm\u00e9r\u0151, 40mm M\u00e9lys\u00e9g<\/td>\n<\/tr>\n<tr>\n<td><strong>Als\u00f3 Doboz M\u00e9rete<\/strong><\/td>\n<td>43mm x 71mm x 55mm<\/td>\n<\/tr>\n<tr>\n<td><strong>V\u00edz\u00e1ll\u00f3<\/strong><\/td>\n<td>Igen (V\u00edz\u00e1ll\u00f3 Sorozat)<\/td>\n<\/tr>\n<\/tbody>\n<\/table>\n<p data-start=\"0\" data-end=\"489\"><strong data-start=\"5\" data-end=\"36\">CREE 1W\/3W LED <strong><a href=\"https:\/\/ledsteplight.com\/hu\/cree-bridgelux-chip-ip65-led-fixture-for-garden-facade-lighting\/\" class=\"waam-auto-link\" title=\"f\u00f6ldi vil\u00e1g\u00edt\u00e1s\">f\u00f6ldi vil\u00e1g\u00edt\u00e1s<\/a><\/strong><\/strong> egy kompakt, v\u00edz\u00e1ll\u00f3 l\u00e1mpatest, amely megb\u00edzhat\u00f3 t\u00e1j- \u00e9s j\u00e1rdavil\u00e1g\u00edt\u00e1shoz lett tervezve. Prec\u00edzi\u00f3s alum\u00edniumb\u00f3l k\u00e9sz\u00fclt, Eaglerise v\u00edz\u00e1ll\u00f3 sorozat\u00fa \u00e1ramforr\u00e1ssal m\u0171k\u00f6dik, \u00e9s <strong data-start=\"224\" data-end=\"235\">85\u2013265V<\/strong> bemenettel rendelkezik. Enn\u00e9l <strong data-start=\"246\" data-end=\"276\">85mm \u00e1tm\u00e9r\u0151 \u00d7 40mm m\u00e9lys\u00e9g<\/strong> (als\u00f3 doboz <strong data-start=\"289\" data-end=\"308\">43 \u00d7 71 \u00d7 55 mm<\/strong>), alacsony profil\u00fa, de helysz\u00ednen karbantarthat\u00f3. V\u00e1rhat\u00f3 \u00e9lettartam ak\u00e1r <strong data-start=\"366\" data-end=\"382\">40 000 \u00f3ra<\/strong> \u00e9s egy <strong data-start=\"397\" data-end=\"416\">3 \u00e9ves garancia<\/strong> \u2014 k\u00fclt\u00e9ri k\u00f6r\u00fclm\u00e9nyek ellen\u00e1ll\u00e1s\u00e1ra tervezve, v\u00edz\u00e1ll\u00f3 sorozatunk r\u00e9szek\u00e9nt.<\/p>\n<p data-start=\"491\" data-end=\"829\" data-is-last-node=\"\" data-is-only-node=\"\">Ezeket a gy\u00e1runkban k\u00e9sz\u00edtj\u00fck, t\u00e1mogatjuk az OEM gy\u00e1rt\u00e1sokat, mintadarab rendel\u00e9seket \u00e9s egyszer\u0171 testreszab\u00e1sokat (fel\u00fcletek, m\u00e1rk\u00e1z\u00e1s, meghajt\u00f3 v\u00e1laszt\u00e9k). Minden sz\u00e9ria elektromosan tesztelve ker\u00fcl kisz\u00e1ll\u00edt\u00e1sra; mennyis\u00e9gi \u00e1rak, tesztjelent\u00e9sek \u00e9s sz\u00e1ll\u00edt\u00e1si hat\u00e1rid\u0151k k\u00e9r\u00e9sre el\u00e9rhet\u0151k \u2014 mondja el nek\u00fcnk a c\u00e9lmennyis\u00e9get \u00e9s az esetleges speci\u00e1lis ig\u00e9nyeket, \u00e9s visszakapja a gy\u00e1ri \u00e1raj\u00e1nlatot. CREE 1W\/3W v\u00edz\u00e1ll\u00f3 LED <strong><a href=\"https:\/\/ledsteplight.com\/hu\/5w-led-in-ground-lights-ip65-waterproof-outdoor-driveway-garden-floor-lighting\/\" class=\"waam-auto-link\" title=\"f\u00f6ldi vil\u00e1g\u00edt\u00e1s\">f\u00f6ldi vil\u00e1g\u00edt\u00e1s<\/a><\/strong> \u2014 prec\u00edzi\u00f3s alum\u00ednium h\u00e1z, 85\u2013265V, ak\u00e1r 40 000 \u00f3ra \u00e9lettartam. Gy\u00e1ri OEM: mintadarabok \u00e9s nagy t\u00e9tel \u00e1rak<\/p>","protected":false},"excerpt":{"rendered":"<p>CREE 1W\/3W v\u00edz\u00e1ll\u00f3 LED f\u00f6ldvil\u00e1g\u00edt\u00e1s \u2014 prec\u00edz alum\u00ednium h\u00e1z, 85\u2013265V, ak\u00e1r 40 000 \u00f3ra \u00e9lettartam. Gy\u00e1ri OEM: mint\u00e1k \u00e9s nagy t\u00e9tel \u00e1rak<\/p>","protected":false},"featured_media":36951,"comment_status":"open","ping_status":"closed","template":"","meta":[],"product_brand":[],"product_cat":[85,426,427,428,439,87,429,440,430,441,431,442,443,432,433,444,445,446,434,435,436,437],"product_tag":[89,82,76,90,77],"class_list":{"0":"post-37892","1":"product","2":"type-product","3":"status-publish","4":"has-post-thumbnail","6":"product_cat-1w","7":"product_cat-ceiling-recessed","8":"product_cat-ceiling-surface","9":"product_cat-ceiling-suspended","10":"product_cat-commercial","11":"product_cat-cree","12":"product_cat-drivers","13":"product_cat-education","14":"product_cat-freestanding-light","15":"product_cat-hospitality","16":"product_cat-industrial","17":"product_cat-infrastructure","18":"product_cat-landscape","19":"product_cat-landscaping","20":"product_cat-linear","21":"product_cat-office","22":"product_cat-residential","23":"product_cat-retail","24":"product_cat-table-lamp","25":"product_cat-track","26":"product_cat-wall-recessed","27":"product_cat-wall-surface","28":"product_tag-1w-led","29":"product_tag-3w-led","30":"product_tag-aluminum-housing","31":"product_tag-cree-chip","32":"product_tag-ground-light","34":"first","35":"instock","36":"shipping-taxable","37":"product-type-simple"},"_links":{"self":[{"href":"https:\/\/ledsteplight.com\/hu\/wp-json\/wp\/v2\/product\/37892","targetHints":{"allow":["GET"]}}],"collection":[{"href":"https:\/\/ledsteplight.com\/hu\/wp-json\/wp\/v2\/product"}],"about":[{"href":"https:\/\/ledsteplight.com\/hu\/wp-json\/wp\/v2\/types\/product"}],"replies":[{"embeddable":true,"href":"https:\/\/ledsteplight.com\/hu\/wp-json\/wp\/v2\/comments?post=37892"}],"version-history":[{"count":3,"href":"https:\/\/ledsteplight.com\/hu\/wp-json\/wp\/v2\/product\/37892\/revisions"}],"predecessor-version":[{"id":38650,"href":"https:\/\/ledsteplight.com\/hu\/wp-json\/wp\/v2\/product\/37892\/revisions\/38650"}],"wp:featuredmedia":[{"embeddable":true,"href":"https:\/\/ledsteplight.com\/hu\/wp-json\/wp\/v2\/media\/36951"}],"wp:attachment":[{"href":"https:\/\/ledsteplight.com\/hu\/wp-json\/wp\/v2\/media?parent=37892"}],"wp:term":[{"taxonomy":"product_brand","embeddable":true,"href":"https:\/\/ledsteplight.com\/hu\/wp-json\/wp\/v2\/product_brand?post=37892"},{"taxonomy":"product_cat","embeddable":true,"href":"https:\/\/ledsteplight.com\/hu\/wp-json\/wp\/v2\/product_cat?post=37892"},{"taxonomy":"product_tag","embeddable":true,"href":"https:\/\/ledsteplight.com\/hu\/wp-json\/wp\/v2\/product_tag?post=37892"}],"curies":[{"name":"wp","href":"https:\/\/api.w.org\/{rel}","templated":true}]}}