{"id":37957,"date":"2025-09-08T13:04:09","date_gmt":"2025-09-08T13:04:09","guid":{"rendered":"https:\/\/ledsteplight.com\/import-placeholder-for-36995\/"},"modified":"2026-01-15T04:29:53","modified_gmt":"2026-01-15T04:29:53","slug":"mg-gyd038-86-type-recessed-pir-motion-sensor-step-light-3w-osram-led-ground-light-for-stairs-corridors","status":"publish","type":"product","link":"https:\/\/ledsteplight.com\/hu\/mg-gyd038-86-type-recessed-pir-motion-sensor-step-light-3w-osram-led-ground-light-for-stairs-corridors\/","title":{"rendered":"MG-GYD038 86 T\u00edpus Be\u00e9p\u00edtett PIR Mozg\u00e1s\u00e9rz\u00e9kel\u0151s L\u00e9p\u00e9svil\u00e1g\u00edt\u00e1s | 3W OSRAM LED F\u00f6ldi Vil\u00e1g\u00edt\u00e1s L\u00e9pcs\u0151khez \u00e9s folyos\u00f3khoz"},"content":{"rendered":"<table>\n<tbody>\n<tr>\n<td>Term\u00e9k Modell (Model)<\/td>\n<td>MG-GYD038<\/td>\n<\/tr>\n<tr>\n<td>Term\u00e9k M\u00e9ret (Size)<\/td>\n<td>L87*W87*H35mm<\/td>\n<\/tr>\n<tr>\n<td>Funkci\u00f3 vez\u00e9rl\u00e9s (Function control)<\/td>\n<td>PIR \u00e9rz\u00e9kel\u0151 f\u00e9nyvez\u00e9rl\u00e9ssel \/ Egyszer\u0171 PIR \u00e9rz\u00e9kel\u0151<\/td>\n<\/tr>\n<tr>\n<td>F\u00e9nyforr\u00e1s (Light Source)<\/td>\n<td class=\"et4\">OSRAM \/ CREE<\/td>\n<\/tr>\n<tr>\n<td>Wattok (Watts)<\/td>\n<td>3W (350mA)<\/td>\n<\/tr>\n<tr>\n<td>S\u00faly (Weight)<\/td>\n<td>0,45kg<\/td>\n<\/tr>\n<tr>\n<td>AC bemenet (AC Input)<\/td>\n<td class=\"et4\">100-240V, 50~60Hz<\/td>\n<\/tr>\n<tr>\n<td>Vez\u00e9rl\u0151 (Driver)<\/td>\n<td class=\"et4\">eagerise<\/td>\n<\/tr>\n<tr>\n<td>Reflektor sz\u00f6g (Reflector Angle)<\/td>\n<td><\/td>\n<\/tr>\n<tr>\n<td><strong><a href=\"https:\/\/ledsteplight.com\/hu\/dm36b-pro-honeycomb-anti-glare-led-in-ground-light-ip67-24v-dc\/\" class=\"waam-auto-link\" title=\"Sz\u00ednh\u0151m\u00e9rs\u00e9klet\">Sz\u00ednh\u0151m\u00e9rs\u00e9klet<\/a><\/strong>(Sz\u00ednh\u0151m\u00e9rs\u00e9klet)<\/td>\n<td>3000K, 4000K, 5700K<\/td>\n<\/tr>\n<tr>\n<td>Csatlakoz\u00e1s (Connecting)<\/td>\n<td><\/td>\n<\/tr>\n<tr>\n<td>Anyag(Anyag)<\/td>\n<td>Alum\u00ednium<\/td>\n<\/tr>\n<tr>\n<td>Sz\u00edn(Sz\u00edn)<\/td>\n<td>Feh\u00e9r, Fekete, Ez\u00fcst<\/td>\n<\/tr>\n<tr>\n<td>IP(IP)<\/td>\n<td>IP20<\/td>\n<\/tr>\n<tr>\n<td>Telep\u00edt\u00e9s(Telep\u00edt\u00e9s)<\/td>\n<td>Be\u00e1gyazott<\/td>\n<\/tr>\n<\/tbody>\n<\/table>","protected":false},"excerpt":{"rendered":"<p>Fedezze fel az MG-GYD038 be\u00e9p\u00edtett PIR mozg\u00e1s\u00e9rz\u00e9kel\u0151s l\u00e9pcs\u0151f\u00e9nyet. 3W-os OSRAM\/CREE LED-ekkel \u00e9s tart\u00f3s alum\u00ednium testtel, ez az 86 t\u00edpus\u00fa f\u00f6ldalatti l\u00e1mpa t\u00f6k\u00e9letes belt\u00e9ri l\u00e9pcs\u0151h\u00e1zakhoz \u00e9s folyos\u00f3khoz. Jellemz\u0151i az automatikus \u00e9rz\u00e9kel\u00e9s \u00e9s az IP20 v\u00e9delem. Magas min\u0151s\u00e9g\u0171 Eaglerise meghajt\u00f3val. V\u00e1s\u00e1roljon professzion\u00e1lis \u00e9p\u00edt\u00e9szeti belt\u00e9ri vil\u00e1g\u00edt\u00e1si megold\u00e1sokat m\u00e9g ma.<\/p>","protected":false},"featured_media":37127,"comment_status":"open","ping_status":"closed","template":"","meta":[],"product_brand":[],"product_cat":[116,100,426,427,428,439,429,440,430,73,441,431,442,443,432,433,444,445,446,101,434,435,436,437],"product_tag":[117,103,76,111,77,109,114,104],"class_list":{"0":"post-37957","1":"product","2":"type-product","3":"status-publish","4":"has-post-thumbnail","6":"product_cat-038-series","7":"product_cat-aluminum-ground-light","8":"product_cat-ceiling-recessed","9":"product_cat-ceiling-surface","10":"product_cat-ceiling-suspended","11":"product_cat-commercial","12":"product_cat-drivers","13":"product_cat-education","14":"product_cat-freestanding-light","15":"product_cat-ground-light","16":"product_cat-hospitality","17":"product_cat-industrial","18":"product_cat-infrastructure","19":"product_cat-landscape","20":"product_cat-landscaping","21":"product_cat-linear","22":"product_cat-office","23":"product_cat-residential","24":"product_cat-retail","25":"product_cat-sensor-ground-light","26":"product_cat-table-lamp","27":"product_cat-track","28":"product_cat-wall-recessed","29":"product_cat-wall-surface","30":"product_tag-038-series","31":"product_tag-aluminum-ground-light","32":"product_tag-aluminum-housing","33":"product_tag-garden-lighting","34":"product_tag-ground-light","35":"product_tag-led-fixture","36":"product_tag-pathway-light","37":"product_tag-sensor-ground-light","39":"first","40":"instock","41":"shipping-taxable","42":"product-type-simple"},"_links":{"self":[{"href":"https:\/\/ledsteplight.com\/hu\/wp-json\/wp\/v2\/product\/37957","targetHints":{"allow":["GET"]}}],"collection":[{"href":"https:\/\/ledsteplight.com\/hu\/wp-json\/wp\/v2\/product"}],"about":[{"href":"https:\/\/ledsteplight.com\/hu\/wp-json\/wp\/v2\/types\/product"}],"replies":[{"embeddable":true,"href":"https:\/\/ledsteplight.com\/hu\/wp-json\/wp\/v2\/comments?post=37957"}],"version-history":[{"count":3,"href":"https:\/\/ledsteplight.com\/hu\/wp-json\/wp\/v2\/product\/37957\/revisions"}],"predecessor-version":[{"id":38750,"href":"https:\/\/ledsteplight.com\/hu\/wp-json\/wp\/v2\/product\/37957\/revisions\/38750"}],"wp:featuredmedia":[{"embeddable":true,"href":"https:\/\/ledsteplight.com\/hu\/wp-json\/wp\/v2\/media\/37127"}],"wp:attachment":[{"href":"https:\/\/ledsteplight.com\/hu\/wp-json\/wp\/v2\/media?parent=37957"}],"wp:term":[{"taxonomy":"product_brand","embeddable":true,"href":"https:\/\/ledsteplight.com\/hu\/wp-json\/wp\/v2\/product_brand?post=37957"},{"taxonomy":"product_cat","embeddable":true,"href":"https:\/\/ledsteplight.com\/hu\/wp-json\/wp\/v2\/product_cat?post=37957"},{"taxonomy":"product_tag","embeddable":true,"href":"https:\/\/ledsteplight.com\/hu\/wp-json\/wp\/v2\/product_tag?post=37957"}],"curies":[{"name":"wp","href":"https:\/\/api.w.org\/{rel}","templated":true}]}}